{"id":66101,"date":"2026-03-19T08:45:51","date_gmt":"2026-03-19T08:45:51","guid":{"rendered":"https:\/\/soydeaqui.ddns.net\/pachuca\/index.php\/producto\/escritorio-estacion-mobiliaria-profesional-de-monitoreo-y-control-videovigilancia-acceso-alarmas-etc-metal-negro-y-madera-tono-oscuro\/"},"modified":"2026-03-19T08:46:01","modified_gmt":"2026-03-19T08:46:01","slug":"escritorio-estacion-mobiliaria-profesional-de-monitoreo-y-control-videovigilancia-acceso-alarmas-etc-metal-negro-y-madera-tono-oscuro","status":"publish","type":"product","link":"https:\/\/soydeaqui.ddns.net\/pachuca\/index.php\/producto\/escritorio-estacion-mobiliaria-profesional-de-monitoreo-y-control-videovigilancia-acceso-alarmas-etc-metal-negro-y-madera-tono-oscuro\/","title":{"rendered":"Escritorio Estaci\u00f3n Mobiliaria Profesional de Monitoreo y Control \/ Videovigilancia \/ Acceso \/ Alarmas \/ Etc&#8230; \/ Metal Negro y Madera Tono Oscuro"},"content":{"rendered":"<div style='width: 100%; max-width: 1200px; margin: 0 auto; font-family: sans-serif; line-height: 1.6; color: inherit; background-color: transparent;'> <!-- Banner principal --> <\/p>\n<div style='width: 100%; text-align: center;'> <img style='width: 100%; height: auto; border: none; border-radius: 8px;' src='https:\/\/ftp3.syscom.mx\/usuarios\/hallende\/Videos\/EM-S02\/EMS02%20banner.jpg' alt='Banner principal'> <\/div>\n<p> <!-- Caracter\u00edsticas Destacadas --> <\/p>\n<div style='margin-top: 30px; margin-bottom: 30px;'>\n<h3 style='font-size: 20px; border-bottom: 2px solid currentColor; padding-bottom: 5px; margin-top: 0; color: inherit; opacity: 0.8;'>Caracter\u00edsticas Destacadas<\/h3>\n<div style='display: flex; flex-wrap: wrap; gap: 20px; margin-top: 20px;'> <!-- Caracter\u00edsticas Principales --> <\/p>\n<div style='flex: 1 1 300px; min-width: 280px; border: 1px solid rgba(150&comma;150&comma;150&comma;0.3); border-radius: 8px; overflow: hidden;'>\n<div style='padding: 15px; background-color: rgba(0&comma;0&comma;0&comma;0.05); border-bottom: 1px solid rgba(150&comma;150&comma;150&comma;0.2); font-weight: bold; font-size: 16px; color: inherit;'>Caracter\u00edsticas Principales<\/div>\n<ul style='padding: 15px; margin: 0; font-size: 14px; list-style-type: disc; color: inherit;'>\n<li style='margin-bottom: 8px;'>Ideal para Monitoreo y Control en Videovigilancia&comma; Control de Acceso&comma; Central de Alarmas<\/li>\n<li style='margin-bottom: 8px;'>Cuenta con porta PC<\/li>\n<li style='margin-bottom: 8px;'>Cuenta con Tomacorriente Integrado (8 Salidas)<\/li>\n<li style='margin-bottom: 8px;'>Fabricado en Metal de Alta Resistencia y Durabilidad<\/li>\n<li style='margin-bottom: 8px;'>Acabado de las Tapas de Acero Laminado<\/li>\n<li style='margin-bottom: 8px;'>Pintura en Polvo Electrost\u00e1tica<\/li>\n<\/ul><\/div>\n<p> <!-- Caracter\u00edsticas F\u00edsicas y El\u00e9ctricas --> <\/p>\n<div style='flex: 1 1 300px; min-width: 280px; border: 1px solid rgba(150&comma;150&comma;150&comma;0.3); border-radius: 8px; overflow: hidden;'>\n<div style='padding: 15px; background-color: rgba(0&comma;0&comma;0&comma;0.05); border-bottom: 1px solid rgba(150&comma;150&comma;150&comma;0.2); font-weight: bold; font-size: 16px; color: inherit;'>Caracter\u00edsticas F\u00edsicas y El\u00e9ctricas<\/div>\n<ul style='padding: 15px; margin: 0; font-size: 14px; list-style-type: disc; color: inherit;'>\n<li style='margin-bottom: 8px;'>Dimensiones: 1310 x 764 x 801 mm<\/li>\n<li style='margin-bottom: 8px;'>Peso: 31.6 Kg<\/li>\n<li style='margin-bottom: 8px;'>Dimensiones de embalaje 1430 x 850 x 270 mm<\/li>\n<li style='margin-bottom: 8px;'>Tomacorriente Voltaje de Entrada 110V<\/li>\n<li style='margin-bottom: 8px;'>Interruptor T\u00e9rmico: 15A\/250VAC<\/li>\n<li style='margin-bottom: 8px;'>Tapas met\u00e1licas totalmente removibles para maniobrar cableados e interconexiones<\/li>\n<li style='margin-bottom: 8px;'>Acabado de las tapas de madera superior y laterales&comma; en Poliuretano<\/li>\n<\/ul><\/div>\n<p> <!-- Caracter\u00edsticas Adicionales --> <\/p>\n<div style='flex: 1 1 300px; min-width: 280px; border: 1px solid rgba(150&comma;150&comma;150&comma;0.3); border-radius: 8px; overflow: hidden;'>\n<div style='padding: 15px; background-color: rgba(0&comma;0&comma;0&comma;0.05); border-bottom: 1px solid rgba(150&comma;150&comma;150&comma;0.2); font-weight: bold; font-size: 16px; color: inherit;'>Caracter\u00edsticas Adicionales<\/div>\n<ul style='padding: 15px; margin: 0; font-size: 14px; list-style-type: disc; color: inherit;'>\n<li style='margin-bottom: 8px;'>Construida con materiales robustos que garantizan una larga vida \u00fatil en entornos exigentes<\/li>\n<li style='margin-bottom: 8px;'>Ideal para estaciones de monitoreo en entornos profesionales&comma; ofreciendo durabilidad y funcionalidad<\/li>\n<li style='margin-bottom: 8px;'>Dise\u00f1ada para uso en interiores&comma; con acabados est\u00e9ticos que se integran en espacios profesionales<\/li>\n<li style='margin-bottom: 8px;'>El equipo se env\u00eda desarmado y embalado<\/li>\n<\/ul><\/div>\n<\/p><\/div>\n<\/p><\/div>\n<p> <!-- Dise\u00f1o del Mobiliario --> <\/p>\n<div style='margin-bottom: 30px;'>\n<h3 style='font-size: 20px; border-bottom: 2px solid currentColor; padding-bottom: 5px; margin-top: 0; color: inherit; opacity: 0.8;'>Dise\u00f1o del Mobiliario<\/h3>\n<div style='display: grid; grid-template-columns: repeat(auto-fill&comma; minmax(280px&comma; 1fr)); gap: 20px; margin-top: 20px;'> <img style='width: 100%; height: auto; border: 1px solid rgba(150&comma;150&comma;150&comma;0.3); border-radius: 8px;' src='https:\/\/ftp3.syscom.mx\/usuarios\/hallende\/Videos\/EM-S02\/1.png' alt='Dise\u00f1o de mobiliario 3'> <img style='width: 100%; height: auto; border: 1px solid rgba(150&comma;150&comma;150&comma;0.3); border-radius: 8px;' src='https:\/\/ftp3.syscom.mx\/usuarios\/hallende\/Videos\/EM-S02\/2.png' alt='Dise\u00f1o de mobiliario 4'> <img style='width: 100%; height: auto; border: 1px solid rgba(150&comma;150&comma;150&comma;0.3); border-radius: 8px;' src='https:\/\/ftp3.syscom.mx\/usuarios\/hallende\/Videos\/EM-S02\/3.png' alt='Dise\u00f1o de mobiliario 5'> <img style='width: 100%; height: auto; border: 1px solid rgba(150&comma;150&comma;150&comma;0.3); border-radius: 8px;' src='https:\/\/ftp3.syscom.mx\/usuarios\/hallende\/Videos\/EM-S02\/4.png' alt='Dise\u00f1o de mobiliario 6'> <img style='width: 100%; height: auto; border: 1px solid rgba(150&comma;150&comma;150&comma;0.3); border-radius: 8px;' src='https:\/\/ftp3.syscom.mx\/usuarios\/hallende\/Videos\/EM-S02\/5.png' alt='Dise\u00f1o de mobiliario 7'> <img style='width: 100%; height: auto; border: 1px solid rgba(150&comma;150&comma;150&comma;0.3); border-radius: 8px;' src='https:\/\/ftp3.syscom.mx\/usuarios\/hallende\/Videos\/EM-S02\/6.jpg' alt='Dise\u00f1o de mobiliario 8'> <\/div>\n<\/p><\/div>\n<p> <!-- Especificaciones Dimensionales --> <\/p>\n<div style='margin-bottom: 30px;'>\n<h3 style='font-size: 20px; border-bottom: 2px solid currentColor; padding-bottom: 5px; margin-top: 0; color: inherit; opacity: 0.8;'>Especificaciones Dimensionales<\/h3>\n<div style='margin-top: 20px;'> <img style='width: 100%; height: auto; border: 1px solid rgba(150&comma;150&comma;150&comma;0.3); border-radius: 8px;' src='https:\/\/ftp3.syscom.mx\/usuarios\/hallende\/Videos\/EM-S01\/7.png' alt='Especificaciones dimensionales'> <\/div>\n<\/p><\/div>\n<p> <!-- Aplicaciones --> <\/p>\n<div style='margin-bottom: 30px; padding: 30px; border: 1px solid rgba(150&comma;150&comma;150&comma;0.3); border-radius: 8px;'>\n<h3 style='font-size: 20px; border-bottom: 2px solid currentColor; padding-bottom: 5px; margin-top: 0; color: inherit; opacity: 0.8;'>Aplicaciones<\/h3>\n<p style='margin-top: 15px; color: inherit;'>Ideal para m\u00faltiples entornos profesionales<\/p>\n<div style='display: grid; grid-template-columns: repeat(auto-fill&comma; minmax(280px&comma; 1fr)); gap: 20px; margin-top: 25px;'>\n<div style='border: 1px solid rgba(150&comma;150&comma;150&comma;0.3); border-radius: 8px; padding: 15px; background-color: rgba(0&comma;0&comma;0&comma;0.03);'>\n<h4 style='color: #f25c05; font-size: 18px; margin-top: 0;'>Centros de Control<\/h4>\n<p style='color: inherit;'>Salas de monitoreo y operaciones para infraestructura cr\u00edtica<\/p>\n<\/p><\/div>\n<div style='border: 1px solid rgba(150&comma;150&comma;150&comma;0.3); border-radius: 8px; padding: 15px; background-color: rgba(0&comma;0&comma;0&comma;0.03);'>\n<h4 style='color: #f25c05; font-size: 18px; margin-top: 0;'>Videovigilancia<\/h4>\n<p style='color: inherit;'>Centros de control y monitoreo de seguridad<\/p>\n<\/p><\/div>\n<div style='border: 1px solid rgba(150&comma;150&comma;150&comma;0.3); border-radius: 8px; padding: 15px; background-color: rgba(0&comma;0&comma;0&comma;0.03);'>\n<h4 style='color: #f25c05; font-size: 18px; margin-top: 0;'>Control de Acceso<\/h4>\n<p style='color: inherit;'>Recepci\u00f3n y puntos de control de instalaciones<\/p>\n<\/p><\/div>\n<div style='border: 1px solid rgba(150&comma;150&comma;150&comma;0.3); border-radius: 8px; padding: 15px; background-color: rgba(0&comma;0&comma;0&comma;0.03);'>\n<h4 style='color: #f25c05; font-size: 18px; margin-top: 0;'>Central de Alarmas<\/h4>\n<p style='color: inherit;'>Salas de operaciones y respuesta a emergencias<\/p>\n<\/p><\/div>\n<div style='border: 1px solid rgba(150&comma;150&comma;150&comma;0.3); border-radius: 8px; padding: 15px; background-color: rgba(0&comma;0&comma;0&comma;0.03);'>\n<h4 style='color: #f25c05; font-size: 18px; margin-top: 0;'>Salas de Comando<\/h4>\n<p style='color: inherit;'>Entornos de toma de decisiones estrat\u00e9gicas<\/p>\n<\/p><\/div>\n<div style='border: 1px solid rgba(150&comma;150&comma;150&comma;0.3); border-radius: 8px; padding: 15px; background-color: rgba(0&comma;0&comma;0&comma;0.03);'>\n<h4 style='color: #f25c05; font-size: 18px; margin-top: 0;'>Centros de Datos<\/h4>\n<p style='color: inherit;'>Estaciones de trabajo para administraci\u00f3n de infraestructura TI<\/p>\n<\/p><\/div>\n<\/p><\/div>\n<\/p><\/div>\n<p> <!-- Acerca de Epcom Industrial --> <\/p>\n<div style='margin-bottom: 30px;'>\n<h3 style='font-size: 20px; border-bottom: 2px solid currentColor; padding-bottom: 5px; margin-top: 0; color: inherit; opacity: 0.8;'>Acerca de las Consolas Epcom Industrial<\/h3>\n<p style='margin-top: 20px; color: inherit;'>L\u00edder global en soluciones integrales de consolas y mobiliario especializado para salas de control<\/p>\n<div style='display: flex; flex-wrap: wrap; gap: 20px; margin-top: 25px;'>\n<div style='flex: 1 1 400px; min-width: 280px; border: 1px solid rgba(150&comma;150&comma;150&comma;0.3); border-radius: 8px; padding: 15px; background-color: rgba(0&comma;0&comma;0&comma;0.03);'>\n<h4 style='color: #f25c05; font-size: 18px; margin-top: 0;'>Nuestra Misi\u00f3n<\/h4>\n<p style='color: inherit; margin-bottom: 0;'>Dise\u00f1amos y fabricamos consolas ergon\u00f3micas y est\u00e9ticamente avanzadas&comma; creadas para adaptarse al operador y as\u00ed maximizar su comodidad y eficiencia operativa.<\/p>\n<\/p><\/div>\n<div style='flex: 1 1 400px; min-width: 280px; border: 1px solid rgba(150&comma;150&comma;150&comma;0.3); border-radius: 8px; padding: 15px; background-color: rgba(0&comma;0&comma;0&comma;0.03);'>\n<h4 style='color: #f25c05; font-size: 18px; margin-top: 0;'>Soluciones a Medida<\/h4>\n<p style='color: inherit; margin-bottom: 0;'>Ponemos a su disposici\u00f3n consolas de stock&comma; perfectas para cualquier aplicaci\u00f3n en salas de control. Ya sea que est\u00e9 construyendo un centro de mando desde cero o modernizando sus instalaciones actuales&comma; en Epcom encontrar\u00e1 la soluci\u00f3n ideal.<\/p>\n<\/p><\/div>\n<\/p><\/div>\n<\/p><\/div>\n<p> <!-- Compromiso de Calidad --> <\/p>\n<div style='margin-bottom: 30px; padding: 25px; border: 1px solid rgba(150&comma;150&comma;150&comma;0.3); border-radius: 8px; background-color: rgba(0&comma;0&comma;0&comma;0.03);'>\n<h3 style='color: #f25c05; font-size: 20px; margin-top: 0; text-align: center;'>Compromiso con la Calidad<\/h3>\n<p style='text-align: center; margin-bottom: 0; color: inherit;'>Avalados por un compromiso insuperable con la calidad y el servicio al cliente&comma; garantizamos su total satisfacci\u00f3n en cada proyecto.<\/p>\n<\/p><\/div>\n<p> <!-- Nuestro Enfoque --> <\/p>\n<div style='margin-bottom: 30px;'>\n<h3 style='font-size: 20px; border-bottom: 2px solid currentColor; padding-bottom: 5px; margin-top: 0; color: inherit; opacity: 0.8;'>Nuestro Enfoque Integral<\/h3>\n<div style='display: grid; grid-template-columns: repeat(auto-fill&comma; minmax(280px&comma; 1fr)); gap: 20px; margin-top: 20px;'>\n<div style='border: 1px solid rgba(150&comma;150&comma;150&comma;0.3); border-radius: 8px; padding: 15px; background-color: rgba(0&comma;0&comma;0&comma;0.03);'>\n<h4 style='color: #f25c05; font-size: 18px; margin-top: 0;'>Dise\u00f1o Industrial<\/h4>\n<p style='color: inherit;'>Desarrollamos soluciones que combinan funcionalidad y est\u00e9tica para entornos de control de \u00faltima generaci\u00f3n.<\/p>\n<\/p><\/div>\n<div style='border: 1px solid rgba(150&comma;150&comma;150&comma;0.3); border-radius: 8px; padding: 15px; background-color: rgba(0&comma;0&comma;0&comma;0.03);'>\n<h4 style='color: #f25c05; font-size: 18px; margin-top: 0;'>Ergonom\u00eda Avanzada<\/h4>\n<p style='color: inherit;'>Cada consola est\u00e1 dise\u00f1ada para reducir la fatiga y aumentar la productividad del operador durante largas jornadas.<\/p>\n<\/p><\/div>\n<div style='border: 1px solid rgba(150&comma;150&comma;150&comma;0.3); border-radius: 8px; padding: 15px; background-color: rgba(0&comma;0&comma;0&comma;0.03);'>\n<h4 style='color: #f25c05; font-size: 18px; margin-top: 0;'>Dise\u00f1o de Interiores<\/h4>\n<p style='color: inherit;'>Integramos nuestras soluciones en espacios que inspiran y favorecen la concentraci\u00f3n y eficiencia operativa.<\/p>\n<\/p><\/div>\n<\/p><\/div>\n<p style='margin-top: 25px; text-align: center; color: inherit;'>Nuestro equipo de expertos integra estas disciplinas para desarrollar entornos que <strong>reducen la fatiga&comma; incrementan la productividad y generan inspiraci\u00f3n<\/strong>.<\/p>\n<\/p><\/div>\n<p> <!-- Llamada a la Acci\u00f3n --> <\/p>\n<div style='margin-bottom: 30px; padding: 30px; border: 1px solid rgba(150&comma;150&comma;150&comma;0.3); border-radius: 8px; background-color: rgba(0&comma;0&comma;0&comma;0.03);'>\n<h3 style='font-size: 20px; text-align: center; margin-top: 0; color: inherit;'>\u00bfInteresado en Nuestras Soluciones?<\/h3>\n<p style='text-align: center; margin-top: 10px; margin-bottom: 20px; color: inherit;'>Descubra c\u00f3mo Epcom Industrial puede transformar su sala de control<\/p>\n<div style='text-align: center;'> <a style='background-color: #f25c05; color: white; font-weight: 600; border: none; padding: 0.75rem 2rem; text-decoration: none; border-radius: 4px; display: inline-block;' href='https:\/\/ftp3.syscom.mx\/usuarios\/hallende\/Videos\/Sitio%20en%20construccion.jpg'>Solicitar Informaci\u00f3n<\/a> <\/div>\n<\/p><\/div>\n<p> <!-- Imagen final --> <\/p>\n<div style='margin-bottom: 30px;'> <img style='width: 100%; height: auto; border: 1px solid rgba(150&comma;150&comma;150&comma;0.3); border-radius: 8px; max-height: 400px; object-fit: cover;' src='https:\/\/ftp3.syscom.mx\/usuarios\/hallende\/Videos\/Epcom.jpg' alt='Epcom Consolas - Soluciones Integrales'> <\/div>\n<p> <!-- Llamada a la Acci\u00f3n 2 --> <\/p>\n<div style='margin-bottom: 30px; padding: 30px; border: 1px solid rgba(150&comma;150&comma;150&comma;0.3); border-radius: 8px; background-color: rgba(0&comma;0&comma;0&comma;0.03);'>\n<h3 style='font-size: 20px; text-align: center; margin-top: 0; color: inherit;'>Estoy Considerando Adquirir una Consola<\/h3>\n<p style='text-align: center; margin-top: 10px; margin-bottom: 20px; color: inherit;'>Me Interesa Conocer los Aspectos Clave a Considerar.<\/p>\n<div style='text-align: center;'> <a style='background-color: #f25c05; color: white; font-weight: 600; border: none; padding: 0.75rem 2rem; text-decoration: none; border-radius: 4px; display: inline-block;' href='https:\/\/ftp3.syscom.mx\/usuarios\/hallende\/Videos\/Sitio%20en%20construccion.jpg'>Clic Aqu\u00ed<\/a> <\/div>\n<\/p><\/div>\n<\/p><\/div>\n","protected":false},"excerpt":{"rendered":"<p>Escritorio Estaci\u00f3n Mobiliaria Profesional de Monitoreo y Control \/ Videovigilancia \/ Acceso \/ Alarmas \/ Etc&#8230; \/ Metal Negro y Madera Tono Oscuro<\/p>\n","protected":false},"featured_media":66100,"comment_status":"open","ping_status":"closed","template":"","meta":[],"product_brand":[],"product_cat":[678],"product_tag":[181,679,605],"class_list":{"0":"post-66101","1":"product","2":"type-product","3":"status-publish","4":"has-post-thumbnail","6":"product_cat-gabinetes-uso-multiple","7":"product_tag-epcom-industrial","8":"product_tag-gabinetes-uso-multiple","9":"product_tag-racks-y-gabinetes","11":"first","12":"instock","13":"sale","14":"shipping-taxable","15":"purchasable","16":"product-type-simple"},"_links":{"self":[{"href":"https:\/\/soydeaqui.ddns.net\/pachuca\/index.php\/wp-json\/wp\/v2\/product\/66101","targetHints":{"allow":["GET"]}}],"collection":[{"href":"https:\/\/soydeaqui.ddns.net\/pachuca\/index.php\/wp-json\/wp\/v2\/product"}],"about":[{"href":"https:\/\/soydeaqui.ddns.net\/pachuca\/index.php\/wp-json\/wp\/v2\/types\/product"}],"replies":[{"embeddable":true,"href":"https:\/\/soydeaqui.ddns.net\/pachuca\/index.php\/wp-json\/wp\/v2\/comments?post=66101"}],"wp:featuredmedia":[{"embeddable":true,"href":"https:\/\/soydeaqui.ddns.net\/pachuca\/index.php\/wp-json\/wp\/v2\/media\/66100"}],"wp:attachment":[{"href":"https:\/\/soydeaqui.ddns.net\/pachuca\/index.php\/wp-json\/wp\/v2\/media?parent=66101"}],"wp:term":[{"taxonomy":"product_brand","embeddable":true,"href":"https:\/\/soydeaqui.ddns.net\/pachuca\/index.php\/wp-json\/wp\/v2\/product_brand?post=66101"},{"taxonomy":"product_cat","embeddable":true,"href":"https:\/\/soydeaqui.ddns.net\/pachuca\/index.php\/wp-json\/wp\/v2\/product_cat?post=66101"},{"taxonomy":"product_tag","embeddable":true,"href":"https:\/\/soydeaqui.ddns.net\/pachuca\/index.php\/wp-json\/wp\/v2\/product_tag?post=66101"}],"curies":[{"name":"wp","href":"https:\/\/api.w.org\/{rel}","templated":true}]}}