{"id":66099,"date":"2026-03-19T08:45:47","date_gmt":"2026-03-19T08:45:47","guid":{"rendered":"https:\/\/soydeaqui.ddns.net\/pachuca\/index.php\/producto\/sensor-de-potencia-de-banda-ancha-de-25-1000-mhz-de-0-5-a-500-watt\/"},"modified":"2026-03-19T08:45:48","modified_gmt":"2026-03-19T08:45:48","slug":"sensor-de-potencia-de-banda-ancha-de-25-1000-mhz-de-0-5-a-500-watt","status":"publish","type":"product","link":"https:\/\/soydeaqui.ddns.net\/pachuca\/index.php\/producto\/sensor-de-potencia-de-banda-ancha-de-25-1000-mhz-de-0-5-a-500-watt\/","title":{"rendered":"Sensor de Potencia de Banda Ancha de 25-1000 MHz, de 0.5 a 500 Watt."},"content":{"rendered":"<div style='width: 100%; max-width: 1200px; margin: 0 auto; font-family: sans-serif; line-height: 1.6; color: inherit; background-color: transparent;'>\n<div style='display: flex; flex-wrap: wrap; gap: 30px; margin-bottom: 30px;'>\n<div style='flex: 1 1 300px; min-width: 280px;'>\n<h3 style='font-size: 22px; border-bottom: 2px solid currentColor; padding-bottom: 5px; margin-top: 0; color: inherit; opacity: 0.8;'>Especificaciones<\/h3>\n<ul style='padding-left: 20px; font-size: 15px; color: inherit;'>\n<li style='margin-bottom: 5px;'><strong>Rango de Frecuencia:<\/strong> 25 MHz &#8211; 1000 MHz<\/li>\n<li style='margin-bottom: 5px;'><strong>Rango de Potencia:<\/strong> 500mW-500 Watt Prom.&comma; 1300 Watt Pico<\/li>\n<li style='margin-bottom: 5px;'><strong>P\u00e9rdida por Inserci\u00f3n:<\/strong> <0.05 dB<\/li>\n<li style='margin-bottom: 5px;'><strong>VSWR por Inserci\u00f3n:<\/strong> <1.05<\/li>\n<li style='margin-bottom: 5px;'><strong>Directividad:<\/strong> 28dB hasta 100 MHz&comma; 30dB de 100 a 1000 MHz<\/li>\n<li style='margin-bottom: 5px;'><strong>Impedancia:<\/strong> 50 Ohm<\/li>\n<li style='margin-bottom: 5px;'><strong>Conectores:<\/strong> N Hembra<\/li>\n<li style='margin-bottom: 5px;'><strong>Interfaces:<\/strong> (1)RS-232&comma; 9600 baud&comma; (2)USB 2.0 tipo B<\/li>\n<li style='margin-bottom: 5px;'><strong>Registro de Datos:<\/strong> Requiere 5000-XT&comma; VPM3<\/li>\n<li style='margin-bottom: 5px;'><strong>Alimentaci\u00f3n:<\/strong> Puerto USB; conector USB de entrada de carga 7-18 Vcc<\/li>\n<li style='margin-bottom: 5px;'><strong>Dimensiones:<\/strong> 122 x 117 x 33 mm<\/li>\n<li style='margin-bottom: 5px;'><strong>Peso:<\/strong> 0.55 kg<\/li>\n<\/ul><\/div>\n<div style='flex: 1 1 300px; min-width: 280px;'>\n<h3 style='font-size: 22px; border-bottom: 2px solid currentColor; padding-bottom: 5px; margin-top: 0; color: inherit; opacity: 0.8;'>Accesorios incluidos<\/h3>\n<ul style='padding-left: 20px; font-size: 15px; color: inherit;'>\n<li style='margin-bottom: 5px;'>Manual del usuario (920-5012S)<\/li>\n<li style='margin-bottom: 5px;'>VPM3 &#8211; Software del medidor de potencia virtual<\/li>\n<li style='margin-bottom: 5px;'>Manual VPM3 (920-VPM3)<\/li>\n<li style='margin-bottom: 5px;'>Cable USB (5A2653-10) de 3 m. (10 ft)<\/li>\n<\/ul><\/div>\n<\/p><\/div>\n<div style='margin-bottom: 30px;'>\n<h3 style='font-size: 22px; border-bottom: 2px solid currentColor; padding-bottom: 5px; margin-top: 0; color: inherit; opacity: 0.8;'>Aplicaciones<\/h3>\n<p style='font-size: 15px; color: inherit; margin: 0; padding: 0 0 15px 0;'>Se\u00f1ales de Celular An\u00e1loga y Digital&comma; 3G&comma; 4G&comma; Tetra&comma; DMR&comma; MOTOTRBO&comma; APCO\/P25 Fase 1 &#038; 2&comma; Trunking&comma; CDMA&comma; TDMA&comma; WCDMA&comma; GSM&comma; Transportaci\u00f3n&comma; T\u00e1ctica Militar&comma; Radar&comma; Aviaci\u00f3n&comma; Marina&comma; LMR&comma; Radiofusi\u00f3n An\u00e1loga&comma; Radiofusi\u00f3n Digital&comma; GSM&comma; GPRS&comma; EDGE&comma; UMTS&comma; HSDPA&comma; Bluetooth&comma; Fuego&comma; GPS&comma; NPSPAC&comma; Paginaci\u00f3n&comma; Seguridad P\u00fablica&comma; Telem\u00e1tica&comma; Utilidades&comma; WIMAX y WLAN.<\/p>\n<\/p><\/div>\n<hr style='border: 0; border-top: 1px solid rgba(150&comma; 150&comma; 150&comma; 0.3); margin: 30px 0;'> <\/div>\n","protected":false},"excerpt":{"rendered":"<p>Sensor de Potencia de Banda Ancha de 25-1000 MHz, de 0.5 a 500 Watt.<\/p>\n","protected":false},"featured_media":66098,"comment_status":"open","ping_status":"closed","template":"","meta":[],"product_brand":[],"product_cat":[1610],"product_tag":[1611,1641,931],"class_list":{"0":"post-66099","1":"product","2":"type-product","3":"status-publish","4":"has-post-thumbnail","6":"product_cat-analizadores-espectro-y-antenas-monitores-de-servicio-y-softwares","7":"product_tag-analizadores-espectro-y-antenas-monitores-de-servicio-y-softwares","8":"product_tag-bird-technologies","9":"product_tag-equipo-de-laboratorio","11":"first","12":"outofstock","13":"sale","14":"shipping-taxable","15":"purchasable","16":"product-type-simple"},"_links":{"self":[{"href":"https:\/\/soydeaqui.ddns.net\/pachuca\/index.php\/wp-json\/wp\/v2\/product\/66099","targetHints":{"allow":["GET"]}}],"collection":[{"href":"https:\/\/soydeaqui.ddns.net\/pachuca\/index.php\/wp-json\/wp\/v2\/product"}],"about":[{"href":"https:\/\/soydeaqui.ddns.net\/pachuca\/index.php\/wp-json\/wp\/v2\/types\/product"}],"replies":[{"embeddable":true,"href":"https:\/\/soydeaqui.ddns.net\/pachuca\/index.php\/wp-json\/wp\/v2\/comments?post=66099"}],"wp:featuredmedia":[{"embeddable":true,"href":"https:\/\/soydeaqui.ddns.net\/pachuca\/index.php\/wp-json\/wp\/v2\/media\/66098"}],"wp:attachment":[{"href":"https:\/\/soydeaqui.ddns.net\/pachuca\/index.php\/wp-json\/wp\/v2\/media?parent=66099"}],"wp:term":[{"taxonomy":"product_brand","embeddable":true,"href":"https:\/\/soydeaqui.ddns.net\/pachuca\/index.php\/wp-json\/wp\/v2\/product_brand?post=66099"},{"taxonomy":"product_cat","embeddable":true,"href":"https:\/\/soydeaqui.ddns.net\/pachuca\/index.php\/wp-json\/wp\/v2\/product_cat?post=66099"},{"taxonomy":"product_tag","embeddable":true,"href":"https:\/\/soydeaqui.ddns.net\/pachuca\/index.php\/wp-json\/wp\/v2\/product_tag?post=66099"}],"curies":[{"name":"wp","href":"https:\/\/api.w.org\/{rel}","templated":true}]}}