{"id":66095,"date":"2026-03-19T08:45:40","date_gmt":"2026-03-19T08:45:40","guid":{"rendered":"https:\/\/soydeaqui.ddns.net\/pachuca\/index.php\/producto\/sensor-estadistico-para-medicion-de-potencia-virtual-vpm-por-usb-en-pc-para-350-6000-mhz\/"},"modified":"2026-03-19T08:45:41","modified_gmt":"2026-03-19T08:45:41","slug":"sensor-estadistico-para-medicion-de-potencia-virtual-vpm-por-usb-en-pc-para-350-6000-mhz","status":"publish","type":"product","link":"https:\/\/soydeaqui.ddns.net\/pachuca\/index.php\/producto\/sensor-estadistico-para-medicion-de-potencia-virtual-vpm-por-usb-en-pc-para-350-6000-mhz\/","title":{"rendered":"Sensor Estad\u00edstico para Medici\u00f3n de Potencia Virtual (VPM) por USB en PC para 350-6000 MHz."},"content":{"rendered":"<div style='width: 100%; max-width: 1200px; margin: 0 auto; font-family: sans-serif; line-height: 1.6; color: inherit; background-color: transparent;'> <!-- Secci\u00f3n de introducci\u00f3n --> <\/p>\n<div style='margin-bottom: 30px;'>\n<h3 style='font-size: 22px; border-bottom: 2px solid currentColor; padding-bottom: 5px; margin-top: 0; color: inherit; opacity: 0.8;'>Sensor para Medici\u00f3n de Potencia Virtual (VPM) por USB en PC para 350-6000 MHz<\/h3>\n<ul style='padding-left: 20px; font-size: 15px; color: inherit;'>\n<li style='margin-bottom: 5px;'>En las comunicaciones modernas&comma; la se\u00f1al de potencia promedio&comma; aunque importante&comma; ya no es una variable de control suficiente.<\/li>\n<li style='margin-bottom: 5px;'>Estas se\u00f1ales de comunicaci\u00f3n a menudo requieren m\u00e1s mediciones de diagn\u00f3stico.<\/li>\n<li style='margin-bottom: 5px;'>En el modo estad\u00edstico&comma; el sensor de potencia mide el porcentaje de tiempo que la se\u00f1al existe en una espec\u00edfica relaci\u00f3n de pico a promedio.<\/li>\n<li style='margin-bottom: 5px;'>En el modo de dominio de tiempo&comma; el sensor agrega una variedad de funciones similares a un osciloscopio&comma; a nuestro conjunto est\u00e1ndar de mediciones.<\/li>\n<li style='margin-bottom: 5px;'>El sensor de potencia estad\u00edstica se puede utilizar en todos los formatos de comunicaci\u00f3n conocidos y es capaz de medir con precisi\u00f3n una amplia gama de mediciones de RF para se\u00f1ales no peri\u00f3dicas como EVDO&comma; UMTS&comma; LTE y HDTV.<\/li>\n<li style='margin-bottom: 5px;'>Al igual que todos los sensores Bird&comma; su calibraci\u00f3n tambi\u00e9n se puede rastrear seg\u00fan los est\u00e1ndares NIST sin necesidad de calibraci\u00f3n de campo.<\/li>\n<\/ul><\/div>\n<p> <!-- Secci\u00f3n de aplicaciones --> <\/p>\n<div style='margin-bottom: 30px;'>\n<h3 style='font-size: 22px; border-bottom: 2px solid currentColor; padding-bottom: 5px; margin-top: 0; color: inherit; opacity: 0.8;'>Aplicaciones<\/h3>\n<ul style='padding-left: 20px; font-size: 15px; color: inherit;'>\n<li style='margin-bottom: 5px;'>Los WPS Miden: Celular An\u00e1logo&comma; Celular Digital&comma; 3G&comma; 4G&comma; Tetra&comma; APCO\/P25 Fase 1 y 2&comma; DMR&comma; MOTOTRBO&comma; Tunking&comma; CDMA&comma; TDMA&comma; WCDMA&comma; GSM&comma; Transporte&comma; Militar T\u00e1ctico&comma; Radar&comma; Avi\u00f3nica&comma; Marina&comma; LMR&comma; Radiofusi\u00f3n An\u00e1loga&comma; Transmisi\u00f3n digital&comma; GSM&comma; GPRS&comma; EDGE&comma; UMTS&comma; HSDPA&comma; Bluetooth&comma; Incendio&comma; GPS&comma; NPSPAC&comma; Megafon\u00eda&comma; Seguridad p\u00fablica&comma; Telem\u00e1tica&comma; Utilidades&comma; WIMAX&comma; WLAN&comma; EVDO&comma; UMTS&comma; LTE y HDTV.<\/li>\n<\/ul><\/div>\n<p> <!-- Secci\u00f3n de modos --> <\/p>\n<div style='display: flex; flex-wrap: wrap; gap: 30px; margin-bottom: 30px;'>\n<div style='flex: 1 1 300px; min-width: 280px;'>\n<h4 style='font-size: 18px; border-bottom: 2px solid currentColor; padding-bottom: 5px; margin-top: 0; color: inherit; opacity: 0.8;'>Modo Dominio de Tiempo<\/h4>\n<ul style='padding-left: 20px; font-size: 15px; color: inherit;'>\n<li style='margin-bottom: 5px;'>Desglose detallado de pulsos \u00fanicos o m\u00faltiples.<\/li>\n<li style='margin-bottom: 5px;'>Incluye una amplia gama de par\u00e1metros de pulso IEEE.<\/li>\n<li style='margin-bottom: 5px;'>Los marcadores le permiten al usuario enfocarse en porciones particulares de la se\u00f1al para su an\u00e1lisis.<\/li>\n<\/ul><\/div>\n<div style='flex: 1 1 300px; min-width: 280px;'>\n<h4 style='font-size: 18px; border-bottom: 2px solid currentColor; padding-bottom: 5px; margin-top: 0; color: inherit; opacity: 0.8;'>Modo Estad\u00edstico<\/h4>\n<ul style='padding-left: 20px; font-size: 15px; color: inherit;'>\n<li style='margin-bottom: 5px;'>Resultados anal\u00edticos de la se\u00f1al de inter\u00e9s usando par\u00e1metros CCDF.<\/li>\n<li style='margin-bottom: 5px;'>Aislar e identificar puntos de corte espec\u00edficos con el uso de marcadores.<\/li>\n<\/ul><\/div>\n<div style='flex: 1 1 300px; min-width: 280px;'>\n<h4 style='font-size: 18px; border-bottom: 2px solid currentColor; padding-bottom: 5px; margin-top: 0; color: inherit; opacity: 0.8;'>Modo Potencia Promedio<\/h4>\n<ul style='padding-left: 20px; font-size: 15px; color: inherit;'>\n<li style='margin-bottom: 5px;'>Mediciones de potencia promedio verdadero extremadamente precisas.<\/li>\n<li style='margin-bottom: 5px;'>Medici\u00f3n de potencia promedio verdadera&comma; Directa y Reflejada.<\/li>\n<li style='margin-bottom: 5px;'>Todos los c\u00e1lculos de reflexi\u00f3n relacionados.<\/li>\n<li style='margin-bottom: 5px;'>Medida de potencia pico.<\/li>\n<li style='margin-bottom: 5px;'>Medici\u00f3n de r\u00e1fagas de potencia de pulso.<\/li>\n<\/ul><\/div>\n<\/p><\/div>\n<p> <!-- Secci\u00f3n de especificaciones --> <\/p>\n<div style='margin-bottom: 30px;'>\n<h3 style='font-size: 22px; border-bottom: 2px solid currentColor; padding-bottom: 5px; margin-top: 0; color: inherit; opacity: 0.8;'>Caracter\u00edsticas Generales<\/h3>\n<ul style='padding-left: 20px; font-size: 15px; color: inherit;'>\n<li style='margin-bottom: 5px;'><strong>Tipo de medici\u00f3n:<\/strong> Potencia Thru-Line (a Trav\u00e9s de L\u00ednea).<\/li>\n<li style='margin-bottom: 5px;'><strong>Rango de frecuencia:<\/strong> 350 MHz a 6 GHz<\/li>\n<li style='margin-bottom: 5px;'><strong>Exactitud de Medici\u00f3n de frecuencia:<\/strong> \u00b1 3MHz con se\u00f1ales CW.<\/li>\n<li style='margin-bottom: 5px;'><strong>Rango de Medici\u00f3n de Potencia:<\/strong> 0.25 W a 500 W promedio&comma;<\/li>\n<li style='margin-bottom: 5px;'><strong>Rango din\u00e1mico:<\/strong> 33 dB.<\/li>\n<li style='margin-bottom: 5px;'><strong>Raz\u00f3n de Pico-Promedio:<\/strong> 12 dB&comma; potencia pico absoluta limitada a 1500 W<\/li>\n<li style='margin-bottom: 5px;'><strong>Impedancia&comma; Nominal:<\/strong> 50 Ohm.<\/li>\n<li style='margin-bottom: 5px;'><strong>P\u00e9rdida por inserci\u00f3n (m\u00e1x.):<\/strong> 0.05 dB.<\/li>\n<li style='margin-bottom: 5px;'><strong>Inserci\u00f3n VSWR (m\u00e1x.):<\/strong> 1.065 de 350-2000 MHz; 1.12 de 2000-6000 MHz<\/li>\n<li style='margin-bottom: 5px;'><strong>Conectores RF:<\/strong> N Hembra.<\/li>\n<li style='margin-bottom: 5px;'><strong>Calibraci\u00f3n de f\u00e1brica:<\/strong> NIST trazable.<\/li>\n<li style='margin-bottom: 5px;'><strong>Calibraci\u00f3n de campo:<\/strong> No requiere.<\/li>\n<li style='margin-bottom: 5px;'><strong>Registro de datos:<\/strong> S\u00ed&comma; con el software VPM3.<\/li>\n<li style='margin-bottom: 5px;'><strong>Interfaz:<\/strong> USB 2.0 tipo B (USBTMC).<\/li>\n<li style='margin-bottom: 5px;'><strong>Fuente de alimentaci\u00f3n:<\/strong> Puerto USB.<\/li>\n<li style='margin-bottom: 5px;'><strong>Frecuencia de muestreo:<\/strong> 44 M muestras\/s m\u00e1x.<\/li>\n<li style='margin-bottom: 5px;'><strong>Resoluci\u00f3n de tiempo:<\/strong> 50nSeg. a 10 Seg.<\/li>\n<li style='margin-bottom: 5px;'><strong>Precisi\u00f3n de la base de tiempo:<\/strong> 0.01%<\/li>\n<li style='margin-bottom: 5px;'><strong>Refrescar frecuencia de actualizaci\u00f3n:<\/strong> 10 veces\/seg. (Limitado por la comunicaci\u00f3n)<\/li>\n<li style='margin-bottom: 5px;'><strong>Ancho de banda de video:<\/strong> Ajustable: 20 MHz (ninguno)&comma; 5 MHz&comma; 400 kHz&comma; 4.5 kHz.<\/li>\n<li style='margin-bottom: 5px;'><strong>Puntos por pantalla:<\/strong> 1001<\/li>\n<li style='margin-bottom: 5px;'><strong>Conector del disparador de entrada:<\/strong> BNC hembra; (1M\u03a9 Impedancia; 3V Alto; 1.2V Bajo)<\/li>\n<li style='margin-bottom: 5px;'><strong>Temperatura de funcionamiento:<\/strong> -10 a +50\u00baC (+14 a +122\u00baF).<\/li>\n<li style='margin-bottom: 5px;'><strong>Temperatura en almacenaje:<\/strong> -40 a +80\u00baC (-40 a +17\u00baF).<\/li>\n<li style='margin-bottom: 5px;'><strong>Humedad (m\u00e1x.):<\/strong> 95% m\u00e1ximo (sin condensaci\u00f3n).<\/li>\n<li style='margin-bottom: 5px;'><strong>Altitud (m\u00e1x.):<\/strong> 15&comma;000 pies (4&comma;500 m).<\/li>\n<li style='margin-bottom: 5px;'><strong>Dimensiones&comma; Nominal:<\/strong> 150 x 122 x 33 mm (5.9 &#8216;x 4.8&#8217;x 1.3\u201d).<\/li>\n<li style='margin-bottom: 5px;'><strong>Peso:<\/strong> 681 gr (1.5 lb).<\/li>\n<li style='margin-bottom: 5px;'><strong>Vibraci\u00f3n y Choque mec\u00e1nico:<\/strong> IAW MIL-PRF-28800F clase 3.<\/li>\n<li style='margin-bottom: 5px;'><strong>RoHS<\/strong><\/li>\n<\/ul><\/div>\n<p> <!-- Secci\u00f3n de accesorios --> <\/p>\n<div style='margin-bottom: 30px;'>\n<h3 style='font-size: 22px; border-bottom: 2px solid currentColor; padding-bottom: 5px; margin-top: 0; color: inherit; opacity: 0.8;'>Accesorios Estandar<\/h3>\n<ul style='padding-left: 20px; font-size: 15px; color: inherit;'>\n<li style='margin-bottom: 5px;'><strong>5A2653-6L<\/strong> Cable USB SeaLatch\u2122<\/li>\n<li style='margin-bottom: 5px;'><strong>VPM3<\/strong> Medidor de potencia virtual<\/li>\n<li style='margin-bottom: 5px;'><strong>920-7022<\/strong> Manual para Sensor de Potencia Estad\u00edstica.<\/li>\n<li style='margin-bottom: 5px;'><strong>920-VPM3<\/strong> Manual para Medidor de Potencia Virtual<\/li>\n<li style='margin-bottom: 5px;'><strong>5A2918-11-6<\/strong> Cable de activaci\u00f3n BNC \/ BNC.<\/li>\n<li style='margin-bottom: 5px;'><strong>VSWR<\/strong> 1.15 a 99.9<\/li>\n<li style='margin-bottom: 5px;'><strong>Rho<\/strong> 0.07 a 1.0<\/li>\n<\/ul><\/div>\n<p> <!-- Separador --> <\/p>\n<hr style='border: 0; border-top: 1px solid rgba(150&comma; 150&comma; 150&comma; 0.3); margin: 30px 0;'> <\/div>\n","protected":false},"excerpt":{"rendered":"<p>Sensor Estad\u00edstico para Medici\u00f3n de Potencia Virtual (VPM) por USB en PC para 350-6000 MHz.<\/p>\n","protected":false},"featured_media":66094,"comment_status":"open","ping_status":"closed","template":"","meta":[],"product_brand":[],"product_cat":[1610],"product_tag":[1611,1641,931],"class_list":{"0":"post-66095","1":"product","2":"type-product","3":"status-publish","4":"has-post-thumbnail","6":"product_cat-analizadores-espectro-y-antenas-monitores-de-servicio-y-softwares","7":"product_tag-analizadores-espectro-y-antenas-monitores-de-servicio-y-softwares","8":"product_tag-bird-technologies","9":"product_tag-equipo-de-laboratorio","11":"first","12":"outofstock","13":"sale","14":"shipping-taxable","15":"purchasable","16":"product-type-simple"},"_links":{"self":[{"href":"https:\/\/soydeaqui.ddns.net\/pachuca\/index.php\/wp-json\/wp\/v2\/product\/66095","targetHints":{"allow":["GET"]}}],"collection":[{"href":"https:\/\/soydeaqui.ddns.net\/pachuca\/index.php\/wp-json\/wp\/v2\/product"}],"about":[{"href":"https:\/\/soydeaqui.ddns.net\/pachuca\/index.php\/wp-json\/wp\/v2\/types\/product"}],"replies":[{"embeddable":true,"href":"https:\/\/soydeaqui.ddns.net\/pachuca\/index.php\/wp-json\/wp\/v2\/comments?post=66095"}],"wp:featuredmedia":[{"embeddable":true,"href":"https:\/\/soydeaqui.ddns.net\/pachuca\/index.php\/wp-json\/wp\/v2\/media\/66094"}],"wp:attachment":[{"href":"https:\/\/soydeaqui.ddns.net\/pachuca\/index.php\/wp-json\/wp\/v2\/media?parent=66095"}],"wp:term":[{"taxonomy":"product_brand","embeddable":true,"href":"https:\/\/soydeaqui.ddns.net\/pachuca\/index.php\/wp-json\/wp\/v2\/product_brand?post=66095"},{"taxonomy":"product_cat","embeddable":true,"href":"https:\/\/soydeaqui.ddns.net\/pachuca\/index.php\/wp-json\/wp\/v2\/product_cat?post=66095"},{"taxonomy":"product_tag","embeddable":true,"href":"https:\/\/soydeaqui.ddns.net\/pachuca\/index.php\/wp-json\/wp\/v2\/product_tag?post=66095"}],"curies":[{"name":"wp","href":"https:\/\/api.w.org\/{rel}","templated":true}]}}