{"id":66077,"date":"2026-03-19T08:45:00","date_gmt":"2026-03-19T08:45:00","guid":{"rendered":"https:\/\/soydeaqui.ddns.net\/pachuca\/index.php\/producto\/atenuador-en-linea-de-20-db-20w-maximo-cd-3-ghz-interiores-n-macho-hembra\/"},"modified":"2026-03-19T08:45:00","modified_gmt":"2026-03-19T08:45:00","slug":"atenuador-en-linea-de-20-db-20w-maximo-cd-3-ghz-interiores-n-macho-hembra","status":"publish","type":"product","link":"https:\/\/soydeaqui.ddns.net\/pachuca\/index.php\/producto\/atenuador-en-linea-de-20-db-20w-maximo-cd-3-ghz-interiores-n-macho-hembra\/","title":{"rendered":"Atenuador en L\u00ednea de 20 dB, 20W M\u00e1ximo, CD-3 GHz, Interiores, N Macho-Hembra."},"content":{"rendered":"<div style='width: 100%; max-width: 1200px; margin: 0 auto; font-family: sans-serif; line-height: 1.6; color: inherit; background-color: transparent;'>\n<div style='display: flex; flex-wrap: wrap; gap: 30px; margin-bottom: 30px;'>\n<div style='flex: 1 1 300px; min-width: 280px;'>\n<h3 style='font-size: 22px; border-bottom: 2px solid currentColor; padding-bottom: 5px; margin-top: 0; color: inherit; opacity: 0.8;'>Caracter\u00edsticas Principales<\/h3>\n<ul style='padding-left: 20px; font-size: 15px; color: inherit;'>\n<li>Atenuador 20 dB con capacidad hasta 20W<\/li>\n<li>Rango de frecuencia de 0-3 GHz<\/li>\n<li>VSWR de 1.2 garantiza m\u00ednima reflexi\u00f3n<\/li>\n<li>Conexi\u00f3n RF N macho-hembra eficiente<\/li>\n<li>Temperatura operativa de -40\u00b0C a +50\u00b0C<\/li>\n<\/ul><\/div>\n<\/p><\/div>\n<div style='display: flex; flex-wrap: wrap; gap: 20px; margin-bottom: 30px;'>\n<div style='flex: 1 1 250px; border: 1px solid rgba(150&comma; 150&comma; 150&comma; 0.4); border-radius: 8px; overflow: hidden; display: flex; flex-direction: column;'>\n<div style='padding: 15px; border-bottom: 1px solid rgba(150&comma; 150&comma; 150&comma; 0.2); font-weight: bold; font-size: 18px; color: inherit;'>Especificaciones T\u00e9cnicas<\/div>\n<div style='padding: 15px; color: inherit;'>\n<ul style='padding-left: 20px; margin: 0; font-size: 14px; list-style-type: disc;'>\n<li style='margin-bottom: 5px;'><strong>Atenuaci\u00f3n:<\/strong> 20 dB<\/li>\n<li style='margin-bottom: 5px;'><strong>Frecuencia:<\/strong> 0-3 GHz<\/li>\n<li style='margin-bottom: 5px;'><strong>Potencia M\u00e1xima:<\/strong> 20 Watts<\/li>\n<li style='margin-bottom: 5px;'><strong>VSWR:<\/strong> <1.2<\/li>\n<li style='margin-bottom: 5px;'><strong>Tolerancia Atenuaci\u00f3n:<\/strong> 21-30 dB; \u00b11.0 dB<\/li>\n<li style='margin-bottom: 5px;'><strong>Impedancia:<\/strong> 50 \u03a9<\/li>\n<li style='margin-bottom: 5px;'><strong>Conexi\u00f3n RF:<\/strong> N Macho-Hembra<\/li>\n<li style='margin-bottom: 5px;'><strong>Rango de Temperatura:<\/strong> -40\u00b0C a +50\u00b0C<\/li>\n<li style='margin-bottom: 5px;'><strong>Dimensiones:<\/strong> \u03a640\u00d784 mm<\/li>\n<li style='margin-bottom: 5px;'><strong>Peso:<\/strong> 165 gramos<\/li>\n<\/ul><\/div>\n<\/p><\/div>\n<div style='flex: 1 1 250px; border: 1px solid rgba(150&comma; 150&comma; 150&comma; 0.4); border-radius: 8px; overflow: hidden; display: flex; flex-direction: column;'>\n<div style='padding: 15px; border-bottom: 1px solid rgba(150&comma; 150&comma; 150&comma; 0.2); font-weight: bold; font-size: 18px; color: inherit;'>Caracter\u00edsticas Adicionales<\/div>\n<div style='padding: 15px; color: inherit;'>\n<ul style='padding-left: 20px; margin: 0; font-size: 14px; list-style-type: disc;'>\n<li style='margin-bottom: 5px;'>Dise\u00f1o compacto&comma; peque\u00f1o tama\u00f1o y ligero<\/li>\n<li style='margin-bottom: 5px;'>Alta capacidad de potencia<\/li>\n<li style='margin-bottom: 5px;'>Soporta frecuencias de 0 a 6GHz<\/li>\n<li style='margin-bottom: 5px;'>Disponible en versiones personalizadas<\/li>\n<\/ul><\/div>\n<\/p><\/div>\n<div style='flex: 1 1 250px; border: 1px solid rgba(150&comma; 150&comma; 150&comma; 0.4); border-radius: 8px; overflow: hidden; display: flex; flex-direction: column;'>\n<div style='padding: 15px; border-bottom: 1px solid rgba(150&comma; 150&comma; 150&comma; 0.2); font-weight: bold; font-size: 18px; color: inherit;'>Clasificaci\u00f3n<\/div>\n<div style='padding: 15px; color: inherit;'>\n<ul style='padding-left: 20px; margin: 0; font-size: 14px; list-style-type: disc;'>\n<li style='margin-bottom: 5px;'><strong>Tipo:<\/strong> Atenuador en l\u00ednea<\/li>\n<li style='margin-bottom: 5px;'><strong>Uso:<\/strong> Interior<\/li>\n<li style='margin-bottom: 5px;'><strong>Modelo:<\/strong> EPATN20203N<\/li>\n<\/ul><\/div>\n<\/p><\/div>\n<\/p><\/div>\n<hr style='border: 0; border-top: 1px solid rgba(150&comma; 150&comma; 150&comma; 0.3); margin: 30px 0;'>\n<div style='display: flex; flex-wrap: wrap; gap: 30px;'>\n<div style='flex: 1 1 300px; min-width: 280px;'>\n<h3 style='font-size: 22px; border-bottom: 2px solid currentColor; padding-bottom: 5px; margin-top: 0; color: inherit; opacity: 0.8;'>Aplicaciones<\/h3>\n<ul style='padding-left: 20px; font-size: 15px; color: inherit;'>\n<li>Comunicaciones inal\u00e1mbricas<\/li>\n<li>Redes celulares<\/li>\n<li>Sistemas de transmisi\u00f3n<\/li>\n<li>Equipos de prueba y medici\u00f3n<\/li>\n<\/ul><\/div>\n<\/p><\/div>\n<\/p><\/div>\n","protected":false},"excerpt":{"rendered":"<p>Atenuador en L\u00ednea de 20 dB, 20W M\u00e1ximo, CD-3 GHz, Interiores, N Macho-Hembra.<\/p>\n","protected":false},"featured_media":66076,"comment_status":"open","ping_status":"closed","template":"","meta":[],"product_brand":[],"product_cat":[1904],"product_tag":[1905,935,931],"class_list":{"0":"post-66077","1":"product","2":"type-product","3":"status-publish","4":"has-post-thumbnail","6":"product_cat-atenuadores","7":"product_tag-atenuadores","8":"product_tag-epcom","9":"product_tag-equipo-de-laboratorio","11":"first","12":"instock","13":"sale","14":"shipping-taxable","15":"purchasable","16":"product-type-simple"},"_links":{"self":[{"href":"https:\/\/soydeaqui.ddns.net\/pachuca\/index.php\/wp-json\/wp\/v2\/product\/66077","targetHints":{"allow":["GET"]}}],"collection":[{"href":"https:\/\/soydeaqui.ddns.net\/pachuca\/index.php\/wp-json\/wp\/v2\/product"}],"about":[{"href":"https:\/\/soydeaqui.ddns.net\/pachuca\/index.php\/wp-json\/wp\/v2\/types\/product"}],"replies":[{"embeddable":true,"href":"https:\/\/soydeaqui.ddns.net\/pachuca\/index.php\/wp-json\/wp\/v2\/comments?post=66077"}],"wp:featuredmedia":[{"embeddable":true,"href":"https:\/\/soydeaqui.ddns.net\/pachuca\/index.php\/wp-json\/wp\/v2\/media\/66076"}],"wp:attachment":[{"href":"https:\/\/soydeaqui.ddns.net\/pachuca\/index.php\/wp-json\/wp\/v2\/media?parent=66077"}],"wp:term":[{"taxonomy":"product_brand","embeddable":true,"href":"https:\/\/soydeaqui.ddns.net\/pachuca\/index.php\/wp-json\/wp\/v2\/product_brand?post=66077"},{"taxonomy":"product_cat","embeddable":true,"href":"https:\/\/soydeaqui.ddns.net\/pachuca\/index.php\/wp-json\/wp\/v2\/product_cat?post=66077"},{"taxonomy":"product_tag","embeddable":true,"href":"https:\/\/soydeaqui.ddns.net\/pachuca\/index.php\/wp-json\/wp\/v2\/product_tag?post=66077"}],"curies":[{"name":"wp","href":"https:\/\/api.w.org\/{rel}","templated":true}]}}