{"id":66035,"date":"2026-03-19T08:43:29","date_gmt":"2026-03-19T08:43:29","guid":{"rendered":"https:\/\/soydeaqui.ddns.net\/pachuca\/index.php\/producto\/microfono-audifono-de-solapa-estilo-gancho-cable-fibra-trenzada-kevlar-ultra-resistente-pararadios-gp300-sp50-p1225-pro3150-ep450-ep350-mag-one-rdu2020-xv2600-y-tc-500-518-600-610-620-700-1600-700ex\/"},"modified":"2026-03-19T08:43:33","modified_gmt":"2026-03-19T08:43:33","slug":"microfono-audifono-de-solapa-estilo-gancho-cable-fibra-trenzada-kevlar-ultra-resistente-pararadios-gp300-sp50-p1225-pro3150-ep450-ep350-mag-one-rdu2020-xv2600-y-tc-500-518-600-610-620-700-1600-700ex","status":"publish","type":"product","link":"https:\/\/soydeaqui.ddns.net\/pachuca\/index.php\/producto\/microfono-audifono-de-solapa-estilo-gancho-cable-fibra-trenzada-kevlar-ultra-resistente-pararadios-gp300-sp50-p1225-pro3150-ep450-ep350-mag-one-rdu2020-xv2600-y-tc-500-518-600-610-620-700-1600-700ex\/","title":{"rendered":"Micr\u00f3fono Aud\u00edfono de Solapa Estilo Gancho \/ CABLE FIBRA TRENZADA KEVLAR ULTRA RESISTENTE Pararadios GP300\/SP50\/P1225\/PRO3150\/EP450\/EP350\/MAG ONE\/RDU2020\/XV2600 y TC-500\/518\/600\/610\/620\/700\/1600\/700EX"},"content":{"rendered":"<div style='width: 100%; max-width: 1200px; margin: 0 auto; font-family: sans-serif; line-height: 1.6; color: inherit; background-color: transparent;'> <!-- Secci\u00f3n principal --> <\/p>\n<div style='margin-bottom: 30px;'>\n<h3 style='font-size: 22px; border-bottom: 2px solid currentColor; padding-bottom: 5px; margin-top: 0; color: inherit; opacity: 0.8;'>MICR\u00d3FONO DE SOLAPA Y AUD\u00cdFONO AJUSTABLE AL O\u00cdDO<\/h3>\n<h4 style='font-size: 18px; color: inherit; margin-top: 15px; margin-bottom: 15px;'>CABLE DE FIBRA TRENZADA ULTRARESISTENTE<\/h4>\n<p> <!-- Caracter\u00edsticas --> <\/p>\n<ul style='padding-left: 20px; font-size: 15px; color: inherit; list-style-type: disc;'>\n<li style='margin-bottom: 5px;'>Micr\u00f3fono de solapa con bot\u00f3n del PTT al lado del micr\u00f3fono &#8211; aud\u00edfono ligero que no requiere diadema<\/li>\n<li style='margin-bottom: 5px;'>En color negro<\/li>\n<li style='margin-bottom: 5px;'>Cable de uso rudo para m\u00e1xima durabilidad<\/li>\n<li style='margin-bottom: 5px;'>Auricular c\u00f3modo tipo gancho<\/li>\n<li style='margin-bottom: 5px;'><strong style='color: inherit;'>CABLE TRENZADO ULTRARESISTENTE!<\/strong><\/li>\n<\/ul><\/div>\n<p> <!-- Compatibilidad --> <\/p>\n<div style='margin-bottom: 30px;'>\n<h3 style='font-size: 22px; border-bottom: 2px solid currentColor; padding-bottom: 5px; margin-top: 0; color: inherit; opacity: 0.8;'>Compatibilidad<\/h3>\n<p style='margin: 15px 0 0 0; color: inherit; font-size: 15px;'>GP300\/SP50\/P1225\/PRO3150\/EP450\/EP350\/MAG ONE\/RDU2020\/XV2600 Y TC-500\/518\/600\/610\/620\/700\/1600\/700EX<\/p>\n<\/p><\/div>\n<p> <!-- Separador --> <\/p>\n<hr style='border: 0; border-top: 1px solid rgba(150&comma; 150&comma; 150&comma; 0.3); margin: 30px 0;'> <\/div>\n","protected":false},"excerpt":{"rendered":"<p>Micr\u00f3fono Aud\u00edfono de Solapa Estilo Gancho \/ CABLE FIBRA TRENZADA KEVLAR ULTRA RESISTENTE Pararadios GP300\/SP50\/P1225\/PRO3150\/EP450\/EP350\/MAG ONE\/RDU2020\/XV2600 y TC-500\/518\/600\/610\/620\/700\/1600\/700EX<\/p>\n","protected":false},"featured_media":66034,"comment_status":"open","ping_status":"closed","template":"","meta":[],"product_brand":[],"product_cat":[1888],"product_tag":[1583,1518,1730],"class_list":{"0":"post-66035","1":"product","2":"type-product","3":"status-publish","4":"has-post-thumbnail","6":"product_cat-microfono-audifono-accesorios-para-hytera-hyt","7":"product_tag-accesorios-para-hytera-hyt","8":"product_tag-microfono-audifono","9":"product_tag-pryme","11":"first","12":"outofstock","13":"sale","14":"shipping-taxable","15":"purchasable","16":"product-type-simple"},"_links":{"self":[{"href":"https:\/\/soydeaqui.ddns.net\/pachuca\/index.php\/wp-json\/wp\/v2\/product\/66035","targetHints":{"allow":["GET"]}}],"collection":[{"href":"https:\/\/soydeaqui.ddns.net\/pachuca\/index.php\/wp-json\/wp\/v2\/product"}],"about":[{"href":"https:\/\/soydeaqui.ddns.net\/pachuca\/index.php\/wp-json\/wp\/v2\/types\/product"}],"replies":[{"embeddable":true,"href":"https:\/\/soydeaqui.ddns.net\/pachuca\/index.php\/wp-json\/wp\/v2\/comments?post=66035"}],"wp:featuredmedia":[{"embeddable":true,"href":"https:\/\/soydeaqui.ddns.net\/pachuca\/index.php\/wp-json\/wp\/v2\/media\/66034"}],"wp:attachment":[{"href":"https:\/\/soydeaqui.ddns.net\/pachuca\/index.php\/wp-json\/wp\/v2\/media?parent=66035"}],"wp:term":[{"taxonomy":"product_brand","embeddable":true,"href":"https:\/\/soydeaqui.ddns.net\/pachuca\/index.php\/wp-json\/wp\/v2\/product_brand?post=66035"},{"taxonomy":"product_cat","embeddable":true,"href":"https:\/\/soydeaqui.ddns.net\/pachuca\/index.php\/wp-json\/wp\/v2\/product_cat?post=66035"},{"taxonomy":"product_tag","embeddable":true,"href":"https:\/\/soydeaqui.ddns.net\/pachuca\/index.php\/wp-json\/wp\/v2\/product_tag?post=66035"}],"curies":[{"name":"wp","href":"https:\/\/api.w.org\/{rel}","templated":true}]}}