{"id":65995,"date":"2026-03-19T08:41:54","date_gmt":"2026-03-19T08:41:54","guid":{"rendered":"https:\/\/soydeaqui.ddns.net\/pachuca\/index.php\/producto\/nudo-forjado-para-cable-de-retenida-de-3-16\/"},"modified":"2026-03-19T08:42:04","modified_gmt":"2026-03-19T08:42:04","slug":"nudo-forjado-para-cable-de-retenida-de-3-16","status":"publish","type":"product","link":"https:\/\/soydeaqui.ddns.net\/pachuca\/index.php\/producto\/nudo-forjado-para-cable-de-retenida-de-3-16\/","title":{"rendered":"Nudo Forjado para Cable de Retenida de 3\/16&#8243;."},"content":{"rendered":"<div style='width: 100%; max-width: 1200px; margin: 0 auto; font-family: sans-serif; line-height: 1.6; color: inherit; background-color: transparent;'>\n<div style='display: flex; flex-wrap: wrap; gap: 30px; margin-bottom: 30px;'>\n<div style='flex: 1 1 300px; min-width: 280px;'>\n<h3 style='font-size: 22px; border-bottom: 2px solid currentColor; padding-bottom: 5px; margin-top: 0; color: inherit; opacity: 0.8;'>Caracter\u00edsticas<\/h3>\n<ul style='padding-left: 20px; font-size: 15px; color: inherit;'>\n<li style='margin-bottom: 5px;'>Nudo forjado para instalaciones con cable de retenida para carga constante o de alta demanda<\/li>\n<li style='margin-bottom: 5px;'>Cumple con la especificaci\u00f3n FFC 4500 Type 1&comma; class 1<\/li>\n<li style='margin-bottom: 5px;'><strong>Torque recomendado:<\/strong> 7.5 lb-ft<\/li>\n<li style='margin-bottom: 5px;'><strong>N\u00famero m\u00ednimo de nudos por uni\u00f3n:<\/strong> 2<\/li>\n<li style='margin-bottom: 5px;'><strong>Distancia del cuello a la que debe ser instalado el primer nudo:<\/strong> 3-1\/4&#8242;<\/li>\n<\/ul><\/div>\n<\/p><\/div>\n<div style='display: flex; flex-wrap: wrap; gap: 20px; margin-bottom: 30px;'>\n<div style='flex: 1 1 250px; border: 1px solid rgba(150&comma; 150&comma; 150&comma; 0.4); border-radius: 8px; overflow: hidden; display: flex; flex-direction: column;'>\n<div style='padding: 15px; border-bottom: 1px solid rgba(150&comma; 150&comma; 150&comma; 0.2); font-weight: bold; font-size: 18px; color: inherit;'>Pasos de Instalaci\u00f3n<\/div>\n<div style='padding: 15px; color: inherit;'>\n<ul style='padding-left: 20px; margin: 0; font-size: 14px; list-style-type: disc;'>\n<li style='margin-bottom: 15px;'>La longitud necesaria para instalar perros en cada caso&comma; se obtendr\u00e1 multiplicando el di\u00e1metro 25 veces hasta 1&#8242; y 35 veces hasta 2&#8242;<\/li>\n<li style='margin-bottom: 15px;'><strong>1.<\/strong> Doblar el cable de acero a la medida requerida&comma; para formar el ojo&comma; instalar la primera grapa que deber\u00e1 ser junto a la punta muerta del cable&comma; aprox. 10 cm y asegurarla con la secci\u00f3n en \u201cU\u201d&comma; en tanto la l\u00ednea de carga debe descansar y ser sujetada por la silleta de la grapa&comma; acomodar el guardacabo en la posici\u00f3n de carga<\/li>\n<li style='margin-bottom: 15px;'><img style='width: 100%; height: auto; border: 1px solid rgba(150&comma;150&comma;150&comma;0.3); border-radius: 8px;' src='https:\/\/ftp3.syscom.mx\/usuarios\/fotos\/NUDO14F\/96329-retenida1.jpg' alt='' \/><\/li>\n<li style='margin-bottom: 15px;'><strong>2.<\/strong> Instalar la segunda grapa de la misma manera y al otro extremo&comma; junto al guardacabo&comma; sujetar firmemente pero a\u00fan no a la fuerza requerida<\/li>\n<li style='margin-bottom: 15px;'><img style='width: 100%; height: auto; border: 1px solid rgba(150&comma;150&comma;150&comma;0.3); border-radius: 8px;' src='https:\/\/ftp3.syscom.mx\/usuarios\/fotos\/NUDO14F\/96329-retenida1.jpg' alt='' \/><\/li>\n<li style='margin-bottom: 15px;'><strong>3.<\/strong> Colocar la tercera grapa (si aplica) exactamente a la mitad de la otras dos. Todas las grapas deben quedar con la misma orientaci\u00f3n<\/li>\n<li style='margin-bottom: 15px;'><img style='width: 100%; height: auto; border: 1px solid rgba(150&comma;150&comma;150&comma;0.3); border-radius: 8px;' src='https:\/\/ftp3.syscom.mx\/usuarios\/fotos\/NUDO14F\/96329-retenida3.jpg' alt='' \/><\/li>\n<li style='margin-bottom: 15px;'><strong>4.<\/strong> Aplicar una leve tensi\u00f3n&comma; apretar y rectificar el agarre de las tuercas haci\u00e9ndolo de manera paulatina y alternada&comma; hasta llegar a la torsi\u00f3n recomendada<\/li>\n<li style='margin-bottom: 15px;'><strong>5.<\/strong> Revisar todas y cada una de las grapas antes de efectuar la primera maniobra y posteriormente en lapsos regulares ya que la tensi\u00f3n tiende a alargar el cable y por consiguiente disminuye su di\u00e1metro<\/li>\n<\/ul><\/div>\n<\/p><\/div>\n<\/p><\/div>\n<div style='display: flex; flex-wrap: wrap; gap: 20px; margin-bottom: 30px;'>\n<div style='flex: 1 1 250px; border: 1px solid rgba(150&comma; 150&comma; 150&comma; 0.4); border-radius: 8px; overflow: hidden; display: flex; flex-direction: column;'>\n<div style='padding: 15px; border-bottom: 1px solid rgba(150&comma; 150&comma; 150&comma; 0.2); font-weight: bold; font-size: 18px; color: inherit;'>Nota Importante<\/div>\n<div style='padding: 15px; color: inherit;'>\n<p style='margin: 0; font-size: 14px;'><strong>NOTA:<\/strong> La retenida se estirar\u00e1 y es posible que su di\u00e1metro cambie cuando comience la tensi\u00f3n. Se debe inspeccionar peri\u00f3dicamente y volver a tensionar. El valor de torque recomendado est\u00e1 basado en tuercas limpias&comma; secas y libres de cualquier humectante.<\/p>\n<\/p><\/div>\n<\/p><\/div>\n<\/p><\/div>\n<hr style='border: 0; border-top: 1px solid rgba(150&comma; 150&comma; 150&comma; 0.3); margin: 30px 0;'> <\/div>\n","protected":false},"excerpt":{"rendered":"<p>Nudo Forjado para Cable de Retenida de 3\/16&#8243;.<\/p>\n","protected":false},"featured_media":65994,"comment_status":"open","ping_status":"closed","template":"","meta":[],"product_brand":[],"product_cat":[589],"product_tag":[590,733,246],"class_list":{"0":"post-65995","1":"product","2":"type-product","3":"status-publish","4":"has-post-thumbnail","6":"product_cat-accesorios-para-torres-arriostradas","7":"product_tag-accesorios-para-torres-arriostradas","8":"product_tag-syscom-towers","9":"product_tag-torres-y-mastiles","11":"first","12":"instock","13":"sale","14":"shipping-taxable","15":"purchasable","16":"product-type-simple"},"_links":{"self":[{"href":"https:\/\/soydeaqui.ddns.net\/pachuca\/index.php\/wp-json\/wp\/v2\/product\/65995","targetHints":{"allow":["GET"]}}],"collection":[{"href":"https:\/\/soydeaqui.ddns.net\/pachuca\/index.php\/wp-json\/wp\/v2\/product"}],"about":[{"href":"https:\/\/soydeaqui.ddns.net\/pachuca\/index.php\/wp-json\/wp\/v2\/types\/product"}],"replies":[{"embeddable":true,"href":"https:\/\/soydeaqui.ddns.net\/pachuca\/index.php\/wp-json\/wp\/v2\/comments?post=65995"}],"wp:featuredmedia":[{"embeddable":true,"href":"https:\/\/soydeaqui.ddns.net\/pachuca\/index.php\/wp-json\/wp\/v2\/media\/65994"}],"wp:attachment":[{"href":"https:\/\/soydeaqui.ddns.net\/pachuca\/index.php\/wp-json\/wp\/v2\/media?parent=65995"}],"wp:term":[{"taxonomy":"product_brand","embeddable":true,"href":"https:\/\/soydeaqui.ddns.net\/pachuca\/index.php\/wp-json\/wp\/v2\/product_brand?post=65995"},{"taxonomy":"product_cat","embeddable":true,"href":"https:\/\/soydeaqui.ddns.net\/pachuca\/index.php\/wp-json\/wp\/v2\/product_cat?post=65995"},{"taxonomy":"product_tag","embeddable":true,"href":"https:\/\/soydeaqui.ddns.net\/pachuca\/index.php\/wp-json\/wp\/v2\/product_tag?post=65995"}],"curies":[{"name":"wp","href":"https:\/\/api.w.org\/{rel}","templated":true}]}}