{"id":65980,"date":"2026-03-19T08:41:25","date_gmt":"2026-03-19T08:41:25","guid":{"rendered":"https:\/\/soydeaqui.ddns.net\/pachuca\/index.php\/producto\/carga-terminal-resistiva-50-ohm-30-watt-max-conector-n-macho\/"},"modified":"2026-03-19T08:41:27","modified_gmt":"2026-03-19T08:41:27","slug":"carga-terminal-resistiva-50-ohm-30-watt-max-conector-n-macho","status":"publish","type":"product","link":"https:\/\/soydeaqui.ddns.net\/pachuca\/index.php\/producto\/carga-terminal-resistiva-50-ohm-30-watt-max-conector-n-macho\/","title":{"rendered":"Carga Terminal Resistiva, 50 Ohm, 30 Watt (Max.), Conector N Macho."},"content":{"rendered":"<div style='width: 100%; max-width: 1200px; margin: 0 auto; font-family: sans-serif; line-height: 1.6; color: inherit; background-color: transparent;'>\n<div style='display: flex; flex-wrap: wrap; gap: 30px; margin-bottom: 30px;'>\n<div style='flex: 1 1 300px; min-width: 280px;'>\n<h3 style='font-size: 22px; border-bottom: 2px solid currentColor; padding-bottom: 5px; margin-top: 0; color: inherit; opacity: 0.8;'>Caracter\u00edsticas Principales<\/h3>\n<ul style='padding-left: 20px; font-size: 15px; color: inherit;'>\n<li style='margin-bottom: 5px;'>Conector N macho para 50 ohm de carga<\/li>\n<li style='margin-bottom: 5px;'>Potencia de entrada m\u00e1xima de 30W<\/li>\n<li style='margin-bottom: 5px;'>Cobertura de banda 0 &#8211; 1000 MHz<\/li>\n<li style='margin-bottom: 5px;'>P\u00e9rdida m\u00ednima por retorno de 26 dB<\/li>\n<li style='margin-bottom: 5px;'>Rango temperatura operaci\u00f3n: -30\u00b0C a +60\u00b0C<\/li>\n<\/ul><\/div>\n<div style='flex: 1 1 300px; min-width: 280px;'>\n<h3 style='font-size: 22px; border-bottom: 2px solid currentColor; padding-bottom: 5px; margin-top: 0; color: inherit; opacity: 0.8;'>Especificaciones El\u00e9ctricas<\/h3>\n<ul style='padding-left: 20px; font-size: 15px; color: inherit;'>\n<li style='margin-bottom: 5px;'><strong>Banda de Frecuencia:<\/strong> DC &#8211; 1.0 GHz<\/li>\n<li style='margin-bottom: 5px;'><strong>Potencia M\u00e1xima:<\/strong> 30 W<\/li>\n<li style='margin-bottom: 5px;'><strong>P\u00e9rdida por Retorno:<\/strong> 26 dB<\/li>\n<li style='margin-bottom: 5px;'><strong>Impedancia:<\/strong> 50 \u03a9<\/li>\n<\/ul><\/div>\n<div style='flex: 1 1 300px; min-width: 280px;'>\n<h3 style='font-size: 22px; border-bottom: 2px solid currentColor; padding-bottom: 5px; margin-top: 0; color: inherit; opacity: 0.8;'>Especificaciones Mec\u00e1nicas<\/h3>\n<ul style='padding-left: 20px; font-size: 15px; color: inherit;'>\n<li style='margin-bottom: 5px;'><strong>Tipo de Conector RF:<\/strong> N Macho<\/li>\n<li style='margin-bottom: 5px;'><strong>Acabado:<\/strong> Anodizado en Negro<\/li>\n<li style='margin-bottom: 5px;'><strong>Disipador de Calor:<\/strong> Aluminio<\/li>\n<li style='margin-bottom: 5px;'><strong>Tama\u00f1o Total (Alto x Ancho):<\/strong> 38 x 25 mm (1.5&#8242; x 1&#8242;)<\/li>\n<li style='margin-bottom: 5px;'><strong>Peso Neto:<\/strong> 0 kg (0.1 lbs)<\/li>\n<li style='margin-bottom: 5px;'><strong>Peso de Env\u00edo:<\/strong> 0.2 kg (0.5 lbs)<\/li>\n<\/ul><\/div>\n<div style='flex: 1 1 300px; min-width: 280px;'>\n<h3 style='font-size: 22px; border-bottom: 2px solid currentColor; padding-bottom: 5px; margin-top: 0; color: inherit; opacity: 0.8;'>Especificaciones Ambientales<\/h3>\n<ul style='padding-left: 20px; font-size: 15px; color: inherit;'>\n<li style='margin-bottom: 5px;'><strong>Rango de Temperatura de Operaci\u00f3n:<\/strong> -30\u00b0C a +60\u00b0C<\/li>\n<li style='margin-bottom: 5px;'><strong>Rango de Temperatura de Almacenamiento:<\/strong> -40\u00b0C a +100\u00b0C<\/li>\n<li style='margin-bottom: 5px;'><strong>Humedad de Operaci\u00f3n:<\/strong> 90% sin condensaci\u00f3n<\/li>\n<\/ul><\/div>\n<\/p><\/div>\n<div style='display: flex; flex-wrap: wrap; gap: 20px; margin-bottom: 30px;'>\n<div style='flex: 1 1 250px; border: 1px solid rgba(150&comma; 150&comma; 150&comma; 0.4); border-radius: 8px; overflow: hidden; display: flex; flex-direction: column;'>\n<div style='padding: 15px; border-bottom: 1px solid rgba(150&comma; 150&comma; 150&comma; 0.2); font-weight: bold; font-size: 18px; color: inherit;'>Caracter\u00edsticas Constructivas<\/div>\n<div style='padding: 15px; color: inherit;'>\n<ul style='padding-left: 20px; margin: 0; font-size: 14px; list-style-type: disc;'>\n<li style='margin-bottom: 5px;'>Construcci\u00f3n en aluminio con aletas para disipaci\u00f3n t\u00e9rmica<\/li>\n<li style='margin-bottom: 5px;'>Material de contacto: Cobre berilio<\/li>\n<li style='margin-bottom: 5px;'>Acabado en n\u00edquel y lat\u00f3n<\/li>\n<li style='margin-bottom: 5px;'>Disponible en conectores macho y hembra<\/li>\n<\/ul><\/div>\n<\/p><\/div>\n<div style='flex: 1 1 250px; border: 1px solid rgba(150&comma; 150&comma; 150&comma; 0.4); border-radius: 8px; overflow: hidden; display: flex; flex-direction: column;'>\n<div style='padding: 15px; border-bottom: 1px solid rgba(150&comma; 150&comma; 150&comma; 0.2); font-weight: bold; font-size: 18px; color: inherit;'>Rango de Aplicaciones<\/div>\n<div style='padding: 15px; color: inherit;'>\n<ul style='padding-left: 20px; margin: 0; font-size: 14px; list-style-type: disc;'>\n<li style='margin-bottom: 5px;'>Sistemas de comunicaci\u00f3n inal\u00e1mbrica<\/li>\n<li style='margin-bottom: 5px;'>Equipos de prueba y medici\u00f3n RF<\/li>\n<li style='margin-bottom: 5px;'>Infraestructura de telecomunicaciones<\/li>\n<li style='margin-bottom: 5px;'>Equipos de radiodifusi\u00f3n<\/li>\n<\/ul><\/div>\n<\/p><\/div>\n<div style='flex: 1 1 250px; border: 1px solid rgba(150&comma; 150&comma; 150&comma; 0.4); border-radius: 8px; overflow: hidden; display: flex; flex-direction: column;'>\n<div style='padding: 15px; border-bottom: 1px solid rgba(150&comma; 150&comma; 150&comma; 0.2); font-weight: bold; font-size: 18px; color: inherit;'>Opciones Disponibles<\/div>\n<div style='padding: 15px; color: inherit;'>\n<ul style='padding-left: 20px; margin: 0; font-size: 14px; list-style-type: disc;'>\n<li style='margin-bottom: 5px;'>Conectores: N&comma; BNC&comma; 7\/16 DIN&comma; C&comma; Mini SMP&comma; QMA&comma; SMA&comma; SMB&comma; SMC&comma; SMP y TNC<\/li>\n<li style='margin-bottom: 5px;'>Potencia: 0.5W&comma; 15W&comma; 30W&comma; 60W&comma; 75W&comma; 100W&comma; 125W&comma; 150W&comma; 250W y 300W<\/li>\n<\/ul><\/div>\n<\/p><\/div>\n<\/p><\/div>\n<hr style='border: 0; border-top: 1px solid rgba(150&comma; 150&comma; 150&comma; 0.3); margin: 30px 0;'>\n<div style='display: flex; flex-wrap: wrap; gap: 30px; margin-bottom: 30px;'>\n<div style='flex: 1 1 300px; min-width: 280px;'>\n<h3 style='font-size: 22px; border-bottom: 2px solid currentColor; padding-bottom: 5px; margin-top: 0; color: inherit; opacity: 0.8;'>Notas Importantes<\/h3>\n<ul style='padding-left: 20px; font-size: 15px; color: inherit;'>\n<li style='margin-bottom: 5px;'>Todas las especificaciones est\u00e1n sujetas a cambio sin previo aviso<\/li>\n<li style='margin-bottom: 5px;'>Copyright \u00a9 2015 EMR Corporation. Todos los derechos reservados<\/li>\n<\/ul><\/div>\n<div style='flex: 1 1 300px; min-width: 280px;'>\n<h3 style='font-size: 22px; border-bottom: 2px solid currentColor; padding-bottom: 5px; margin-top: 0; color: inherit; opacity: 0.8;'>Informaci\u00f3n de Contacto<\/h3>\n<ul style='padding-left: 20px; font-size: 15px; color: inherit;'>\n<li style='margin-bottom: 5px;'>17431 N. 25th Avenue Phoenix&comma; Arizona 85023<\/li>\n<li style='margin-bottom: 5px;'>Tel\u00e9fono: (623) 581-2875<\/li>\n<li style='margin-bottom: 5px;'>Llamada Gratuita: (800) 796-2875<\/li>\n<li style='margin-bottom: 5px;'>Fax: (623) 582-9499<\/li>\n<\/ul><\/div>\n<\/p><\/div>\n<\/p><\/div>\n","protected":false},"excerpt":{"rendered":"<p>Carga Terminal Resistiva, 50 Ohm, 30 Watt (Max.), Conector N Macho.<\/p>\n","protected":false},"featured_media":65979,"comment_status":"open","ping_status":"closed","template":"","meta":[],"product_brand":[],"product_cat":[1635],"product_tag":[1636,1637,931],"class_list":{"0":"post-65980","1":"product","2":"type-product","3":"status-publish","4":"has-post-thumbnail","6":"product_cat-cargas-fantasma","7":"product_tag-cargas-fantasma","8":"product_tag-emr-corporation","9":"product_tag-equipo-de-laboratorio","11":"first","12":"outofstock","13":"sale","14":"shipping-taxable","15":"purchasable","16":"product-type-simple"},"_links":{"self":[{"href":"https:\/\/soydeaqui.ddns.net\/pachuca\/index.php\/wp-json\/wp\/v2\/product\/65980","targetHints":{"allow":["GET"]}}],"collection":[{"href":"https:\/\/soydeaqui.ddns.net\/pachuca\/index.php\/wp-json\/wp\/v2\/product"}],"about":[{"href":"https:\/\/soydeaqui.ddns.net\/pachuca\/index.php\/wp-json\/wp\/v2\/types\/product"}],"replies":[{"embeddable":true,"href":"https:\/\/soydeaqui.ddns.net\/pachuca\/index.php\/wp-json\/wp\/v2\/comments?post=65980"}],"wp:featuredmedia":[{"embeddable":true,"href":"https:\/\/soydeaqui.ddns.net\/pachuca\/index.php\/wp-json\/wp\/v2\/media\/65979"}],"wp:attachment":[{"href":"https:\/\/soydeaqui.ddns.net\/pachuca\/index.php\/wp-json\/wp\/v2\/media?parent=65980"}],"wp:term":[{"taxonomy":"product_brand","embeddable":true,"href":"https:\/\/soydeaqui.ddns.net\/pachuca\/index.php\/wp-json\/wp\/v2\/product_brand?post=65980"},{"taxonomy":"product_cat","embeddable":true,"href":"https:\/\/soydeaqui.ddns.net\/pachuca\/index.php\/wp-json\/wp\/v2\/product_cat?post=65980"},{"taxonomy":"product_tag","embeddable":true,"href":"https:\/\/soydeaqui.ddns.net\/pachuca\/index.php\/wp-json\/wp\/v2\/product_tag?post=65980"}],"curies":[{"name":"wp","href":"https:\/\/api.w.org\/{rel}","templated":true}]}}