{"id":65949,"date":"2026-03-19T08:40:18","date_gmt":"2026-03-19T08:40:18","guid":{"rendered":"https:\/\/soydeaqui.ddns.net\/pachuca\/index.php\/producto\/cable-coaxial-de-0-61-metros-2-pies-para-cd-18-ghz-con-conectores-n-macho-a-n-macho\/"},"modified":"2026-03-19T08:40:19","modified_gmt":"2026-03-19T08:40:19","slug":"cable-coaxial-de-0-61-metros-2-pies-para-cd-18-ghz-con-conectores-n-macho-a-n-macho","status":"publish","type":"product","link":"https:\/\/soydeaqui.ddns.net\/pachuca\/index.php\/producto\/cable-coaxial-de-0-61-metros-2-pies-para-cd-18-ghz-con-conectores-n-macho-a-n-macho\/","title":{"rendered":"Cable Coaxial de 0.61 Metros (2 Pies), para CD-18 GHz con Conectores N Macho a N Macho."},"content":{"rendered":"<div style='width: 100%; max-width: 1200px; margin: 0 auto; font-family: sans-serif; line-height: 1.6; color: inherit; background-color: transparent;'>\n<div style='display: flex; flex-wrap: wrap; gap: 30px; margin-bottom: 30px;'>\n<div style='flex: 1 1 300px; min-width: 280px;'>\n<h3 style='font-size: 22px; border-bottom: 2px solid currentColor; padding-bottom: 5px; margin-top: 0; color: inherit; opacity: 0.8;'>Caracter\u00edsticas<\/h3>\n<ul style='padding-left: 20px; font-size: 15px; color: inherit;'>\n<li style='margin-bottom: 5px;'>Conforme a RoHS<\/li>\n<li style='margin-bottom: 5px;'>Cobertura de Banda Ancha&comma; CD a 18 GHz<\/li>\n<li style='margin-bottom: 5px;'>Construcci\u00f3n extra resistente con alivio de tensi\u00f3n para una mayor vida \u00fatil<\/li>\n<li style='margin-bottom: 5px;'>Conectores N Macho de acero inoxidable para un largo ciclo de acoplamiento<\/li>\n<li style='margin-bottom: 5px;'>Rango de Temperatura \u00fatil de -55\u00b0C a 105\u00b0C<\/li>\n<li style='margin-bottom: 5px;'>Cable de triple blindaje para una excelente eficacia de blindaje<\/li>\n<li style='margin-bottom: 5px;'>Flexible para una f\u00e1cil conexi\u00f3n y radio de curvatura<\/li>\n<li style='margin-bottom: 5px;'>Estabilidad superior en p\u00e9rdida de inserci\u00f3n&comma; VSWR y fase vs. flexi\u00f3n<\/li>\n<li style='margin-bottom: 5px;'>Garant\u00eda de 6 meses<\/li>\n<\/ul><\/div>\n<\/p><\/div>\n<div style='display: flex; flex-wrap: wrap; gap: 30px; margin-bottom: 30px;'>\n<div style='flex: 1 1 300px; min-width: 280px;'>\n<h3 style='font-size: 22px; border-bottom: 2px solid currentColor; padding-bottom: 5px; margin-top: 0; color: inherit; opacity: 0.8;'>Aplicaciones<\/h3>\n<ul style='padding-left: 20px; font-size: 15px; color: inherit;'>\n<li style='margin-bottom: 5px;'>Estaciones de prueba de producci\u00f3n a gran volumen<\/li>\n<li style='margin-bottom: 5px;'>Laboratorios de investigaci\u00f3n y desarrollo<\/li>\n<li style='margin-bottom: 5px;'>C\u00e1maras de prueba a temperatura y ambiente<\/li>\n<li style='margin-bottom: 5px;'>Reemplazo para cables de prueba OEM<\/li>\n<li style='margin-bottom: 5px;'>Prueba de RF en campo<\/li>\n<li style='margin-bottom: 5px;'>Pruebas en sitios de infraestructura celular<\/li>\n<\/ul><\/div>\n<\/p><\/div>\n<hr style='border: 0; border-top: 1px solid rgba(150&comma; 150&comma; 150&comma; 0.3); margin: 30px 0;'> <\/div>\n","protected":false},"excerpt":{"rendered":"<p>Cable Coaxial de 0.61 Metros (2 Pies), para CD-18 GHz con Conectores N Macho a N Macho.<\/p>\n","protected":false},"featured_media":65948,"comment_status":"open","ping_status":"closed","template":"","meta":[],"product_brand":[],"product_cat":[1520],"product_tag":[138,1521,1720],"class_list":{"0":"post-65949","1":"product","2":"type-product","3":"status-publish","4":"has-post-thumbnail","6":"product_cat-jumpers","7":"product_tag-cables","8":"product_tag-jumpers","9":"product_tag-mini-circuits","11":"first","12":"instock","13":"sale","14":"shipping-taxable","15":"purchasable","16":"product-type-simple"},"_links":{"self":[{"href":"https:\/\/soydeaqui.ddns.net\/pachuca\/index.php\/wp-json\/wp\/v2\/product\/65949","targetHints":{"allow":["GET"]}}],"collection":[{"href":"https:\/\/soydeaqui.ddns.net\/pachuca\/index.php\/wp-json\/wp\/v2\/product"}],"about":[{"href":"https:\/\/soydeaqui.ddns.net\/pachuca\/index.php\/wp-json\/wp\/v2\/types\/product"}],"replies":[{"embeddable":true,"href":"https:\/\/soydeaqui.ddns.net\/pachuca\/index.php\/wp-json\/wp\/v2\/comments?post=65949"}],"wp:featuredmedia":[{"embeddable":true,"href":"https:\/\/soydeaqui.ddns.net\/pachuca\/index.php\/wp-json\/wp\/v2\/media\/65948"}],"wp:attachment":[{"href":"https:\/\/soydeaqui.ddns.net\/pachuca\/index.php\/wp-json\/wp\/v2\/media?parent=65949"}],"wp:term":[{"taxonomy":"product_brand","embeddable":true,"href":"https:\/\/soydeaqui.ddns.net\/pachuca\/index.php\/wp-json\/wp\/v2\/product_brand?post=65949"},{"taxonomy":"product_cat","embeddable":true,"href":"https:\/\/soydeaqui.ddns.net\/pachuca\/index.php\/wp-json\/wp\/v2\/product_cat?post=65949"},{"taxonomy":"product_tag","embeddable":true,"href":"https:\/\/soydeaqui.ddns.net\/pachuca\/index.php\/wp-json\/wp\/v2\/product_tag?post=65949"}],"curies":[{"name":"wp","href":"https:\/\/api.w.org\/{rel}","templated":true}]}}