{"id":65947,"date":"2026-03-19T08:40:15","date_gmt":"2026-03-19T08:40:15","guid":{"rendered":"https:\/\/soydeaqui.ddns.net\/pachuca\/index.php\/producto\/radio-industrial-para-enviar-datos-hasta-867-kbps-900-mhz-con-puerto-ethernet-y-serial\/"},"modified":"2026-03-19T08:40:16","modified_gmt":"2026-03-19T08:40:16","slug":"radio-industrial-para-enviar-datos-hasta-867-kbps-900-mhz-con-puerto-ethernet-y-serial","status":"publish","type":"product","link":"https:\/\/soydeaqui.ddns.net\/pachuca\/index.php\/producto\/radio-industrial-para-enviar-datos-hasta-867-kbps-900-mhz-con-puerto-ethernet-y-serial\/","title":{"rendered":"Radio Industrial para enviar datos, hasta 867 kbps, 900 MHz, con puerto Ethernet y Serial"},"content":{"rendered":"<div style='width: 100%; max-width: 1200px; margin: 0 auto; font-family: sans-serif; line-height: 1.6; color: inherit; background-color: transparent;'> <!-- Imagen principal --> <\/p>\n<div style='display: flex; justify-content: center; margin-bottom: 30px;'> <img style='width: 100%; max-width: 209px; height: auto; border: 1px solid rgba(150&comma;150&comma;150&comma;0.3); border-radius: 8px;' src='https:\/\/ftp3.syscom.mx\/usuarios\/fotos\/HTPE\/94928-flag.jpg' alt=''> <\/div>\n<p> <!-- Descripci\u00f3n principal --> <\/p>\n<div style='margin-bottom: 30px;'>\n<p>El HT-PE cuenta con dos puertos Ethernet y dos puertos serie logrando teniendo as\u00ed una interfaz f\u00e1cil de usar con una amplia gama de dispositivos como PLCs y Controladores&comma; adem\u00e1s de contar con un encapsulado y rango de temperatura para uso industrial. Cuenta con encriptaci\u00f3n AES de grado industrial para contar con una trasmisi\u00f3n de informaci\u00f3n segura.<\/p>\n<\/p><\/div>\n<p> <!-- Caracter\u00edsticas Principales --> <\/p>\n<div style='margin-bottom: 30px;'>\n<h3 style='font-size: 22px; border-bottom: 2px solid currentColor; padding-bottom: 5px; margin-top: 0; color: inherit; opacity: 0.8;'>Caracter\u00edsticas Principales<\/h3>\n<ul style='padding-left: 20px; font-size: 15px; color: inherit;'>\n<li>Rango de frecuencia 902 a 928 MHz<\/li>\n<li>Velocidad de datos: 614 kbps velocidad est\u00e1ndar&comma; 867 kbps de alta velocidad<\/li>\n<li>Espectro de dispersi\u00f3n de salto de frecuencia (FHSS) y cifrado AES para impedir el acceso no autorizado a la informaci\u00f3n.<\/li>\n<li>Funciona como Gateway&comma; Repetidor o Punto final<\/li>\n<li>Rango de voltaje de entrada: +6 a +30 VDC<\/li>\n<li>Potencia de salida: 5 mW a 870 mW<\/li>\n<li>Alcance de hasta 48 Km con l\u00ednea de vista<\/li>\n<li>Ancho de banda ocupado 611.2 kHz<\/li>\n<li>Conector para antena: TNC Hembra<\/li>\n<\/ul><\/div>\n<p> <!-- Especificaciones adicionales --> <\/p>\n<div style='display: flex; flex-wrap: wrap; gap: 20px; margin-bottom: 30px;'>\n<div style='flex: 1 1 250px; border: 1px solid rgba(150&comma; 150&comma; 150&comma; 0.4); border-radius: 8px; overflow: hidden; display: flex; flex-direction: column;'>\n<div style='padding: 15px; border-bottom: 1px solid rgba(150&comma; 150&comma; 150&comma; 0.2); font-weight: bold; font-size: 18px; color: inherit;'>Dimensiones<\/div>\n<div style='padding: 15px; color: inherit;'>\n<p style='margin: 0;'>173 x 97 x 36 mm<\/p>\n<\/p><\/div>\n<\/p><\/div>\n<div style='flex: 1 1 250px; border: 1px solid rgba(150&comma; 150&comma; 150&comma; 0.4); border-radius: 8px; overflow: hidden; display: flex; flex-direction: column;'>\n<div style='padding: 15px; border-bottom: 1px solid rgba(150&comma; 150&comma; 150&comma; 0.2); font-weight: bold; font-size: 18px; color: inherit;'>Peso<\/div>\n<div style='padding: 15px; color: inherit;'>\n<p style='margin: 0;'>635 g<\/p>\n<\/p><\/div>\n<\/p><\/div>\n<\/p><\/div>\n<p> <!-- Certificaciones --> <\/p>\n<div style='margin-bottom: 30px;'>\n<h3 style='font-size: 22px; border-bottom: 2px solid currentColor; padding-bottom: 5px; margin-top: 0; color: inherit; opacity: 0.8;'>Certificaciones<\/h3>\n<p style='margin: 0;'>FCC Part 15.247 \/ IC RSS-210&comma; UL Class 1&comma; Division 2<\/p>\n<\/p><\/div>\n<p> <!-- Tecnolog\u00eda Sensor-2-Server --> <\/p>\n<div style='margin-bottom: 30px;'>\n<h2 style='font-size: 24px; margin-top: 0; color: inherit;'>Tecnolog\u00eda Sensor-2-Server\u2122<\/h2>\n<\/p><\/div>\n<p> <!-- Imagen Sensor-2-Server --> <\/p>\n<div style='display: flex; justify-content: center; margin-bottom: 30px;'> <img style='width: 100%; max-width: 598px; height: auto; border: 1px solid rgba(150&comma;150&comma;150&comma;0.3); border-radius: 8px;' src='https:\/\/ftp3.syscom.mx\/usuarios\/fotos\/HTPE\/94928-s2s.jpg' alt=''> <\/div>\n<p> <!-- Mercados\/Aplicaciones --> <\/p>\n<div style='margin-bottom: 30px;'>\n<h3 style='font-size: 19.5px; margin-top: 0; color: inherit;'>Mercados \/ Aplicaciones<\/h3>\n<\/p><\/div>\n<p> <!-- Imagen Mercados --> <\/p>\n<div style='display: flex; justify-content: center; margin-bottom: 30px;'> <img style='width: 100%; max-width: 522px; height: auto; border: 1px solid rgba(150&comma;150&comma;150&comma;0.3); border-radius: 8px;' src='https:\/\/ftp3.syscom.mx\/usuarios\/fotos\/HTPE\/94928-market.jpg' alt=''> <\/div>\n<p> <!-- Diagrama --> <\/p>\n<div style='display: flex; justify-content: center;'> <img style='width: 100%; max-width: 612px; height: auto; border: 1px solid rgba(150&comma;150&comma;150&comma;0.3); border-radius: 8px;' src='https:\/\/ftp3.syscom.mx\/usuarios\/fotos\/HTPE\/94928-fgr2pe.jpg' alt=''> <\/div>\n<\/p><\/div>\n","protected":false},"excerpt":{"rendered":"<p>Radio Industrial para enviar datos, hasta 867 kbps, 900 MHz, con puerto Ethernet y Serial<\/p>\n","protected":false},"featured_media":65946,"comment_status":"open","ping_status":"closed","template":"","meta":[],"product_brand":[],"product_cat":[1620],"product_tag":[1546,1943,1621],"class_list":{"0":"post-65947","1":"product","2":"type-product","3":"status-publish","4":"has-post-thumbnail","6":"product_cat-telemetria-y-transmision-de-datos","7":"product_tag-aplicaciones-y-soluciones","8":"product_tag-freewave","9":"product_tag-telemetria-y-transmision-de-datos","11":"first","12":"outofstock","13":"sale","14":"shipping-taxable","15":"purchasable","16":"product-type-simple"},"_links":{"self":[{"href":"https:\/\/soydeaqui.ddns.net\/pachuca\/index.php\/wp-json\/wp\/v2\/product\/65947","targetHints":{"allow":["GET"]}}],"collection":[{"href":"https:\/\/soydeaqui.ddns.net\/pachuca\/index.php\/wp-json\/wp\/v2\/product"}],"about":[{"href":"https:\/\/soydeaqui.ddns.net\/pachuca\/index.php\/wp-json\/wp\/v2\/types\/product"}],"replies":[{"embeddable":true,"href":"https:\/\/soydeaqui.ddns.net\/pachuca\/index.php\/wp-json\/wp\/v2\/comments?post=65947"}],"wp:featuredmedia":[{"embeddable":true,"href":"https:\/\/soydeaqui.ddns.net\/pachuca\/index.php\/wp-json\/wp\/v2\/media\/65946"}],"wp:attachment":[{"href":"https:\/\/soydeaqui.ddns.net\/pachuca\/index.php\/wp-json\/wp\/v2\/media?parent=65947"}],"wp:term":[{"taxonomy":"product_brand","embeddable":true,"href":"https:\/\/soydeaqui.ddns.net\/pachuca\/index.php\/wp-json\/wp\/v2\/product_brand?post=65947"},{"taxonomy":"product_cat","embeddable":true,"href":"https:\/\/soydeaqui.ddns.net\/pachuca\/index.php\/wp-json\/wp\/v2\/product_cat?post=65947"},{"taxonomy":"product_tag","embeddable":true,"href":"https:\/\/soydeaqui.ddns.net\/pachuca\/index.php\/wp-json\/wp\/v2\/product_tag?post=65947"}],"curies":[{"name":"wp","href":"https:\/\/api.w.org\/{rel}","templated":true}]}}