{"id":65929,"date":"2026-03-19T08:39:40","date_gmt":"2026-03-19T08:39:40","guid":{"rendered":"https:\/\/soydeaqui.ddns.net\/pachuca\/index.php\/producto\/cnreach-n500-900-mhz-radio-conectorizado-iot-telemetria-scada-nb-n500910a-us\/"},"modified":"2026-03-19T08:39:41","modified_gmt":"2026-03-19T08:39:41","slug":"cnreach-n500-900-mhz-radio-conectorizado-iot-telemetria-scada-nb-n500910a-us","status":"publish","type":"product","link":"https:\/\/soydeaqui.ddns.net\/pachuca\/index.php\/producto\/cnreach-n500-900-mhz-radio-conectorizado-iot-telemetria-scada-nb-n500910a-us\/","title":{"rendered":"cnReach N500 900 MHz \/ Radio Conectorizado \/ IoT\/Telemetr\u00eda\/SCADA \/ NB-N500910A-US"},"content":{"rendered":"<div style='width: 100%; max-width: 1200px; margin: 0 auto; font-family: sans-serif; line-height: 1.6; color: inherit; background-color: transparent;'> <img style='width: 100%; height: auto; border: 1px solid rgba(150&comma;150&comma;150&comma;0.3); border-radius: 8px;' src='http:\/\/ftp3.syscom.mx\/usuarios\/hortega\/Cambium\/cambium-networks-logo.png' alt=''> <\/p>\n<div style='margin: 30px 0; border-top: 1px solid rgba(150&comma;150&comma;150&comma;0.3);'><\/div>\n<div style='margin-bottom: 30px;'>\n<p style='margin: 0; padding: 0; color: inherit;'><em><strong>Radio Sencillo<br \/>NO Incluye IO<\/strong><\/em><\/p>\n<\/p><\/div>\n<div style='margin-bottom: 30px;'>\n<h2 style='font-size: 24px; border-bottom: 2px solid currentColor; padding-bottom: 8px; margin-top: 0; color: inherit; opacity: 0.9;'>Conectividad inal\u00e1mbrica de banda angosta para sistemas de control&comma; subestaciones el\u00e9ctricas&comma; y telemetr\u00eda SCADA<\/h2>\n<\/p><\/div>\n<div style='display: flex; flex-wrap: wrap; gap: 30px; margin-bottom: 30px;'>\n<div style='flex: 1 1 300px; min-width: 280px;'>\n<h3 style='font-size: 22px; border-bottom: 2px solid currentColor; padding-bottom: 5px; margin-top: 0; color: inherit; opacity: 0.8;'>DESEMPE\u00d1O DEL RADIO MODO ISM<\/h3>\n<ul style='padding-left: 20px; font-size: 15px; color: inherit;'>\n<li style='margin-bottom: 5px;'><strong>Rango de frecuencia:<\/strong> 902 &#8211; 928 MHz<\/li>\n<li style='margin-bottom: 5px;'><strong>Potencia de salida:<\/strong> 10 mW a 1W (10 dBm a 30 dBm)<\/li>\n<li style='margin-bottom: 5px;'><strong>Tama\u00f1o del paso:<\/strong> 10 mW<\/li>\n<li style='margin-bottom: 5px;'><strong>Modulaciones:<\/strong> MSK \/ 2FSK \/ BPSK \/ QPSK \/ 8PSK \/ 16PSK \/ 16QAM \/ 32QAM<\/li>\n<li style='margin-bottom: 5px;'><strong>Capacidad:<\/strong> 57 kbps hasta 4.4 Mbps<\/li>\n<li style='margin-bottom: 5px;'><strong>Anchos de banda del canal:<\/strong> FHSS: 76 \/ 154 \/ 207 \/ 310 kHz<br \/>DTS: 600 \/ 1200 kHz<\/li>\n<li style='margin-bottom: 5px;'><strong>Alcance:<\/strong> Hasta 70 millas<\/li>\n<\/ul><\/div>\n<div style='flex: 1 1 300px; min-width: 280px;'>\n<h3 style='font-size: 22px; border-bottom: 2px solid currentColor; padding-bottom: 5px; margin-top: 0; color: inherit; opacity: 0.8;'>DESEMPE\u00d1O DEL RADIO MODO MAS<\/h3>\n<ul style='padding-left: 20px; font-size: 15px; color: inherit;'>\n<li style='margin-bottom: 5px;'><strong>Rango de frecuencia:<\/strong> 928 &#8211; 960 MHz<\/li>\n<li style='margin-bottom: 5px;'><strong>Potencia de salida:<\/strong> 10 mW a 3 W (10 dBm a 34.8 dBm)<\/li>\n<li style='margin-bottom: 5px;'><strong>Tama\u00f1o del paso:<\/strong> 10 mW<\/li>\n<li style='margin-bottom: 5px;'><strong>Modulaciones:<\/strong> MSK \/ 4FSK \/ QPSK \/ 8PSK \/ 16QAM \/ 32QAM \/ 64QAM<\/li>\n<li style='margin-bottom: 5px;'><strong>Capacidad:<\/strong> 10 kbps hasta 210 kbps<\/li>\n<li style='margin-bottom: 5px;'><strong>Anchos de banda del canal:<\/strong> 12.5 \/ 25 \/ 50 kHz<\/li>\n<li style='margin-bottom: 5px;'><strong>Alcance:<\/strong> Hasta 70 millas<\/li>\n<\/ul><\/div>\n<\/p><\/div>\n<div style='margin-bottom: 30px;'>\n<h3 style='font-size: 20px; border-bottom: 2px solid currentColor; padding-bottom: 5px; margin-top: 0; color: inherit; opacity: 0.8;'>GESTI\u00d3N<\/h3>\n<ul style='padding-left: 20px; font-size: 15px; color: inherit;'>\n<li style='margin-bottom: 5px;'>Interfaz web a trav\u00e9s de HTTP\/HTTPS<\/li>\n<li style='margin-bottom: 5px;'>Gesti\u00f3n remota a trav\u00e9s de SNMP<\/li>\n<li style='margin-bottom: 5px;'>Integraci\u00f3n al cnMaestro (plan a futuro)<\/li>\n<li style='margin-bottom: 5px;'>Soporte de archivos de configuraci\u00f3n y actualizaciones remotas de software<\/li>\n<li style='margin-bottom: 5px;'>Herramientas de diagn\u00f3stico integradas a trav\u00e9s de la interfaz web&comma; tales como RF Ping y RF Throughput<\/li>\n<\/ul><\/div>\n<div style='margin-bottom: 30px;'>\n<h3 style='font-size: 20px; border-bottom: 2px solid currentColor; padding-bottom: 5px; margin-top: 0; color: inherit; opacity: 0.8;'>INTERFACES<\/h3>\n<ul style='padding-left: 20px; font-size: 15px; color: inherit;'>\n<li style='margin-bottom: 5px;'>Interfaces Ethernet 2 x RJ-45<\/li>\n<li style='margin-bottom: 5px;'>10\/100Base T&comma; Full Duplex&comma; tasa negociada autom\u00e1ticamente (conforme a 802.3)<\/li>\n<li style='margin-bottom: 5px;'>Interfaces seriales 2 x RJ-45<\/li>\n<li style='margin-bottom: 5px;'>RS-232\/422\/485&comma; hasta 230.4 kbps<\/li>\n<li style='margin-bottom: 5px;'>I\/O an\u00e1logo\/digital (opcional) 8 pines para entrada\/salida an\u00e1loga y entrada\/salida digital<\/li>\n<li style='margin-bottom: 5px;'>RF \/ Antena Conectores TNC RF (1 o 2 dependiendo la configuraci\u00f3n del radio en banda \u00fanica o dual)<\/li>\n<\/ul><\/div>\n<div style='margin-bottom: 30px;'>\n<h3 style='font-size: 20px; border-bottom: 2px solid currentColor; padding-bottom: 5px; margin-top: 0; color: inherit; opacity: 0.8;'>CARACTER\u00cdSTICAS F\u00cdSICAS<\/h3>\n<ul style='padding-left: 20px; font-size: 15px; color: inherit;'>\n<li style='margin-bottom: 5px;'>Dimensiones: 6.625\u201d x 3.45\u201d x 1.835\u201d (168 mm x 876 mm x 466mm)<\/li>\n<li style='margin-bottom: 5px;'>Peso: 1.54 lbs. (0.70 kg)<\/li>\n<li style='margin-bottom: 5px;'>Montaje en carril DIN: Opcional<\/li>\n<\/ul><\/div>\n<div style='margin-bottom: 30px;'>\n<h3 style='font-size: 20px; border-bottom: 2px solid currentColor; padding-bottom: 5px; margin-top: 0; color: inherit; opacity: 0.8;'>CARACTER\u00cdSTICAS AMBIENTALES<\/h3>\n<ul style='padding-left: 20px; font-size: 15px; color: inherit;'>\n<li style='margin-bottom: 5px;'>Temperatura de operaci\u00f3n: -40\u00b0C a +60\u00b0C<\/li>\n<li style='margin-bottom: 5px;'>Humedad: Humedad de operaci\u00f3n de 95% @ 40\u00b0C sin condensaci\u00f3n<\/li>\n<li style='margin-bottom: 5px;'>HAZLOC: UL-Aprobado a Clase1 \/ Div 2<\/li>\n<\/ul><\/div>\n<div style='margin-bottom: 30px;'>\n<h3 style='font-size: 20px; border-bottom: 2px solid currentColor; padding-bottom: 5px; margin-top: 0; color: inherit; opacity: 0.8;'>ASPECTOS REGULATORIOS<\/h3>\n<ul style='padding-left: 20px; font-size: 15px; color: inherit;'>\n<li style='margin-bottom: 5px;'>UL: Aprobado<\/li>\n<li style='margin-bottom: 5px;'>FCC ID: Z8H89FT0025<\/li>\n<li style='margin-bottom: 5px;'>IC ID: 109W-0025<\/li>\n<\/ul><\/div>\n<div style='margin-bottom: 30px;'>\n<h3 style='font-size: 20px; border-bottom: 2px solid currentColor; padding-bottom: 5px; margin-top: 0; color: inherit; opacity: 0.8;'>TOPOLOG\u00cdAS DE IMPLEMENTACI\u00d3N<\/h3>\n<ul style='padding-left: 20px; font-size: 15px; color: inherit;'>\n<li style='margin-bottom: 5px;'>Punto a punto (PTP)<\/li>\n<li style='margin-bottom: 5px;'>Punto a multipunto (PMP)<\/li>\n<li style='margin-bottom: 5px;'>Repetidor (REP) \u2013 Radio de banda \u00fanica o dual<\/li>\n<li style='margin-bottom: 5px;'>Extensor de IO independiente<\/li>\n<\/ul><\/div>\n<div style='margin-bottom: 30px;'> <img style='width: 100%; height: auto; border: 1px solid rgba(150&comma;150&comma;150&comma;0.3); border-radius: 8px;' src='https:\/\/ftp3.syscom.mx\/usuarios\/hortega\/Cambium\/CN%20Reach\/Solucion%20CN.jpg' alt=''> <\/div>\n<div style='margin-bottom: 30px;'>\n<div style='position: relative; padding-bottom: 56.25%; height: 0; overflow: hidden;'>   <\/div>\n<\/p><\/div>\n<\/p><\/div>\n","protected":false},"excerpt":{"rendered":"<p>cnReach N500 900 MHz \/ Radio Conectorizado \/ IoT\/Telemetr\u00eda\/SCADA \/ NB-N500910A-US<\/p>\n","protected":false},"featured_media":65928,"comment_status":"open","ping_status":"closed","template":"","meta":[],"product_brand":[],"product_cat":[1620],"product_tag":[1546,1316,1621],"class_list":{"0":"post-65929","1":"product","2":"type-product","3":"status-publish","4":"has-post-thumbnail","6":"product_cat-telemetria-y-transmision-de-datos","7":"product_tag-aplicaciones-y-soluciones","8":"product_tag-cambium-networks","9":"product_tag-telemetria-y-transmision-de-datos","11":"first","12":"outofstock","13":"sale","14":"shipping-taxable","15":"purchasable","16":"product-type-simple"},"_links":{"self":[{"href":"https:\/\/soydeaqui.ddns.net\/pachuca\/index.php\/wp-json\/wp\/v2\/product\/65929","targetHints":{"allow":["GET"]}}],"collection":[{"href":"https:\/\/soydeaqui.ddns.net\/pachuca\/index.php\/wp-json\/wp\/v2\/product"}],"about":[{"href":"https:\/\/soydeaqui.ddns.net\/pachuca\/index.php\/wp-json\/wp\/v2\/types\/product"}],"replies":[{"embeddable":true,"href":"https:\/\/soydeaqui.ddns.net\/pachuca\/index.php\/wp-json\/wp\/v2\/comments?post=65929"}],"wp:featuredmedia":[{"embeddable":true,"href":"https:\/\/soydeaqui.ddns.net\/pachuca\/index.php\/wp-json\/wp\/v2\/media\/65928"}],"wp:attachment":[{"href":"https:\/\/soydeaqui.ddns.net\/pachuca\/index.php\/wp-json\/wp\/v2\/media?parent=65929"}],"wp:term":[{"taxonomy":"product_brand","embeddable":true,"href":"https:\/\/soydeaqui.ddns.net\/pachuca\/index.php\/wp-json\/wp\/v2\/product_brand?post=65929"},{"taxonomy":"product_cat","embeddable":true,"href":"https:\/\/soydeaqui.ddns.net\/pachuca\/index.php\/wp-json\/wp\/v2\/product_cat?post=65929"},{"taxonomy":"product_tag","embeddable":true,"href":"https:\/\/soydeaqui.ddns.net\/pachuca\/index.php\/wp-json\/wp\/v2\/product_tag?post=65929"}],"curies":[{"name":"wp","href":"https:\/\/api.w.org\/{rel}","templated":true}]}}