{"id":65907,"date":"2026-03-19T08:38:50","date_gmt":"2026-03-19T08:38:50","guid":{"rendered":"https:\/\/soydeaqui.ddns.net\/pachuca\/index.php\/producto\/antena-movil-uhf-para-transito-pesado-bajo-perfil-rango-de-frecuencia-410-430-mhz\/"},"modified":"2026-03-19T08:38:51","modified_gmt":"2026-03-19T08:38:51","slug":"antena-movil-uhf-para-transito-pesado-bajo-perfil-rango-de-frecuencia-410-430-mhz","status":"publish","type":"product","link":"https:\/\/soydeaqui.ddns.net\/pachuca\/index.php\/producto\/antena-movil-uhf-para-transito-pesado-bajo-perfil-rango-de-frecuencia-410-430-mhz\/","title":{"rendered":"Antena M\u00f3vil UHF, para Tr\u00e1nsito Pesado \/ Bajo Perfil, Rango de Frecuencia 410-430 MHz."},"content":{"rendered":"<div style='width: 100%; max-width: 1200px; margin: 0 auto; font-family: sans-serif; line-height: 1.6; color: inherit; background-color: transparent;'>\n<div style='display: flex; flex-wrap: wrap; gap: 30px; margin-bottom: 30px;'>\n<div style='flex: 1 1 300px; min-width: 280px;'>\n<h3 style='font-size: 22px; border-bottom: 2px solid currentColor; padding-bottom: 5px; margin-top: 0; color: inherit; opacity: 0.8;'>Especificaciones T\u00e9cnicas<\/h3>\n<ul style='padding-left: 20px; font-size: 15px; color: inherit;'>\n<li style='margin-bottom: 5px;'><strong>Rango de Frecuencia:<\/strong> 410-430 MHz<\/li>\n<li style='margin-bottom: 5px;'><strong>Ganancia:<\/strong> 3 dBi<\/li>\n<li style='margin-bottom: 5px;'><strong>Potencia:<\/strong> 150 Watts<\/li>\n<li style='margin-bottom: 5px;'><strong>Conector:<\/strong> N\/A<\/li>\n<li style='margin-bottom: 5px;'><strong>Color:<\/strong> Blanca<\/li>\n<li style='margin-bottom: 5px;'><strong>Montaje:<\/strong> Requiere montaje de 3\/4&#8242; NMO<\/li>\n<\/ul>\n<\/div>\n<\/div>\n<div style='display: flex; flex-wrap: wrap; gap: 20px; margin-bottom: 30px;'>\n<div style='flex: 1 1 250px; border: 1px solid rgba(150&comma; 150&comma; 150&comma; 0.4); border-radius: 8px; overflow: hidden; display: flex; flex-direction: column;'>\n<div style='padding: 15px; border-bottom: 1px solid rgba(150&comma; 150&comma; 150&comma; 0.2); font-weight: bold; font-size: 18px; color: inherit;'>Caracter\u00edsticas<\/div>\n<div style='padding: 15px; color: inherit;'>\n<p style='margin: 0 0 15px 0; font-size: 14px;'>La serie patentada Phantom<span style='font-weight: bold; font-style: italic;'>\u00ae<\/span> es una antena resistente para aplicaciones externas o internas. Disponible en modelos con armaz\u00f3n de perfil bajo est\u00e1ndar y en modelos Phantom Elite<span style='font-weight: bold; font-style: italic;'>\u00ae<\/span> ocultos&comma; todas las antenas cuentan con diversidad de campo con componentes de polarizaci\u00f3n vertical y horizontal.<\/p>\n<p style='margin: 0 0 15px 0; font-size: 14px;'>Esto le da a la antena diversidad&comma; agilidad de frecuencia&comma; baja visibilidad&comma; amplio ancho de banda y un patr\u00f3n de radiaci\u00f3n de bajo \u00e1ngulo que es superior a las antenas tradicionales de l\u00e1tigo en la mayor\u00eda de aplicaciones.<\/p>\n<\/div>\n<\/div>\n<\/div>\n<div style='display: flex; flex-wrap: wrap; gap: 20px; margin-bottom: 30px;'>\n<div style='flex: 1 1 300px; min-width: 280px;'>\n<div style='border: 1px solid rgba(150&comma; 150&comma; 150&comma; 0.4); border-radius: 8px; overflow: hidden; padding: 15px;'>\n<div style='font-weight: bold; font-size: 16px; margin-bottom: 15px; color: inherit;'>Garant\u00eda<\/div>\n<p><img style='width: 100%; height: auto; border: 1px solid rgba(150&comma;150&comma;150&comma;0.3); border-radius: 8px;' src='http:\/\/ftp3.syscom.mx\/usuarios\/fotos\/TRABT1420\/80913-garantia_laird.jpg' alt=''><\/div>\n<\/div>\n<div style='flex: 1 1 300px; min-width: 280px;'>\n<div style='border: 1px solid rgba(150&comma; 150&comma; 150&comma; 0.4); border-radius: 8px; overflow: hidden; padding: 15px;'>\n<div style='font-weight: bold; font-size: 16px; margin-bottom: 15px; color: inherit;'>Antenas Phantom<\/div>\n<p><img style='width: 100%; height: auto; border: 1px solid rgba(150&comma;150&comma;150&comma;0.3); border-radius: 8px;' src='http:\/\/ftp3.syscom.mx\/usuarios\/fotos\/TRABT1420\/80913-antenas_phantom.jpg' alt=''><\/div>\n<\/div>\n<\/div>\n<hr style='border: 0; border-top: 1px solid rgba(150&comma; 150&comma; 150&comma; 0.3); margin: 30px 0;'><\/div>\n","protected":false},"excerpt":{"rendered":"<p>Antena M\u00f3vil UHF, para Tr\u00e1nsito Pesado \/ Bajo Perfil, Rango de Frecuencia 410-430 MHz.<\/p>\n","protected":false},"featured_media":65906,"comment_status":"open","ping_status":"closed","template":"","meta":[],"product_brand":[],"product_cat":[1848],"product_tag":[1404,944,1573],"class_list":{"0":"post-65907","1":"product","2":"type-product","3":"status-publish","4":"has-post-thumbnail","6":"product_cat-moviles-antenas-radiocomunicacion","7":"product_tag-antenas","8":"product_tag-laird","9":"product_tag-moviles","11":"first","12":"outofstock","13":"sale","14":"shipping-taxable","15":"purchasable","16":"product-type-simple"},"_links":{"self":[{"href":"https:\/\/soydeaqui.ddns.net\/pachuca\/index.php\/wp-json\/wp\/v2\/product\/65907","targetHints":{"allow":["GET"]}}],"collection":[{"href":"https:\/\/soydeaqui.ddns.net\/pachuca\/index.php\/wp-json\/wp\/v2\/product"}],"about":[{"href":"https:\/\/soydeaqui.ddns.net\/pachuca\/index.php\/wp-json\/wp\/v2\/types\/product"}],"replies":[{"embeddable":true,"href":"https:\/\/soydeaqui.ddns.net\/pachuca\/index.php\/wp-json\/wp\/v2\/comments?post=65907"}],"wp:featuredmedia":[{"embeddable":true,"href":"https:\/\/soydeaqui.ddns.net\/pachuca\/index.php\/wp-json\/wp\/v2\/media\/65906"}],"wp:attachment":[{"href":"https:\/\/soydeaqui.ddns.net\/pachuca\/index.php\/wp-json\/wp\/v2\/media?parent=65907"}],"wp:term":[{"taxonomy":"product_brand","embeddable":true,"href":"https:\/\/soydeaqui.ddns.net\/pachuca\/index.php\/wp-json\/wp\/v2\/product_brand?post=65907"},{"taxonomy":"product_cat","embeddable":true,"href":"https:\/\/soydeaqui.ddns.net\/pachuca\/index.php\/wp-json\/wp\/v2\/product_cat?post=65907"},{"taxonomy":"product_tag","embeddable":true,"href":"https:\/\/soydeaqui.ddns.net\/pachuca\/index.php\/wp-json\/wp\/v2\/product_tag?post=65907"}],"curies":[{"name":"wp","href":"https:\/\/api.w.org\/{rel}","templated":true}]}}