{"id":6588,"date":"2026-03-18T06:45:00","date_gmt":"2026-03-18T06:45:00","guid":{"rendered":"https:\/\/soydeaqui.ddns.net\/pachuca\/index.php\/producto\/protector-de-120-vca-con-8-contactos-de-alimentacion-en-color-negro-para-aplicaciones-en-rack\/"},"modified":"2026-03-18T06:45:00","modified_gmt":"2026-03-18T06:45:00","slug":"protector-de-120-vca-con-8-contactos-de-alimentacion-en-color-negro-para-aplicaciones-en-rack","status":"publish","type":"product","link":"https:\/\/soydeaqui.ddns.net\/pachuca\/index.php\/producto\/protector-de-120-vca-con-8-contactos-de-alimentacion-en-color-negro-para-aplicaciones-en-rack\/","title":{"rendered":"Protector de 120 Vca con 8 contactos de alimentaci\u00f3n en color negro para aplicaciones en Rack"},"content":{"rendered":"<div style='width: 100%; max-width: 1200px; margin: 0 auto; font-family: sans-serif; line-height: 1.6; color: inherit; background-color: transparent;'>\n<div style='display: flex; flex-wrap: wrap; gap: 30px; margin-bottom: 30px;'>\n<div style='flex: 1 1 300px; min-width: 280px;'>\n<h3 style='font-size: 22px; border-bottom: 2px solid currentColor; padding-bottom: 5px; margin-top: 0; color: inherit; opacity: 0.8;'>Caracter\u00edsticas de protecci\u00f3n<\/h3>\n<ul style='padding-left: 20px; font-size: 15px; color: inherit;'>\n<li style='margin-bottom: 5px;'>Las sobretensiones pueden presentarse en cualquier conductor met\u00e1lico&comma; incluyendo l\u00edneas de electricidad p\u00fablicas&comma; l\u00edneas de tel\u00e9fono&comma; l\u00edneas de datos&comma; video y alimentaci\u00f3n&comma; es por eso que los dispositivos de protecci\u00f3n contra sobretensiones deben ser instalados.<\/li>\n<li style='margin-bottom: 5px;'>EPCOM POWER LINE recomienda proteger todos los circuitos de su red.<\/li>\n<\/ul><\/div>\n<div style='flex: 1 1 300px; min-width: 280px;'>\n<h3 style='font-size: 22px; border-bottom: 2px solid currentColor; padding-bottom: 5px; margin-top: 0; color: inherit; opacity: 0.8;'>Caracter\u00edsticas t\u00e9cnicas<\/h3>\n<ul style='padding-left: 20px; font-size: 15px; color: inherit;'>\n<li style='margin-bottom: 5px;'><strong>Tensi\u00f3n nominal de trabajo:<\/strong> 50\/60 Hz 120 V<\/li>\n<li style='margin-bottom: 5px;'><strong>Potencia M\u00e1xima:<\/strong> 1&comma;875 W<\/li>\n<li style='margin-bottom: 5px;'><strong>M\u00e1xima corriente de trabajo:<\/strong> 15 A<\/li>\n<li style='margin-bottom: 5px;'><strong>Corriente de descarga nominal (8\/20 \u00b5s):<\/strong> In: 5 kA<\/li>\n<li style='margin-bottom: 5px;'><strong>M\u00e1xima corriente de descarga (8\/20 \u00b5s):<\/strong> Im\u00e1x: 10 kA<\/li>\n<li style='margin-bottom: 5px;'><strong>Voltaje de paso (8\/20 \u00b5s):<\/strong> 800 V<\/li>\n<li style='margin-bottom: 5px;'><strong>Contactos de salida:<\/strong> 8<\/li>\n<li style='margin-bottom: 5px;'><strong>Modo de protecci\u00f3n:<\/strong> L-N-G<\/li>\n<\/ul><\/div>\n<div style='flex: 1 1 300px; min-width: 280px;'>\n<h3 style='font-size: 22px; border-bottom: 2px solid currentColor; padding-bottom: 5px; margin-top: 0; color: inherit; opacity: 0.8;'>Caracter\u00edsticas f\u00edsicas<\/h3>\n<ul style='padding-left: 20px; font-size: 15px; color: inherit;'>\n<li style='margin-bottom: 5px;'><strong>Nivel de protecci\u00f3n IP:<\/strong> IP20 (IP67)<\/li>\n<li style='margin-bottom: 5px;'><strong>Carcasa:<\/strong> Policarbonato NEMA 4X<\/li>\n<li style='margin-bottom: 5px;'><strong>Temperatura de operaci\u00f3n:<\/strong> -35\u00b0C a 80\u00b0C (-31\u00b0F a 176\u00b0F)<\/li>\n<li style='margin-bottom: 5px;'><strong>Dimensiones:<\/strong> 74 (H) x 25 (W) x 29 (L) mm<\/li>\n<li style='margin-bottom: 5px;'><strong>Peso:<\/strong> 130 g<\/li>\n<li style='margin-bottom: 5px;'><strong>Cumplimiento:<\/strong> IEC61643-21<\/li>\n<li style='margin-bottom: 5px;'><strong>Dimensiones:<\/strong> 484 x 44.5 x 44.5 mm<\/li>\n<\/ul><\/div>\n<\/p><\/div>\n<div style='display: flex; flex-wrap: wrap; gap: 20px; margin-bottom: 30px;'>\n<div style='flex: 1 1 250px; border: 1px solid rgba(150&comma; 150&comma; 150&comma; 0.4); border-radius: 8px; overflow: hidden; display: flex; flex-direction: column;'>\n<div style='padding: 15px; border-bottom: 1px solid rgba(150&comma; 150&comma; 150&comma; 0.2); font-weight: bold; font-size: 18px; color: inherit;'>Aplicaciones<\/div>\n<div style='padding: 15px; color: inherit;'>\n<ul style='padding-left: 20px; margin: 0; font-size: 14px; list-style-type: disc;'>\n<li style='margin-bottom: 5px;'>Dispositivo de protecci\u00f3n contra sobretensiones clase D para sistema de alimentaci\u00f3n de Vca<\/li>\n<li style='margin-bottom: 5px;'>Equipos electr\u00f3nicos sensibles<\/li>\n<li style='margin-bottom: 5px;'>Centros de telecomunicaciones<\/li>\n<li style='margin-bottom: 5px;'>Centros de control autom\u00e1ticos<\/li>\n<li style='margin-bottom: 5px;'>Edificios inteligentes<\/li>\n<li style='margin-bottom: 5px;'>Empresas industriales<\/li>\n<li style='margin-bottom: 5px;'>Institutos m\u00e9dicos<\/li>\n<\/ul><\/div>\n<\/p><\/div>\n<\/p><\/div>\n<hr style='border: 0; border-top: 1px solid rgba(150&comma; 150&comma; 150&comma; 0.3); margin: 30px 0;'> <\/div>\n","protected":false},"excerpt":{"rendered":"<p>Protector de 120 Vca con 8 contactos de alimentaci\u00f3n en color negro para aplicaciones en Rack<\/p>\n","protected":false},"featured_media":6587,"comment_status":"open","ping_status":"closed","template":"","meta":[],"product_brand":[],"product_cat":[543],"product_tag":[545,454,544],"class_list":{"0":"post-6588","1":"product","2":"type-product","3":"status-publish","4":"has-post-thumbnail","6":"product_cat-coaxial","7":"product_tag-coaxial","8":"product_tag-epcom-powerline","9":"product_tag-proteccion-contra-descarga","11":"first","12":"outofstock","13":"sale","14":"shipping-taxable","15":"purchasable","16":"product-type-simple"},"_links":{"self":[{"href":"https:\/\/soydeaqui.ddns.net\/pachuca\/index.php\/wp-json\/wp\/v2\/product\/6588","targetHints":{"allow":["GET"]}}],"collection":[{"href":"https:\/\/soydeaqui.ddns.net\/pachuca\/index.php\/wp-json\/wp\/v2\/product"}],"about":[{"href":"https:\/\/soydeaqui.ddns.net\/pachuca\/index.php\/wp-json\/wp\/v2\/types\/product"}],"replies":[{"embeddable":true,"href":"https:\/\/soydeaqui.ddns.net\/pachuca\/index.php\/wp-json\/wp\/v2\/comments?post=6588"}],"wp:featuredmedia":[{"embeddable":true,"href":"https:\/\/soydeaqui.ddns.net\/pachuca\/index.php\/wp-json\/wp\/v2\/media\/6587"}],"wp:attachment":[{"href":"https:\/\/soydeaqui.ddns.net\/pachuca\/index.php\/wp-json\/wp\/v2\/media?parent=6588"}],"wp:term":[{"taxonomy":"product_brand","embeddable":true,"href":"https:\/\/soydeaqui.ddns.net\/pachuca\/index.php\/wp-json\/wp\/v2\/product_brand?post=6588"},{"taxonomy":"product_cat","embeddable":true,"href":"https:\/\/soydeaqui.ddns.net\/pachuca\/index.php\/wp-json\/wp\/v2\/product_cat?post=6588"},{"taxonomy":"product_tag","embeddable":true,"href":"https:\/\/soydeaqui.ddns.net\/pachuca\/index.php\/wp-json\/wp\/v2\/product_tag?post=6588"}],"curies":[{"name":"wp","href":"https:\/\/api.w.org\/{rel}","templated":true}]}}