{"id":6586,"date":"2026-03-18T06:44:59","date_gmt":"2026-03-18T06:44:59","guid":{"rendered":"https:\/\/soydeaqui.ddns.net\/pachuca\/index.php\/producto\/licencia-para-el-control-de-ordenes-de-trabajo-y-servicio-ideal-para-administrar-su-personal-de-campo-instaladores-ventas-repartidores-etc\/"},"modified":"2026-03-18T06:44:59","modified_gmt":"2026-03-18T06:44:59","slug":"licencia-para-el-control-de-ordenes-de-trabajo-y-servicio-ideal-para-administrar-su-personal-de-campo-instaladores-ventas-repartidores-etc","status":"publish","type":"product","link":"https:\/\/soydeaqui.ddns.net\/pachuca\/index.php\/producto\/licencia-para-el-control-de-ordenes-de-trabajo-y-servicio-ideal-para-administrar-su-personal-de-campo-instaladores-ventas-repartidores-etc\/","title":{"rendered":"Licencia, para el control de ordenes de trabajo y servicio. Ideal para administrar su personal de campo, instaladores, ventas, repartidores, etc"},"content":{"rendered":"<div style='width: 100%; max-width: 1200px; margin: 0 auto; font-family: sans-serif; line-height: 1.6; color: inherit; background-color: transparent;'>\n<div style='margin: 20px 0;'> <a style='display: inline-block; padding: 10px 20px; background-color: #007bff; color: #fff; text-decoration: none; border-radius: 4px; font-weight: bold;' href='https:\/\/www.syscom.mx\/singlepage\/security_software'>Ver Single Page<\/a> <\/div>\n<div style='margin-bottom: 30px;'>\n<ul style='padding-left: 20px; color: inherit;'>\n<li style='margin-bottom: 8px; text-align: justify; color: #7e8c8d; font-size: 15px;'>Compatible con las tres versiones de Securithor v2 2.3.1+.<\/li>\n<li style='margin-bottom: 8px; text-align: justify; color: #7e8c8d; font-size: 15px;'>Ideal para empresas que tienen personal que trabaja fuera de oficina.<\/li>\n<li style='margin-bottom: 8px; text-align: justify; color: #7e8c8d; font-size: 15px;'>Administre tiempos de actividades&comma; ordenes de trabajo&comma; visita a clientes&comma; rondines&comma; etc.<\/li>\n<li style='margin-bottom: 8px; text-align: justify; color: #7e8c8d; font-size: 15px;'>Para 100 usuarios.<\/li>\n<\/ul><\/div>\n<div style='margin-bottom: 30px;'> <img style='width: 100%; height: auto; border: 1px solid rgba(150&comma;150&comma;150&comma;0.3); border-radius: 8px;' src='http:\/\/ftp3.syscom.mx\/usuarios\/ftp\/single_page\/MCB\/single_mod-1.jpg' alt=''> <\/div>\n<div style='margin-bottom: 30px;'> <img style='width: 100%; height: auto; border: 1px solid rgba(150&comma;150&comma;150&comma;0.3); border-radius: 8px;' src='http:\/\/ftp3.syscom.mx\/usuarios\/ftp\/single_page\/MCB\/single_mod-3-texto.png' alt=''> <\/div>\n<div style='margin-bottom: 30px;'> <img style='width: 100%; height: auto; border: 1px solid rgba(150&comma;150&comma;150&comma;0.3); border-radius: 8px;' src='http:\/\/ftp3.syscom.mx\/usuarios\/ftp\/single_page\/MCB\/single_mod-verde.jpg' alt=''> <\/div>\n<div style='margin-bottom: 30px;'>\n<h1 style='font-size: 32px; color: #ff6e17; text-align: center; margin: 0 0 10px 0;'>Mission Control Board<\/h1>\n<h2 style='font-size: 22px; color: gray; text-align: center; margin: 0;'>Seguimiento&comma; env\u00edo y administraci\u00f3n de tareas o misiones al personal de campo<\/h2>\n<\/p><\/div>\n<div style='display: flex; flex-wrap: wrap; gap: 30px; margin-bottom: 30px;'>\n<div style='flex: 1 1 400px; min-width: 300px;'>\n<div style='position: relative; padding-bottom: 56.25%; height: 0; overflow: hidden; margin-bottom: 15px;'>   <\/div>\n<div style='margin-bottom: 15px;'> <img style='width: 100%; height: auto; border: 1px solid rgba(150&comma;150&comma;150&comma;0.3); border-radius: 8px;' src='http:\/\/ftp3.syscom.mx\/usuarios\/ftp\/single_page\/MCB\/seguimiento2.jpg' alt=''> <\/div>\n<p style='text-align: justify; font-size: 15px; color: inherit;'>Sepa d\u00f3nde est\u00e1 su personal de campo en todo momento. Adem\u00e1s&comma; vea la localizaci\u00f3n de sus clientes. En la aplicaci\u00f3n&comma; obtenga acceso a mapas para indicaciones de la ubicaci\u00f3n de la misi\u00f3n<\/p>\n<\/p><\/div>\n<div style='flex: 1 1 400px; min-width: 300px;'>\n<div style='position: relative; padding-bottom: 56.25%; height: 0; overflow: hidden; margin-bottom: 15px;'>   <\/div>\n<div style='margin-bottom: 15px;'> <img style='width: 100%; height: auto; border: 1px solid rgba(150&comma;150&comma;150&comma;0.3); border-radius: 8px;' src='http:\/\/ftp3.syscom.mx\/usuarios\/ftp\/single_page\/MCB\/programa.jpg' alt=''> <\/div>\n<p style='text-align: justify; font-size: 15px; color: inherit;'>Usted puede programar itinerarios y misiones con anticipaci\u00f3n. Envie a sus trabajadores r\u00e1pidamente a sus nuevas misiones bas\u00e1ndose en su estatus&comma; su locaclizaci\u00f3n&comma; sus habilidades&comma; etc.<\/p>\n<\/p><\/div>\n<\/p><\/div>\n<div style='display: flex; flex-wrap: wrap; gap: 30px; margin-bottom: 30px;'>\n<div style='flex: 1 1 400px; min-width: 300px;'>\n<div style='position: relative; padding-bottom: 56.25%; height: 0; overflow: hidden; margin-bottom: 15px;'>   <\/div>\n<div style='margin-bottom: 15px;'> <img style='width: 100%; height: auto; border: 1px solid rgba(150&comma;150&comma;150&comma;0.3); border-radius: 8px;' src='http:\/\/ftp3.syscom.mx\/usuarios\/ftp\/single_page\/MCB\/envio.jpg' alt=''> <\/div>\n<p style='text-align: justify; font-size: 15px; color: inherit;'>Confirme la misi\u00f3n de su personal con reportes autom\u00e1ticos a sus clientes. Reciba el reporte de cada trabajo realizado&comma; puede agregar fotos&comma; documentos y\/o videos. Revise el estatus de cada trabajo<\/p>\n<\/p><\/div>\n<div style='flex: 1 1 400px; min-width: 300px;'>\n<div style='position: relative; padding-bottom: 56.25%; height: 0; overflow: hidden; margin-bottom: 15px;'>   <\/div>\n<div style='margin-bottom: 15px;'> <img style='width: 100%; height: auto; border: 1px solid rgba(150&comma;150&comma;150&comma;0.3); border-radius: 8px;' src='http:\/\/ftp3.syscom.mx\/usuarios\/ftp\/single_page\/MCB\/coor.jpg' alt=''> <\/div>\n<p style='text-align: justify; font-size: 15px; color: inherit;'>Contacte hasta 200 miembros de su personal usando la aplicaci\u00f3n de Android. Obtenga mayor interacci\u00f3n entre los gerentes&comma; personal de la oficina y su equipo de campo&comma; quienes pueden intercambiar mensajes r\u00e1pidamente&comma; archivos&comma; localizaci\u00f3n&comma; reportes&comma; etc.<\/p>\n<\/p><\/div>\n<\/p><\/div>\n<div style='display: flex; flex-wrap: wrap; gap: 30px; margin-bottom: 30px;'>\n<div style='flex: 1 1 400px; min-width: 300px;'>\n<div style='position: relative; padding-bottom: 56.25%; height: 0; overflow: hidden; margin-bottom: 15px;'>   <\/div>\n<div style='margin-bottom: 15px;'> <img style='width: 100%; height: auto; border: 1px solid rgba(150&comma;150&comma;150&comma;0.3); border-radius: 8px;' src='http:\/\/ftp3.syscom.mx\/usuarios\/ftp\/single_page\/MCB\/estadisticas.jpg' alt=''> <\/div>\n<p style='text-align: justify; font-size: 15px; color: inherit;'>Usted puede utilizar Geocercas ya sea de zonas autorizadas y\/o prohibidas para tener mejor control de sus posiciones. Adem\u00e1s de poder asignarles veh\u00edculos&comma; kilometrajes&comma; etc.<\/p>\n<\/p><\/div>\n<div style='flex: 1 1 400px; min-width: 300px;'>\n<div style='position: relative; padding-bottom: 56.25%; height: 0; overflow: hidden; margin-bottom: 15px;'>   <\/div>\n<div style='margin-bottom: 15px;'> <img style='width: 100%; height: auto; border: 1px solid rgba(150&comma;150&comma;150&comma;0.3); border-radius: 8px;' src='http:\/\/ftp3.syscom.mx\/usuarios\/ftp\/single_page\/MCB\/estadisticas.jpg' alt=''> <\/div>\n<p style='text-align: justify; font-size: 15px; color: inherit;'>Con MCB podr\u00e1 saber qui\u00e9n estaba y en donde a medianoche&comma; cuales trabajos se realizaron la semana pasada&comma; qu\u00e9 empleado complet\u00f3 mas servicios&comma; cuales misiones o tareas fueron completadas y mucho m\u00e1s.<\/p>\n<\/p><\/div>\n<\/p><\/div>\n<\/p><\/div>\n","protected":false},"excerpt":{"rendered":"<p>Licencia, para el control de ordenes de trabajo y servicio. Ideal para administrar su personal de campo, instaladores, ventas, repartidores, etc<\/p>\n","protected":false},"featured_media":6585,"comment_status":"open","ping_status":"closed","template":"","meta":[],"product_brand":[],"product_cat":[476],"product_tag":[40,165,164,477],"class_list":{"0":"post-6586","1":"product","2":"type-product","3":"status-publish","4":"has-post-thumbnail","6":"product_cat-softwares-de-administracion-mcdi","7":"product_tag-centrales-de-monitoreo","8":"product_tag-inc","9":"product_tag-mcdi-security-products","10":"product_tag-softwares-de-administracion-mcdi","12":"first","13":"outofstock","14":"sale","15":"shipping-taxable","16":"purchasable","17":"product-type-simple"},"_links":{"self":[{"href":"https:\/\/soydeaqui.ddns.net\/pachuca\/index.php\/wp-json\/wp\/v2\/product\/6586","targetHints":{"allow":["GET"]}}],"collection":[{"href":"https:\/\/soydeaqui.ddns.net\/pachuca\/index.php\/wp-json\/wp\/v2\/product"}],"about":[{"href":"https:\/\/soydeaqui.ddns.net\/pachuca\/index.php\/wp-json\/wp\/v2\/types\/product"}],"replies":[{"embeddable":true,"href":"https:\/\/soydeaqui.ddns.net\/pachuca\/index.php\/wp-json\/wp\/v2\/comments?post=6586"}],"wp:featuredmedia":[{"embeddable":true,"href":"https:\/\/soydeaqui.ddns.net\/pachuca\/index.php\/wp-json\/wp\/v2\/media\/6585"}],"wp:attachment":[{"href":"https:\/\/soydeaqui.ddns.net\/pachuca\/index.php\/wp-json\/wp\/v2\/media?parent=6586"}],"wp:term":[{"taxonomy":"product_brand","embeddable":true,"href":"https:\/\/soydeaqui.ddns.net\/pachuca\/index.php\/wp-json\/wp\/v2\/product_brand?post=6586"},{"taxonomy":"product_cat","embeddable":true,"href":"https:\/\/soydeaqui.ddns.net\/pachuca\/index.php\/wp-json\/wp\/v2\/product_cat?post=6586"},{"taxonomy":"product_tag","embeddable":true,"href":"https:\/\/soydeaqui.ddns.net\/pachuca\/index.php\/wp-json\/wp\/v2\/product_tag?post=6586"}],"curies":[{"name":"wp","href":"https:\/\/api.w.org\/{rel}","templated":true}]}}