{"id":65854,"date":"2026-03-19T08:36:53","date_gmt":"2026-03-19T08:36:53","guid":{"rendered":"https:\/\/soydeaqui.ddns.net\/pachuca\/index.php\/producto\/organizador-de-cable-horizontal-rs3-doble-para-rack-de-19in-4in-de-profundidad-2ur\/"},"modified":"2026-03-19T08:36:54","modified_gmt":"2026-03-19T08:36:54","slug":"organizador-de-cable-horizontal-rs3-doble-para-rack-de-19in-4in-de-profundidad-2ur","status":"publish","type":"product","link":"https:\/\/soydeaqui.ddns.net\/pachuca\/index.php\/producto\/organizador-de-cable-horizontal-rs3-doble-para-rack-de-19in-4in-de-profundidad-2ur\/","title":{"rendered":"Organizador de Cable Horizontal RS3, Doble, Para Rack de 19in, 4in de profundidad, 2UR"},"content":{"rendered":"<div style='width: 100%; max-width: 1200px; margin: 0 auto; font-family: sans-serif; line-height: 1.6; color: inherit; background-color: transparent;'> <!-- Secci\u00f3n de descripci\u00f3n general --> <\/p>\n<div style='margin-bottom: 30px; font-size: 15px;'>\n<p style='margin-bottom: 15px;'>Los organizadores de cables horizontales de la serie RS3 de Siemon est\u00e1n dise\u00f1ados para su uso con gabinetes de la serie RS3 y VersaPOD\u2122 de Siemon. La tapa frontal encaja f\u00e1cilmente sobre los organizadores de cable y proporcionan una ruta de cableado oculta de los organizadores verticales y conexiones limpias.<\/p>\n<ul style='padding-left: 20px;'>\n<li style='margin-bottom: 5px;'>Versiones anguladas de doble cara en dise\u00f1o de 2UR para el manejo de la parte trasera y delantera del rack o gabinete<\/li>\n<li style='margin-bottom: 5px;'>Las tapas pueden ser removidas en cualquier direcci\u00f3n para realizar cambios r\u00e1pidos y f\u00e1ciles<\/li>\n<\/ul><\/div>\n<p> <!-- Secci\u00f3n de caracter\u00edsticas clave --> <\/p>\n<div style='display: flex; flex-wrap: wrap; gap: 30px; margin-bottom: 30px;'>\n<div style='flex: 1 1 300px; min-width: 280px;'>\n<h3 style='font-size: 22px; border-bottom: 2px solid currentColor; padding-bottom: 5px; margin-top: 0; color: inherit; opacity: 0.8;'>Caracter\u00edsticas clave<\/h3>\n<ul style='padding-left: 20px; font-size: 15px; color: inherit;'>\n<li style='margin-bottom: 5px;'>Dise\u00f1o de doble cara para gesti\u00f3n de cables por ambos lados del rack<\/li>\n<li style='margin-bottom: 5px;'>Tapa frontal extra\u00edble para f\u00e1cil acceso y gesti\u00f3n de cables<\/li>\n<li style='margin-bottom: 5px;'>Dise\u00f1ado espec\u00edficamente para gabinetes RS3 y canales de parcheo vertical de Siemon<\/li>\n<li style='margin-bottom: 5px;'>Incorpora bordes redondeados para protecci\u00f3n de cables<\/li>\n<li style='margin-bottom: 5px;'>Permite el uso de organizadores de cable verticales<\/li>\n<li style='margin-bottom: 5px;'>Dise\u00f1o compacto optimizado para espacio en rack<\/li>\n<\/ul><\/div>\n<p> <!-- Especificaciones t\u00e9cnicas --> <\/p>\n<div style='flex: 1 1 300px; min-width: 280px;'>\n<h3 style='font-size: 22px; border-bottom: 2px solid currentColor; padding-bottom: 5px; margin-top: 0; color: inherit; opacity: 0.8;'>Especificaciones t\u00e9cnicas<\/h3>\n<ul style='padding-left: 20px; font-size: 15px; color: inherit;'>\n<li style='margin-bottom: 5px;'><strong>Tipo:<\/strong> Organizador de cable horizontal<\/li>\n<li style='margin-bottom: 5px;'><strong>Montaje:<\/strong> Rack de 19 pulgadas<\/li>\n<li style='margin-bottom: 5px;'><strong>Altura:<\/strong> 2U (3.5 pulgadas \/ 88.9mm)<\/li>\n<li style='margin-bottom: 5px;'><strong>Profundidad:<\/strong> 4 pulgadas<\/li>\n<li style='margin-bottom: 5px;'><strong>Color:<\/strong> Negro (negro RAL 9005)<\/li>\n<li style='margin-bottom: 5px;'><strong>Material:<\/strong> Acero laminado en fr\u00edo con recubrimiento en polvo<\/li>\n<li style='margin-bottom: 5px;'><strong>Capacidad:<\/strong> Alta densidad de gesti\u00f3n de cables<\/li>\n<\/ul><\/div>\n<p> <!-- Aplicaciones --> <\/p>\n<div style='flex: 1 1 300px; min-width: 280px;'>\n<h3 style='font-size: 22px; border-bottom: 2px solid currentColor; padding-bottom: 5px; margin-top: 0; color: inherit; opacity: 0.8;'>Aplicaciones<\/h3>\n<ul style='padding-left: 20px; font-size: 15px; color: inherit;'>\n<li style='margin-bottom: 5px;'>Gesti\u00f3n de cables en racks de telecomunicaciones<\/li>\n<li style='margin-bottom: 5px;'>Organizaci\u00f3n de patch cords en centros de datos<\/li>\n<li style='margin-bottom: 5px;'>Manejo de cables en sistemas de voz y datos<\/li>\n<li style='margin-bottom: 5px;'>Instalaciones de cableado estructurado<\/li>\n<li style='margin-bottom: 5px;'>Ambientes con requerimientos de gesti\u00f3n de cables de alta densidad<\/li>\n<\/ul><\/div>\n<\/p><\/div>\n<p> <!-- Secci\u00f3n de especificaciones adicionales --> <\/p>\n<div style='display: flex; flex-wrap: wrap; gap: 20px; margin-bottom: 30px;'>\n<div style='flex: 1 1 250px; border: 1px solid rgba(150&comma; 150&comma; 150&comma; 0.4); border-radius: 8px; overflow: hidden; display: flex; flex-direction: column;'>\n<div style='padding: 15px; border-bottom: 1px solid rgba(150&comma; 150&comma; 150&comma; 0.2); font-weight: bold; font-size: 18px; color: inherit;'>Dimensiones<\/div>\n<div style='padding: 15px; color: inherit;'>\n<ul style='padding-left: 20px; margin: 0; font-size: 14px; list-style-type: disc;'>\n<li style='margin-bottom: 5px;'><strong>Altura:<\/strong> 2U (3.5 pulgadas \/ 88.9mm)<\/li>\n<li style='margin-bottom: 5px;'><strong>Profundidad:<\/strong> 4 pulgadas<\/li>\n<li style='margin-bottom: 5px;'><strong>Anchura:<\/strong> 19 pulgadas (rack est\u00e1ndar)<\/li>\n<\/ul><\/div>\n<\/p><\/div>\n<div style='flex: 1 1 250px; border: 1px solid rgba(150&comma; 150&comma; 150&comma; 0.4); border-radius: 8px; overflow: hidden; display: flex; flex-direction: column;'>\n<div style='padding: 15px; border-bottom: 1px solid rgba(150&comma; 150&comma; 150&comma; 0.2); font-weight: bold; font-size: 18px; color: inherit;'>Compatibilidad<\/div>\n<div style='padding: 15px; color: inherit;'>\n<ul style='padding-left: 20px; margin: 0; font-size: 14px; list-style-type: disc;'>\n<li style='margin-bottom: 5px;'>Gabinetes RS3 de Siemon<\/li>\n<li style='margin-bottom: 5px;'>Sistemas VersaPOD\u2122 de Siemon<\/li>\n<li style='margin-bottom: 5px;'>Racks de 19 pulgadas est\u00e1ndar<\/li>\n<\/ul><\/div>\n<\/p><\/div>\n<div style='flex: 1 1 250px; border: 1px solid rgba(150&comma; 150&comma; 150&comma; 0.4); border-radius: 8px; overflow: hidden; display: flex; flex-direction: column;'>\n<div style='padding: 15px; border-bottom: 1px solid rgba(150&comma; 150&comma; 150&comma; 0.2); font-weight: bold; font-size: 18px; color: inherit;'>Caracter\u00edsticas f\u00edsicas<\/div>\n<div style='padding: 15px; color: inherit;'>\n<ul style='padding-left: 20px; margin: 0; font-size: 14px; list-style-type: disc;'>\n<li style='margin-bottom: 5px;'>Doble cara para acceso frontal y trasero<\/li>\n<li style='margin-bottom: 5px;'>Tapa removible en ambas direcciones<\/li>\n<li style='margin-bottom: 5px;'>Espacios ampliados para entrada\/salida de cables<\/li>\n<li style='margin-bottom: 5px;'>Dise\u00f1o con bordes redondeados<\/li>\n<li style='margin-bottom: 5px;'>Incluye cubiertas a juego<\/li>\n<\/ul><\/div>\n<\/p><\/div>\n<\/p><\/div>\n<p> <!-- Separador --> <\/p>\n<hr style='border: 0; border-top: 1px solid rgba(150&comma; 150&comma; 150&comma; 0.3); margin: 30px 0;'> <!-- Secci\u00f3n de informaci\u00f3n adicional --> <\/p>\n<div style='margin-bottom: 30px; font-size: 15px;'>\n<h3 style='font-size: 22px; border-bottom: 2px solid currentColor; padding-bottom: 5px; margin-top: 0; margin-bottom: 15px; color: inherit; opacity: 0.8;'>Informaci\u00f3n adicional<\/h3>\n<p style='margin-bottom: 15px;'>El organizador de cable horizontal RS3RWM2DS est\u00e1 dise\u00f1ado para proporcionar una soluci\u00f3n de gesti\u00f3n de cables eficiente y organizada en entornos de telecomunicaciones. Su dise\u00f1o de doble cara permite el acceso a los cables tanto desde la parte frontal como trasera del rack&comma; facilitando la gesti\u00f3n de conexiones en ambas direcciones.<\/p>\n<p style='margin-bottom: 15px;'>La tapa frontal extra\u00edble permite un acceso r\u00e1pido y sencillo a los cables cuando se requiere realizar cambios o mantenimiento&comma; sin necesidad de remover completamente el organizador. Los bordes redondeados integrados ayudan a proteger los cables de da\u00f1os por doblado excesivo&comma; mejorando la vida \u00fatil de los mismos y garantizando un desempe\u00f1o \u00f3ptimo.<\/p>\n<p style='margin-bottom: 15px;'>Este organizador se integra perfectamente con los gabinetes RS3 y sistemas VersaPOD\u2122 de Siemon&comma; formando parte de una soluci\u00f3n integral de gesti\u00f3n de cables que permite maximizar el espacio disponible en racks de 19 pulgadas. Su construcci\u00f3n en acero laminado en fr\u00edo con recubrimiento en polvo ofrece durabilidad y resistencia en entornos profesionales.<\/p>\n<\/p><\/div>\n<p> <!-- Secci\u00f3n de compatibilidad --> <\/p>\n<div style='display: flex; flex-wrap: wrap; gap: 20px; margin-bottom: 30px;'>\n<div style='flex: 1 1 250px; border: 1px solid rgba(150&comma; 150&comma; 150&comma; 0.4); border-radius: 8px; overflow: hidden; display: flex; flex-direction: column;'>\n<div style='padding: 15px; border-bottom: 1px solid rgba(150&comma; 150&comma; 150&comma; 0.2); font-weight: bold; font-size: 18px; color: inherit;'>Modelos compatibles<\/div>\n<div style='padding: 15px; color: inherit;'>\n<ul style='padding-left: 20px; margin: 0; font-size: 14px; list-style-type: disc;'>\n<li style='margin-bottom: 5px;'>RS3-RWM-1<\/li>\n<li style='margin-bottom: 5px;'>RS3-RWM(X)-2<\/li>\n<li style='margin-bottom: 5px;'>RS3-RWM(X)-4<\/li>\n<\/ul><\/div>\n<\/p><\/div>\n<div style='flex: 1 1 250px; border: 1px solid rgba(150&comma; 150&comma; 150&comma; 0.4); border-radius: 8px; overflow: hidden; display: flex; flex-direction: column;'>\n<div style='padding: 15px; border-bottom: 1px solid rgba(150&comma; 150&comma; 150&comma; 0.2); font-weight: bold; font-size: 18px; color: inherit;'>Opciones de montaje<\/div>\n<div style='padding: 15px; color: inherit;'>\n<ul style='padding-left: 20px; margin: 0; font-size: 14px; list-style-type: disc;'>\n<li style='margin-bottom: 5px;'>Rack de 19 pulgadas est\u00e1ndar<\/li>\n<li style='margin-bottom: 5px;'>Gabinetes RS3 de Siemon<\/li>\n<li style='margin-bottom: 5px;'>VersaPOD\u2122 de Siemon<\/li>\n<\/ul><\/div>\n<\/p><\/div>\n<\/p><\/div>\n<\/p><\/div>\n","protected":false},"excerpt":{"rendered":"<p>Organizador de Cable Horizontal RS3, Doble, Para Rack de 19in, 4in de profundidad, 2UR<\/p>\n","protected":false},"featured_media":65853,"comment_status":"open","ping_status":"closed","template":"","meta":[],"product_brand":[],"product_cat":[604],"product_tag":[606,605,600],"class_list":{"0":"post-65854","1":"product","2":"type-product","3":"status-publish","4":"has-post-thumbnail","6":"product_cat-accesorios-para-racks-y-gabinetes","7":"product_tag-accesorios-para-racks-y-gabinetes","8":"product_tag-racks-y-gabinetes","9":"product_tag-siemon","11":"first","12":"outofstock","13":"sale","14":"shipping-taxable","15":"purchasable","16":"product-type-simple"},"_links":{"self":[{"href":"https:\/\/soydeaqui.ddns.net\/pachuca\/index.php\/wp-json\/wp\/v2\/product\/65854","targetHints":{"allow":["GET"]}}],"collection":[{"href":"https:\/\/soydeaqui.ddns.net\/pachuca\/index.php\/wp-json\/wp\/v2\/product"}],"about":[{"href":"https:\/\/soydeaqui.ddns.net\/pachuca\/index.php\/wp-json\/wp\/v2\/types\/product"}],"replies":[{"embeddable":true,"href":"https:\/\/soydeaqui.ddns.net\/pachuca\/index.php\/wp-json\/wp\/v2\/comments?post=65854"}],"wp:featuredmedia":[{"embeddable":true,"href":"https:\/\/soydeaqui.ddns.net\/pachuca\/index.php\/wp-json\/wp\/v2\/media\/65853"}],"wp:attachment":[{"href":"https:\/\/soydeaqui.ddns.net\/pachuca\/index.php\/wp-json\/wp\/v2\/media?parent=65854"}],"wp:term":[{"taxonomy":"product_brand","embeddable":true,"href":"https:\/\/soydeaqui.ddns.net\/pachuca\/index.php\/wp-json\/wp\/v2\/product_brand?post=65854"},{"taxonomy":"product_cat","embeddable":true,"href":"https:\/\/soydeaqui.ddns.net\/pachuca\/index.php\/wp-json\/wp\/v2\/product_cat?post=65854"},{"taxonomy":"product_tag","embeddable":true,"href":"https:\/\/soydeaqui.ddns.net\/pachuca\/index.php\/wp-json\/wp\/v2\/product_tag?post=65854"}],"curies":[{"name":"wp","href":"https:\/\/api.w.org\/{rel}","templated":true}]}}