{"id":6584,"date":"2026-03-18T06:44:58","date_gmt":"2026-03-18T06:44:58","guid":{"rendered":"https:\/\/soydeaqui.ddns.net\/pachuca\/index.php\/producto\/detector-inalambrico-dependiente-conecte-sensores-cableados-y-transmita-de-forma-inalambrica\/"},"modified":"2026-03-18T06:44:58","modified_gmt":"2026-03-18T06:44:58","slug":"detector-inalambrico-dependiente-conecte-sensores-cableados-y-transmita-de-forma-inalambrica","status":"publish","type":"product","link":"https:\/\/soydeaqui.ddns.net\/pachuca\/index.php\/producto\/detector-inalambrico-dependiente-conecte-sensores-cableados-y-transmita-de-forma-inalambrica\/","title":{"rendered":"Detector inalambrico dependiente, conecte sensores cableados y transmita de forma inalambrica."},"content":{"rendered":"<div style='width: 100%; max-width: 1200px; margin: 0 auto; font-family: sans-serif; line-height: 1.6; color: inherit; background-color: transparent;'> <!-- Secci\u00f3n de caracter\u00edsticas principales --> <\/p>\n<div style='display: flex; flex-wrap: wrap; gap: 30px; margin-bottom: 30px;'>\n<div style='flex: 1 1 300px; min-width: 280px;'>\n<h3 style='font-size: 22px; border-bottom: 2px solid currentColor; padding-bottom: 5px; margin-top: 0; color: inherit; opacity: 0.8;'>Caracter\u00edsticas Principales<\/h3>\n<ul style='padding-left: 20px; font-size: 15px; color: inherit;'>\n<li style='margin-bottom: 5px;'>Detector inal\u00e1mbrico multifuncional para sensores cableados<\/li>\n<li style='margin-bottom: 5px;'>Distancia de transmisi\u00f3n: 1&comma;000&#8242; (305 m) en l\u00ednea de visi\u00f3n<\/li>\n<li style='margin-bottom: 5px;'>Configuraci\u00f3n de umbrales de temperatura alta\/baja en la consola<\/li>\n<li style='margin-bottom: 5px;'>No instalar en c\u00e1maras frigor\u00edficas&comma; usar sensores cableados<\/li>\n<li style='margin-bottom: 5px;'>M\u00e1xima longitud de cable de sonda: 1&comma;000&#8242; (305 m) [par trenzado 22 AWG]<\/li>\n<\/ul><\/div>\n<p> <!-- Secci\u00f3n de especificaciones t\u00e9cnicas --> <\/p>\n<div style='flex: 1 1 300px; min-width: 280px;'>\n<h3 style='font-size: 22px; border-bottom: 2px solid currentColor; padding-bottom: 5px; margin-top: 0; color: inherit; opacity: 0.8;'>Especificaciones T\u00e9cnicas<\/h3>\n<ul style='padding-left: 20px; font-size: 15px; color: inherit;'>\n<li style='margin-bottom: 5px;'><strong>Rango de detecci\u00f3n:<\/strong> Depende del sensor remoto<\/li>\n<li style='margin-bottom: 5px;'><strong>Alimentaci\u00f3n:<\/strong> 2 pilas AA alcalinas o 12 VCC \u2264100mA<\/li>\n<li style='margin-bottom: 5px;'><strong>Vida \u00fatil de bater\u00eda:<\/strong> Hasta 1 a\u00f1o (pilas no incluidas)<\/li>\n<li style='margin-bottom: 5px;'><strong>Rango operativo:<\/strong> 32\u00b0 a 122\u00b0 F (0\u00b0 a 50\u00b0 C) ambiente no condensante<\/li>\n<li style='margin-bottom: 5px;'><strong>Frecuencia:<\/strong> 2.405 GHz &#8211; 2.480 GHz&comma; 16 canales<\/li>\n<li style='margin-bottom: 5px;'><strong>Peso:<\/strong> 0.25 lb (0.11 kg)<\/li>\n<li style='margin-bottom: 5px;'><strong>Dimensiones:<\/strong> 3.67 x 2.65 x 1.17&#8242; (9.3 x 6.7 x 2.9 cm)<\/li>\n<li style='margin-bottom: 5px;'><strong>Instalaci\u00f3n:<\/strong> Montaje en superficie<\/li>\n<\/ul><\/div>\n<\/p><\/div>\n<p> <!-- Secci\u00f3n de sensores compatibles --> <\/p>\n<div style='display: flex; flex-wrap: wrap; gap: 20px; margin-bottom: 30px;'>\n<div style='flex: 1 1 250px; border: 1px solid rgba(150&comma; 150&comma; 150&comma; 0.4); border-radius: 8px; overflow: hidden; display: flex; flex-direction: column;'>\n<div style='padding: 15px; border-bottom: 1px solid rgba(150&comma; 150&comma; 150&comma; 0.2); font-weight: bold; font-size: 18px; color: inherit;'>Sensores de Temperatura<\/div>\n<div style='padding: 15px; color: inherit;'>\n<ul style='padding-left: 20px; margin: 0; font-size: 14px; list-style-type: disc;'>\n<li style='margin-bottom: 5px;'><strong>TEMP-UL-S<\/strong> (-80 a 0\u00b0 C) Acero inoxidable&comma; ultra baja<\/li>\n<li style='margin-bottom: 5px;'><strong>TEMP-L-S<\/strong> (-50 a 70\u00b0 C) Acero inoxidable&comma; rango bajo<\/li>\n<li style='margin-bottom: 5px;'><strong>TEMP-L-W<\/strong> (-50 a 70\u00b0 C) Impermeable&comma; rango bajo<\/li>\n<li style='margin-bottom: 5px;'><strong>TEMP-H-S<\/strong> (0 a 150\u00b0 C) Acero inoxidable&comma; rango alto<\/li>\n<li style='margin-bottom: 5px;'><strong>TEMP-H-W<\/strong> (0 a 105\u00b0 C) Impermeable&comma; rango alto<\/li>\n<\/ul><\/div>\n<\/p><\/div>\n<div style='flex: 1 1 250px; border: 1px solid rgba(150&comma; 150&comma; 150&comma; 0.4); border-radius: 8px; overflow: hidden; display: flex; flex-direction: column;'>\n<div style='padding: 15px; border-bottom: 1px solid rgba(150&comma; 150&comma; 150&comma; 0.2); font-weight: bold; font-size: 18px; color: inherit;'>Sensores Adicionales<\/div>\n<div style='padding: 15px; color: inherit;'>\n<ul style='padding-left: 20px; margin: 0; font-size: 14px; list-style-type: disc;'>\n<li style='margin-bottom: 5px;'><strong>W-S-S<\/strong> Sensor de agua superficial (supervisado)<\/li>\n<li style='margin-bottom: 5px;'><strong>W-UC-S<\/strong> Sensor bajo alfombra (supervisado)<\/li>\n<li style='margin-bottom: 5px;'><strong>PS-110<\/strong> Detecci\u00f3n de alimentaci\u00f3n de corriente<\/li>\n<li style='margin-bottom: 5px;'><strong>N.O.\/N.C.<\/strong> Dispositivos normalmente abiertos\/cerrados<\/li>\n<\/ul><\/div>\n<\/p><\/div>\n<\/p><\/div>\n<p> <!-- Diagrama de conexi\u00f3n --> <\/p>\n<div style='margin-bottom: 30px;'>\n<h3 style='font-size: 22px; border-bottom: 2px solid currentColor; padding-bottom: 5px; margin-top: 0; color: inherit; opacity: 0.8;'>Diagrama de Conexi\u00f3n<\/h3>\n<p> <img style='width: 100%; height: auto; border: 1px solid rgba(150&comma;150&comma;150&comma;0.3); border-radius: 8px;' src='https:\/\/ftp3.syscom.mx\/usuarios\/fotos\/EA800IP\/77672-diagramaea800ip.png' alt='Diagrama de conexi\u00f3n EA800ip'> <\/div>\n<p> <!-- Notas importantes --> <\/p>\n<div style='margin-bottom: 30px;'>\n<h3 style='font-size: 22px; border-bottom: 2px solid currentColor; padding-bottom: 5px; margin-top: 0; color: inherit; opacity: 0.8;'>Notas Importantes<\/h3>\n<ul style='padding-left: 20px; font-size: 15px; color: inherit;'>\n<li style='margin-bottom: 5px;'>Los detectores inal\u00e1mbricos EA-WTS&comma; WA-WHS y EA-WMFS solo son compatibles con el panel inal\u00e1mbrico EA-800ip<\/li>\n<li style='margin-bottom: 5px;'>Requiere sensor remoto para funcionar<\/li>\n<\/ul><\/div>\n<p> <!-- Separador --> <\/p>\n<hr style='border: 0; border-top: 1px solid rgba(150&comma; 150&comma; 150&comma; 0.3); margin: 30px 0;'> <\/div>\n","protected":false},"excerpt":{"rendered":"<p>Detector inalambrico dependiente, conecte sensores cableados y transmita de forma inalambrica.<\/p>\n","protected":false},"featured_media":6583,"comment_status":"open","ping_status":"closed","template":"","meta":[],"product_brand":[],"product_cat":[32],"product_tag":[19,33,431],"class_list":{"0":"post-6584","1":"product","2":"type-product","3":"status-publish","4":"has-post-thumbnail","6":"product_cat-temperatura","7":"product_tag-detectores-sensores","8":"product_tag-temperatura","9":"product_tag-winland-electronics","11":"first","12":"outofstock","13":"sale","14":"shipping-taxable","15":"purchasable","16":"product-type-simple"},"_links":{"self":[{"href":"https:\/\/soydeaqui.ddns.net\/pachuca\/index.php\/wp-json\/wp\/v2\/product\/6584","targetHints":{"allow":["GET"]}}],"collection":[{"href":"https:\/\/soydeaqui.ddns.net\/pachuca\/index.php\/wp-json\/wp\/v2\/product"}],"about":[{"href":"https:\/\/soydeaqui.ddns.net\/pachuca\/index.php\/wp-json\/wp\/v2\/types\/product"}],"replies":[{"embeddable":true,"href":"https:\/\/soydeaqui.ddns.net\/pachuca\/index.php\/wp-json\/wp\/v2\/comments?post=6584"}],"wp:featuredmedia":[{"embeddable":true,"href":"https:\/\/soydeaqui.ddns.net\/pachuca\/index.php\/wp-json\/wp\/v2\/media\/6583"}],"wp:attachment":[{"href":"https:\/\/soydeaqui.ddns.net\/pachuca\/index.php\/wp-json\/wp\/v2\/media?parent=6584"}],"wp:term":[{"taxonomy":"product_brand","embeddable":true,"href":"https:\/\/soydeaqui.ddns.net\/pachuca\/index.php\/wp-json\/wp\/v2\/product_brand?post=6584"},{"taxonomy":"product_cat","embeddable":true,"href":"https:\/\/soydeaqui.ddns.net\/pachuca\/index.php\/wp-json\/wp\/v2\/product_cat?post=6584"},{"taxonomy":"product_tag","embeddable":true,"href":"https:\/\/soydeaqui.ddns.net\/pachuca\/index.php\/wp-json\/wp\/v2\/product_tag?post=6584"}],"curies":[{"name":"wp","href":"https:\/\/api.w.org\/{rel}","templated":true}]}}