{"id":65808,"date":"2026-03-19T08:35:25","date_gmt":"2026-03-19T08:35:25","guid":{"rendered":"https:\/\/soydeaqui.ddns.net\/pachuca\/index.php\/producto\/rack-de-dos-postes-estandar-de-19-numerado-fabricado-en-aluminio-y-45-unidades-de-rack-profundidad-de-457mm-color-negro\/"},"modified":"2026-03-19T08:35:26","modified_gmt":"2026-03-19T08:35:26","slug":"rack-de-dos-postes-estandar-de-19-numerado-fabricado-en-aluminio-y-45-unidades-de-rack-profundidad-de-457mm-color-negro","status":"publish","type":"product","link":"https:\/\/soydeaqui.ddns.net\/pachuca\/index.php\/producto\/rack-de-dos-postes-estandar-de-19-numerado-fabricado-en-aluminio-y-45-unidades-de-rack-profundidad-de-457mm-color-negro\/","title":{"rendered":"Rack de Dos Postes Est\u00e1ndar de 19&#8243;, Numerado, Fabricado en Aluminio y 45 Unidades de Rack, Profundidad de 457mm, Color Negro"},"content":{"rendered":"<div style='width: 100%; max-width: 1200px; margin: 0 auto; font-family: sans-serif; line-height: 1.6; color: inherit; background-color: transparent;'> <!-- Secci\u00f3n de descripci\u00f3n general --> <\/p>\n<div style='display: flex; flex-wrap: wrap; gap: 30px; margin-bottom: 30px;'>\n<div style='flex: 1 1 300px; min-width: 280px;'>\n<h3 style='font-size: 22px; border-bottom: 2px solid currentColor; padding-bottom: 5px; margin-top: 0; color: inherit; opacity: 0.8;'>Descripci\u00f3n General<\/h3>\n<p style='font-size: 15px; color: inherit; margin-top: 0;'> Sistema de rack para administraci\u00f3n de cableado fabricado en aluminio. Combina un rack de 19&#8242; con accesorios de gesti\u00f3n de cableado para proporcionar una soluci\u00f3n completa. Dise\u00f1ado para instalaciones de cualquier tama\u00f1o con capacidad de 45 unidades de rack. <\/p>\n<ul style='padding-left: 20px; font-size: 15px; color: inherit; margin-top: 15px;'>\n<li style='margin-bottom: 5px;'>Soporte de peso: 227 kg (500 lbs)<\/li>\n<li style='margin-bottom: 5px;'>Fabricado en aluminio<\/li>\n<\/ul><\/div>\n<\/p><\/div>\n<p> <!-- Secci\u00f3n de especificaciones t\u00e9cnicas --> <\/p>\n<div style='display: flex; flex-wrap: wrap; gap: 20px; margin-bottom: 30px;'>\n<div style='flex: 1 1 250px; border: 1px solid rgba(150&comma; 150&comma; 150&comma; 0.4); border-radius: 8px; overflow: hidden; display: flex; flex-direction: column;'>\n<div style='padding: 15px; border-bottom: 1px solid rgba(150&comma; 150&comma; 150&comma; 0.2); font-weight: bold; font-size: 18px; color: inherit;'>Especificaciones T\u00e9cnicas<\/div>\n<div style='padding: 15px; color: inherit;'>\n<ul style='padding-left: 20px; margin: 0; font-size: 14px; list-style-type: disc;'>\n<li style='margin-bottom: 5px;'><strong>Altura:<\/strong> 2.1m (7ft)<\/li>\n<li style='margin-bottom: 5px;'><strong>Ancho:<\/strong> 19&#8242; (482mm)<\/li>\n<li style='margin-bottom: 5px;'><strong>Profundidad:<\/strong> 457.2mm (18&#8242;)<\/li>\n<li style='margin-bottom: 5px;'><strong>Unidades de rack:<\/strong> 45U<\/li>\n<li style='margin-bottom: 5px;'><strong>Soporte de peso:<\/strong> 227 kg (500 lbs)<\/li>\n<li style='margin-bottom: 5px;'><strong>Material:<\/strong> Aluminio<\/li>\n<li style='margin-bottom: 5px;'><strong>Color:<\/strong> Negro<\/li>\n<li style='margin-bottom: 5px;'><strong>Est\u00e1ndares:<\/strong> CEA-310-E&comma; UL 1863&comma; RoHS<\/li>\n<\/ul><\/div>\n<\/p><\/div>\n<p> <!-- Secci\u00f3n de caracter\u00edsticas --> <\/p>\n<div style='flex: 1 1 250px; border: 1px solid rgba(150&comma; 150&comma; 150&comma; 0.4); border-radius: 8px; overflow: hidden; display: flex; flex-direction: column;'>\n<div style='padding: 15px; border-bottom: 1px solid rgba(150&comma; 150&comma; 150&comma; 0.2); font-weight: bold; font-size: 18px; color: inherit;'>Caracter\u00edsticas<\/div>\n<div style='padding: 15px; color: inherit;'>\n<ul style='padding-left: 20px; margin: 0; font-size: 14px; list-style-type: disc;'>\n<li style='margin-bottom: 5px;'>Orificios ranurados para fijar charola porta cable&comma; colocados de manera paralela o perpendicular al rack<\/li>\n<li style='margin-bottom: 5px;'>Organizadores de cable de alta capacidad con cierre sin necesidad de herramientas<\/li>\n<li style='margin-bottom: 5px;'>Canal vertical de 76mm x 152mm (3&#8242; x 6&#8242;) para ruteo de cables horizontales o de backbone<\/li>\n<li style='margin-bottom: 5px;'>Huecos para anclaje del rack al piso<\/li>\n<\/ul><\/div>\n<\/p><\/div>\n<p> <!-- Secci\u00f3n de accesorios --> <\/p>\n<div style='flex: 1 1 250px; border: 1px solid rgba(150&comma; 150&comma; 150&comma; 0.4); border-radius: 8px; overflow: hidden; display: flex; flex-direction: column;'>\n<div style='padding: 15px; border-bottom: 1px solid rgba(150&comma; 150&comma; 150&comma; 0.2); font-weight: bold; font-size: 18px; color: inherit;'>Accesorios Incluidos<\/div>\n<div style='padding: 15px; color: inherit;'>\n<ul style='padding-left: 20px; margin: 0; font-size: 14px; list-style-type: disc;'>\n<li style='margin-bottom: 5px;'>Hardware de montaje<\/li>\n<li style='margin-bottom: 5px;'>10 organizadores de cable de alta capacidad<\/li>\n<li style='margin-bottom: 5px;'>10 organizadores de cable con cierre tipo velcro<\/li>\n<li style='margin-bottom: 5px;'>Grommets y terminal de tierra<\/li>\n<\/ul><\/div>\n<\/p><\/div>\n<\/p><\/div>\n<p> <!-- Secci\u00f3n de aplicaciones --> <\/p>\n<div style='display: flex; flex-wrap: wrap; gap: 30px; margin-bottom: 30px;'>\n<div style='flex: 1 1 300px; min-width: 280px;'>\n<h3 style='font-size: 22px; border-bottom: 2px solid currentColor; padding-bottom: 5px; margin-top: 0; color: inherit; opacity: 0.8;'>Aplicaciones<\/h3>\n<ul style='padding-left: 20px; font-size: 15px; color: inherit; margin-top: 10px;'>\n<li style='margin-bottom: 5px;'>Instalaciones de telecomunicaciones de cualquier tama\u00f1o<\/li>\n<li style='margin-bottom: 5px;'>Administraci\u00f3n de cableado horizontal y vertical<\/li>\n<li style='margin-bottom: 5px;'>Soluci\u00f3n para ruteo de grandes vol\u00famenes de cableado<\/li>\n<li style='margin-bottom: 5px;'>Instalaciones con necesidad de gesti\u00f3n de cables organizada y eficiente<\/li>\n<\/ul><\/div>\n<\/p><\/div>\n<p> <!-- Secci\u00f3n de opciones y compatibilidad --> <\/p>\n<div style='display: flex; flex-wrap: wrap; gap: 20px; margin-bottom: 30px;'>\n<div style='flex: 1 1 250px; border: 1px solid rgba(150&comma; 150&comma; 150&comma; 0.4); border-radius: 8px; overflow: hidden; display: flex; flex-direction: column;'>\n<div style='padding: 15px; border-bottom: 1px solid rgba(150&comma; 150&comma; 150&comma; 0.2); font-weight: bold; font-size: 18px; color: inherit;'>Opciones y Compatibilidad<\/div>\n<div style='padding: 15px; color: inherit;'>\n<ul style='padding-left: 20px; margin: 0; font-size: 14px; list-style-type: disc;'>\n<li style='margin-bottom: 5px;'>Versi\u00f3n en acero disponible (a\u00f1adir &#8216;-S&#8217; al modelo)<\/li>\n<li style='margin-bottom: 5px;'>Versi\u00f3n de profundidad extendida disponible (a\u00f1adir &#8216;-E&#8217;)<\/li>\n<li style='margin-bottom: 5px;'>Compatible con canales verticales de 152mm (6&#8242;) y 304mm (12&#8242;)<\/li>\n<li style='margin-bottom: 5px;'>Compatibilidad con organizadores horizontales RS-RWM<\/li>\n<\/ul><\/div>\n<\/p><\/div>\n<p> <!-- Secci\u00f3n de informaci\u00f3n adicional --> <\/p>\n<div style='flex: 1 1 250px; border: 1px solid rgba(150&comma; 150&comma; 150&comma; 0.4); border-radius: 8px; overflow: hidden; display: flex; flex-direction: column;'>\n<div style='padding: 15px; border-bottom: 1px solid rgba(150&comma; 150&comma; 150&comma; 0.2); font-weight: bold; font-size: 18px; color: inherit;'>Informaci\u00f3n Adicional<\/div>\n<div style='padding: 15px; color: inherit;'>\n<ul style='padding-left: 20px; margin: 0; font-size: 14px; list-style-type: disc;'>\n<li style='margin-bottom: 5px;'>Peso con empaque: 20 kg (47 lbs)<\/li>\n<li style='margin-bottom: 5px;'>Rack desarmado en caja para env\u00edo<\/li>\n<li style='margin-bottom: 5px;'>Para uso con hardware de conexi\u00f3n y organizadores de cable<\/li>\n<li style='margin-bottom: 5px;'>Recomendado usar racks de acero para montaje de equipos activos<\/li>\n<\/ul><\/div>\n<\/p><\/div>\n<\/p><\/div>\n<p> <!-- Separador --> <\/p>\n<hr style='border: 0; border-top: 1px solid rgba(150&comma; 150&comma; 150&comma; 0.3); margin: 30px 0;'> <\/div>\n","protected":false},"excerpt":{"rendered":"<p>Rack de Dos Postes Est\u00e1ndar de 19&#8243;, Numerado, Fabricado en Aluminio y 45 Unidades de Rack, Profundidad de 457mm, Color Negro<\/p>\n","protected":false},"featured_media":65807,"comment_status":"open","ping_status":"closed","template":"","meta":[],"product_brand":[],"product_cat":[680],"product_tag":[660,605,600],"class_list":{"0":"post-65808","1":"product","2":"type-product","3":"status-publish","4":"has-post-thumbnail","6":"product_cat-racks-abiertos-racks-y-gabinetes","7":"product_tag-racks-abiertos","8":"product_tag-racks-y-gabinetes","9":"product_tag-siemon","11":"first","12":"outofstock","13":"sale","14":"shipping-taxable","15":"purchasable","16":"product-type-simple"},"_links":{"self":[{"href":"https:\/\/soydeaqui.ddns.net\/pachuca\/index.php\/wp-json\/wp\/v2\/product\/65808","targetHints":{"allow":["GET"]}}],"collection":[{"href":"https:\/\/soydeaqui.ddns.net\/pachuca\/index.php\/wp-json\/wp\/v2\/product"}],"about":[{"href":"https:\/\/soydeaqui.ddns.net\/pachuca\/index.php\/wp-json\/wp\/v2\/types\/product"}],"replies":[{"embeddable":true,"href":"https:\/\/soydeaqui.ddns.net\/pachuca\/index.php\/wp-json\/wp\/v2\/comments?post=65808"}],"wp:featuredmedia":[{"embeddable":true,"href":"https:\/\/soydeaqui.ddns.net\/pachuca\/index.php\/wp-json\/wp\/v2\/media\/65807"}],"wp:attachment":[{"href":"https:\/\/soydeaqui.ddns.net\/pachuca\/index.php\/wp-json\/wp\/v2\/media?parent=65808"}],"wp:term":[{"taxonomy":"product_brand","embeddable":true,"href":"https:\/\/soydeaqui.ddns.net\/pachuca\/index.php\/wp-json\/wp\/v2\/product_brand?post=65808"},{"taxonomy":"product_cat","embeddable":true,"href":"https:\/\/soydeaqui.ddns.net\/pachuca\/index.php\/wp-json\/wp\/v2\/product_cat?post=65808"},{"taxonomy":"product_tag","embeddable":true,"href":"https:\/\/soydeaqui.ddns.net\/pachuca\/index.php\/wp-json\/wp\/v2\/product_tag?post=65808"}],"curies":[{"name":"wp","href":"https:\/\/api.w.org\/{rel}","templated":true}]}}