{"id":65765,"date":"2026-03-19T08:34:03","date_gmt":"2026-03-19T08:34:03","guid":{"rendered":"https:\/\/soydeaqui.ddns.net\/pachuca\/index.php\/producto\/cargador-rapido-de-escritorio-para-radios-motorla-ep450-dep450-pr400-gp3688-cp080-140-150-160-180-200-250-para-baterias-ntn4497-4970\/"},"modified":"2026-03-19T08:34:04","modified_gmt":"2026-03-19T08:34:04","slug":"cargador-rapido-de-escritorio-para-radios-motorla-ep450-dep450-pr400-gp3688-cp080-140-150-160-180-200-250-para-baterias-ntn4497-4970","status":"publish","type":"product","link":"https:\/\/soydeaqui.ddns.net\/pachuca\/index.php\/producto\/cargador-rapido-de-escritorio-para-radios-motorla-ep450-dep450-pr400-gp3688-cp080-140-150-160-180-200-250-para-baterias-ntn4497-4970\/","title":{"rendered":"Cargador r\u00e1pido de escritorio para radios Motorla: EP450\/DEP450\/PR400\/GP3688\/CP080\/140\/150\/160\/180\/200\/250, para bater\u00edas: NTN4497\/4970"},"content":{"rendered":"<div style='width: 100%; max-width: 1200px; margin: 0 auto; font-family: sans-serif; line-height: 1.6; color: inherit; background-color: transparent;'>\n<div style='display: flex; flex-wrap: wrap; gap: 30px; margin-bottom: 30px;'>\n<div style='flex: 1 1 300px; min-width: 280px;'>\n<h3 style='font-size: 22px; border-bottom: 2px solid currentColor; padding-bottom: 5px; margin-top: 0; color: inherit; opacity: 0.8;'>Caracter\u00edsticas<\/h3>\n<ul style='padding-left: 20px; font-size: 15px; color: inherit;'>\n<li style='margin-bottom: 5px;'>Carga las bater\u00edas con o sin radio<\/li>\n<li style='margin-bottom: 5px;'>Tiene un LED indicador de estado de carga de la bater\u00eda:<\/li>\n<ul style='padding-left: 20px; margin-top: 5px; margin-bottom: 15px;'>\n<li style='margin-bottom: 5px;'>Carga en curso<\/li>\n<li style='margin-bottom: 5px;'>La carga 80% de avance<\/li>\n<li style='margin-bottom: 5px;'>Completamente cargada<\/li>\n<\/ul>\n<li style='margin-bottom: 5px;'>Dise\u00f1o robusto&comma; y vers\u00e1til que ocupa poco espacio<\/li>\n<li style='margin-bottom: 5px;'>Incluye fuente de poder de 100-240VCA a Vcc<\/li>\n<\/ul><\/div>\n<\/p><\/div>\n<div style='display: flex; flex-wrap: wrap; gap: 30px; margin-bottom: 30px;'>\n<div style='flex: 1 1 300px; min-width: 280px;'>\n<h3 style='font-size: 22px; border-bottom: 2px solid currentColor; padding-bottom: 5px; margin-top: 0; color: inherit; opacity: 0.8;'>Detalles del producto<\/h3>\n<p style='font-size: 15px; color: inherit; margin-bottom: 15px;'> El cargador individual ENDURA es ideal para el uso en escritorio este incluye una fuente de alimentaci\u00f3n de CA a CD (listado en UL) el adaptador de carga de bater\u00eda y el manual del usuario. <\/p>\n<p style='font-size: 15px; color: inherit; margin-bottom: 15px;'> Los accesorios disponibles para la instalaci\u00f3n en el veh\u00edculo se venden por separado. Pregunte a su ejecutivo de ventas o al departamento de ingenier\u00eda. <\/p>\n<p style='font-size: 15px; color: inherit; margin-bottom: 15px;'> El cargador Endura de 1&comma; 6 cavidades y vehicular&comma; son modelos de alta calidad con los que puede contar para cargar correctamente su bater\u00eda de radio de 2 v\u00edas cada vez que sea necesario. <\/p>\n<p style='font-size: 15px; color: inherit; margin-bottom: 15px;'> Los cargadores Endura son inteligentes porque evitan la sobrecarga&comma; mientras que proveen una recarga autom\u00e1tica cuando una radio permanece encendida. Son adaptables porque la estaci\u00f3n de carga puede ser actualizada para su uso con otras radios simplemente reemplazando el adaptador de la bater\u00eda. <\/p>\n<p style='font-size: 15px; color: inherit;'> Los cargadores Endura son confiables como lo demuestra su fuerte aceptaci\u00f3n y popularidad entre los profesionales de la comunicaci\u00f3n. <\/p>\n<\/p><\/div>\n<\/p><\/div>\n<hr style='border: 0; border-top: 1px solid rgba(150&comma; 150&comma; 150&comma; 0.3); margin: 30px 0;'> <\/div>\n","protected":false},"excerpt":{"rendered":"<p>Cargador r\u00e1pido de escritorio para radios Motorla: EP450\/DEP450\/PR400\/GP3688\/CP080\/140\/150\/160\/180\/200\/250, para bater\u00edas: NTN4497\/4970<\/p>\n","protected":false},"featured_media":65764,"comment_status":"open","ping_status":"closed","template":"","meta":[],"product_brand":[],"product_cat":[1940],"product_tag":[1583,143,1764],"class_list":{"0":"post-65765","1":"product","2":"type-product","3":"status-publish","4":"has-post-thumbnail","6":"product_cat-baterias-accesorios-para-hytera-hyt","7":"product_tag-accesorios-para-hytera-hyt","8":"product_tag-baterias","9":"product_tag-power-products","11":"first","12":"outofstock","13":"sale","14":"shipping-taxable","15":"purchasable","16":"product-type-simple"},"_links":{"self":[{"href":"https:\/\/soydeaqui.ddns.net\/pachuca\/index.php\/wp-json\/wp\/v2\/product\/65765","targetHints":{"allow":["GET"]}}],"collection":[{"href":"https:\/\/soydeaqui.ddns.net\/pachuca\/index.php\/wp-json\/wp\/v2\/product"}],"about":[{"href":"https:\/\/soydeaqui.ddns.net\/pachuca\/index.php\/wp-json\/wp\/v2\/types\/product"}],"replies":[{"embeddable":true,"href":"https:\/\/soydeaqui.ddns.net\/pachuca\/index.php\/wp-json\/wp\/v2\/comments?post=65765"}],"wp:featuredmedia":[{"embeddable":true,"href":"https:\/\/soydeaqui.ddns.net\/pachuca\/index.php\/wp-json\/wp\/v2\/media\/65764"}],"wp:attachment":[{"href":"https:\/\/soydeaqui.ddns.net\/pachuca\/index.php\/wp-json\/wp\/v2\/media?parent=65765"}],"wp:term":[{"taxonomy":"product_brand","embeddable":true,"href":"https:\/\/soydeaqui.ddns.net\/pachuca\/index.php\/wp-json\/wp\/v2\/product_brand?post=65765"},{"taxonomy":"product_cat","embeddable":true,"href":"https:\/\/soydeaqui.ddns.net\/pachuca\/index.php\/wp-json\/wp\/v2\/product_cat?post=65765"},{"taxonomy":"product_tag","embeddable":true,"href":"https:\/\/soydeaqui.ddns.net\/pachuca\/index.php\/wp-json\/wp\/v2\/product_tag?post=65765"}],"curies":[{"name":"wp","href":"https:\/\/api.w.org\/{rel}","templated":true}]}}