{"id":65657,"date":"2026-03-19T08:30:15","date_gmt":"2026-03-19T08:30:15","guid":{"rendered":"https:\/\/soydeaqui.ddns.net\/pachuca\/index.php\/producto\/microfono-audifono-de-solapa-con-tubo-acustico-transparente-para-hyt-tc-500-518-600-610-700\/"},"modified":"2026-03-19T08:30:16","modified_gmt":"2026-03-19T08:30:16","slug":"microfono-audifono-de-solapa-con-tubo-acustico-transparente-para-hyt-tc-500-518-600-610-700","status":"publish","type":"product","link":"https:\/\/soydeaqui.ddns.net\/pachuca\/index.php\/producto\/microfono-audifono-de-solapa-con-tubo-acustico-transparente-para-hyt-tc-500-518-600-610-700\/","title":{"rendered":"Micr\u00f3fono \/ Aud\u00edfono de Solapa con Tubo Ac\u00fastico Transparente. Para HYT TC-500\/ 518\/ 600 \/ 610\/ 700."},"content":{"rendered":"<div style='width: 100%; max-width: 1200px; margin: 0 auto; font-family: sans-serif; line-height: 1.6; color: inherit; background-color: transparent;'>\n<div style='display: flex; flex-wrap: wrap; gap: 30px; margin-bottom: 30px;'>\n<div style='flex: 1 1 300px; min-width: 280px;'>\n<h3 style='font-size: 22px; border-bottom: 2px solid currentColor; padding-bottom: 5px; margin-top: 0; color: inherit; opacity: 0.8;'>Descripci\u00f3n<\/h3>\n<p style='margin-top: 0; font-size: 15px; color: inherit;'>Micr\u00f3fono de solapa con aud\u00edfono ajustable de gancho para HYT TC-500\/ 508\/ 518\/ 580\/ 600\/ 610\/ 700 PD506&comma; Motorola GP300\/ SP-50\/ P1225\/ PRO3150\/ MAG ONE\/ EP150\/350\/ EP450\/ DEP450.<\/p>\n<p style='margin-top: 0; font-size: 15px; color: inherit;'>Ideal para cuando la radiocomunicaci\u00f3n tiene que pasar inadvertida<\/p>\n<\/p><\/div>\n<\/p><\/div>\n<div style='display: flex; flex-wrap: wrap; gap: 20px; margin-bottom: 30px;'>\n<div style='flex: 1 1 250px; border: 1px solid rgba(150&comma; 150&comma; 150&comma; 0.4); border-radius: 8px; overflow: hidden; display: flex; flex-direction: column;'>\n<div style='padding: 15px; border-bottom: 1px solid rgba(150&comma; 150&comma; 150&comma; 0.2); font-weight: bold; font-size: 18px; color: inherit;'>Caracter\u00edsticas<\/div>\n<div style='padding: 15px; color: inherit;'>\n<ul style='padding-left: 20px; margin: 0; font-size: 14px; list-style-type: disc;'>\n<li style='margin-bottom: 5px;'><strong>Resistente Mini PTT<\/strong> con Micr\u00f3fono de solapa incorporado<\/li>\n<li style='margin-bottom: 5px;'><strong>Clip giratorio de 360\u00b0<\/strong> convenientemente ubicado para f\u00e1cil uso<\/li>\n<li style='margin-bottom: 5px;'><strong>Cable de PU reforzado con Kevlar<\/strong>&comma; m\u00e1s suave&comma; flexible&comma; retr\u00e1ctil<\/li>\n<li style='margin-bottom: 5px;'><strong>Doble troquelado<\/strong> en conector&comma; PTT y aud\u00edfono<\/li>\n<li style='margin-bottom: 5px;'><strong>Aud\u00edfono de alta calidad<\/strong> ajustable a la oreja&comma; proporciona un sonido alto y claro<\/li>\n<li style='margin-bottom: 5px;'><strong>Gancho de pl\u00e1stico PTE<\/strong> (m\u00e1s suave&comma; flexible&comma; de grado m\u00e9dico) mantiene el auricular en su lugar&comma; y es muy c\u00f3modo para el uso en jornadas extenuantes<\/li>\n<li style='margin-bottom: 5px;'><strong>Micr\u00f3fono de alta calidad<\/strong> garantizan un sonido claro<\/li>\n<li style='margin-bottom: 5px;'><strong>N\u00edtida transmisi\u00f3n y recepci\u00f3n<\/strong><\/li>\n<li style='margin-bottom: 5px;'><strong>Ideal para custodios y escoltas de seguridad<\/strong><\/li>\n<li style='margin-bottom: 5px;'><strong>F\u00e1cil de ocultar<\/strong><\/li>\n<\/ul><\/div>\n<\/p><\/div>\n<\/p><\/div>\n<div style='display: flex; flex-wrap: wrap; gap: 30px; margin-bottom: 30px;'>\n<div style='flex: 1 1 300px; min-width: 280px;'>\n<h3 style='font-size: 22px; border-bottom: 2px solid currentColor; padding-bottom: 5px; margin-top: 0; color: inherit; opacity: 0.8;'>Conector<\/h3>\n<p> <img style='width: 100%; height: auto; border: 1px solid rgba(150&comma;150&comma;150&comma;0.3); border-radius: 8px;' src='http:\/\/ftp3.syscom.mx\/usuarios\/fotos\/TX118M01\/81125-m01.jpg' alt=''> <\/p>\n<p style='margin-top: 10px; font-size: 15px; color: inherit; text-align: center;'>Conector M01<\/p>\n<\/p><\/div>\n<div style='flex: 1 1 300px; min-width: 280px;'>\n<h3 style='font-size: 22px; border-bottom: 2px solid currentColor; padding-bottom: 5px; margin-top: 0; color: inherit; opacity: 0.8;'>Aplicaci\u00f3n<\/h3>\n<p> <img style='width: 100%; height: auto; border: 1px solid rgba(150&comma;150&comma;150&comma;0.3); border-radius: 8px;' src='http:\/\/ftp3.syscom.mx\/usuarios\/fotos\/TX118K01\/81120-tx118_esp_1.png' alt=''> <\/div>\n<\/p><\/div>\n<\/p><\/div>\n","protected":false},"excerpt":{"rendered":"<p>Micr\u00f3fono \/ Aud\u00edfono de Solapa con Tubo Ac\u00fastico Transparente. Para HYT TC-500\/ 518\/ 600 \/ 610\/ 700.<\/p>\n","protected":false},"featured_media":65656,"comment_status":"open","ping_status":"closed","template":"","meta":[],"product_brand":[],"product_cat":[1706],"product_tag":[1614,1518,560],"class_list":{"0":"post-65657","1":"product","2":"type-product","3":"status-publish","4":"has-post-thumbnail","6":"product_cat-microfono-audifono-accesorios-para-motorola","7":"product_tag-accesorios-para-motorola","8":"product_tag-microfono-audifono","9":"product_tag-txpro","11":"first","12":"outofstock","13":"sale","14":"shipping-taxable","15":"purchasable","16":"product-type-simple"},"_links":{"self":[{"href":"https:\/\/soydeaqui.ddns.net\/pachuca\/index.php\/wp-json\/wp\/v2\/product\/65657","targetHints":{"allow":["GET"]}}],"collection":[{"href":"https:\/\/soydeaqui.ddns.net\/pachuca\/index.php\/wp-json\/wp\/v2\/product"}],"about":[{"href":"https:\/\/soydeaqui.ddns.net\/pachuca\/index.php\/wp-json\/wp\/v2\/types\/product"}],"replies":[{"embeddable":true,"href":"https:\/\/soydeaqui.ddns.net\/pachuca\/index.php\/wp-json\/wp\/v2\/comments?post=65657"}],"wp:featuredmedia":[{"embeddable":true,"href":"https:\/\/soydeaqui.ddns.net\/pachuca\/index.php\/wp-json\/wp\/v2\/media\/65656"}],"wp:attachment":[{"href":"https:\/\/soydeaqui.ddns.net\/pachuca\/index.php\/wp-json\/wp\/v2\/media?parent=65657"}],"wp:term":[{"taxonomy":"product_brand","embeddable":true,"href":"https:\/\/soydeaqui.ddns.net\/pachuca\/index.php\/wp-json\/wp\/v2\/product_brand?post=65657"},{"taxonomy":"product_cat","embeddable":true,"href":"https:\/\/soydeaqui.ddns.net\/pachuca\/index.php\/wp-json\/wp\/v2\/product_cat?post=65657"},{"taxonomy":"product_tag","embeddable":true,"href":"https:\/\/soydeaqui.ddns.net\/pachuca\/index.php\/wp-json\/wp\/v2\/product_tag?post=65657"}],"curies":[{"name":"wp","href":"https:\/\/api.w.org\/{rel}","templated":true}]}}