{"id":65647,"date":"2026-03-19T08:29:52","date_gmt":"2026-03-19T08:29:52","guid":{"rendered":"https:\/\/soydeaqui.ddns.net\/pachuca\/index.php\/producto\/microfono-de-solapa-con-audifono-ajustable-al-oido-para-radios-te320-te390-hyt-tc610p-tc780\/"},"modified":"2026-03-19T08:30:00","modified_gmt":"2026-03-19T08:30:00","slug":"microfono-de-solapa-con-audifono-ajustable-al-oido-para-radios-te320-te390-hyt-tc610p-tc780","status":"publish","type":"product","link":"https:\/\/soydeaqui.ddns.net\/pachuca\/index.php\/producto\/microfono-de-solapa-con-audifono-ajustable-al-oido-para-radios-te320-te390-hyt-tc610p-tc780\/","title":{"rendered":"Micr\u00f3fono de Solapa con Aud\u00edfono Ajustable al o\u00eddo Para Radios TE320 \/ TE390 \/ HYT TC610P\/TC780"},"content":{"rendered":"<div style='width: 100%; max-width: 1200px; margin: 0 auto; font-family: sans-serif; line-height: 1.6; color: inherit; background-color: transparent;'>\n<div style='display: flex; flex-wrap: wrap; gap: 30px; margin-bottom: 30px;'>\n<div style='flex: 1 1 300px; min-width: 280px;'>\n<h3 style='font-size: 22px; border-bottom: 2px solid currentColor; padding-bottom: 5px; margin-top: 0; color: inherit; opacity: 0.8;'>Descripci\u00f3n<\/h3>\n<p style='font-size: 15px; color: inherit; margin-bottom: 15px;'>Micr\u00f3fono de Solapa con Aud\u00edfono Ajustable al o\u00eddo. Para HYT TC610P\/TC780&comma; TE390&comma; TE320<\/p>\n<p style='font-size: 15px; color: inherit; margin-bottom: 15px;'>Ideal para cuando la radiocomunicaci\u00f3n tiene que pasar inadvertida<\/p>\n<\/p><\/div>\n<\/p><\/div>\n<div style='display: flex; flex-wrap: wrap; gap: 20px; margin-bottom: 30px;'>\n<div style='flex: 1 1 250px; border: 1px solid rgba(150&comma; 150&comma; 150&comma; 0.4); border-radius: 8px; overflow: hidden; display: flex; flex-direction: column;'>\n<div style='padding: 15px; border-bottom: 1px solid rgba(150&comma; 150&comma; 150&comma; 0.2); font-weight: bold; font-size: 18px; color: inherit;'>Caracter\u00edsticas<\/div>\n<div style='padding: 15px; color: inherit;'>\n<ul style='padding-left: 20px; margin: 0; font-size: 14px; list-style-type: disc;'>\n<li style='margin-bottom: 5px;'><strong>PTT:<\/strong> Resistente y discreto con micr\u00f3fono interconstruido de solapa<\/li>\n<li style='margin-bottom: 5px;'><strong>Cable:<\/strong> Fabricado en PU en vez de PVC&comma; lo cual lo hace m\u00e1s terso&comma; suave&comma; flexible&comma; retr\u00e1ctil y de color negro satinado&comma; de grado m\u00e9dico que no irrita la piel y no se enreda<\/li>\n<li style='margin-bottom: 5px;'><strong>Material:<\/strong> Cable reforzado con Kevlar&comma; el cual es el material con que se hacen los chalecos antibalas<\/li>\n<li style='margin-bottom: 5px;'><strong>Dise\u00f1o:<\/strong> Doble troquelado en conector&comma; PTT y aud\u00edfono<\/li>\n<li style='margin-bottom: 5px;'><strong>Aud\u00edfono:<\/strong> Ajustable de alta calidad ofrece una recepci\u00f3n fuerte y clara<\/li>\n<li style='margin-bottom: 5px;'><strong>Gancho:<\/strong> De pl\u00e1stico PTE color negro satinado&comma; muy flexible&comma; suave y terso de grado m\u00e9dico&comma; muy c\u00f3modo de usar en jornadas extenuantes<\/li>\n<li style='margin-bottom: 5px;'><strong>Micr\u00f3fono:<\/strong> De alta calidad que ofrecen un audio n\u00edtido en transmisi\u00f3n<\/li>\n<li style='margin-bottom: 5px;'><strong>Bot\u00f3n PTT:<\/strong> Resistente y con clip convenientemente situado para facilitar su uso<\/li>\n<li style='margin-bottom: 5px;'><strong>Compatibilidad:<\/strong> Compatible con VOX de radios Kenwood \u00fanicamente en modo convencional (no trunking)<\/li>\n<\/ul><\/div>\n<\/p><\/div>\n<\/p><\/div>\n<div style='display: flex; flex-wrap: wrap; gap: 20px; margin-bottom: 30px;'>\n<div style='flex: 1 1 300px; min-width: 280px;'>\n<h3 style='font-size: 22px; border-bottom: 2px solid currentColor; padding-bottom: 5px; margin-top: 0; color: inherit; opacity: 0.8;'>Conector<\/h3>\n<p style='font-size: 15px; color: inherit; margin-bottom: 15px;'>H02<\/p>\n<\/p><\/div>\n<\/p><\/div>\n<div style='display: flex; flex-wrap: wrap; gap: 30px; margin-bottom: 30px;'>\n<div style='flex: 1 1 300px; min-width: 280px;'>\n<h3 style='font-size: 22px; border-bottom: 2px solid currentColor; padding-bottom: 5px; margin-top: 0; color: inherit; opacity: 0.8;'>Im\u00e1genes<\/h3>\n<div style='display: flex; flex-direction: column; gap: 20px;'> <img style='width: 100%; height: auto; border: 1px solid rgba(150&comma;150&comma;150&comma;0.3); border-radius: 8px;' src='http:\/\/ftp3.syscom.mx\/usuarios\/fotos\/TX110NK01\/67329-tx110n.png' alt=''> <img style='width: 100%; height: auto; border: 1px solid rgba(150&comma;150&comma;150&comma;0.3); border-radius: 8px;' src='http:\/\/ftp3.syscom.mx\/usuarios\/fotos\/TX110NH02\/81161-h02.jpg' alt=''> <\/div>\n<\/p><\/div>\n<\/p><\/div>\n<hr style='border: 0; border-top: 1px solid rgba(150&comma; 150&comma; 150&comma; 0.3); margin: 30px 0;'> <\/div>\n","protected":false},"excerpt":{"rendered":"<p>Micr\u00f3fono de Solapa con Aud\u00edfono Ajustable al o\u00eddo Para Radios TE320 \/ TE390 \/ HYT TC610P\/TC780<\/p>\n","protected":false},"featured_media":65646,"comment_status":"open","ping_status":"closed","template":"","meta":[],"product_brand":[],"product_cat":[1888],"product_tag":[1583,1518,560],"class_list":{"0":"post-65647","1":"product","2":"type-product","3":"status-publish","4":"has-post-thumbnail","6":"product_cat-microfono-audifono-accesorios-para-hytera-hyt","7":"product_tag-accesorios-para-hytera-hyt","8":"product_tag-microfono-audifono","9":"product_tag-txpro","11":"first","12":"outofstock","13":"sale","14":"shipping-taxable","15":"purchasable","16":"product-type-simple"},"_links":{"self":[{"href":"https:\/\/soydeaqui.ddns.net\/pachuca\/index.php\/wp-json\/wp\/v2\/product\/65647","targetHints":{"allow":["GET"]}}],"collection":[{"href":"https:\/\/soydeaqui.ddns.net\/pachuca\/index.php\/wp-json\/wp\/v2\/product"}],"about":[{"href":"https:\/\/soydeaqui.ddns.net\/pachuca\/index.php\/wp-json\/wp\/v2\/types\/product"}],"replies":[{"embeddable":true,"href":"https:\/\/soydeaqui.ddns.net\/pachuca\/index.php\/wp-json\/wp\/v2\/comments?post=65647"}],"wp:featuredmedia":[{"embeddable":true,"href":"https:\/\/soydeaqui.ddns.net\/pachuca\/index.php\/wp-json\/wp\/v2\/media\/65646"}],"wp:attachment":[{"href":"https:\/\/soydeaqui.ddns.net\/pachuca\/index.php\/wp-json\/wp\/v2\/media?parent=65647"}],"wp:term":[{"taxonomy":"product_brand","embeddable":true,"href":"https:\/\/soydeaqui.ddns.net\/pachuca\/index.php\/wp-json\/wp\/v2\/product_brand?post=65647"},{"taxonomy":"product_cat","embeddable":true,"href":"https:\/\/soydeaqui.ddns.net\/pachuca\/index.php\/wp-json\/wp\/v2\/product_cat?post=65647"},{"taxonomy":"product_tag","embeddable":true,"href":"https:\/\/soydeaqui.ddns.net\/pachuca\/index.php\/wp-json\/wp\/v2\/product_tag?post=65647"}],"curies":[{"name":"wp","href":"https:\/\/api.w.org\/{rel}","templated":true}]}}