{"id":6561,"date":"2026-03-18T06:44:46","date_gmt":"2026-03-18T06:44:46","guid":{"rendered":"https:\/\/soydeaqui.ddns.net\/pachuca\/index.php\/producto\/transmisor-inalambrico-para-zonas-fuego-e-intrusion-para-2-zonas-cableadas-1-supervisada-y-su-uso-como-contacto-magnetico-bateria-de-larga-duracion-3-5-anos\/"},"modified":"2026-03-18T06:44:49","modified_gmt":"2026-03-18T06:44:49","slug":"transmisor-inalambrico-para-zonas-fuego-e-intrusion-para-2-zonas-cableadas-1-supervisada-y-su-uso-como-contacto-magnetico-bateria-de-larga-duracion-3-5-anos","status":"publish","type":"product","link":"https:\/\/soydeaqui.ddns.net\/pachuca\/index.php\/producto\/transmisor-inalambrico-para-zonas-fuego-e-intrusion-para-2-zonas-cableadas-1-supervisada-y-su-uso-como-contacto-magnetico-bateria-de-larga-duracion-3-5-anos\/","title":{"rendered":"Transmisor Inal\u00e1mbrico para Zonas Fuego e Intrusi\u00f3n para 2 zonas cableadas, 1 supervisada y su uso como contacto magn\u00e9tico \/ Bater\u00eda de Larga Duraci\u00f3n 3-5 a\u00f1os"},"content":{"rendered":"<div style='width: 100%; max-width: 1200px; margin: 0 auto; font-family: sans-serif; line-height: 1.6; color: inherit; background-color: transparent;'> <!-- Secci\u00f3n de contenido con flex\/grid --> <\/p>\n<div style='display: flex; flex-wrap: wrap; gap: 30px; margin-bottom: 30px;'>\n<div style='flex: 1 1 300px; min-width: 280px;'>\n<h3 style='font-size: 22px; border-bottom: 2px solid currentColor; padding-bottom: 5px; margin-top: 0; color: inherit; opacity: 0.8;'>Caracter\u00edsticas<\/h3>\n<ul style='padding-left: 20px; font-size: 15px; color: inherit;'>\n<li style='margin-bottom: 5px;'>Incluye dos lazos cableados&comma; NC\/NO<\/li>\n<li style='margin-bottom: 5px;'>Especial para estaciones de Jal\u00f3n (Protecci\u00f3n RFL)<\/li>\n<li style='margin-bottom: 5px;'>Incluye un lazo magn\u00e9tico inal\u00e1mbrico<\/li>\n<li style='margin-bottom: 5px;'>Dimensiones: 40 x 89 x 30 mm<\/li>\n<li style='margin-bottom: 5px;'>Bater\u00eda de Larga Duraci\u00f3n 3-5 a\u00f1os<\/li>\n<\/ul><\/div>\n<\/p><\/div>\n<p> <!-- Separador --> <\/p>\n<hr style='border: 0; border-top: 1px solid rgba(150&comma; 150&comma; 150&comma; 0.3); margin: 30px 0;'> <\/div>\n","protected":false},"excerpt":{"rendered":"<p>Transmisor Inal\u00e1mbrico para Zonas Fuego e Intrusi\u00f3n para 2 zonas cableadas, 1 supervisada y su uso como contacto magn\u00e9tico \/ Bater\u00eda de Larga Duraci\u00f3n 3-5 a\u00f1os<\/p>\n","protected":false},"featured_media":6560,"comment_status":"open","ping_status":"closed","template":"","meta":[],"product_brand":[],"product_cat":[117],"product_tag":[118,114,45],"class_list":{"0":"post-6561","1":"product","2":"type-product","3":"status-publish","4":"has-post-thumbnail","6":"product_cat-contacto-magnetico-inalambrico","7":"product_tag-contacto-magnetico-inalambrico","8":"product_tag-contactos-magneticos","9":"product_tag-honeywell-home-resideo","11":"first","12":"instock","13":"sale","14":"shipping-taxable","15":"purchasable","16":"product-type-simple"},"_links":{"self":[{"href":"https:\/\/soydeaqui.ddns.net\/pachuca\/index.php\/wp-json\/wp\/v2\/product\/6561","targetHints":{"allow":["GET"]}}],"collection":[{"href":"https:\/\/soydeaqui.ddns.net\/pachuca\/index.php\/wp-json\/wp\/v2\/product"}],"about":[{"href":"https:\/\/soydeaqui.ddns.net\/pachuca\/index.php\/wp-json\/wp\/v2\/types\/product"}],"replies":[{"embeddable":true,"href":"https:\/\/soydeaqui.ddns.net\/pachuca\/index.php\/wp-json\/wp\/v2\/comments?post=6561"}],"wp:featuredmedia":[{"embeddable":true,"href":"https:\/\/soydeaqui.ddns.net\/pachuca\/index.php\/wp-json\/wp\/v2\/media\/6560"}],"wp:attachment":[{"href":"https:\/\/soydeaqui.ddns.net\/pachuca\/index.php\/wp-json\/wp\/v2\/media?parent=6561"}],"wp:term":[{"taxonomy":"product_brand","embeddable":true,"href":"https:\/\/soydeaqui.ddns.net\/pachuca\/index.php\/wp-json\/wp\/v2\/product_brand?post=6561"},{"taxonomy":"product_cat","embeddable":true,"href":"https:\/\/soydeaqui.ddns.net\/pachuca\/index.php\/wp-json\/wp\/v2\/product_cat?post=6561"},{"taxonomy":"product_tag","embeddable":true,"href":"https:\/\/soydeaqui.ddns.net\/pachuca\/index.php\/wp-json\/wp\/v2\/product_tag?post=6561"}],"curies":[{"name":"wp","href":"https:\/\/api.w.org\/{rel}","templated":true}]}}