{"id":65604,"date":"2026-03-19T08:28:20","date_gmt":"2026-03-19T08:28:20","guid":{"rendered":"https:\/\/soydeaqui.ddns.net\/pachuca\/index.php\/producto\/duplexer-vhf-139-165-mhz-pasa-banda-rechazo-de-banda-3-mhz-de-sep-120-w-conectores-n-hembra\/"},"modified":"2026-03-19T08:28:20","modified_gmt":"2026-03-19T08:28:20","slug":"duplexer-vhf-139-165-mhz-pasa-banda-rechazo-de-banda-3-mhz-de-sep-120-w-conectores-n-hembra","status":"publish","type":"product","link":"https:\/\/soydeaqui.ddns.net\/pachuca\/index.php\/producto\/duplexer-vhf-139-165-mhz-pasa-banda-rechazo-de-banda-3-mhz-de-sep-120-w-conectores-n-hembra\/","title":{"rendered":"Duplexer VHF, 139-165 MHz, Pasa Banda-Rechazo de Banda, 3 MHz de Sep. 120 W. Conectores N Hembra."},"content":{"rendered":"<div style='width: 100%; max-width: 1200px; margin: 0 auto; font-family: sans-serif; line-height: 1.6; color: inherit; background-color: transparent;'>\n<div style='display: flex; flex-wrap: wrap; gap: 30px; margin-bottom: 30px;'>\n<div style='flex: 1 1 300px; min-width: 280px;'>\n<h3 style='font-size: 22px; border-bottom: 2px solid currentColor; padding-bottom: 5px; margin-top: 0; color: inherit; opacity: 0.8;'>Caracter\u00edsticas Principales<\/h3>\n<ul style='padding-left: 20px; font-size: 15px; color: inherit;'>\n<li style='margin-bottom: 5px;'>Filtros Pasa Banda de 1\/4 de onda<\/li>\n<li style='margin-bottom: 5px;'>Reduce interferencias&comma; intermodulaci\u00f3n y desensibilizaci\u00f3n<\/li>\n<li style='margin-bottom: 5px;'>Elimina la radiaci\u00f3n de espurias<\/li>\n<li style='margin-bottom: 5px;'>Conductores internos de cobre\/bronce con ba\u00f1o de plata<\/li>\n<li style='margin-bottom: 5px;'>Dise\u00f1o compacto&comma; la mitad del tama\u00f1o del modelo Q2220E<\/li>\n<li style='margin-bottom: 5px;'>Montaje en rack de 19 pulgadas<\/li>\n<li style='margin-bottom: 5px;'>Recomendado para \u00e1reas de alta interferencia<\/li>\n<\/ul><\/div>\n<div style='flex: 1 1 300px; min-width: 280px;'>\n<h3 style='font-size: 22px; border-bottom: 2px solid currentColor; padding-bottom: 5px; margin-top: 0; color: inherit; opacity: 0.8;'>Especificaciones El\u00e9ctricas<\/h3>\n<ul style='padding-left: 20px; font-size: 15px; color: inherit;'>\n<li style='margin-bottom: 5px;'><strong>Rango de Frecuencia:<\/strong> 139-165 MHz<\/li>\n<li style='margin-bottom: 5px;'><strong>VSWR (m\u00e1x):<\/strong> 1.5:1<\/li>\n<li style='margin-bottom: 5px;'><strong>P\u00e9rdida por Inserci\u00f3n (m\u00e1x):<\/strong> 0.8 dB (Tx a Ant) \/ 0.8 dB (Rx a Ant)<\/li>\n<li style='margin-bottom: 5px;'><strong>Impedancia:<\/strong> 50 \u03a9<\/li>\n<li style='margin-bottom: 5px;'><strong>Potencia M\u00e1xima:<\/strong> 120 W<\/li>\n<li style='margin-bottom: 5px;'><strong>Separaci\u00f3n de Frecuencias (m\u00edn):<\/strong> 3.0 MHz<\/li>\n<li style='margin-bottom: 5px;'><strong>Aislamiento (m\u00edn):<\/strong> 75 dB<\/li>\n<\/ul><\/div>\n<div style='flex: 1 1 300px; min-width: 280px;'>\n<h3 style='font-size: 22px; border-bottom: 2px solid currentColor; padding-bottom: 5px; margin-top: 0; color: inherit; opacity: 0.8;'>Especificaciones Mec\u00e1nicas<\/h3>\n<ul style='padding-left: 20px; font-size: 15px; color: inherit;'>\n<li style='margin-bottom: 5px;'><strong>Conectores:<\/strong> N Hembra<\/li>\n<li style='margin-bottom: 5px;'><strong>Dimensiones:<\/strong> 19&#8242; (483 mm) Ancho x 17&#8242; (432 mm) Profundidad x 4.17&#8242; (106 mm) Alto<\/li>\n<li style='margin-bottom: 5px;'><strong>Peso:<\/strong> 18 lbs (8.17 kg)<\/li>\n<li style='margin-bottom: 5px;'><strong>Peso de Env\u00edo:<\/strong> 25 lbs (11.35 kg)<\/li>\n<li style='margin-bottom: 5px;'><strong>Dimensiones de Env\u00edo:<\/strong> 19x8x22&#8242; (483x203x559 mm)<\/li>\n<li style='margin-bottom: 5px;'><strong>Acabado:<\/strong> Tratamiento anticorrosivo<\/li>\n<li style='margin-bottom: 5px;'><strong>Cavidades:<\/strong> 4 unidades de 4&#8242; de di\u00e1metro<\/li>\n<\/ul><\/div>\n<div style='flex: 1 1 300px; min-width: 280px;'>\n<h3 style='font-size: 22px; border-bottom: 2px solid currentColor; padding-bottom: 5px; margin-top: 0; color: inherit; opacity: 0.8;'>Especificaciones Ambientales<\/h3>\n<ul style='padding-left: 20px; font-size: 15px; color: inherit;'>\n<li style='margin-bottom: 5px;'><strong>Rango de Temperatura:<\/strong> -40 a 60\u00baC (-22 a 140\u00baF)<\/li>\n<\/ul><\/div>\n<\/p><\/div>\n<div style='display: flex; flex-wrap: wrap; gap: 20px; margin-bottom: 30px;'>\n<div style='flex: 1 1 250px; border: 1px solid rgba(150&comma; 150&comma; 150&comma; 0.4); border-radius: 8px; overflow: hidden; display: flex; flex-direction: column;'>\n<div style='padding: 15px; border-bottom: 1px solid rgba(150&comma; 150&comma; 150&comma; 0.2); font-weight: bold; font-size: 18px; color: inherit;'>Aplicaciones<\/div>\n<div style='padding: 15px; color: inherit;'>\n<ul style='padding-left: 20px; margin: 0; font-size: 14px; list-style-type: disc;'>\n<li style='margin-bottom: 5px;'>Sistemas de comunicaci\u00f3n VHF<\/li>\n<li style='margin-bottom: 5px;'>Aplicaciones en aviaci\u00f3n<\/li>\n<li style='margin-bottom: 5px;'>Entornos con alta densidad de se\u00f1ales<\/li>\n<li style='margin-bottom: 5px;'>Sistemas de radio comunicaci\u00f3n cr\u00edtica<\/li>\n<\/ul><\/div>\n<\/p><\/div>\n<div style='flex: 1 1 250px; border: 1px solid rgba(150&comma; 150&comma; 150&comma; 0.4); border-radius: 8px; overflow: hidden; display: flex; flex-direction: column;'>\n<div style='padding: 15px; border-bottom: 1px solid rgba(150&comma; 150&comma; 150&comma; 0.2); font-weight: bold; font-size: 18px; color: inherit;'>Beneficios<\/div>\n<div style='padding: 15px; color: inherit;'>\n<ul style='padding-left: 20px; margin: 0; font-size: 14px; list-style-type: disc;'>\n<li style='margin-bottom: 5px;'>Dise\u00f1o compacto para espacios limitados<\/li>\n<li style='margin-bottom: 5px;'>Materiales resistentes a la corrosi\u00f3n<\/li>\n<li style='margin-bottom: 5px;'>M\u00e1ximo aislamiento entre canales<\/li>\n<li style='margin-bottom: 5px;'>Baja p\u00e9rdida por inserci\u00f3n<\/li>\n<li style='margin-bottom: 5px;'>Construcci\u00f3n robusta para entornos exigentes<\/li>\n<\/ul><\/div>\n<\/p><\/div>\n<\/p><\/div>\n<hr style='border: 0; border-top: 1px solid rgba(150&comma; 150&comma; 150&comma; 0.3); margin: 30px 0;'> <\/div>\n","protected":false},"excerpt":{"rendered":"<p>Duplexer VHF, 139-165 MHz, Pasa Banda-Rechazo de Banda, 3 MHz de Sep. 120 W. Conectores N Hembra.<\/p>\n","protected":false},"featured_media":65603,"comment_status":"open","ping_status":"closed","template":"","meta":[],"product_brand":[],"product_cat":[1759],"product_tag":[1760,1660,1671],"class_list":{"0":"post-65604","1":"product","2":"type-product","3":"status-publish","4":"has-post-thumbnail","6":"product_cat-duplexers","7":"product_tag-duplexers","8":"product_tag-filtros-y-sistemas-en-rf","9":"product_tag-sinclair","11":"first","12":"instock","13":"sale","14":"shipping-taxable","15":"purchasable","16":"product-type-simple"},"_links":{"self":[{"href":"https:\/\/soydeaqui.ddns.net\/pachuca\/index.php\/wp-json\/wp\/v2\/product\/65604","targetHints":{"allow":["GET"]}}],"collection":[{"href":"https:\/\/soydeaqui.ddns.net\/pachuca\/index.php\/wp-json\/wp\/v2\/product"}],"about":[{"href":"https:\/\/soydeaqui.ddns.net\/pachuca\/index.php\/wp-json\/wp\/v2\/types\/product"}],"replies":[{"embeddable":true,"href":"https:\/\/soydeaqui.ddns.net\/pachuca\/index.php\/wp-json\/wp\/v2\/comments?post=65604"}],"wp:featuredmedia":[{"embeddable":true,"href":"https:\/\/soydeaqui.ddns.net\/pachuca\/index.php\/wp-json\/wp\/v2\/media\/65603"}],"wp:attachment":[{"href":"https:\/\/soydeaqui.ddns.net\/pachuca\/index.php\/wp-json\/wp\/v2\/media?parent=65604"}],"wp:term":[{"taxonomy":"product_brand","embeddable":true,"href":"https:\/\/soydeaqui.ddns.net\/pachuca\/index.php\/wp-json\/wp\/v2\/product_brand?post=65604"},{"taxonomy":"product_cat","embeddable":true,"href":"https:\/\/soydeaqui.ddns.net\/pachuca\/index.php\/wp-json\/wp\/v2\/product_cat?post=65604"},{"taxonomy":"product_tag","embeddable":true,"href":"https:\/\/soydeaqui.ddns.net\/pachuca\/index.php\/wp-json\/wp\/v2\/product_tag?post=65604"}],"curies":[{"name":"wp","href":"https:\/\/api.w.org\/{rel}","templated":true}]}}