{"id":65586,"date":"2026-03-19T08:27:41","date_gmt":"2026-03-19T08:27:41","guid":{"rendered":"https:\/\/soydeaqui.ddns.net\/pachuca\/index.php\/producto\/opcion-de-software-auto-tune-para-moviles-xtl-1500-2500-5000-en-r8000-r8100\/"},"modified":"2026-03-19T08:27:42","modified_gmt":"2026-03-19T08:27:42","slug":"opcion-de-software-auto-tune-para-moviles-xtl-1500-2500-5000-en-r8000-r8100","status":"publish","type":"product","link":"https:\/\/soydeaqui.ddns.net\/pachuca\/index.php\/producto\/opcion-de-software-auto-tune-para-moviles-xtl-1500-2500-5000-en-r8000-r8100\/","title":{"rendered":"Opci\u00f3n de Software Auto-Tune para M\u00f3viles XTL-1500 \/2500 \/5000 en R8000 \/R8100."},"content":{"rendered":"<div style='width: 100%; max-width: 1200px; margin: 0 auto; font-family: sans-serif; line-height: 1.6; color: inherit; background-color: transparent;'> <!-- Secci\u00f3n de descripci\u00f3n principal --> <\/p>\n<div style='margin-bottom: 30px;'>\n<h2 style='font-size: 24px; border-bottom: 2px solid currentColor; padding-bottom: 5px; margin-top: 0; color: inherit; opacity: 0.85;'>Opci\u00f3n de Software Auto-Tune para M\u00f3viles XTL-1500 \/2500 \/5000 en R8000 \/R8100<\/h2>\n<p style='font-size: 15px; color: inherit; margin-top: 15px; margin-bottom: 15px;'>Opci\u00f3n de Software Auto-Tune para M\u00f3viles XTL-1500 \/2500 \/5000 en R8000 \/R8100. Este software permite la integraci\u00f3n y prueba autom\u00e1tica de radios m\u00f3viles Motorola XTL-1500&comma; XTL-2500 y XTL-5000 con los analizadores de comunicaci\u00f3n R8000 y R8100.<\/p>\n<\/p><\/div>\n<p> <!-- Secci\u00f3n de especificaciones --> <\/p>\n<div style='display: flex; flex-wrap: wrap; gap: 30px; margin-bottom: 30px;'>\n<div style='flex: 1 1 300px; min-width: 280px;'>\n<h3 style='font-size: 22px; border-bottom: 2px solid currentColor; padding-bottom: 5px; margin-top: 0; color: inherit; opacity: 0.8;'>Caracter\u00edsticas Principales<\/h3>\n<ul style='padding-left: 20px; font-size: 15px; color: inherit;'>\n<li style='margin-bottom: 5px;'>Compatibilidad con radios m\u00f3viles Motorola XTL-1500&comma; XTL-2500 y XTL-5000<\/li>\n<li style='margin-bottom: 5px;'>Integraci\u00f3n con analizadores R8000 y R8100<\/li>\n<li style='margin-bottom: 5px;'>Pruebas automatizadas de audio y RF<\/li>\n<li style='margin-bottom: 5px;'>Soporte para protocolos de comunicaci\u00f3n est\u00e1ndar<\/li>\n<li style='margin-bottom: 5px;'>Interfaz de usuario optimizada para an\u00e1lisis r\u00e1pido<\/li>\n<\/ul><\/div>\n<div style='flex: 1 1 300px; min-width: 280px;'>\n<h3 style='font-size: 22px; border-bottom: 2px solid currentColor; padding-bottom: 5px; margin-top: 0; color: inherit; opacity: 0.8;'>Aplicaciones<\/h3>\n<ul style='padding-left: 20px; font-size: 15px; color: inherit;'>\n<li style='margin-bottom: 5px;'>Pruebas de campo de radios m\u00f3viles<\/li>\n<li style='margin-bottom: 5px;'>Mantenimiento preventivo y correctivo<\/li>\n<li style='margin-bottom: 5px;'>Certificaci\u00f3n de equipos de comunicaci\u00f3n<\/li>\n<li style='margin-bottom: 5px;'>Optimizaci\u00f3n de redes de comunicaci\u00f3n<\/li>\n<li style='margin-bottom: 5px;'>Soporte t\u00e9cnico en despliegues de sistemas<\/li>\n<\/ul><\/div>\n<\/p><\/div>\n<p> <!-- Secci\u00f3n de compatibilidad --> <\/p>\n<div style='display: flex; flex-wrap: wrap; gap: 30px; margin-bottom: 30px;'>\n<div style='flex: 1 1 300px; min-width: 280px;'>\n<h3 style='font-size: 22px; border-bottom: 2px solid currentColor; padding-bottom: 5px; margin-top: 0; color: inherit; opacity: 0.8;'>Compatibilidad<\/h3>\n<ul style='padding-left: 20px; font-size: 15px; color: inherit;'>\n<li style='margin-bottom: 5px;'>Analizadores R8000\/R8100<\/li>\n<li style='margin-bottom: 5px;'>Sistemas de comunicaci\u00f3n Motorola<\/li>\n<li style='margin-bottom: 5px;'>Protocolos de radio digital<\/li>\n<li style='margin-bottom: 5px;'>Equipos de prueba y medici\u00f3n<\/li>\n<\/ul><\/div>\n<div style='flex: 1 1 300px; min-width: 280px;'>\n<h3 style='font-size: 22px; border-bottom: 2px solid currentColor; padding-bottom: 5px; margin-top: 0; color: inherit; opacity: 0.8;'>Requisitos del Sistema<\/h3>\n<ul style='padding-left: 20px; font-size: 15px; color: inherit;'>\n<li style='margin-bottom: 5px;'>Sistema operativo compatible<\/li>\n<li style='margin-bottom: 5px;'>Conexi\u00f3n USB para programaci\u00f3n<\/li>\n<li style='margin-bottom: 5px;'>Interfaz de comunicaci\u00f3n serial<\/li>\n<li style='margin-bottom: 5px;'>Espacio de almacenamiento adecuado<\/li>\n<\/ul><\/div>\n<\/p><\/div>\n<p> <!-- Secci\u00f3n de especificaciones t\u00e9cnicas --> <\/p>\n<div style='margin-bottom: 30px;'>\n<h3 style='font-size: 22px; border-bottom: 2px solid currentColor; padding-bottom: 5px; margin-top: 0; color: inherit; opacity: 0.8;'>Especificaciones T\u00e9cnicas<\/h3>\n<div style='display: flex; flex-wrap: wrap; gap: 20px;'>\n<div style='flex: 1 1 250px; border: 1px solid rgba(150&comma; 150&comma; 150&comma; 0.4); border-radius: 8px; overflow: hidden; display: flex; flex-direction: column;'>\n<div style='padding: 15px; border-bottom: 1px solid rgba(150&comma; 150&comma; 150&comma; 0.2); font-weight: bold; font-size: 18px; color: inherit;'>Radio Compatibilidad<\/div>\n<div style='padding: 15px; color: inherit;'>\n<ul style='padding-left: 20px; margin: 0; font-size: 14px; list-style-type: disc;'>\n<li style='margin-bottom: 5px;'>XTL-1500<\/li>\n<li style='margin-bottom: 5px;'>XTL-2500<\/li>\n<li style='margin-bottom: 5px;'>XTL-5000<\/li>\n<\/ul><\/div>\n<\/p><\/div>\n<div style='flex: 1 1 250px; border: 1px solid rgba(150&comma; 150&comma; 150&comma; 0.4); border-radius: 8px; overflow: hidden; display: flex; flex-direction: column;'>\n<div style='padding: 15px; border-bottom: 1px solid rgba(150&comma; 150&comma; 150&comma; 0.2); font-weight: bold; font-size: 18px; color: inherit;'>Analizadores Soportados<\/div>\n<div style='padding: 15px; color: inherit;'>\n<ul style='padding-left: 20px; margin: 0; font-size: 14px; list-style-type: disc;'>\n<li style='margin-bottom: 5px;'>R8000<\/li>\n<li style='margin-bottom: 5px;'>R8100<\/li>\n<\/ul><\/div>\n<\/p><\/div>\n<div style='flex: 1 1 250px; border: 1px solid rgba(150&comma; 150&comma; 150&comma; 0.4); border-radius: 8px; overflow: hidden; display: flex; flex-direction: column;'>\n<div style='padding: 15px; border-bottom: 1px solid rgba(150&comma; 150&comma; 150&comma; 0.2); font-weight: bold; font-size: 18px; color: inherit;'>Funcionalidades<\/div>\n<div style='padding: 15px; color: inherit;'>\n<ul style='padding-left: 20px; margin: 0; font-size: 14px; list-style-type: disc;'>\n<li style='margin-bottom: 5px;'>Pruebas de audio<\/li>\n<li style='margin-bottom: 5px;'>An\u00e1lisis de RF<\/li>\n<li style='margin-bottom: 5px;'>Configuraci\u00f3n autom\u00e1tica<\/li>\n<li style='margin-bottom: 5px;'>Diagn\u00f3stico de fallos<\/li>\n<\/ul><\/div>\n<\/p><\/div>\n<\/p><\/div>\n<\/p><\/div>\n<p> <!-- Secci\u00f3n de opciones y accesorios --> <\/p>\n<div style='margin-bottom: 30px;'>\n<h3 style='font-size: 22px; border-bottom: 2px solid currentColor; padding-bottom: 5px; margin-top: 0; color: inherit; opacity: 0.8;'>Opciones y Accesorios Relacionados<\/h3>\n<div style='display: flex; flex-wrap: wrap; gap: 20px;'>\n<div style='flex: 1 1 250px; border: 1px solid rgba(150&comma; 150&comma; 150&comma; 0.4); border-radius: 8px; overflow: hidden; display: flex; flex-direction: column;'>\n<div style='padding: 15px; border-bottom: 1px solid rgba(150&comma; 150&comma; 150&comma; 0.2); font-weight: bold; font-size: 18px; color: inherit;'>Opciones de Software<\/div>\n<div style='padding: 15px; color: inherit;'>\n<ul style='padding-left: 20px; margin: 0; font-size: 14px; list-style-type: disc;'>\n<li style='margin-bottom: 5px;'>R8-AT_TRBO<\/li>\n<li style='margin-bottom: 5px;'>R8-AT_XTS<\/li>\n<li style='margin-bottom: 5px;'>R8-AT_APX<\/li>\n<li style='margin-bottom: 5px;'>R8-AT_KWNX<\/li>\n<li style='margin-bottom: 5px;'>R8-AT_XG-75<\/li>\n<\/ul><\/div>\n<\/p><\/div>\n<div style='flex: 1 1 250px; border: 1px solid rgba(150&comma; 150&comma; 150&comma; 0.4); border-radius: 8px; overflow: hidden; display: flex; flex-direction: column;'>\n<div style='padding: 15px; border-bottom: 1px solid rgba(150&comma; 150&comma; 150&comma; 0.2); font-weight: bold; font-size: 18px; color: inherit;'>Accesorios<\/div>\n<div style='padding: 15px; color: inherit;'>\n<ul style='padding-left: 20px; margin: 0; font-size: 14px; list-style-type: disc;'>\n<li style='margin-bottom: 5px;'>202161-01 Breakout Box<\/li>\n<li style='margin-bottom: 5px;'>TTL-232RG-VSW3V3-WE_M USB Programming Cable<\/li>\n<li style='margin-bottom: 5px;'>19B801496G2 Antenna Adaptor<\/li>\n<li style='margin-bottom: 5px;'>CA-023407-002 Audio Test Cable<\/li>\n<li style='margin-bottom: 5px;'>BT-023406-015 Battery Eliminator<\/li>\n<\/ul><\/div>\n<\/p><\/div>\n<\/p><\/div>\n<\/p><\/div>\n<p> <!-- Separador final --> <\/p>\n<hr style='border: 0; border-top: 1px solid rgba(150&comma; 150&comma; 150&comma; 0.3); margin: 30px 0;'> <\/div>\n","protected":false},"excerpt":{"rendered":"<p>Opci\u00f3n de Software Auto-Tune para M\u00f3viles XTL-1500 \/2500 \/5000 en R8000 \/R8100.<\/p>\n","protected":false},"featured_media":65585,"comment_status":"open","ping_status":"closed","template":"","meta":[],"product_brand":[],"product_cat":[1610],"product_tag":[1611,931,1674],"class_list":{"0":"post-65586","1":"product","2":"type-product","3":"status-publish","4":"has-post-thumbnail","6":"product_cat-analizadores-espectro-y-antenas-monitores-de-servicio-y-softwares","7":"product_tag-analizadores-espectro-y-antenas-monitores-de-servicio-y-softwares","8":"product_tag-equipo-de-laboratorio","9":"product_tag-freedom-communication-technologies","11":"first","12":"outofstock","13":"sale","14":"shipping-taxable","15":"purchasable","16":"product-type-simple"},"_links":{"self":[{"href":"https:\/\/soydeaqui.ddns.net\/pachuca\/index.php\/wp-json\/wp\/v2\/product\/65586","targetHints":{"allow":["GET"]}}],"collection":[{"href":"https:\/\/soydeaqui.ddns.net\/pachuca\/index.php\/wp-json\/wp\/v2\/product"}],"about":[{"href":"https:\/\/soydeaqui.ddns.net\/pachuca\/index.php\/wp-json\/wp\/v2\/types\/product"}],"replies":[{"embeddable":true,"href":"https:\/\/soydeaqui.ddns.net\/pachuca\/index.php\/wp-json\/wp\/v2\/comments?post=65586"}],"wp:featuredmedia":[{"embeddable":true,"href":"https:\/\/soydeaqui.ddns.net\/pachuca\/index.php\/wp-json\/wp\/v2\/media\/65585"}],"wp:attachment":[{"href":"https:\/\/soydeaqui.ddns.net\/pachuca\/index.php\/wp-json\/wp\/v2\/media?parent=65586"}],"wp:term":[{"taxonomy":"product_brand","embeddable":true,"href":"https:\/\/soydeaqui.ddns.net\/pachuca\/index.php\/wp-json\/wp\/v2\/product_brand?post=65586"},{"taxonomy":"product_cat","embeddable":true,"href":"https:\/\/soydeaqui.ddns.net\/pachuca\/index.php\/wp-json\/wp\/v2\/product_cat?post=65586"},{"taxonomy":"product_tag","embeddable":true,"href":"https:\/\/soydeaqui.ddns.net\/pachuca\/index.php\/wp-json\/wp\/v2\/product_tag?post=65586"}],"curies":[{"name":"wp","href":"https:\/\/api.w.org\/{rel}","templated":true}]}}