{"id":65551,"date":"2026-03-19T08:26:26","date_gmt":"2026-03-19T08:26:26","guid":{"rendered":"https:\/\/soydeaqui.ddns.net\/pachuca\/index.php\/producto\/divisor-de-potencia-emr-de-4-vias-30-960-mhz-0-5-watt-conectores-bnc-hembra\/"},"modified":"2026-03-19T08:26:27","modified_gmt":"2026-03-19T08:26:27","slug":"divisor-de-potencia-emr-de-4-vias-30-960-mhz-0-5-watt-conectores-bnc-hembra","status":"publish","type":"product","link":"https:\/\/soydeaqui.ddns.net\/pachuca\/index.php\/producto\/divisor-de-potencia-emr-de-4-vias-30-960-mhz-0-5-watt-conectores-bnc-hembra\/","title":{"rendered":"Divisor de Potencia EMR de 4 V\u00edas, 30-960 MHz, 0.5 Watt, Conectores BNC Hembra."},"content":{"rendered":"<div style='width: 100%; max-width: 1200px; margin: 0 auto; font-family: sans-serif; line-height: 1.6; color: inherit; background-color: transparent;'> <!-- Secci\u00f3n de descripci\u00f3n --> <\/p>\n<div style='margin-bottom: 30px;'>\n<h2 style='font-size: 24px; margin-top: 0; margin-bottom: 15px; color: inherit; font-weight: 600; padding-left: 10px; border-left: 4px solid currentColor; opacity: 0.9;'>Divisor de Potencia de 4 V\u00edas&comma; 30-960 MHz&comma; 0.5 Watt&comma; BNC Hembra<\/h2>\n<ul style='padding-left: 20px; margin: 15px 0; font-size: 15px; color: inherit;'>\n<li style='margin-bottom: 8px;'>Todos los divisores de potencia EMR est\u00e1n respaldados por 5 A\u00f1os de Garant\u00eda.<\/li>\n<li style='margin-bottom: 8px;'>Fabricados en USA.<\/li>\n<\/ul><\/div>\n<p> <!-- Secci\u00f3n de especificaciones con cards --> <\/p>\n<div style='display: flex; flex-wrap: wrap; gap: 20px; margin-bottom: 30px;'>\n<div style='flex: 1 1 250px; border: 1px solid rgba(150&comma; 150&comma; 150&comma; 0.4); border-radius: 8px; overflow: hidden; display: flex; flex-direction: column;'>\n<div style='padding: 15px; border-bottom: 1px solid rgba(150&comma; 150&comma; 150&comma; 0.2); font-weight: bold; font-size: 18px; color: inherit;'>Especificaciones El\u00e9ctricas<\/div>\n<div style='padding: 15px; color: inherit;'>\n<ul style='padding-left: 20px; margin: 0; font-size: 14px; list-style-type: disc;'>\n<li style='margin-bottom: 5px;'><strong>Banda de Frecuencia:<\/strong> 30-960 MHz.<\/li>\n<li style='margin-bottom: 5px;'><strong>Potencia de Entrada (Max.):<\/strong> 0.5 W (como divisor).<\/li>\n<li style='margin-bottom: 5px;'><strong>P\u00e9rdida por Inserci\u00f3n (Max. \/ T\u00edpica):<\/strong> 6.5 \/ 6.2 dB.<\/li>\n<li style='margin-bottom: 5px;'><strong>Aislamiento de Puerto a Puerto (Min.):<\/strong> 23 dB.<\/li>\n<li style='margin-bottom: 5px;'><strong>VSWR (Max.):<\/strong> 1.5:1<\/li>\n<li style='margin-bottom: 5px;'><strong>Impedancia (Nom.):<\/strong> 50 \u03a9 RF.<\/li>\n<li style='margin-bottom: 5px;'><strong>Conectores:<\/strong> BNC Hembra.<\/li>\n<\/ul><\/div>\n<\/p><\/div>\n<div style='flex: 1 1 250px; border: 1px solid rgba(150&comma; 150&comma; 150&comma; 0.4); border-radius: 8px; overflow: hidden; display: flex; flex-direction: column;'>\n<div style='padding: 15px; border-bottom: 1px solid rgba(150&comma; 150&comma; 150&comma; 0.2); font-weight: bold; font-size: 18px; color: inherit;'>Especificaciones Mec\u00e1nicas<\/div>\n<div style='padding: 15px; color: inherit;'>\n<ul style='padding-left: 20px; margin: 0; font-size: 14px; list-style-type: disc;'>\n<li style='margin-bottom: 5px;'><strong>Acabado:<\/strong> Pel\u00edcula Qu\u00edmica Amarilla.<\/li>\n<li style='margin-bottom: 5px;'><strong>Tama\u00f1o Completo (A x A x F):<\/strong> 28 x 95 x 107 mm.<\/li>\n<li style='margin-bottom: 5px;'><strong>Peso Neto:<\/strong> 0.3 kg<\/li>\n<li style='margin-bottom: 5px;'><strong>Peso para Env\u00edo:<\/strong> 0.9 kg<\/li>\n<\/ul><\/div>\n<\/p><\/div>\n<div style='flex: 1 1 250px; border: 1px solid rgba(150&comma; 150&comma; 150&comma; 0.4); border-radius: 8px; overflow: hidden; display: flex; flex-direction: column;'>\n<div style='padding: 15px; border-bottom: 1px solid rgba(150&comma; 150&comma; 150&comma; 0.2); font-weight: bold; font-size: 18px; color: inherit;'>Especificaciones del Medio Ambiente<\/div>\n<div style='padding: 15px; color: inherit;'>\n<ul style='padding-left: 20px; margin: 0; font-size: 14px; list-style-type: disc;'>\n<li style='margin-bottom: 5px;'><strong>Rango de Temperatura de Operaci\u00f3n:<\/strong> -30 \u00baC a +60 \u00b0C.<\/li>\n<\/ul><\/div>\n<\/p><\/div>\n<\/p><\/div>\n<p> <!-- Nota final --> <\/p>\n<div style='margin-bottom: 30px;'>\n<p style='margin: 0; font-size: 15px; color: inherit; font-style: italic; padding-left: 10px; border-left: 3px solid currentColor; opacity: 0.8;'> *Pregunte por Tiempo de Entrega. <\/p>\n<\/p><\/div>\n<p> <!-- Separador --> <\/p>\n<hr style='border: 0; border-top: 1px solid rgba(150&comma; 150&comma; 150&comma; 0.3); margin: 30px 0;'> <\/div>\n","protected":false},"excerpt":{"rendered":"<p>Divisor de Potencia EMR de 4 V\u00edas, 30-960 MHz, 0.5 Watt, Conectores BNC Hembra.<\/p>\n","protected":false},"featured_media":65550,"comment_status":"open","ping_status":"closed","template":"","meta":[],"product_brand":[],"product_cat":[1892],"product_tag":[1637,1660,1893],"class_list":{"0":"post-65551","1":"product","2":"type-product","3":"status-publish","4":"has-post-thumbnail","6":"product_cat-tta-y-multiacopladores","7":"product_tag-emr-corporation","8":"product_tag-filtros-y-sistemas-en-rf","9":"product_tag-tta-y-multiacopladores","11":"first","12":"outofstock","13":"sale","14":"shipping-taxable","15":"purchasable","16":"product-type-simple"},"_links":{"self":[{"href":"https:\/\/soydeaqui.ddns.net\/pachuca\/index.php\/wp-json\/wp\/v2\/product\/65551","targetHints":{"allow":["GET"]}}],"collection":[{"href":"https:\/\/soydeaqui.ddns.net\/pachuca\/index.php\/wp-json\/wp\/v2\/product"}],"about":[{"href":"https:\/\/soydeaqui.ddns.net\/pachuca\/index.php\/wp-json\/wp\/v2\/types\/product"}],"replies":[{"embeddable":true,"href":"https:\/\/soydeaqui.ddns.net\/pachuca\/index.php\/wp-json\/wp\/v2\/comments?post=65551"}],"wp:featuredmedia":[{"embeddable":true,"href":"https:\/\/soydeaqui.ddns.net\/pachuca\/index.php\/wp-json\/wp\/v2\/media\/65550"}],"wp:attachment":[{"href":"https:\/\/soydeaqui.ddns.net\/pachuca\/index.php\/wp-json\/wp\/v2\/media?parent=65551"}],"wp:term":[{"taxonomy":"product_brand","embeddable":true,"href":"https:\/\/soydeaqui.ddns.net\/pachuca\/index.php\/wp-json\/wp\/v2\/product_brand?post=65551"},{"taxonomy":"product_cat","embeddable":true,"href":"https:\/\/soydeaqui.ddns.net\/pachuca\/index.php\/wp-json\/wp\/v2\/product_cat?post=65551"},{"taxonomy":"product_tag","embeddable":true,"href":"https:\/\/soydeaqui.ddns.net\/pachuca\/index.php\/wp-json\/wp\/v2\/product_tag?post=65551"}],"curies":[{"name":"wp","href":"https:\/\/api.w.org\/{rel}","templated":true}]}}