{"id":65538,"date":"2026-03-19T08:26:00","date_gmt":"2026-03-19T08:26:00","guid":{"rendered":"https:\/\/soydeaqui.ddns.net\/pachuca\/index.php\/producto\/seccion-10-base-para-torre-autosoportada-linea-ssv-codigo-de-fabrica-10n183\/"},"modified":"2026-03-19T08:26:01","modified_gmt":"2026-03-19T08:26:01","slug":"seccion-10-base-para-torre-autosoportada-linea-ssv-codigo-de-fabrica-10n183","status":"publish","type":"product","link":"https:\/\/soydeaqui.ddns.net\/pachuca\/index.php\/producto\/seccion-10-base-para-torre-autosoportada-linea-ssv-codigo-de-fabrica-10n183\/","title":{"rendered":"Secci\u00f3n 10 Base para Torre Autosoportada l\u00ednea SSV (C\u00f3digo de F\u00e1brica: 10N183)"},"content":{"rendered":"<div style='width: 100%; max-width: 1200px; margin: 0 auto; font-family: sans-serif; line-height: 1.6; color: inherit; background-color: transparent;'> <!-- Secci\u00f3n de caracter\u00edsticas principales --> <\/p>\n<div style='display: flex; flex-wrap: wrap; gap: 30px; margin-bottom: 30px;'>\n<div style='flex: 1 1 300px; min-width: 280px;'>\n<h3 style='font-size: 22px; border-bottom: 2px solid currentColor; padding-bottom: 5px; margin-top: 0; color: inherit; opacity: 0.8;'>Caracter\u00edsticas Principales<\/h3>\n<ul style='padding-left: 20px; font-size: 15px; color: inherit;'>\n<li style='margin-bottom: 5px;'>Base robusta para torre autosoportada SSV<\/li>\n<li style='margin-bottom: 5px;'>Compatible con estructura de secci\u00f3n 10<\/li>\n<li style='margin-bottom: 5px;'>Dise\u00f1o optimizado para m\u00e1xima estabilidad<\/li>\n<li style='margin-bottom: 5px;'>Componentes de alta resistencia a la intemperie<\/li>\n<li style='margin-bottom: 5px;'>F\u00e1cil instalaci\u00f3n en diversas condiciones de terreno<\/li>\n<\/ul><\/div>\n<p> <!-- Secci\u00f3n de especificaciones t\u00e9cnicas --> <\/p>\n<div style='flex: 1 1 300px; min-width: 280px;'>\n<h3 style='font-size: 22px; border-bottom: 2px solid currentColor; padding-bottom: 5px; margin-top: 0; color: inherit; opacity: 0.8;'>Especificaciones T\u00e9cnicas<\/h3>\n<ul style='padding-left: 20px; font-size: 15px; color: inherit;'>\n<li style='margin-bottom: 5px;'><strong>C\u00f3digo de F\u00e1brica:<\/strong> 10N183<\/li>\n<li style='margin-bottom: 5px;'><strong>Tipo:<\/strong> Base para Torre Autosoportada<\/li>\n<li style='margin-bottom: 5px;'><strong>L\u00ednea:<\/strong> SSV<\/li>\n<li style='margin-bottom: 5px;'><strong>Marca:<\/strong> ROHN<\/li>\n<li style='margin-bottom: 5px;'><strong>Modelo:<\/strong> SSV10N183<\/li>\n<\/ul><\/div>\n<\/p><\/div>\n<p> <!-- Secci\u00f3n de dimensiones --> <\/p>\n<div style='display: flex; flex-wrap: wrap; gap: 20px; margin-bottom: 30px;'>\n<div style='flex: 1 1 250px; border: 1px solid rgba(150&comma; 150&comma; 150&comma; 0.4); border-radius: 8px; overflow: hidden; display: flex; flex-direction: column;'>\n<div style='padding: 15px; border-bottom: 1px solid rgba(150&comma; 150&comma; 150&comma; 0.2); font-weight: bold; font-size: 18px; color: inherit;'>Dimensiones<\/div>\n<div style='padding: 15px; color: inherit;'>\n<ul style='padding-left: 20px; margin: 0; font-size: 14px; list-style-type: disc;'>\n<li style='margin-bottom: 5px;'><strong>Secci\u00f3n:<\/strong> 10<\/li>\n<li style='margin-bottom: 5px;'><strong>Extensi\u00f3n Superior:<\/strong> 10&#8242; &#8211; 6 3\/4&#8242;<\/li>\n<li style='margin-bottom: 5px;'><strong>Extensi\u00f3n Inferior:<\/strong> 12&#8242; &#8211; 7 1\/4&#8242;<\/li>\n<\/ul><\/div>\n<\/p><\/div>\n<p> <!-- Secci\u00f3n de construcci\u00f3n --> <\/p>\n<div style='flex: 1 1 250px; border: 1px solid rgba(150&comma; 150&comma; 150&comma; 0.4); border-radius: 8px; overflow: hidden; display: flex; flex-direction: column;'>\n<div style='padding: 15px; border-bottom: 1px solid rgba(150&comma; 150&comma; 150&comma; 0.2); font-weight: bold; font-size: 18px; color: inherit;'>Construcci\u00f3n<\/div>\n<div style='padding: 15px; color: inherit;'>\n<ul style='padding-left: 20px; margin: 0; font-size: 14px; list-style-type: disc;'>\n<li style='margin-bottom: 5px;'>Construcci\u00f3n atornillada en campo<\/li>\n<li style='margin-bottom: 5px;'>Tubos galvanizados en caliente&comma; interior y exterior<\/li>\n<li style='margin-bottom: 5px;'>Barras de paso y tope c\u00f3nico suministrados<\/li>\n<\/ul><\/div>\n<\/p><\/div>\n<p> <!-- Secci\u00f3n de aplicaciones --> <\/p>\n<div style='flex: 1 1 250px; border: 1px solid rgba(150&comma; 150&comma; 150&comma; 0.4); border-radius: 8px; overflow: hidden; display: flex; flex-direction: column;'>\n<div style='padding: 15px; border-bottom: 1px solid rgba(150&comma; 150&comma; 150&comma; 0.2); font-weight: bold; font-size: 18px; color: inherit;'>Aplicaciones<\/div>\n<div style='padding: 15px; color: inherit;'>\n<ul style='padding-left: 20px; margin: 0; font-size: 14px; list-style-type: disc;'>\n<li style='margin-bottom: 5px;'>Estructuras para telecomunicaciones PCS<\/li>\n<li style='margin-bottom: 5px;'>Sistemas de banda ancha<\/li>\n<li style='margin-bottom: 5px;'>Sistemas de seguridad<\/li>\n<li style='margin-bottom: 5px;'>Iluminaci\u00f3n deportiva<\/li>\n<\/ul><\/div>\n<\/p><\/div>\n<p> <!-- Secci\u00f3n de normativas --> <\/p>\n<div style='flex: 1 1 250px; border: 1px solid rgba(150&comma; 150&comma; 150&comma; 0.4); border-radius: 8px; overflow: hidden; display: flex; flex-direction: column;'>\n<div style='padding: 15px; border-bottom: 1px solid rgba(150&comma; 150&comma; 150&comma; 0.2); font-weight: bold; font-size: 18px; color: inherit;'>Normativas<\/div>\n<div style='padding: 15px; color: inherit;'>\n<ul style='padding-left: 20px; margin: 0; font-size: 14px; list-style-type: disc;'>\n<li style='margin-bottom: 5px;'>Dise\u00f1ado seg\u00fan ANSI\/TIA-222-G<\/li>\n<li style='margin-bottom: 5px;'>Categor\u00eda Topogr\u00e1fica 1<\/li>\n<li style='margin-bottom: 5px;'>Espesor de hielo de dise\u00f1o: 3\/4&#8242;<\/li>\n<li style='margin-bottom: 5px;'>Coeficiente s\u00edsmico S < 1.0<\/li>\n<\/ul><\/div>\n<\/p><\/div>\n<\/p><\/div>\n<p> <!-- Secci\u00f3n de compatibilidad --> <\/p>\n<div style='display: flex; flex-wrap: wrap; gap: 20px; margin-bottom: 30px;'>\n<div style='flex: 1 1 250px; border: 1px solid rgba(150&comma; 150&comma; 150&comma; 0.4); border-radius: 8px; overflow: hidden; display: flex; flex-direction: column;'>\n<div style='padding: 15px; border-bottom: 1px solid rgba(150&comma; 150&comma; 150&comma; 0.2); font-weight: bold; font-size: 18px; color: inherit;'>Compatibilidad<\/div>\n<div style='padding: 15px; color: inherit;'>\n<ul style='padding-left: 20px; margin: 0; font-size: 14px; list-style-type: disc;'>\n<li style='margin-bottom: 5px;'>Compatible con secciones SSV est\u00e1ndar<\/li>\n<li style='margin-bottom: 5px;'>Compatible con sistema de seguridad para escalada<\/li>\n<li style='margin-bottom: 5px;'>Compatible con accesorios est\u00e1ndar ROHN<\/li>\n<\/ul><\/div>\n<\/p><\/div>\n<p> <!-- Secci\u00f3n de opciones de configuraci\u00f3n --> <\/p>\n<div style='flex: 1 1 250px; border: 1px solid rgba(150&comma; 150&comma; 150&comma; 0.4); border-radius: 8px; overflow: hidden; display: flex; flex-direction: column;'>\n<div style='padding: 15px; border-bottom: 1px solid rgba(150&comma; 150&comma; 150&comma; 0.2); font-weight: bold; font-size: 18px; color: inherit;'>Opciones de Configuraci\u00f3n<\/div>\n<div style='padding: 15px; color: inherit;'>\n<ul style='padding-left: 20px; margin: 0; font-size: 14px; list-style-type: disc;'>\n<li style='margin-bottom: 5px;'>Configuraci\u00f3n de altura desde 40&#8242; hasta 180&#8242;<\/li>\n<li style='margin-bottom: 5px;'>Disponible en versiones 90 MPH&comma; 100 MPH y 110 MPH<\/li>\n<li style='margin-bottom: 5px;'>Opciones de base est\u00e1ndar SB2&comma; SB3&comma; SB4 &#038; SB5<\/li>\n<\/ul><\/div>\n<\/p><\/div>\n<p> <!-- Secci\u00f3n de requerimientos de instalaci\u00f3n --> <\/p>\n<div style='flex: 1 1 250px; border: 1px solid rgba(150&comma; 150&comma; 150&comma; 0.4); border-radius: 8px; overflow: hidden; display: flex; flex-direction: column;'>\n<div style='padding: 15px; border-bottom: 1px solid rgba(150&comma; 150&comma; 150&comma; 0.2); font-weight: bold; font-size: 18px; color: inherit;'>Requerimientos de Instalaci\u00f3n<\/div>\n<div style='padding: 15px; color: inherit;'>\n<ul style='padding-left: 20px; margin: 0; font-size: 14px; list-style-type: disc;'>\n<li style='margin-bottom: 5px;'>Kit de puesta a tierra debe ser ordenado por separado<\/li>\n<li style='margin-bottom: 5px;'>Planos de ensamblaje y detalles de fundaci\u00f3n incluidos<\/li>\n<li style='margin-bottom: 5px;'>Requiere dispositivo de seguridad para estructuras > 10&#8242;<\/li>\n<\/ul><\/div>\n<\/p><\/div>\n<\/p><\/div>\n<p> <!-- Secci\u00f3n de capacidades por velocidad del viento --> <\/p>\n<div style='display: flex; flex-wrap: wrap; gap: 20px; margin-bottom: 30px;'>\n<div style='flex: 1 1 300px; border: 1px solid rgba(150&comma; 150&comma; 150&comma; 0.4); border-radius: 8px; overflow: hidden; display: flex; flex-direction: column;'>\n<div style='padding: 15px; border-bottom: 1px solid rgba(150&comma; 150&comma; 150&comma; 0.2); font-weight: bold; font-size: 18px; color: inherit;'>Capacidad 90 MPH<\/div>\n<div style='padding: 15px; color: inherit;'>\n<ul style='padding-left: 20px; margin: 0; font-size: 14px; list-style-type: disc;'>\n<li style='margin-bottom: 5px;'><strong>Altura 150&#8242;:<\/strong> 19 sq.ft. en el tope \/ 11 sq.ft. en 30&#8242; debajo del tope<\/li>\n<li style='margin-bottom: 5px;'><strong>Altura 160&#8242;:<\/strong> 15 sq.ft. en el tope \/ 8 sq.ft. en 30&#8242; debajo del tope<\/li>\n<li style='margin-bottom: 5px;'><strong>Altura 170&#8242;:<\/strong> 18 sq.ft. en el tope \/ 9 sq.ft. en 30&#8242; debajo del tope<\/li>\n<li style='margin-bottom: 5px;'><strong>Altura 180&#8242;:<\/strong> 13 sq.ft. en el tope \/ 6 sq.ft. en 30&#8242; debajo del tope<\/li>\n<\/ul><\/div>\n<\/p><\/div>\n<div style='flex: 1 1 300px; border: 1px solid rgba(150&comma; 150&comma; 150&comma; 0.4); border-radius: 8px; overflow: hidden; display: flex; flex-direction: column;'>\n<div style='padding: 15px; border-bottom: 1px solid rgba(150&comma; 150&comma; 150&comma; 0.2); font-weight: bold; font-size: 18px; color: inherit;'>Capacidad 100 MPH<\/div>\n<div style='padding: 15px; color: inherit;'>\n<ul style='padding-left: 20px; margin: 0; font-size: 14px; list-style-type: disc;'>\n<li style='margin-bottom: 5px;'><strong>Altura 150&#8242;:<\/strong> 12 sq.ft. en el tope \/ 3 sq.ft. en 30&#8242; debajo del tope<\/li>\n<li style='margin-bottom: 5px;'><strong>Altura 160&#8242;:<\/strong> 9 sq.ft. en el tope \/ &#8211;<\/li>\n<li style='margin-bottom: 5px;'><strong>Altura 170&#8242;:<\/strong> 9 sq.ft. en el tope \/ &#8211;<\/li>\n<li style='margin-bottom: 5px;'><strong>Altura 180&#8242;:<\/strong> 6 sq.ft. en el tope \/ &#8211;<\/li>\n<\/ul><\/div>\n<\/p><\/div>\n<div style='flex: 1 1 300px; border: 1px solid rgba(150&comma; 150&comma; 150&comma; 0.4); border-radius: 8px; overflow: hidden; display: flex; flex-direction: column;'>\n<div style='padding: 15px; border-bottom: 1px solid rgba(150&comma; 150&comma; 150&comma; 0.2); font-weight: bold; font-size: 18px; color: inherit;'>Capacidad 110 MPH<\/div>\n<div style='padding: 15px; color: inherit;'>\n<ul style='padding-left: 20px; margin: 0; font-size: 14px; list-style-type: disc;'>\n<li style='margin-bottom: 5px;'><strong>Altura 100&#8242;:<\/strong> 9 sq.ft. en el tope \/ 3 sq.ft. en 30&#8242; debajo del tope<\/li>\n<li style='margin-bottom: 5px;'><strong>Altura 110&#8242;:<\/strong> 11 sq.ft. en el tope \/ 5 sq.ft. en 30&#8242; debajo del tope<\/li>\n<li style='margin-bottom: 5px;'><strong>Altura 120&#8242;:<\/strong> 7 sq.ft. en el tope \/ 2 sq.ft. en 30&#8242; debajo del tope<\/li>\n<li style='margin-bottom: 5px;'><strong>Altura 130&#8242;:<\/strong> &#8211;<\/li>\n<\/ul><\/div>\n<\/p><\/div>\n<\/p><\/div>\n<p> <!-- Secci\u00f3n de detalles de fundaci\u00f3n --> <\/p>\n<div style='display: flex; flex-wrap: wrap; gap: 20px; margin-bottom: 30px;'>\n<div style='flex: 1 1 250px; border: 1px solid rgba(150&comma; 150&comma; 150&comma; 0.4); border-radius: 8px; overflow: hidden; display: flex; flex-direction: column;'>\n<div style='padding: 15px; border-bottom: 1px solid rgba(150&comma; 150&comma; 150&comma; 0.2); font-weight: bold; font-size: 18px; color: inherit;'>Detalles de Fundaci\u00f3n<\/div>\n<div style='padding: 15px; color: inherit;'>\n<ul style='padding-left: 20px; margin: 0; font-size: 14px; list-style-type: disc;'>\n<li style='margin-bottom: 5px;'><strong>Di\u00e1metro de fundaci\u00f3n:<\/strong> 8&#8242; &#8211; 6&#8242;<\/li>\n<li style='margin-bottom: 5px;'><strong>Ancho de fundaci\u00f3n:<\/strong> 5&#8242; &#8211; 6&#8242;<\/li>\n<li style='margin-bottom: 5px;'><strong>Profundidad:<\/strong> 2&#8242; &#8211; 0&#8242;<\/li>\n<li style='margin-bottom: 5px;'><strong>Volumen de concreto:<\/strong> 8.6 cu. yds.<\/li>\n<\/ul><\/div>\n<\/p><\/div>\n<p> <!-- Secci\u00f3n de materiales --> <\/p>\n<div style='flex: 1 1 250px; border: 1px solid rgba(150&comma; 150&comma; 150&comma; 0.4); border-radius: 8px; overflow: hidden; display: flex; flex-direction: column;'>\n<div style='padding: 15px; border-bottom: 1px solid rgba(150&comma; 150&comma; 150&comma; 0.2); font-weight: bold; font-size: 18px; color: inherit;'>Materiales<\/div>\n<div style='padding: 15px; color: inherit;'>\n<ul style='padding-left: 20px; margin: 0; font-size: 14px; list-style-type: disc;'>\n<li style='margin-bottom: 5px;'>Tubos galvanizados en caliente<\/li>\n<li style='margin-bottom: 5px;'>Construcci\u00f3n soldada y atornillada<\/li>\n<li style='margin-bottom: 5px;'>Acero estructural de alta resistencia<\/li>\n<\/ul><\/div>\n<\/p><\/div>\n<\/p><\/div>\n<p> <!-- Secci\u00f3n de aplicaciones espec\u00edficas --> <\/p>\n<div style='display: flex; flex-wrap: wrap; gap: 20px; margin-bottom: 30px;'>\n<div style='flex: 1 1 250px; border: 1px solid rgba(150&comma; 150&comma; 150&comma; 0.4); border-radius: 8px; overflow: hidden; display: flex; flex-direction: column;'>\n<div style='padding: 15px; border-bottom: 1px solid rgba(150&comma; 150&comma; 150&comma; 0.2); font-weight: bold; font-size: 18px; color: inherit;'>Aplicaciones Espec\u00edficas<\/div>\n<div style='padding: 15px; color: inherit;'>\n<ul style='padding-left: 20px; margin: 0; font-size: 14px; list-style-type: disc;'>\n<li style='margin-bottom: 5px;'>Soporta equipos de telecomunicaciones<\/li>\n<li style='margin-bottom: 5px;'>Ideal para sistemas de antenas<\/li>\n<li style='margin-bottom: 5px;'>Estructura para torres de iluminaci\u00f3n<\/li>\n<li style='margin-bottom: 5px;'>Soporte para sistemas de seguridad<\/li>\n<\/ul><\/div>\n<\/p><\/div>\n<p> <!-- Secci\u00f3n de est\u00e1ndares de ingenier\u00eda --> <\/p>\n<div style='flex: 1 1 250px; border: 1px solid rgba(150&comma; 150&comma; 150&comma; 0.4); border-radius: 8px; overflow: hidden; display: flex; flex-direction: column;'>\n<div style='padding: 15px; border-bottom: 1px solid rgba(150&comma; 150&comma; 150&comma; 0.2); font-weight: bold; font-size: 18px; color: inherit;'>Est\u00e1ndares de Ingenier\u00eda<\/div>\n<div style='padding: 15px; color: inherit;'>\n<ul style='padding-left: 20px; margin: 0; font-size: 14px; list-style-type: disc;'>\n<li style='margin-bottom: 5px;'>Dise\u00f1o con secciones est\u00e1ndar pre-ingenieradas<\/li>\n<li style='margin-bottom: 5px;'>Sistema modular para f\u00e1cil expansi\u00f3n<\/li>\n<li style='margin-bottom: 5px;'>Construcci\u00f3n optimizada para vientos hasta 110 MPH<\/li>\n<\/ul><\/div>\n<\/p><\/div>\n<\/p><\/div>\n<p> <!-- Separador --> <\/p>\n<hr style='border: 0; border-top: 1px solid rgba(150&comma; 150&comma; 150&comma; 0.3); margin: 30px 0;'> <\/div>\n","protected":false},"excerpt":{"rendered":"<p>Secci\u00f3n 10 Base para Torre Autosoportada l\u00ednea SSV (C\u00f3digo de F\u00e1brica: 10N183)<\/p>\n","protected":false},"featured_media":65537,"comment_status":"open","ping_status":"closed","template":"","meta":[],"product_brand":[],"product_cat":[1713],"product_tag":[1899,1714,246],"class_list":{"0":"post-65538","1":"product","2":"type-product","3":"status-publish","4":"has-post-thumbnail","6":"product_cat-torres-autosoportadas","7":"product_tag-rohn","8":"product_tag-torres-autosoportadas","9":"product_tag-torres-y-mastiles","11":"first","12":"outofstock","13":"sale","14":"shipping-taxable","15":"purchasable","16":"product-type-simple"},"_links":{"self":[{"href":"https:\/\/soydeaqui.ddns.net\/pachuca\/index.php\/wp-json\/wp\/v2\/product\/65538","targetHints":{"allow":["GET"]}}],"collection":[{"href":"https:\/\/soydeaqui.ddns.net\/pachuca\/index.php\/wp-json\/wp\/v2\/product"}],"about":[{"href":"https:\/\/soydeaqui.ddns.net\/pachuca\/index.php\/wp-json\/wp\/v2\/types\/product"}],"replies":[{"embeddable":true,"href":"https:\/\/soydeaqui.ddns.net\/pachuca\/index.php\/wp-json\/wp\/v2\/comments?post=65538"}],"wp:featuredmedia":[{"embeddable":true,"href":"https:\/\/soydeaqui.ddns.net\/pachuca\/index.php\/wp-json\/wp\/v2\/media\/65537"}],"wp:attachment":[{"href":"https:\/\/soydeaqui.ddns.net\/pachuca\/index.php\/wp-json\/wp\/v2\/media?parent=65538"}],"wp:term":[{"taxonomy":"product_brand","embeddable":true,"href":"https:\/\/soydeaqui.ddns.net\/pachuca\/index.php\/wp-json\/wp\/v2\/product_brand?post=65538"},{"taxonomy":"product_cat","embeddable":true,"href":"https:\/\/soydeaqui.ddns.net\/pachuca\/index.php\/wp-json\/wp\/v2\/product_cat?post=65538"},{"taxonomy":"product_tag","embeddable":true,"href":"https:\/\/soydeaqui.ddns.net\/pachuca\/index.php\/wp-json\/wp\/v2\/product_tag?post=65538"}],"curies":[{"name":"wp","href":"https:\/\/api.w.org\/{rel}","templated":true}]}}