{"id":65525,"date":"2026-03-19T08:25:35","date_gmt":"2026-03-19T08:25:35","guid":{"rendered":"https:\/\/soydeaqui.ddns.net\/pachuca\/index.php\/producto\/antena-para-base-repetidor-de-fibra-de-vidrio-para-vhf-de-1-seccion-a-5-8-de-onda\/"},"modified":"2026-03-19T08:25:38","modified_gmt":"2026-03-19T08:25:38","slug":"antena-para-base-repetidor-de-fibra-de-vidrio-para-vhf-de-1-seccion-a-5-8-de-onda","status":"publish","type":"product","link":"https:\/\/soydeaqui.ddns.net\/pachuca\/index.php\/producto\/antena-para-base-repetidor-de-fibra-de-vidrio-para-vhf-de-1-seccion-a-5-8-de-onda\/","title":{"rendered":"Antena para base\/repetidor de fibra de vidrio para VHF de 1 secci\u00f3n a 5\/8 de onda"},"content":{"rendered":"<div style='width: 100%; max-width: 1200px; margin: 0 auto; font-family: sans-serif; line-height: 1.6; color: inherit; background-color: transparent;'> <!-- Secci\u00f3n de caracter\u00edsticas --> <\/p>\n<div style='display: flex; flex-wrap: wrap; gap: 30px; margin-bottom: 30px;'>\n<div style='flex: 1 1 300px; min-width: 280px;'>\n<h3 style='font-size: 22px; border-bottom: 2px solid currentColor; padding-bottom: 5px; margin-top: 0; color: inherit; opacity: 0.8;'>Caracter\u00edsticas t\u00e9cnicas<\/h3>\n<ul style='padding-left: 20px; font-size: 15px; color: inherit;'>\n<li style='margin-bottom: 5px;'><strong>Rango de Frecuencia:<\/strong> 134-184 MHz <em>(Requiere ajuste a la frecuencia de operaci\u00f3n)<\/em><\/li>\n<li style='margin-bottom: 5px;'><strong>Ganancia:<\/strong> 4.5 dB<\/li>\n<li style='margin-bottom: 5px;'><strong>Ancho de Banda:<\/strong> 5 MHz<\/li>\n<li style='margin-bottom: 5px;'><strong>Potencia:<\/strong> 200 Watts<\/li>\n<li style='margin-bottom: 5px;'><strong>Conector:<\/strong> UHF Hembra<\/li>\n<li style='margin-bottom: 5px;'><strong>Longitud:<\/strong> 1.7 m<\/li>\n<li style='margin-bottom: 5px;'><strong>Peso:<\/strong> 1.1 Kg<\/li>\n<li style='margin-bottom: 5px;'><strong>Resistencia al viento:<\/strong> 217 km\/h<\/li>\n<\/ul><\/div>\n<\/p><\/div>\n<p> <!-- Secci\u00f3n de descripci\u00f3n --> <\/p>\n<div style='display: flex; flex-wrap: wrap; gap: 30px; margin-bottom: 30px;'>\n<div style='flex: 1 1 300px; min-width: 280px;'>\n<h3 style='font-size: 22px; border-bottom: 2px solid currentColor; padding-bottom: 5px; margin-top: 0; color: inherit; opacity: 0.8;'>Descripci\u00f3n<\/h3>\n<p style='font-size: 15px; color: inherit; margin: 0;'>El modelo 1487 de la marca TRAM es una antena VHF ideal para radio bases y repetidores. Es una antena ajustable de 1 secci\u00f3n construida en Fibra de vidrio&comma; esto la hace una excelente opci\u00f3n para lugares con altos \u00edndices de humedad.<\/p>\n<\/p><\/div>\n<\/p><\/div>\n<\/p><\/div>\n","protected":false},"excerpt":{"rendered":"<p>Antena para base\/repetidor de fibra de vidrio para VHF de 1 secci\u00f3n a 5\/8 de onda<\/p>\n","protected":false},"featured_media":65524,"comment_status":"open","ping_status":"closed","template":"","meta":[],"product_brand":[],"product_cat":[1686],"product_tag":[1404,1687,1901],"class_list":{"0":"post-65525","1":"product","2":"type-product","3":"status-publish","4":"has-post-thumbnail","6":"product_cat-estaciones-base-y-repetidores","7":"product_tag-antenas","8":"product_tag-estaciones-base-y-repetidores","9":"product_tag-tram-browning","11":"first","12":"instock","13":"sale","14":"shipping-taxable","15":"purchasable","16":"product-type-simple"},"_links":{"self":[{"href":"https:\/\/soydeaqui.ddns.net\/pachuca\/index.php\/wp-json\/wp\/v2\/product\/65525","targetHints":{"allow":["GET"]}}],"collection":[{"href":"https:\/\/soydeaqui.ddns.net\/pachuca\/index.php\/wp-json\/wp\/v2\/product"}],"about":[{"href":"https:\/\/soydeaqui.ddns.net\/pachuca\/index.php\/wp-json\/wp\/v2\/types\/product"}],"replies":[{"embeddable":true,"href":"https:\/\/soydeaqui.ddns.net\/pachuca\/index.php\/wp-json\/wp\/v2\/comments?post=65525"}],"wp:featuredmedia":[{"embeddable":true,"href":"https:\/\/soydeaqui.ddns.net\/pachuca\/index.php\/wp-json\/wp\/v2\/media\/65524"}],"wp:attachment":[{"href":"https:\/\/soydeaqui.ddns.net\/pachuca\/index.php\/wp-json\/wp\/v2\/media?parent=65525"}],"wp:term":[{"taxonomy":"product_brand","embeddable":true,"href":"https:\/\/soydeaqui.ddns.net\/pachuca\/index.php\/wp-json\/wp\/v2\/product_brand?post=65525"},{"taxonomy":"product_cat","embeddable":true,"href":"https:\/\/soydeaqui.ddns.net\/pachuca\/index.php\/wp-json\/wp\/v2\/product_cat?post=65525"},{"taxonomy":"product_tag","embeddable":true,"href":"https:\/\/soydeaqui.ddns.net\/pachuca\/index.php\/wp-json\/wp\/v2\/product_tag?post=65525"}],"curies":[{"name":"wp","href":"https:\/\/api.w.org\/{rel}","templated":true}]}}