{"id":65523,"date":"2026-03-19T08:25:32","date_gmt":"2026-03-19T08:25:32","guid":{"rendered":"https:\/\/soydeaqui.ddns.net\/pachuca\/index.php\/producto\/cargador-de-bateria-plomo-acido-24-volts-20-amps\/"},"modified":"2026-03-19T08:25:34","modified_gmt":"2026-03-19T08:25:34","slug":"cargador-de-bateria-plomo-acido-24-volts-20-amps","status":"publish","type":"product","link":"https:\/\/soydeaqui.ddns.net\/pachuca\/index.php\/producto\/cargador-de-bateria-plomo-acido-24-volts-20-amps\/","title":{"rendered":"Cargador de Bater\u00eda Plomo \u00c1cido 24 Volts, 20 Amps"},"content":{"rendered":"<div style='width: 100%; max-width: 1200px; margin: 0 auto; font-family: sans-serif; line-height: 1.6; color: inherit; background-color: transparent;'>\n<div style='display: flex; flex-direction: column; align-items: center; margin-bottom: 30px;'> <img style='width: 100%; max-width: 1000px; height: auto; border: 1px solid rgba(150&comma;150&comma;150&comma;0.3); border-radius: 8px;' src='https:\/\/ftp3.syscom.mx\/usuarios\/sapodaca\/Newmar\/Newmar.png' alt=''> <\/p>\n<h1 style='font-size: 24px; color: #2880b9; margin: 20px 0 0 0; text-align: center;'>CARGADORES DE BATER\u00cdAS<\/h1>\n<\/p><\/div>\n<div style='margin-bottom: 30px; font-size: 15px;'>\n<p style='margin-bottom: 15px; color: inherit;'>Tecnolog\u00eda de carga de bater\u00eda &#8216;inteligente&#8217; para sistemas de 24 y 32 voltios. Estos cargadores interact\u00faan con las bater\u00edas proporcionando el proceso \u00f3ptimo de carga en tres etapas para una r\u00e1pida recuperaci\u00f3n y acondicionamiento&comma; maximizando el rendimiento y extendiendo la vida de la bater\u00eda.<\/p>\n<p style='margin-bottom: 15px; color: inherit;'>Un interruptor selector ajusta el voltaje de salida para adaptarse a los tipos de bater\u00edas de gel-plomo \/ plomo-\u00e1cido inundado \/ AGM. Un sensor de compensaci\u00f3n de temperatura opcional tambi\u00e9n ajusta la salida para el voltaje ideal en funci\u00f3n de los cambios en la temperatura ambiente de las bater\u00edas. Todos los modelos est\u00e1n alojados en una resistente carcasa de acero inoxidable con un acabado duradero de pintura en polvo blanca&comma; y el circuito interno est\u00e1 recubierto de poliuretano para una m\u00e1xima resistencia a la corrosi\u00f3n.<\/p>\n<\/p><\/div>\n<div style='margin-bottom: 30px;'>\n<h3 style='font-size: 22px; border-bottom: 2px solid currentColor; padding-bottom: 5px; margin-top: 0; color: inherit; opacity: 0.8;'>Caracter\u00edsticas<\/h3>\n<ul style='padding-left: 20px; margin-top: 15px; font-size: 15px; color: inherit;'>\n<li style='margin-bottom: 8px;'>El circuito &#8216;inteligente&#8217; proporciona carga en tres etapas: a granel&comma; absorci\u00f3n&comma; flotaci\u00f3n<\/li>\n<li style='margin-bottom: 8px;'>El interruptor del tipo de bater\u00eda de celda de gel \/ plomo-\u00e1cido inundado \/ AGM selecciona los voltajes \u00f3ptimos de carga \/ flotaci\u00f3n<\/li>\n<li style='margin-bottom: 8px;'>M\u00faltiples bancos de salida aislados; amper\u00edmetro indica corriente de salida total<\/li>\n<li style='margin-bottom: 8px;'>El sensor opcional ajusta el voltaje de salida seg\u00fan la temperatura de la bater\u00eda<\/li>\n<li style='margin-bottom: 8px;'>Limitaci\u00f3n de corriente: evita da\u00f1os por sobrecarga<\/li>\n<li style='margin-bottom: 8px;'>Usar como fuente de alimentaci\u00f3n; puede alimentar cargas sin una bater\u00eda en l\u00ednea<\/li>\n<li style='margin-bottom: 8px;'>Construido para durar: resistente carcasa de acero inoxidable con un acabado en polvo blanco duradero con un protector contra goteo opcional y circuitos internos marinados<\/li>\n<li style='margin-bottom: 8px;'>Protecci\u00f3n: limitaci\u00f3n de corriente&comma; protecci\u00f3n t\u00e9rmica&comma; refrigeraci\u00f3n por aire forzado&comma; protecci\u00f3n contra goteo<\/li>\n<li style='margin-bottom: 8px;'>Instalar junto con PT-MCU para control y monitoreo adicionales<\/li>\n<li style='margin-bottom: 8px;'>Aprobaci\u00f3n de tipo ABS para carga de bater\u00eda y fuentes de alimentaci\u00f3n<\/li>\n<\/ul><\/div>\n<div style='display: flex; flex-wrap: wrap; gap: 20px; justify-content: center; margin-bottom: 30px;'> <img style='width: 100%; max-width: 900px; height: auto; border: 1px solid rgba(150&comma;150&comma;150&comma;0.3); border-radius: 8px;' src='https:\/\/ftp3.syscom.mx\/usuarios\/sapodaca\/Newmar\/Especificaciones%20.png' alt=''> <img style='width: 100%; max-width: 835px; height: auto; border: 1px solid rgba(150&comma;150&comma;150&comma;0.3); border-radius: 8px;' src='http:\/\/ftp3.syscom.mx\/usuarios\/sapodaca\/Newmar\/Ref.Cumplimiento.png' alt=''> <\/div>\n<div style='margin-bottom: 30px;'>\n<div style='background-color: rgba(231&comma; 76&comma; 60&comma; 0.1); border-left: 4px solid #e74c3c; padding: 15px; border-radius: 4px;'>\n<p style='margin: 0; font-weight: bold; color: #e74c3c; font-size: 14px;'>Nota:<\/p>\n<p style='margin: 8px 0 0 0; color: inherit; font-size: 14px;'>Producto Bajo Pedido&comma; pregunte por tiempo de entrega<\/p>\n<\/p><\/div>\n<\/p><\/div>\n<\/p><\/div>\n","protected":false},"excerpt":{"rendered":"<p>Cargador de Bater\u00eda Plomo \u00c1cido 24 Volts, 20 Amps<\/p>\n","protected":false},"featured_media":65522,"comment_status":"open","ping_status":"closed","template":"","meta":[],"product_brand":[],"product_cat":[1171],"product_tag":[1173,1338,1172],"class_list":{"0":"post-65523","1":"product","2":"type-product","3":"status-publish","4":"has-post-thumbnail","6":"product_cat-fuentes-cargadores","7":"product_tag-fuentes-cargadores","8":"product_tag-newmar","9":"product_tag-soluciones-marinas","11":"first","12":"outofstock","13":"sale","14":"shipping-taxable","15":"purchasable","16":"product-type-simple"},"_links":{"self":[{"href":"https:\/\/soydeaqui.ddns.net\/pachuca\/index.php\/wp-json\/wp\/v2\/product\/65523","targetHints":{"allow":["GET"]}}],"collection":[{"href":"https:\/\/soydeaqui.ddns.net\/pachuca\/index.php\/wp-json\/wp\/v2\/product"}],"about":[{"href":"https:\/\/soydeaqui.ddns.net\/pachuca\/index.php\/wp-json\/wp\/v2\/types\/product"}],"replies":[{"embeddable":true,"href":"https:\/\/soydeaqui.ddns.net\/pachuca\/index.php\/wp-json\/wp\/v2\/comments?post=65523"}],"wp:featuredmedia":[{"embeddable":true,"href":"https:\/\/soydeaqui.ddns.net\/pachuca\/index.php\/wp-json\/wp\/v2\/media\/65522"}],"wp:attachment":[{"href":"https:\/\/soydeaqui.ddns.net\/pachuca\/index.php\/wp-json\/wp\/v2\/media?parent=65523"}],"wp:term":[{"taxonomy":"product_brand","embeddable":true,"href":"https:\/\/soydeaqui.ddns.net\/pachuca\/index.php\/wp-json\/wp\/v2\/product_brand?post=65523"},{"taxonomy":"product_cat","embeddable":true,"href":"https:\/\/soydeaqui.ddns.net\/pachuca\/index.php\/wp-json\/wp\/v2\/product_cat?post=65523"},{"taxonomy":"product_tag","embeddable":true,"href":"https:\/\/soydeaqui.ddns.net\/pachuca\/index.php\/wp-json\/wp\/v2\/product_tag?post=65523"}],"curies":[{"name":"wp","href":"https:\/\/api.w.org\/{rel}","templated":true}]}}