{"id":65513,"date":"2026-03-19T08:25:07","date_gmt":"2026-03-19T08:25:07","guid":{"rendered":"https:\/\/soydeaqui.ddns.net\/pachuca\/index.php\/producto\/radio-portatil-marino-6-w-de-potencia-rf-sumergible-ipx8-700mw-de-potencia-de-audio-rango-de-frecuencia-tx156-025-157-425mhz-rx156-050-163-275mhz-incluye-bateria-antena-clip-cargador-cable\/"},"modified":"2026-03-19T08:25:27","modified_gmt":"2026-03-19T08:25:27","slug":"radio-portatil-marino-6-w-de-potencia-rf-sumergible-ipx8-700mw-de-potencia-de-audio-rango-de-frecuencia-tx156-025-157-425mhz-rx156-050-163-275mhz-incluye-bateria-antena-clip-cargador-cable","status":"publish","type":"product","link":"https:\/\/soydeaqui.ddns.net\/pachuca\/index.php\/producto\/radio-portatil-marino-6-w-de-potencia-rf-sumergible-ipx8-700mw-de-potencia-de-audio-rango-de-frecuencia-tx156-025-157-425mhz-rx156-050-163-275mhz-incluye-bateria-antena-clip-cargador-cable\/","title":{"rendered":"Radio port\u00e1til marino, 6 W de potencia RF, sumergible IPX8, 700mW de potencia de audio, rango de frecuencia Tx:156.025-157.425MHz, Rx:156.050-163.275MHz. Incluye Bater\u00eda, antena, clip, cargador, cable de encendedor y correa."},"content":{"rendered":"<div style='width: 100%; max-width: 1200px; margin: 0 auto; font-family: sans-serif; line-height: 1.6; color: inherit; background-color: transparent;'>\n<div style='display: flex; flex-wrap: wrap; justify-content: center; margin-bottom: 30px;'>\n<div style='flex: 0 0 100%; max-width: 600px; text-align: center;'> <img style='width: 100%; height: auto; border: 1px solid rgba(150&comma;150&comma;150&comma;0.3); border-radius: 8px;' src='https:\/\/ftp3.syscom.mx\/usuarios\/ftp\/single_page\/ICOM73\/Icom.png' alt='Icom ICM73'> <\/div>\n<\/p><\/div>\n<div style='display: flex; flex-wrap: wrap; margin-bottom: 30px;'>\n<div style='flex: 0 0 100%; position: relative;'>\n<div style='background-image: url('https:\/\/ftp3.syscom.mx\/usuarios\/ftp\/single_page\/ICOM73\/fondo1.jpg'); border-radius: 15px; background-repeat: repeat; background-attachment: fixed; width: 100%; height: 100%;'> <img style='width: 100%; height: auto; border: 1px solid rgba(150&comma;150&comma;150&comma;0.3); border-radius: 8px;' src='https:\/\/ftp3.syscom.mx\/usuarios\/ftp\/single_page\/ICOM73\/fondo2.png' alt='Fondo'> <\/div>\n<\/p><\/div>\n<\/p><\/div>\n<div style='display: flex; flex-wrap: wrap; gap: 30px; margin-bottom: 30px;'>\n<div style='flex: 1 1 300px; min-width: 280px; text-align: center;'> <img style='width: 100%; height: auto; border: 1px solid rgba(150&comma;150&comma;150&comma;0.3); border-radius: 8px;' src='https:\/\/ftp3.syscom.mx\/usuarios\/ftp\/single_page\/ICOM73\/i-700.png' alt='Potente audio'> <\/p>\n<p style='margin-top: 10px; font-size: 15px; color: inherit;'>Potente audio 700 mW<\/p>\n<\/p><\/div>\n<div style='flex: 1 1 300px; min-width: 280px; text-align: center;'> <img style='width: 100%; height: auto; border: 1px solid rgba(150&comma;150&comma;150&comma;0.3); border-radius: 8px;' src='https:\/\/ftp3.syscom.mx\/usuarios\/ftp\/single_page\/ICOM73\/i-6w.png' alt='Potencia RF'> <\/p>\n<p style='margin-top: 10px; font-size: 15px; color: inherit;'>Potencia de salida RF de 6W<\/p>\n<\/p><\/div>\n<div style='flex: 1 1 300px; min-width: 280px; text-align: center;'> <img style='width: 100%; height: auto; border: 1px solid rgba(150&comma;150&comma;150&comma;0.3); border-radius: 8px;' src='https:\/\/ftp3.syscom.mx\/usuarios\/ftp\/single_page\/ICOM73\/i-px8.png' alt='Resistencia al agua'> <\/p>\n<p style='margin-top: 10px; font-size: 15px; color: inherit;'>Resistencia al agua avanzada IPX8<\/p>\n<\/p><\/div>\n<\/p><\/div>\n<div style='display: flex; flex-wrap: wrap; gap: 30px; margin-bottom: 30px;'>\n<div style='flex: 1 1 400px; min-width: 300px;'>\n<h3 style='font-size: 22px; border-bottom: 2px solid currentColor; padding-bottom: 5px; margin-top: 0; color: inherit; opacity: 0.8;'>Caracter\u00edsticas<\/h3>\n<ul style='padding-left: 20px; font-size: 15px; color: inherit;'>\n<li style='margin-bottom: 5px;'>Hasta 6 Watts de potencia de RF para un mayor alcance.<\/li>\n<li style='margin-bottom: 5px;'>Monitoreo doble y triple del canal 16.<\/li>\n<li style='margin-bottom: 5px;'>Cuenta con 4 niveles de indicadores de bater\u00eda.<\/li>\n<li style='margin-bottom: 5px;'>Utiliza un amplificador de audio interno para una mayor potencia en la se\u00f1al de audio recibida.<\/li>\n<li style='margin-bottom: 5px;'>Protecci\u00f3n impermeable IPX8&comma; soporta sumergido 1 m por 30 minutos.<\/li>\n<li style='margin-bottom: 5px;'>Chasis de aluminio troquelado&comma; con dise\u00f1o ergon\u00f3mico de f\u00e1cil agarre.<\/li>\n<li style='margin-bottom: 5px;'>Funci\u00f3n AquaQuake&comma; permite drenar el agua de la rejilla de bocina.<\/li>\n<li style='margin-bottom: 5px;'>Canales internacionales&comma; Estados Unidos de Am\u00e9rica y Canad\u00e1.<\/li>\n<li style='margin-bottom: 5px;'>Cable adaptador para prograci\u00f3n&comma; OPC-922.<\/li>\n<\/ul><\/div>\n<div style='flex: 1 1 400px; min-width: 300px; text-align: center;'> <img style='width: 100%; height: auto; border: 1px solid rgba(150&comma;150&comma;150&comma;0.3); border-radius: 8px;' src='https:\/\/ftp3.syscom.mx\/usuarios\/ftp\/single_page\/ICOM73\/radio2.png' alt='Radio port\u00e1til'> <\/div>\n<\/p><\/div>\n<div style='display: flex; flex-wrap: wrap; gap: 30px; margin-bottom: 30px;'>\n<div style='flex: 1 1 400px; min-width: 300px; text-align: center;'> <img style='width: 100%; height: auto; border: 1px solid rgba(150&comma;150&comma;150&comma;0.3); border-radius: 8px;' src='https:\/\/ftp3.syscom.mx\/usuarios\/ftp\/single_page\/ICOM73\/ICM73cargador.png' alt='Cargador'> <\/div>\n<div style='flex: 1 1 400px; min-width: 300px;'>\n<h3 style='font-size: 22px; border-bottom: 2px solid currentColor; padding-bottom: 5px; margin-top: 0; color: inherit; opacity: 0.8;'>Incluye<\/h3>\n<ul style='padding-left: 20px; font-size: 15px; color: inherit;'>\n<li style='margin-bottom: 5px;'>Bater\u00eda BP-245H<\/li>\n<li style='margin-bottom: 5px;'>Antena FA-S64V<\/li>\n<li style='margin-bottom: 5px;'>Clip MB-103<\/li>\n<li style='margin-bottom: 5px;'>Cargador r\u00e1pido BC-210<\/li>\n<li style='margin-bottom: 5px;'>Cable de encendedor<\/li>\n<li style='margin-bottom: 5px;'>Correa de mano<\/li>\n<\/ul>\n<div style='margin-top: 20px; font-size: 15px; color: inherit;'>\n<p style='margin: 5px 0; font-weight: 600;'>Dimensiones: 52.5 x 125 x 30 mm.<\/p>\n<p style='margin: 5px 0; font-weight: 600;'>Peso: 320 g.<\/p>\n<\/p><\/div>\n<\/p><\/div>\n<\/p><\/div>\n<\/p><\/div>\n","protected":false},"excerpt":{"rendered":"<p>Radio port\u00e1til marino, 6 W de potencia RF, sumergible IPX8, 700mW de potencia de audio, rango de frecuencia Tx:156.025-157.425MHz, Rx:156.050-163.275MHz. Incluye Bater\u00eda, antena, clip, cargador, cable de encendedor y correa.<\/p>\n","protected":false},"featured_media":65512,"comment_status":"open","ping_status":"closed","template":"","meta":[],"product_brand":[],"product_cat":[1285],"product_tag":[1288,1287,1286],"class_list":{"0":"post-65513","1":"product","2":"type-product","3":"status-publish","4":"has-post-thumbnail","6":"product_cat-portatiles","7":"product_tag-icom","8":"product_tag-portatiles","9":"product_tag-radios-marinos","11":"first","12":"instock","13":"sale","14":"shipping-taxable","15":"purchasable","16":"product-type-simple"},"_links":{"self":[{"href":"https:\/\/soydeaqui.ddns.net\/pachuca\/index.php\/wp-json\/wp\/v2\/product\/65513","targetHints":{"allow":["GET"]}}],"collection":[{"href":"https:\/\/soydeaqui.ddns.net\/pachuca\/index.php\/wp-json\/wp\/v2\/product"}],"about":[{"href":"https:\/\/soydeaqui.ddns.net\/pachuca\/index.php\/wp-json\/wp\/v2\/types\/product"}],"replies":[{"embeddable":true,"href":"https:\/\/soydeaqui.ddns.net\/pachuca\/index.php\/wp-json\/wp\/v2\/comments?post=65513"}],"wp:featuredmedia":[{"embeddable":true,"href":"https:\/\/soydeaqui.ddns.net\/pachuca\/index.php\/wp-json\/wp\/v2\/media\/65512"}],"wp:attachment":[{"href":"https:\/\/soydeaqui.ddns.net\/pachuca\/index.php\/wp-json\/wp\/v2\/media?parent=65513"}],"wp:term":[{"taxonomy":"product_brand","embeddable":true,"href":"https:\/\/soydeaqui.ddns.net\/pachuca\/index.php\/wp-json\/wp\/v2\/product_brand?post=65513"},{"taxonomy":"product_cat","embeddable":true,"href":"https:\/\/soydeaqui.ddns.net\/pachuca\/index.php\/wp-json\/wp\/v2\/product_cat?post=65513"},{"taxonomy":"product_tag","embeddable":true,"href":"https:\/\/soydeaqui.ddns.net\/pachuca\/index.php\/wp-json\/wp\/v2\/product_tag?post=65513"}],"curies":[{"name":"wp","href":"https:\/\/api.w.org\/{rel}","templated":true}]}}