{"id":65511,"date":"2026-03-19T08:25:03","date_gmt":"2026-03-19T08:25:03","guid":{"rendered":"https:\/\/soydeaqui.ddns.net\/pachuca\/index.php\/producto\/fuente-de-poder-astron-regulada-montaje-en-rack-ent-220-vca-sal-13-8vcc-35a-con-circuito-de-respaldo-bajo-pedido\/"},"modified":"2026-03-19T08:25:05","modified_gmt":"2026-03-19T08:25:05","slug":"fuente-de-poder-astron-regulada-montaje-en-rack-ent-220-vca-sal-13-8vcc-35a-con-circuito-de-respaldo-bajo-pedido","status":"publish","type":"product","link":"https:\/\/soydeaqui.ddns.net\/pachuca\/index.php\/producto\/fuente-de-poder-astron-regulada-montaje-en-rack-ent-220-vca-sal-13-8vcc-35a-con-circuito-de-respaldo-bajo-pedido\/","title":{"rendered":"Fuente de poder Astron regulada montaje en rack, Ent: 220 Vca, Sal: 13.8Vcc, 35A, con circuito de respaldo. (Bajo Pedido)"},"content":{"rendered":"<div style='width: 100%; max-width: 1200px; margin: 0 auto; font-family: sans-serif; line-height: 1.6; color: inherit; background-color: transparent;'>\n<div style='display: flex; flex-wrap: wrap; gap: 30px; margin-bottom: 30px;'>\n<div style='flex: 1 1 300px; min-width: 280px;'>\n<h3 style='font-size: 22px; border-bottom: 2px solid currentColor; padding-bottom: 5px; margin-top: 0; color: inherit; opacity: 0.8;'>Especificaciones El\u00e9ctricas<\/h3>\n<ul style='padding-left: 20px; font-size: 15px; color: inherit;'>\n<li style='margin-bottom: 5px;'><strong>Voltaje de Entrada:<\/strong> 220 Vca 50\/60 Hz<\/li>\n<li style='margin-bottom: 5px;'><strong>Voltaje de Salida:<\/strong> 13.8 Vcc \u00b10.05 V<\/li>\n<li style='margin-bottom: 5px;'><strong>Corriente M\u00e1xima:<\/strong> 35 A<\/li>\n<li style='margin-bottom: 5px;'><strong>Corriente Continua:<\/strong> 25 A<\/li>\n<li style='margin-bottom: 5px;'><strong>Rizo:<\/strong> <5 mV pico a pico<\/li>\n<li style='margin-bottom: 5px;'><strong>Protecci\u00f3n:<\/strong> Limitaci\u00f3n de corriente con fold-back y protecci\u00f3n contra sobre voltaje con crowbar<\/li>\n<\/ul><\/div>\n<div style='flex: 1 1 300px; min-width: 280px;'>\n<h3 style='font-size: 22px; border-bottom: 2px solid currentColor; padding-bottom: 5px; margin-top: 0; color: inherit; opacity: 0.8;'>Caracter\u00edsticas F\u00edsicas<\/h3>\n<ul style='padding-left: 20px; font-size: 15px; color: inherit;'>\n<li style='margin-bottom: 5px;'><strong>Factor de Formato:<\/strong> Montaje en rack 19&#8242;<\/li>\n<li style='margin-bottom: 5px;'><strong>Dimensiones:<\/strong> 5\u00bc&#8217; x 19&#8242; x 12\u00bd&#8217; (H x W x D)<\/li>\n<li style='margin-bottom: 5px;'><strong>Peso:<\/strong> 38 lbs<\/li>\n<li style='margin-bottom: 5px;'><strong>Disipaci\u00f3n:<\/strong> Disipador de calor de alta capacidad<\/li>\n<\/ul><\/div>\n<\/p><\/div>\n<div style='display: flex; flex-wrap: wrap; gap: 20px; margin-bottom: 30px;'>\n<div style='flex: 1 1 250px; border: 1px solid rgba(150&comma; 150&comma; 150&comma; 0.4); border-radius: 8px; overflow: hidden; display: flex; flex-direction: column;'>\n<div style='padding: 15px; border-bottom: 1px solid rgba(150&comma; 150&comma; 150&comma; 0.2); font-weight: bold; font-size: 18px; color: inherit;'>Caracter\u00edsticas Adicionales<\/div>\n<div style='padding: 15px; color: inherit;'>\n<ul style='padding-left: 20px; margin: 0; font-size: 14px; list-style-type: disc;'>\n<li style='margin-bottom: 5px;'>Circuito de carga de mantenimiento para bater\u00eda (bater\u00eda no incluida)<\/li>\n<li style='margin-bottom: 5px;'>Cable de alimentaci\u00f3n de tres conductores<\/li>\n<li style='margin-bottom: 5px;'>Regulaci\u00f3n electr\u00f3nica de estado s\u00f3lido<\/li>\n<li style='margin-bottom: 5px;'>Mantiene regulaci\u00f3n y bajo rizo a baja tensi\u00f3n de entrada<\/li>\n<\/ul><\/div>\n<\/p><\/div>\n<div style='flex: 1 1 250px; border: 1px solid rgba(150&comma; 150&comma; 150&comma; 0.4); border-radius: 8px; overflow: hidden; display: flex; flex-direction: column;'>\n<div style='padding: 15px; border-bottom: 1px solid rgba(150&comma; 150&comma; 150&comma; 0.2); font-weight: bold; font-size: 18px; color: inherit;'>Especificaciones de Respaldos<\/div>\n<div style='padding: 15px; color: inherit;'>\n<ul style='padding-left: 20px; margin: 0; font-size: 14px; list-style-type: disc;'>\n<li style='margin-bottom: 5px;'>Circuito de respaldo integrado<\/li>\n<li style='margin-bottom: 5px;'>Protecci\u00f3n contra corriente excesiva<\/li>\n<li style='margin-bottom: 5px;'>Capacidad de operaci\u00f3n en cortocircuito continuo<\/li>\n<\/ul><\/div>\n<\/p><\/div>\n<div style='flex: 1 1 250px; border: 1px solid rgba(150&comma; 150&comma; 150&comma; 0.4); border-radius: 8px; overflow: hidden; display: flex; flex-direction: column;'>\n<div style='padding: 15px; border-bottom: 1px solid rgba(150&comma; 150&comma; 150&comma; 0.2); font-weight: bold; font-size: 18px; color: inherit;'>Informaci\u00f3n General<\/div>\n<div style='padding: 15px; color: inherit;'>\n<ul style='padding-left: 20px; margin: 0; font-size: 14px; list-style-type: disc;'>\n<li style='margin-bottom: 5px;'>Garant\u00eda: 1 a\u00f1o<\/li>\n<li style='margin-bottom: 5px;'>Pa\u00eds de Origen: Estados Unidos<\/li>\n<\/ul><\/div>\n<\/p><\/div>\n<\/p><\/div>\n<hr style='border: 0; border-top: 1px solid rgba(150&comma; 150&comma; 150&comma; 0.3); margin: 30px 0;'> <\/div>\n","protected":false},"excerpt":{"rendered":"<p>Fuente de poder Astron regulada montaje en rack, Ent: 220 Vca, Sal: 13.8Vcc, 35A, con circuito de respaldo. (Bajo Pedido)<\/p>\n","protected":false},"featured_media":65510,"comment_status":"open","ping_status":"closed","template":"","meta":[],"product_brand":[],"product_cat":[874],"product_tag":[1274,142,875],"class_list":{"0":"post-65511","1":"product","2":"type-product","3":"status-publish","4":"has-post-thumbnail","6":"product_cat-fuentes-industriales-de-cd","7":"product_tag-astron","8":"product_tag-energia","9":"product_tag-fuentes-industriales-de-cd","11":"first","12":"outofstock","13":"sale","14":"shipping-taxable","15":"purchasable","16":"product-type-simple"},"_links":{"self":[{"href":"https:\/\/soydeaqui.ddns.net\/pachuca\/index.php\/wp-json\/wp\/v2\/product\/65511","targetHints":{"allow":["GET"]}}],"collection":[{"href":"https:\/\/soydeaqui.ddns.net\/pachuca\/index.php\/wp-json\/wp\/v2\/product"}],"about":[{"href":"https:\/\/soydeaqui.ddns.net\/pachuca\/index.php\/wp-json\/wp\/v2\/types\/product"}],"replies":[{"embeddable":true,"href":"https:\/\/soydeaqui.ddns.net\/pachuca\/index.php\/wp-json\/wp\/v2\/comments?post=65511"}],"wp:featuredmedia":[{"embeddable":true,"href":"https:\/\/soydeaqui.ddns.net\/pachuca\/index.php\/wp-json\/wp\/v2\/media\/65510"}],"wp:attachment":[{"href":"https:\/\/soydeaqui.ddns.net\/pachuca\/index.php\/wp-json\/wp\/v2\/media?parent=65511"}],"wp:term":[{"taxonomy":"product_brand","embeddable":true,"href":"https:\/\/soydeaqui.ddns.net\/pachuca\/index.php\/wp-json\/wp\/v2\/product_brand?post=65511"},{"taxonomy":"product_cat","embeddable":true,"href":"https:\/\/soydeaqui.ddns.net\/pachuca\/index.php\/wp-json\/wp\/v2\/product_cat?post=65511"},{"taxonomy":"product_tag","embeddable":true,"href":"https:\/\/soydeaqui.ddns.net\/pachuca\/index.php\/wp-json\/wp\/v2\/product_tag?post=65511"}],"curies":[{"name":"wp","href":"https:\/\/api.w.org\/{rel}","templated":true}]}}