{"id":6544,"date":"2026-03-18T06:44:33","date_gmt":"2026-03-18T06:44:33","guid":{"rendered":"https:\/\/soydeaqui.ddns.net\/pachuca\/index.php\/producto\/bobina-de-305-metros-1000-pies-2-x-18-awg-cable-blanco-para-aplicaciones-de-alarma-audio-control-de-acceso-certificado-ul-resistente-al-fuego-para-interior\/"},"modified":"2026-03-18T06:44:33","modified_gmt":"2026-03-18T06:44:33","slug":"bobina-de-305-metros-1000-pies-2-x-18-awg-cable-blanco-para-aplicaciones-de-alarma-audio-control-de-acceso-certificado-ul-resistente-al-fuego-para-interior","status":"publish","type":"product","link":"https:\/\/soydeaqui.ddns.net\/pachuca\/index.php\/producto\/bobina-de-305-metros-1000-pies-2-x-18-awg-cable-blanco-para-aplicaciones-de-alarma-audio-control-de-acceso-certificado-ul-resistente-al-fuego-para-interior\/","title":{"rendered":"Bobina de 305 Metros (1000 Pies) \/ 2 x 18 AWG \/ Cable \/ Blanco \/ Para Aplicaciones de Alarma \/ Audio \/ Control de Acceso \/ Certificado UL \/ Resistente al Fuego \/ Para Interior"},"content":{"rendered":"<div style='width: 100%; max-width: 1200px; margin: 0 auto; font-family: sans-serif; line-height: 1.6; color: inherit; background-color: transparent;'>\n<div style='display: flex; flex-wrap: wrap; gap: 30px; margin-bottom: 30px;'>\n<div style='flex: 1 1 300px; min-width: 280px;'>\n<h3 style='font-size: 22px; border-bottom: 2px solid currentColor; padding-bottom: 5px; margin-top: 0; color: inherit; opacity: 0.8;'>Descripci\u00f3n<\/h3>\n<p style='font-size: 15px; color: inherit; margin-bottom: 15px;'>CABLE DE 2 CONDUCTORES CALIBRE 18 CON FORRO BLANCO PARA APLICACIONES EN ALARMAS DE INTRUSION&comma; CONTROL DE ACCESO&comma; INTERFONOS Y TV PORTEROS.<\/p>\n<p style='font-size: 15px; color: inherit; margin-bottom: 15px;'>Los cables de alarma contra incendio VIAKON est\u00e1n dise\u00f1ados para utilizarse en la conexi\u00f3n de equipos contra incendio&comma; tales como: Panel de control&comma; estaciones manuales&comma; sirenas&comma; estrobos&comma; sensores y detectores de humo y calor.<\/p>\n<p style='font-size: 15px; color: inherit; margin-bottom: 15px;'>Cable multiconductor&comma; formado por conductores de cable&comma; aislamiento individual de Policloruro de Vinilo (PVC)&comma; cubierta de Policloruro de Vinilo (PVC) color blanco con propiedades antiflama.<\/p>\n<\/p><\/div>\n<\/p><\/div>\n<div style='display: flex; flex-wrap: wrap; gap: 30px; margin-bottom: 30px;'>\n<div style='flex: 1 1 300px; min-width: 280px;'>\n<h3 style='font-size: 22px; border-bottom: 2px solid currentColor; padding-bottom: 5px; margin-top: 0; color: inherit; opacity: 0.8;'>Aplicaciones<\/h3>\n<ul style='padding-left: 20px; font-size: 15px; color: inherit;'>\n<li style='margin-bottom: 5px;'><strong>Industria:<\/strong> Aplicaciones de control e instrumentaci\u00f3n&comma; v\u00eda se\u00f1ales an\u00e1logas o digitales.<\/li>\n<li style='margin-bottom: 5px;'><strong>Seguridad en control de acceso:<\/strong> conexi\u00f3n del panel de control con accesorios tales como&comma; lectores de proximidad&comma; lectores de huella&comma; chapas y contrachapas magn\u00e9ticas.<\/li>\n<li style='margin-bottom: 5px;'><strong>Seguridad en alarmas:<\/strong> cableados de circuitos perif\u00e9ricos&comma; sensores y sirenas.<\/li>\n<li style='margin-bottom: 5px;'><strong>Seguridad en interfonos y TV porteros:<\/strong> cableados de frente de calle&comma; monitores&comma; interfonos.<\/li>\n<li style='margin-bottom: 5px;'><strong>Audio:<\/strong> Conexi\u00f3n de bocinas y sistemas de audio.<\/li>\n<\/ul><\/div>\n<div style='flex: 1 1 300px; min-width: 280px;'>\n<h3 style='font-size: 22px; border-bottom: 2px solid currentColor; padding-bottom: 5px; margin-top: 0; color: inherit; opacity: 0.8;'>Caracter\u00edsticas<\/h3>\n<ul style='padding-left: 20px; font-size: 15px; color: inherit;'>\n<li style='margin-bottom: 5px;'><strong>Tipo de cable:<\/strong> CMR<\/li>\n<li style='margin-bottom: 5px;'><strong>N\u00famero de conductores:<\/strong> 2<\/li>\n<li style='margin-bottom: 5px;'><strong>Calibre:<\/strong> 18<\/li>\n<li style='margin-bottom: 5px;'><strong>Material:<\/strong> SR-PVC<\/li>\n<li style='margin-bottom: 5px;'><strong>Color externo:<\/strong> Blanco<\/li>\n<li style='margin-bottom: 5px;'><strong>Color interno:<\/strong> Rojo&comma; Negro<\/li>\n<li style='margin-bottom: 5px;'><strong>Prueba de flama Riser:<\/strong> UL 1666 &#8216;Flama Vertical&#8217;<\/li>\n<li style='margin-bottom: 5px;'><strong>Temperatura de operaci\u00f3n:<\/strong> -20\u00b0C a 105\u00b0C<\/li>\n<\/ul><\/div>\n<div style='flex: 1 1 300px; min-width: 280px;'>\n<h3 style='font-size: 22px; border-bottom: 2px solid currentColor; padding-bottom: 5px; margin-top: 0; color: inherit; opacity: 0.8;'>Certificaciones<\/h3>\n<ul style='padding-left: 20px; font-size: 15px; color: inherit;'>\n<li style='margin-bottom: 5px;'><strong>Especificaciones:<\/strong> UL 1424<\/li>\n<li style='margin-bottom: 5px;'><strong>NEC:<\/strong> 800<\/li>\n<\/ul>\n<h3 style='font-size: 22px; border-bottom: 2px solid currentColor; padding-bottom: 5px; margin-top: 25px; margin-bottom: 15px; color: inherit; opacity: 0.8;'>Informaci\u00f3n Adicional<\/h3>\n<p style='font-size: 15px; color: inherit; margin-bottom: 10px;'><strong>Certificaciones:<\/strong> Cables certificados por UL y que cumplen con la prueba RISER que garantiza que el cable no va a ser propagador del incendio de manera vertical (de un piso a otro).<\/p>\n<p style='font-size: 15px; color: inherit;'><strong>Presentaci\u00f3n:<\/strong> Caja de 305 metros.<\/p>\n<\/p><\/div>\n<\/p><\/div>\n<div style='margin-bottom: 30px;'>\n<div style='position: relative; padding-bottom: 56.25%; height: 0; overflow: hidden;'>   <\/div>\n<\/p><\/div>\n<\/p><\/div>\n","protected":false},"excerpt":{"rendered":"<p>Bobina de 305 Metros (1000 Pies) \/ 2 x 18 AWG \/ Cable \/ Blanco \/ Para Aplicaciones de Alarma \/ Audio \/ Control de Acceso \/ Certificado UL \/ Resistente al Fuego \/ Para Interior<\/p>\n","protected":false},"featured_media":6543,"comment_status":"open","ping_status":"closed","template":"","meta":[],"product_brand":[],"product_cat":[137],"product_tag":[138,62,242],"class_list":{"0":"post-6544","1":"product","2":"type-product","3":"status-publish","4":"has-post-thumbnail","6":"product_cat-todos-cables","7":"product_tag-cables","8":"product_tag-todos","9":"product_tag-viakon","11":"first","12":"instock","13":"sale","14":"shipping-taxable","15":"purchasable","16":"product-type-simple"},"_links":{"self":[{"href":"https:\/\/soydeaqui.ddns.net\/pachuca\/index.php\/wp-json\/wp\/v2\/product\/6544","targetHints":{"allow":["GET"]}}],"collection":[{"href":"https:\/\/soydeaqui.ddns.net\/pachuca\/index.php\/wp-json\/wp\/v2\/product"}],"about":[{"href":"https:\/\/soydeaqui.ddns.net\/pachuca\/index.php\/wp-json\/wp\/v2\/types\/product"}],"replies":[{"embeddable":true,"href":"https:\/\/soydeaqui.ddns.net\/pachuca\/index.php\/wp-json\/wp\/v2\/comments?post=6544"}],"wp:featuredmedia":[{"embeddable":true,"href":"https:\/\/soydeaqui.ddns.net\/pachuca\/index.php\/wp-json\/wp\/v2\/media\/6543"}],"wp:attachment":[{"href":"https:\/\/soydeaqui.ddns.net\/pachuca\/index.php\/wp-json\/wp\/v2\/media?parent=6544"}],"wp:term":[{"taxonomy":"product_brand","embeddable":true,"href":"https:\/\/soydeaqui.ddns.net\/pachuca\/index.php\/wp-json\/wp\/v2\/product_brand?post=6544"},{"taxonomy":"product_cat","embeddable":true,"href":"https:\/\/soydeaqui.ddns.net\/pachuca\/index.php\/wp-json\/wp\/v2\/product_cat?post=6544"},{"taxonomy":"product_tag","embeddable":true,"href":"https:\/\/soydeaqui.ddns.net\/pachuca\/index.php\/wp-json\/wp\/v2\/product_tag?post=6544"}],"curies":[{"name":"wp","href":"https:\/\/api.w.org\/{rel}","templated":true}]}}