{"id":65436,"date":"2026-03-19T08:22:18","date_gmt":"2026-03-19T08:22:18","guid":{"rendered":"https:\/\/soydeaqui.ddns.net\/pachuca\/index.php\/producto\/funda-de-piel-reforzada-con-frente-transparente-para-series-nx-5200-nx-5300-y-nx-5400\/"},"modified":"2026-03-19T08:22:18","modified_gmt":"2026-03-19T08:22:18","slug":"funda-de-piel-reforzada-con-frente-transparente-para-series-nx-5200-nx-5300-y-nx-5400","status":"publish","type":"product","link":"https:\/\/soydeaqui.ddns.net\/pachuca\/index.php\/producto\/funda-de-piel-reforzada-con-frente-transparente-para-series-nx-5200-nx-5300-y-nx-5400\/","title":{"rendered":"Funda de Piel Reforzada, con Frente Transparente para series NX-5200, NX-5300 y NX-5400."},"content":{"rendered":"<div style='width: 100%; max-width: 1200px; margin: 0 auto; font-family: sans-serif; line-height: 1.6; color: inherit; background-color: transparent;'>\n<div style='display: flex; flex-wrap: wrap; gap: 30px; margin-bottom: 30px;'>\n<div style='flex: 1 1 300px; min-width: 280px;'>\n<h3 style='font-size: 22px; border-bottom: 2px solid currentColor; padding-bottom: 5px; margin-top: 0; color: inherit; opacity: 0.8;'>Caracter\u00edsticas Generales<\/h3>\n<ul style='padding-left: 20px; font-size: 15px; color: inherit;'>\n<li style='margin-bottom: 5px;'>Funda de piel reforzada para durabilidad<\/li>\n<li style='margin-bottom: 5px;'>Frente transparente para f\u00e1cil visualizaci\u00f3n<\/li>\n<li style='margin-bottom: 5px;'>Dise\u00f1o port\u00e1til y ergon\u00f3mico para comodidad<\/li>\n<li style='margin-bottom: 5px;'>Protecci\u00f3n superior contra impactos externos<\/li>\n<\/ul><\/div>\n<div style='flex: 1 1 300px; min-width: 280px;'>\n<h3 style='font-size: 22px; border-bottom: 2px solid currentColor; padding-bottom: 5px; margin-top: 0; color: inherit; opacity: 0.8;'>Especificaciones T\u00e9cnicas<\/h3>\n<ul style='padding-left: 20px; font-size: 15px; color: inherit;'>\n<li style='margin-bottom: 5px;'><strong>Material externo:<\/strong> Piel vacuno original<\/li>\n<li style='margin-bottom: 5px;'><strong>Material interno:<\/strong> Forro sint\u00e9tico<\/li>\n<li style='margin-bottom: 5px;'><strong>Secciones transparentes:<\/strong> Mica de uso industrial<\/li>\n<li style='margin-bottom: 5px;'><strong>Soporte para bater\u00edas:<\/strong> Neopreno el\u00e1stico<\/li>\n<li style='margin-bottom: 5px;'><strong>Hilo:<\/strong> Nylon de alta resistencia<\/li>\n<li style='margin-bottom: 5px;'><strong>Cerradura:<\/strong> Zipper met\u00e1lico<\/li>\n<li style='margin-bottom: 5px;'><strong>Dimensiones:<\/strong> 58 x 139 x 38.8 mm<\/li>\n<\/ul><\/div>\n<\/p><\/div>\n<div style='display: flex; flex-wrap: wrap; gap: 20px; margin-bottom: 30px;'>\n<div style='flex: 1 1 250px; border: 1px solid rgba(150&comma; 150&comma; 150&comma; 0.4); border-radius: 8px; overflow: hidden; display: flex; flex-direction: column;'>\n<div style='padding: 15px; border-bottom: 1px solid rgba(150&comma; 150&comma; 150&comma; 0.2); font-weight: bold; font-size: 18px; color: inherit;'>Compatibilidad<\/div>\n<div style='padding: 15px; color: inherit;'>\n<ul style='padding-left: 20px; margin: 0; font-size: 14px; list-style-type: disc;'>\n<li style='margin-bottom: 5px;'>Kendwood NX-5200<\/li>\n<li style='margin-bottom: 5px;'>Kendwood NX-5300<\/li>\n<li style='margin-bottom: 5px;'>Kendwood NX-5400<\/li>\n<\/ul><\/div>\n<\/p><\/div>\n<div style='flex: 1 1 250px; border: 1px solid rgba(150&comma; 150&comma; 150&comma; 0.4); border-radius: 8px; overflow: hidden; display: flex; flex-direction: column;'>\n<div style='padding: 15px; border-bottom: 1px solid rgba(150&comma; 150&comma; 150&comma; 0.2); font-weight: bold; font-size: 18px; color: inherit;'>Dise\u00f1o<\/div>\n<div style='padding: 15px; color: inherit;'>\n<ul style='padding-left: 20px; margin: 0; font-size: 14px; list-style-type: disc;'>\n<li style='margin-bottom: 5px;'>Cubierta de pantalla en mica industrial<\/li>\n<li style='margin-bottom: 5px;'>Acceso a controles y clip<\/li>\n<li style='margin-bottom: 5px;'>Zona abierta para bot\u00f3n PTT<\/li>\n<li style='margin-bottom: 5px;'>Perforaciones para bocina<\/li>\n<\/ul><\/div>\n<\/p><\/div>\n<div style='flex: 1 1 250px; border: 1px solid rgba(150&comma; 150&comma; 150&comma; 0.4); border-radius: 8px; overflow: hidden; display: flex; flex-direction: column;'>\n<div style='padding: 15px; border-bottom: 1px solid rgba(150&comma; 150&comma; 150&comma; 0.2); font-weight: bold; font-size: 18px; color: inherit;'>Aplicaciones<\/div>\n<div style='padding: 15px; color: inherit;'>\n<ul style='padding-left: 20px; margin: 0; font-size: 14px; list-style-type: disc;'>\n<li style='margin-bottom: 5px;'>Seguridad p\u00fablica y privada<\/li>\n<li style='margin-bottom: 5px;'>Ambientes hostiles y extremos<\/li>\n<li style='margin-bottom: 5px;'>Trabajo en alta actividad<\/li>\n<\/ul><\/div>\n<\/p><\/div>\n<\/p><\/div>\n<hr style='border: 0; border-top: 1px solid rgba(150&comma; 150&comma; 150&comma; 0.3); margin: 30px 0;'>\n<div style='display: flex; flex-wrap: wrap; gap: 30px; margin-bottom: 30px;'>\n<div style='flex: 1 1 300px; min-width: 280px;'>\n<h3 style='font-size: 22px; border-bottom: 2px solid currentColor; padding-bottom: 5px; margin-top: 0; color: inherit; opacity: 0.8;'>Descripci\u00f3n Detallada<\/h3>\n<p style='font-size: 15px; color: inherit; margin-top: 0;'>Aumente la funcionalidad y confiabilidad de sus radios de dos v\u00edas con las fundas SYSCOM de piel reforzada&comma; producto genuino dise\u00f1ado especialmente para satisfacer la demanda de los usuarios de seguridad p\u00fablica y privada&comma; as\u00ed como de todo tipo donde se trabaje en ambientes hostiles&comma; extremosos y de alta actividad.<\/p>\n<p style='font-size: 15px; color: inherit; margin-top: 0;'>Ofrecen excelente nivel de conveniencia y practicidad&comma; aptas para una amplia variedad de radios con cubierta de pantalla en mica de uso industrial&comma; acceso a los controles y clip&comma; zona abierta para el bot\u00f3n PTT&comma; conector de accesorios y micr\u00f3fono&comma; incluyendo perforaciones para la bocina&comma; fabricadas en piel original vacuno con forro sint\u00e9tico interno&comma; el\u00e1stico para soportar sus respectivas bater\u00edas sin comprometer en lo m\u00e1s m\u00ednimo la calidad de audio.<\/p>\n<\/p><\/div>\n<\/p><\/div>\n<\/p><\/div>\n","protected":false},"excerpt":{"rendered":"<p>Funda de Piel Reforzada, con Frente Transparente para series NX-5200, NX-5300 y NX-5400.<\/p>\n","protected":false},"featured_media":65435,"comment_status":"open","ping_status":"closed","template":"","meta":[],"product_brand":[],"product_cat":[1753],"product_tag":[1579,1724,63],"class_list":{"0":"post-65436","1":"product","2":"type-product","3":"status-publish","4":"has-post-thumbnail","6":"product_cat-fundas-accesorios-para-kenwood","7":"product_tag-accesorios-para-kenwood","8":"product_tag-fundas","9":"product_tag-syscom","11":"first","12":"instock","13":"sale","14":"shipping-taxable","15":"purchasable","16":"product-type-simple"},"_links":{"self":[{"href":"https:\/\/soydeaqui.ddns.net\/pachuca\/index.php\/wp-json\/wp\/v2\/product\/65436","targetHints":{"allow":["GET"]}}],"collection":[{"href":"https:\/\/soydeaqui.ddns.net\/pachuca\/index.php\/wp-json\/wp\/v2\/product"}],"about":[{"href":"https:\/\/soydeaqui.ddns.net\/pachuca\/index.php\/wp-json\/wp\/v2\/types\/product"}],"replies":[{"embeddable":true,"href":"https:\/\/soydeaqui.ddns.net\/pachuca\/index.php\/wp-json\/wp\/v2\/comments?post=65436"}],"wp:featuredmedia":[{"embeddable":true,"href":"https:\/\/soydeaqui.ddns.net\/pachuca\/index.php\/wp-json\/wp\/v2\/media\/65435"}],"wp:attachment":[{"href":"https:\/\/soydeaqui.ddns.net\/pachuca\/index.php\/wp-json\/wp\/v2\/media?parent=65436"}],"wp:term":[{"taxonomy":"product_brand","embeddable":true,"href":"https:\/\/soydeaqui.ddns.net\/pachuca\/index.php\/wp-json\/wp\/v2\/product_brand?post=65436"},{"taxonomy":"product_cat","embeddable":true,"href":"https:\/\/soydeaqui.ddns.net\/pachuca\/index.php\/wp-json\/wp\/v2\/product_cat?post=65436"},{"taxonomy":"product_tag","embeddable":true,"href":"https:\/\/soydeaqui.ddns.net\/pachuca\/index.php\/wp-json\/wp\/v2\/product_tag?post=65436"}],"curies":[{"name":"wp","href":"https:\/\/api.w.org\/{rel}","templated":true}]}}