{"id":65434,"date":"2026-03-19T08:22:14","date_gmt":"2026-03-19T08:22:14","guid":{"rendered":"https:\/\/soydeaqui.ddns.net\/pachuca\/index.php\/producto\/pinzas-para-instalar-conectores-de-compresion-en-cables-rf-400-9913-cnt-400-lmr-400-7810a-rflash-1113\/"},"modified":"2026-03-19T08:22:16","modified_gmt":"2026-03-19T08:22:16","slug":"pinzas-para-instalar-conectores-de-compresion-en-cables-rf-400-9913-cnt-400-lmr-400-7810a-rflash-1113","status":"publish","type":"product","link":"https:\/\/soydeaqui.ddns.net\/pachuca\/index.php\/producto\/pinzas-para-instalar-conectores-de-compresion-en-cables-rf-400-9913-cnt-400-lmr-400-7810a-rflash-1113\/","title":{"rendered":"Pinzas para instalar conectores de compresion en cables RF-400, 9913, CNT-400, LMR-400, 7810A, RFLASH-1113"},"content":{"rendered":"<div style='width: 100%; max-width: 1200px; margin: 0 auto; font-family: sans-serif; line-height: 1.6; color: inherit; background-color: transparent;'> <!-- Secci\u00f3n de caracter\u00edsticas principales --> <\/p>\n<div style='display: flex; flex-wrap: wrap; gap: 30px; margin-bottom: 30px;'>\n<div style='flex: 1 1 300px; min-width: 280px;'>\n<h3 style='font-size: 22px; border-bottom: 2px solid currentColor; padding-bottom: 5px; margin-top: 0; color: inherit; opacity: 0.8;'>Caracter\u00edsticas Principales<\/h3>\n<ul style='padding-left: 20px; font-size: 15px; color: inherit;'>\n<li style='margin-bottom: 5px;'>Dise\u00f1ado para ofrecer excelentes resultados en entornos agresivos<\/li>\n<li style='margin-bottom: 5px;'>Instalaci\u00f3n r\u00e1pida y segura en campo<\/li>\n<li style='margin-bottom: 5px;'>Dise\u00f1o resistente al agua sin necesidad de sellado externo<\/li>\n<li style='margin-bottom: 5px;'>Tecnolog\u00eda de compresi\u00f3n patentada para conexi\u00f3n estanca<\/li>\n<li style='margin-bottom: 5px;'>Conexi\u00f3n de 360\u00b0 con contacto completo<\/li>\n<li style='margin-bottom: 5px;'>Dise\u00f1o monobloque para instalaciones r\u00e1pidas y consistentes<\/li>\n<li style='margin-bottom: 5px;'>Poste roscado para facilitar la instalaci\u00f3n y mayor sujeci\u00f3n<\/li>\n<\/ul><\/div>\n<\/p><\/div>\n<p> <!-- Secci\u00f3n de especificaciones t\u00e9cnicas --> <\/p>\n<div style='display: flex; flex-wrap: wrap; gap: 30px; margin-bottom: 30px;'>\n<div style='flex: 1 1 300px; min-width: 280px;'>\n<h3 style='font-size: 22px; border-bottom: 2px solid currentColor; padding-bottom: 5px; margin-top: 0; color: inherit; opacity: 0.8;'>Especificaciones T\u00e9cnicas<\/h3>\n<ul style='padding-left: 20px; font-size: 15px; color: inherit;'>\n<li style='margin-bottom: 5px;'><strong>Impedancia:<\/strong> 50 Ohm<\/li>\n<li style='margin-bottom: 5px;'><strong>Rango de Temperatura:<\/strong> -67\u00b0F a +185\u00b0F (-55\u00b0C a +85\u00b0C)<\/li>\n<li style='margin-bottom: 5px;'><strong>Resistencia a la Humedad:<\/strong> MIL-STD-202F&comma; M\u00e9todo 106\u00b0F<\/li>\n<li style='margin-bottom: 5px;'><strong>Resistencia a Impactos:<\/strong> MIL-STD-202F&comma; M\u00e9todo 213B&comma; Condici\u00f3n C<\/li>\n<li style='margin-bottom: 5px;'><strong>Resistencia a la Corrosi\u00f3n:<\/strong> MIL-STD-1344A&comma; M\u00e9todo 1001.1&comma; Condici\u00f3n A<\/li>\n<li style='margin-bottom: 5px;'><strong>Resistencia a Vibraci\u00f3n:<\/strong> IEC 68&comma; Parte 2-6<\/li>\n<li style='margin-bottom: 5px;'><strong>Resistencia a Golpes T\u00e9rmicos:<\/strong> MIL-STD-202F&comma; M\u00e9todo 107G&comma; Condici\u00f3n A-1<\/li>\n<li style='margin-bottom: 5px;'><strong>Resistencia a la Inmersi\u00f3n:<\/strong> IEC 529:1989&comma; IP68 (12&#8217;\/0.31m)<\/li>\n<li style='margin-bottom: 5px;'><strong>Resistencia a Chorro de Agua:<\/strong> IEC 529:1989&comma; IP66<\/li>\n<li style='margin-bottom: 5px;'><strong>Fuerza de Retenci\u00f3n:<\/strong> 200 lbs<\/li>\n<\/ul><\/div>\n<\/p><\/div>\n<p> <!-- Secci\u00f3n de compatibilidad --> <\/p>\n<div style='display: flex; flex-wrap: wrap; gap: 30px; margin-bottom: 30px;'>\n<div style='flex: 1 1 300px; min-width: 280px;'>\n<h3 style='font-size: 22px; border-bottom: 2px solid currentColor; padding-bottom: 5px; margin-top: 0; color: inherit; opacity: 0.8;'>Compatibilidad<\/h3>\n<ul style='padding-left: 20px; font-size: 15px; color: inherit;'>\n<li style='margin-bottom: 5px;'>Cables compatibles: RF-400&comma; 9913&comma; CNT-400&comma; LMR-400&comma; 7810A&comma; RFLASH-1113<\/li>\n<li style='margin-bottom: 5px;'>Conectores compatibles: N Male&comma; 7\/16 DIN Male&comma; TNC Male<\/li>\n<\/ul><\/div>\n<\/p><\/div>\n<p> <!-- Secci\u00f3n de kits y herramientas --> <\/p>\n<div style='display: flex; flex-wrap: wrap; gap: 20px; margin-bottom: 30px;'>\n<div style='flex: 1 1 250px; border: 1px solid rgba(150&comma; 150&comma; 150&comma; 0.4); border-radius: 8px; overflow: hidden; display: flex; flex-direction: column;'>\n<div style='padding: 15px; border-bottom: 1px solid rgba(150&comma; 150&comma; 150&comma; 0.2); font-weight: bold; font-size: 18px; color: inherit;'>Kits Disponibles<\/div>\n<div style='padding: 15px; color: inherit;'>\n<ul style='padding-left: 20px; margin: 0; font-size: 14px; list-style-type: disc; color: inherit;'>\n<li style='margin-bottom: 5px;'>KIT400: Para conectores N con cable LMR\u00ae-400<\/li>\n<li style='margin-bottom: 5px;'>KIT400NT: Para conectores N y TNC con cable LMR\u00ae-400<\/li>\n<li style='margin-bottom: 5px;'>KIT600: Para conectores N con cable LMR\u00ae-600<\/li>\n<\/ul><\/div>\n<\/p><\/div>\n<div style='flex: 1 1 250px; border: 1px solid rgba(150&comma; 150&comma; 150&comma; 0.4); border-radius: 8px; overflow: hidden; display: flex; flex-direction: column;'>\n<div style='padding: 15px; border-bottom: 1px solid rgba(150&comma; 150&comma; 150&comma; 0.2); font-weight: bold; font-size: 18px; color: inherit;'>Herramientas Recomendadas<\/div>\n<div style='padding: 15px; color: inherit;'>\n<ul style='padding-left: 20px; margin: 0; font-size: 14px; list-style-type: disc; color: inherit;'>\n<li style='margin-bottom: 5px;'>VT500: Herramienta de compresi\u00f3n para cable 400<\/li>\n<li style='margin-bottom: 5px;'>VT600: Herramienta de compresi\u00f3n para cable 600<\/li>\n<li style='margin-bottom: 5px;'>SDT400-50: Herramienta de preparaci\u00f3n<\/li>\n<li style='margin-bottom: 5px;'>RC400-50: Herramienta de repuesto<\/li>\n<li style='margin-bottom: 5px;'>Cable Cutter: Cortador de cable<\/li>\n<li style='margin-bottom: 5px;'>MCAP400: Capuch\u00f3n de marcado<\/li>\n<li style='margin-bottom: 5px;'>PEN-50: Marcador<\/li>\n<li style='margin-bottom: 5px;'>RFA-4420: Herramienta de preparaci\u00f3n de conductor central<\/li>\n<li style='margin-bottom: 5px;'>TW1412: Llave de torque para conectores N<\/li>\n<li style='margin-bottom: 5px;'>TW08X14MM: Llave de torque para conectores TNC<\/li>\n<\/ul><\/div>\n<\/p><\/div>\n<\/p><\/div>\n<p> <!-- Separador --> <\/p>\n<hr style='border: 0; border-top: 1px solid rgba(150&comma; 150&comma; 150&comma; 0.3); margin: 30px 0;'> <\/div>\n","protected":false},"excerpt":{"rendered":"<p>Pinzas para instalar conectores de compresion en cables RF-400, 9913, CNT-400, LMR-400, 7810A, RFLASH-1113<\/p>\n","protected":false},"featured_media":65433,"comment_status":"open","ping_status":"closed","template":"","meta":[],"product_brand":[],"product_cat":[1304],"product_tag":[931,1305,1310,1309],"class_list":{"0":"post-65434","1":"product","2":"type-product","3":"status-publish","4":"has-post-thumbnail","6":"product_cat-herramientas-para-cable","7":"product_tag-equipo-de-laboratorio","8":"product_tag-herramientas-para-cable","9":"product_tag-ltd","10":"product_tag-rf-industries","12":"first","13":"outofstock","14":"sale","15":"shipping-taxable","16":"purchasable","17":"product-type-simple"},"_links":{"self":[{"href":"https:\/\/soydeaqui.ddns.net\/pachuca\/index.php\/wp-json\/wp\/v2\/product\/65434","targetHints":{"allow":["GET"]}}],"collection":[{"href":"https:\/\/soydeaqui.ddns.net\/pachuca\/index.php\/wp-json\/wp\/v2\/product"}],"about":[{"href":"https:\/\/soydeaqui.ddns.net\/pachuca\/index.php\/wp-json\/wp\/v2\/types\/product"}],"replies":[{"embeddable":true,"href":"https:\/\/soydeaqui.ddns.net\/pachuca\/index.php\/wp-json\/wp\/v2\/comments?post=65434"}],"wp:featuredmedia":[{"embeddable":true,"href":"https:\/\/soydeaqui.ddns.net\/pachuca\/index.php\/wp-json\/wp\/v2\/media\/65433"}],"wp:attachment":[{"href":"https:\/\/soydeaqui.ddns.net\/pachuca\/index.php\/wp-json\/wp\/v2\/media?parent=65434"}],"wp:term":[{"taxonomy":"product_brand","embeddable":true,"href":"https:\/\/soydeaqui.ddns.net\/pachuca\/index.php\/wp-json\/wp\/v2\/product_brand?post=65434"},{"taxonomy":"product_cat","embeddable":true,"href":"https:\/\/soydeaqui.ddns.net\/pachuca\/index.php\/wp-json\/wp\/v2\/product_cat?post=65434"},{"taxonomy":"product_tag","embeddable":true,"href":"https:\/\/soydeaqui.ddns.net\/pachuca\/index.php\/wp-json\/wp\/v2\/product_tag?post=65434"}],"curies":[{"name":"wp","href":"https:\/\/api.w.org\/{rel}","templated":true}]}}