{"id":65423,"date":"2026-03-19T08:21:44","date_gmt":"2026-03-19T08:21:44","guid":{"rendered":"https:\/\/soydeaqui.ddns.net\/pachuca\/index.php\/producto\/adaptador-de-corriente-para-encendedor-vehicular-para-cargadores-logic-y-endura-para-12-o-24-vcc\/"},"modified":"2026-03-19T08:21:46","modified_gmt":"2026-03-19T08:21:46","slug":"adaptador-de-corriente-para-encendedor-vehicular-para-cargadores-logic-y-endura-para-12-o-24-vcc","status":"publish","type":"product","link":"https:\/\/soydeaqui.ddns.net\/pachuca\/index.php\/producto\/adaptador-de-corriente-para-encendedor-vehicular-para-cargadores-logic-y-endura-para-12-o-24-vcc\/","title":{"rendered":"Adaptador de corriente para encendedor vehicular para cargadores LOGIC y Endura para 12 o 24 Vcc"},"content":{"rendered":"<div style='width: 100%; max-width: 1200px; margin: 0 auto; font-family: sans-serif; line-height: 1.6; color: inherit; background-color: transparent;'> <!-- Secci\u00f3n de caracter\u00edsticas principales --> <\/p>\n<div style='display: flex; flex-wrap: wrap; gap: 30px; margin-bottom: 30px;'>\n<div style='flex: 1 1 300px; min-width: 280px;'>\n<h3 style='font-size: 22px; border-bottom: 2px solid currentColor; padding-bottom: 5px; margin-top: 0; color: inherit; opacity: 0.8;'>Caracter\u00edsticas<\/h3>\n<ul style='padding-left: 20px; font-size: 15px; color: inherit;'>\n<li style='margin-bottom: 5px;'>Adaptador de corriente para encendedor vehicular<\/li>\n<li style='margin-bottom: 5px;'>Compatible con cargadores LOGIC y Endura<\/li>\n<li style='margin-bottom: 5px;'>Operaci\u00f3n en sistemas de 12V o 24V CC<\/li>\n<li style='margin-bottom: 5px;'>Cable en espiral retractil de alta resistencia<\/li>\n<li style='margin-bottom: 5px;'>Fusible reemplazable por el usuario<\/li>\n<li style='margin-bottom: 5px;'>Dise\u00f1ado espec\u00edficamente para uso vehicular<\/li>\n<\/ul><\/div>\n<\/p><\/div>\n<p> <!-- Secci\u00f3n de especificaciones t\u00e9cnicas --> <\/p>\n<div style='display: flex; flex-wrap: wrap; gap: 20px; margin-bottom: 30px;'>\n<div style='flex: 1 1 250px; border: 1px solid rgba(150&comma; 150&comma; 150&comma; 0.4); border-radius: 8px; overflow: hidden; display: flex; flex-direction: column;'>\n<div style='padding: 15px; border-bottom: 1px solid rgba(150&comma; 150&comma; 150&comma; 0.2); font-weight: bold; font-size: 18px; color: inherit;'>Especificaciones T\u00e9cnicas<\/div>\n<div style='padding: 15px; color: inherit;'>\n<ul style='padding-left: 20px; margin: 0; font-size: 14px; list-style-type: disc;'>\n<li style='margin-bottom: 5px;'>Tensi\u00f3n de entrada: 12V o 24V CC<\/li>\n<li style='margin-bottom: 5px;'>Salida: 15V DC 1.0A<\/li>\n<li style='margin-bottom: 5px;'>Dise\u00f1ado para uso en veh\u00edculos<\/li>\n<li style='margin-bottom: 5px;'>Conector: Compatible con cargadores LOGIC y Endura<\/li>\n<li style='margin-bottom: 5px;'>Material: Cable de alta resistencia en espiral retractil<\/li>\n<\/ul><\/div>\n<\/p><\/div>\n<p> <!-- Secci\u00f3n de compatibilidad --> <\/p>\n<div style='flex: 1 1 250px; border: 1px solid rgba(150&comma; 150&comma; 150&comma; 0.4); border-radius: 8px; overflow: hidden; display: flex; flex-direction: column;'>\n<div style='padding: 15px; border-bottom: 1px solid rgba(150&comma; 150&comma; 150&comma; 0.2); font-weight: bold; font-size: 18px; color: inherit;'>Compatibilidad<\/div>\n<div style='padding: 15px; color: inherit;'>\n<ul style='padding-left: 20px; margin: 0; font-size: 14px; list-style-type: disc;'>\n<li style='margin-bottom: 5px;'>Cargadores LOGIC<\/li>\n<li style='margin-bottom: 5px;'>Cargadores Endura TWC1<\/li>\n<li style='margin-bottom: 5px;'>Cargadores Endura TWC1M<\/li>\n<li style='margin-bottom: 5px;'>Cargadores Endura TWC6M<\/li>\n<\/ul><\/div>\n<\/p><\/div>\n<p> <!-- Secci\u00f3n de seguridad y certificaciones --> <\/p>\n<div style='flex: 1 1 250px; border: 1px solid rgba(150&comma; 150&comma; 150&comma; 0.4); border-radius: 8px; overflow: hidden; display: flex; flex-direction: column;'>\n<div style='padding: 15px; border-bottom: 1px solid rgba(150&comma; 150&comma; 150&comma; 0.2); font-weight: bold; font-size: 18px; color: inherit;'>Seguridad y Certificaciones<\/div>\n<div style='padding: 15px; color: inherit;'>\n<ul style='padding-left: 20px; margin: 0; font-size: 14px; list-style-type: disc;'>\n<li style='margin-bottom: 5px;'>Fusible reemplazable para protecci\u00f3n<\/li>\n<li style='margin-bottom: 5px;'>Dise\u00f1o con est\u00e1ndares de seguridad<\/li>\n<\/ul><\/div>\n<\/p><\/div>\n<\/p><\/div>\n<p> <!-- Secci\u00f3n de informaci\u00f3n adicional --> <\/p>\n<div style='margin-bottom: 30px;'>\n<h3 style='font-size: 22px; border-bottom: 2px solid currentColor; padding-bottom: 5px; margin-top: 0; color: inherit; opacity: 0.8;'>Informaci\u00f3n Adicional<\/h3>\n<p style='font-size: 15px; color: inherit; margin-bottom: 15px;'>El adaptador est\u00e1 dise\u00f1ado para ofrecer una soluci\u00f3n de carga confiable en entornos vehiculares. Su cable retractil permite una f\u00e1cil manipulaci\u00f3n y almacenamiento&comma; mientras que el fusible reemplazable proporciona protecci\u00f3n contra sobrecargas.<\/p>\n<p style='font-size: 15px; color: inherit; margin-bottom: 15px;'>Este adaptador permite utilizar los cargadores LOGIC y Endura directamente desde la toma de corriente del veh\u00edculo&comma; facilitando la carga de bater\u00edas de radios bidireccionales en movimiento.<\/p>\n<\/p><\/div>\n<p> <!-- Separador --> <\/p>\n<hr style='border: 0; border-top: 1px solid rgba(150&comma; 150&comma; 150&comma; 0.3); margin: 30px 0;'> <\/div>\n","protected":false},"excerpt":{"rendered":"<p>Adaptador de corriente para encendedor vehicular para cargadores LOGIC y Endura para 12 o 24 Vcc<\/p>\n","protected":false},"featured_media":65422,"comment_status":"open","ping_status":"closed","template":"","meta":[],"product_brand":[],"product_cat":[1667],"product_tag":[1337,1109,1933],"class_list":{"0":"post-65423","1":"product","2":"type-product","3":"status-publish","4":"has-post-thumbnail","6":"product_cat-cargadores-de-baterias-accesorios-para-otras-marcas","7":"product_tag-accesorios-para-otras-marcas","8":"product_tag-cargadores-de-baterias","9":"product_tag-endura","11":"first","12":"outofstock","13":"sale","14":"shipping-taxable","15":"purchasable","16":"product-type-simple"},"_links":{"self":[{"href":"https:\/\/soydeaqui.ddns.net\/pachuca\/index.php\/wp-json\/wp\/v2\/product\/65423","targetHints":{"allow":["GET"]}}],"collection":[{"href":"https:\/\/soydeaqui.ddns.net\/pachuca\/index.php\/wp-json\/wp\/v2\/product"}],"about":[{"href":"https:\/\/soydeaqui.ddns.net\/pachuca\/index.php\/wp-json\/wp\/v2\/types\/product"}],"replies":[{"embeddable":true,"href":"https:\/\/soydeaqui.ddns.net\/pachuca\/index.php\/wp-json\/wp\/v2\/comments?post=65423"}],"wp:featuredmedia":[{"embeddable":true,"href":"https:\/\/soydeaqui.ddns.net\/pachuca\/index.php\/wp-json\/wp\/v2\/media\/65422"}],"wp:attachment":[{"href":"https:\/\/soydeaqui.ddns.net\/pachuca\/index.php\/wp-json\/wp\/v2\/media?parent=65423"}],"wp:term":[{"taxonomy":"product_brand","embeddable":true,"href":"https:\/\/soydeaqui.ddns.net\/pachuca\/index.php\/wp-json\/wp\/v2\/product_brand?post=65423"},{"taxonomy":"product_cat","embeddable":true,"href":"https:\/\/soydeaqui.ddns.net\/pachuca\/index.php\/wp-json\/wp\/v2\/product_cat?post=65423"},{"taxonomy":"product_tag","embeddable":true,"href":"https:\/\/soydeaqui.ddns.net\/pachuca\/index.php\/wp-json\/wp\/v2\/product_tag?post=65423"}],"curies":[{"name":"wp","href":"https:\/\/api.w.org\/{rel}","templated":true}]}}