{"id":65351,"date":"2026-03-19T08:19:00","date_gmt":"2026-03-19T08:19:00","guid":{"rendered":"https:\/\/soydeaqui.ddns.net\/pachuca\/index.php\/producto\/conector-de-compresion-para-hacer-derivaciones-de-cables-espacios-de-250-kcmil-a-2-awg-2-a-6-awg-y-8-a-4-awg\/"},"modified":"2026-03-19T08:19:08","modified_gmt":"2026-03-19T08:19:08","slug":"conector-de-compresion-para-hacer-derivaciones-de-cables-espacios-de-250-kcmil-a-2-awg-2-a-6-awg-y-8-a-4-awg","status":"publish","type":"product","link":"https:\/\/soydeaqui.ddns.net\/pachuca\/index.php\/producto\/conector-de-compresion-para-hacer-derivaciones-de-cables-espacios-de-250-kcmil-a-2-awg-2-a-6-awg-y-8-a-4-awg\/","title":{"rendered":"Conector de Compresi\u00f3n para Hacer Derivaciones de Cables, Espacios de 250 Kcmil a 2 AWG, 2 a 6 AWG, y 8 a 4 AWG"},"content":{"rendered":"<div style='width: 100%; max-width: 1200px; margin: 0 auto; font-family: sans-serif; line-height: 1.6; color: inherit; background-color: transparent;'>\n<div style='display: flex; flex-wrap: wrap; gap: 30px; margin-bottom: 30px;'>\n<div style='flex: 1 1 300px; min-width: 280px;'>\n<h3 style='font-size: 22px; border-bottom: 2px solid currentColor; padding-bottom: 5px; margin-top: 0; color: inherit; opacity: 0.8;'>Aplicaciones<\/h3>\n<ul style='padding-left: 20px; font-size: 15px; color: inherit;'>\n<li style='margin-bottom: 5px;'>Realizar conexiones en paralelo y derivaciones en conductores<\/li>\n<li style='margin-bottom: 5px;'>Tapping en conductores continuos como splice o pigtailing<\/li>\n<li style='margin-bottom: 5px;'>Aplicaciones industriales y de energ\u00eda<\/li>\n<\/ul><\/div>\n<div style='flex: 1 1 300px; min-width: 280px;'>\n<h3 style='font-size: 22px; border-bottom: 2px solid currentColor; padding-bottom: 5px; margin-top: 0; color: inherit; opacity: 0.8;'>Caracter\u00edsticas T\u00e9cnicas<\/h3>\n<ul style='padding-left: 20px; font-size: 15px; color: inherit;'>\n<li style='margin-bottom: 5px;'><strong>Calibre de conductores:<\/strong> 250 kcmil &#8211; 2 AWG<\/li>\n<li style='margin-bottom: 5px;'><strong>Primera derivaci\u00f3n:<\/strong> 2-6 AWG<\/li>\n<li style='margin-bottom: 5px;'><strong>Segunda derivaci\u00f3n:<\/strong> 8-4 AWG<\/li>\n<li style='margin-bottom: 5px;'><strong>Tipo:<\/strong> HTCT<\/li>\n<li style='margin-bottom: 5px;'><strong>Material:<\/strong> Acero inoxidable con cable ties 94V-0<\/li>\n<li style='margin-bottom: 5px;'><strong>Clase:<\/strong> G&comma; H&comma; I y Diesel Locomotive<\/li>\n<li style='margin-bottom: 5px;'><strong>Tensi\u00f3n:<\/strong> Hasta 600 V<\/li>\n<\/ul><\/div>\n<\/p><\/div>\n<div style='display: flex; flex-wrap: wrap; gap: 20px; margin-bottom: 30px;'>\n<div style='flex: 1 1 250px; border: 1px solid rgba(150&comma; 150&comma; 150&comma; 0.4); border-radius: 8px; overflow: hidden; display: flex; flex-direction: column;'>\n<div style='padding: 15px; border-bottom: 1px solid rgba(150&comma; 150&comma; 150&comma; 0.2); font-weight: bold; font-size: 18px; color: inherit;'>Dimensiones<\/div>\n<div style='padding: 15px; color: inherit;'>\n<ul style='padding-left: 20px; margin: 0; font-size: 14px; list-style-type: disc;'>\n<li style='margin-bottom: 5px;'><strong>Largo (L):<\/strong> 1.92&#8242; (48.8 mm)<\/li>\n<li style='margin-bottom: 5px;'><strong>Ancho (W):<\/strong> 0.96&#8242; (24.4 mm)<\/li>\n<li style='margin-bottom: 5px;'><strong>Alto (H):<\/strong> 0.92&#8242; (23.4 mm)<\/li>\n<\/ul><\/div>\n<\/p><\/div>\n<div style='flex: 1 1 250px; border: 1px solid rgba(150&comma; 150&comma; 150&comma; 0.4); border-radius: 8px; overflow: hidden; display: flex; flex-direction: column;'>\n<div style='padding: 15px; border-bottom: 1px solid rgba(150&comma; 150&comma; 150&comma; 0.2); font-weight: bold; font-size: 18px; color: inherit;'>Identificaci\u00f3n<\/div>\n<div style='padding: 15px; color: inherit;'>\n<ul style='padding-left: 20px; margin: 0; font-size: 14px; list-style-type: disc;'>\n<li style='margin-bottom: 5px;'><strong>Color:<\/strong> P\u00farpura<\/li>\n<li style='margin-bottom: 5px;'><strong>N\u00famero de diel\u00e9ctrico:<\/strong> PH25<\/li>\n<\/ul><\/div>\n<\/p><\/div>\n<\/p><\/div>\n<div style='display: flex; flex-wrap: wrap; gap: 20px; margin-bottom: 30px;'>\n<div style='flex: 1 1 250px; border: 1px solid rgba(150&comma; 150&comma; 150&comma; 0.4); border-radius: 8px; overflow: hidden; display: flex; flex-direction: column;'>\n<div style='padding: 15px; border-bottom: 1px solid rgba(150&comma; 150&comma; 150&comma; 0.2); font-weight: bold; font-size: 18px; color: inherit;'>Caracter\u00edsticas Constructivas<\/div>\n<div style='padding: 15px; color: inherit;'>\n<ul style='padding-left: 20px; margin: 0; font-size: 14px; list-style-type: disc;'>\n<li style='margin-bottom: 5px;'>Dise\u00f1o ranurado para ensamble r\u00e1pido y f\u00e1cil<\/li>\n<li style='margin-bottom: 5px;'>Ranuras de derivaci\u00f3n separadas para funcionamiento independiente<\/li>\n<li style='margin-bottom: 5px;'>Acabado esta\u00f1ado para inhibir la corrosi\u00f3n<\/li>\n<li style='margin-bottom: 5px;'>Incluye tres ataduras de cable Panduit 94V-0<\/li>\n<\/ul><\/div>\n<\/p><\/div>\n<div style='flex: 1 1 250px; border: 1px solid rgba(150&comma; 150&comma; 150&comma; 0.4); border-radius: 8px; overflow: hidden; display: flex; flex-direction: column;'>\n<div style='padding: 15px; border-bottom: 1px solid rgba(150&comma; 150&comma; 150&comma; 0.2); font-weight: bold; font-size: 18px; color: inherit;'>Certificaciones<\/div>\n<div style='padding: 15px; color: inherit;'>\n<ul style='padding-left: 20px; margin: 0; font-size: 14px; list-style-type: disc;'>\n<li style='margin-bottom: 5px;'>UL Listed<\/li>\n<li style='margin-bottom: 5px;'>CSA Certified<\/li>\n<\/ul><\/div>\n<\/p><\/div>\n<\/p><\/div>\n<div style='display: flex; flex-wrap: wrap; gap: 20px; margin-bottom: 30px;'>\n<div style='flex: 1 1 250px; border: 1px solid rgba(150&comma; 150&comma; 150&comma; 0.4); border-radius: 8px; overflow: hidden; display: flex; flex-direction: column;'>\n<div style='padding: 15px; border-bottom: 1px solid rgba(150&comma; 150&comma; 150&comma; 0.2); font-weight: bold; font-size: 18px; color: inherit;'>Aplicaciones Industriales<\/div>\n<div style='padding: 15px; color: inherit;'>\n<ul style='padding-left: 20px; margin: 0; font-size: 14px; list-style-type: disc;'>\n<li style='margin-bottom: 5px;'>Conexiones en paralelo<\/li>\n<li style='margin-bottom: 5px;'>Derivaciones m\u00faltiples<\/li>\n<li style='margin-bottom: 5px;'>Sistemas el\u00e9ctricos industriales<\/li>\n<li style='margin-bottom: 5px;'>Instalaciones comerciales<\/li>\n<\/ul><\/div>\n<\/p><\/div>\n<div style='flex: 1 1 250px; border: 1px solid rgba(150&comma; 150&comma; 150&comma; 0.4); border-radius: 8px; overflow: hidden; display: flex; flex-direction: column;'>\n<div style='padding: 15px; border-bottom: 1px solid rgba(150&comma; 150&comma; 150&comma; 0.2); font-weight: bold; font-size: 18px; color: inherit;'>Compatibilidad<\/div>\n<div style='padding: 15px; color: inherit;'>\n<ul style='padding-left: 20px; margin: 0; font-size: 14px; list-style-type: disc;'>\n<li style='margin-bottom: 5px;'>Conductores r\u00edgidos y flexibles<\/li>\n<li style='margin-bottom: 5px;'>C\u00f3digo de colores para selecci\u00f3n de dados<\/li>\n<li style='margin-bottom: 5px;'>Compatibilidad con herramientas de crimpado Panduit y competidores<\/li>\n<\/ul><\/div>\n<\/p><\/div>\n<\/p><\/div>\n<div style='display: flex; flex-wrap: wrap; gap: 20px; margin-bottom: 30px;'>\n<div style='flex: 1 1 250px; min-width: 280px;'> <img style='width: 100%; height: auto; border: 1px solid rgba(150&comma;150&comma;150&comma;0.3); border-radius: 8px;' src='https:\/\/ftp3.syscom.mx\/usuarios\/fotos\/HTCT25021\/86001-sin_t\u00edtulo.jpeg' alt='Conector de compresi\u00f3n HTCT25021' \/> <\/div>\n<\/p><\/div>\n<hr style='border: 0; border-top: 1px solid rgba(150&comma; 150&comma; 150&comma; 0.3); margin: 30px 0;'> <\/div>\n","protected":false},"excerpt":{"rendered":"<p>Conector de Compresi\u00f3n para Hacer Derivaciones de Cables, Espacios de 250 Kcmil a 2 AWG, 2 a 6 AWG, y 8 a 4 AWG<\/p>\n","protected":false},"featured_media":65350,"comment_status":"open","ping_status":"closed","template":"","meta":[],"product_brand":[],"product_cat":[604],"product_tag":[606,445,605],"class_list":{"0":"post-65351","1":"product","2":"type-product","3":"status-publish","4":"has-post-thumbnail","6":"product_cat-accesorios-para-racks-y-gabinetes","7":"product_tag-accesorios-para-racks-y-gabinetes","8":"product_tag-panduit","9":"product_tag-racks-y-gabinetes","11":"first","12":"instock","13":"sale","14":"shipping-taxable","15":"purchasable","16":"product-type-simple"},"_links":{"self":[{"href":"https:\/\/soydeaqui.ddns.net\/pachuca\/index.php\/wp-json\/wp\/v2\/product\/65351","targetHints":{"allow":["GET"]}}],"collection":[{"href":"https:\/\/soydeaqui.ddns.net\/pachuca\/index.php\/wp-json\/wp\/v2\/product"}],"about":[{"href":"https:\/\/soydeaqui.ddns.net\/pachuca\/index.php\/wp-json\/wp\/v2\/types\/product"}],"replies":[{"embeddable":true,"href":"https:\/\/soydeaqui.ddns.net\/pachuca\/index.php\/wp-json\/wp\/v2\/comments?post=65351"}],"wp:featuredmedia":[{"embeddable":true,"href":"https:\/\/soydeaqui.ddns.net\/pachuca\/index.php\/wp-json\/wp\/v2\/media\/65350"}],"wp:attachment":[{"href":"https:\/\/soydeaqui.ddns.net\/pachuca\/index.php\/wp-json\/wp\/v2\/media?parent=65351"}],"wp:term":[{"taxonomy":"product_brand","embeddable":true,"href":"https:\/\/soydeaqui.ddns.net\/pachuca\/index.php\/wp-json\/wp\/v2\/product_brand?post=65351"},{"taxonomy":"product_cat","embeddable":true,"href":"https:\/\/soydeaqui.ddns.net\/pachuca\/index.php\/wp-json\/wp\/v2\/product_cat?post=65351"},{"taxonomy":"product_tag","embeddable":true,"href":"https:\/\/soydeaqui.ddns.net\/pachuca\/index.php\/wp-json\/wp\/v2\/product_tag?post=65351"}],"curies":[{"name":"wp","href":"https:\/\/api.w.org\/{rel}","templated":true}]}}