{"id":65334,"date":"2026-03-19T08:18:22","date_gmt":"2026-03-19T08:18:22","guid":{"rendered":"https:\/\/soydeaqui.ddns.net\/pachuca\/index.php\/producto\/antena-sectorial-de-65-gracias-a-su-excelente-diseno-logra-cubrir-desde-1710-a-2180-mhz-soporta-llamadas-y-tecnologias-2g-3g-y-4g-18-dbi-de-ganancia\/"},"modified":"2026-03-19T08:18:29","modified_gmt":"2026-03-19T08:18:29","slug":"antena-sectorial-de-65-gracias-a-su-excelente-diseno-logra-cubrir-desde-1710-a-2180-mhz-soporta-llamadas-y-tecnologias-2g-3g-y-4g-18-dbi-de-ganancia","status":"publish","type":"product","link":"https:\/\/soydeaqui.ddns.net\/pachuca\/index.php\/producto\/antena-sectorial-de-65-gracias-a-su-excelente-diseno-logra-cubrir-desde-1710-a-2180-mhz-soporta-llamadas-y-tecnologias-2g-3g-y-4g-18-dbi-de-ganancia\/","title":{"rendered":"Antena Sectorial de 65\u00b0 \/ Gracias a su Excelente Dise\u00f1o Logra Cubrir desde 1710 a 2180 MHz \/ Soporta Llamadas y Tecnolog\u00edas 2G, 3G y 4G \/ 18 dBi de Ganancia"},"content":{"rendered":"<div style='text-align: center; margin-bottom: 20px;' id='isPasted'><img src='data:image\/png;base64&comma;iVBORw0KGgoAAAANSUhEUgAAASwAAABYCAYAAABPucoWAAAAAXNSR0IArs4c6QAAIABJREFUeF7tXQVUlNsT\/6HPVlTsTkxQAcFAbMV4dndiNxioz04UUUzs7gQU66kooNiFgY3Yja3o\/s9cxP+y7O433+6iD88357xznux8c+fOvXduTJmpvn9TQQFFAooEFAkkAgmYKQorEYySwqIiAUUCQgKKwlImgiIBRQKJRgKKwko0Q6UwqkhAkYCisJQ5oEhAkUCikYCisBLNUCmMKhJQJKAoLGUOKBJQJJBoJKAorEQzVAqjigQUCSgKS5kDigQUCSQaCSgKK9EMlcKoIgFFAorCUuaAIgFFAolGAorCSjRDpTCqSECRgKKwlDmgSECRQKKRgKKwEs1QKYwqElAkoCgsZQ4oElAkkGgkoCisRDNUCqOKBBQJKApLmQOKBBQJJBoJKAor0QyVwqgiAUUCisJS5oAiAUUCiUYCv1ZhqVSAmVmMcFQqUG5mMzMzqOjvP\/4\/VnKxf4v9u+a\/TSVhovuDI0mSsfzqQ9TGN\/Uxpssxban3O+YnLgeSLLIR1PmM5SB+\/8RfYvhW64PmWLEbNQXij3mjPi9i51Asjz9lTTyrzbnYfqj3xxQsmZyGWh\/VZR1vzGLXkpEMqMslpr2YGfH\/dRkjxliI+dnYOfv\/uSVnPiW4wqJOR0dH40pYGC5dvox7d+\/h6bMnePL4KaLevMbDx0\/w+fMnfI2Oxrfobz8V119\/\/YVkyf5CqlSpkCN7DpinN0eunLmQNVtWFChQAHa2tsibNy\/MkiT5uZgMGbcnjx9j8eLFrE9LliyJps2aaeCq8P37d9wIv4HQkydx\/fp13Ll9B0+fPsHjJ0\/w5csXfP0aLb6h\/qRIkRK5c+VElqxZUahgQZQoUQJOlSsja9asSJIkCYsPuUg0BvTfmzevce7cOYRfD0fkg0hE3n+AN1FvQDJ4ExWFr1+\/\/uSV2kiaNClix8HcPB2yZcuOdGnTImeuXMiZMycsLQvD1tYWmTNnSUDev+PL5y84c\/YMwsNvICIiAs+fPcezZ8\/w9u1bPH7yGB8\/fsSXL1\/x7du3n4uMeE+aNAmSJ0uOdOnSCt7TpE2D3LlyIVv27ChYsCDsy5ZF9hzZkSRJUrki\/Ymv+v4dM2bOxOfPX\/TTMAPKOzigVu3a8fBUqu+iD0ePHkNYWBju3r2Dhw8fIfJ+JKLeRuHzly9QfVeJ8UiZMgWyZcuKHDlyooilJaytreHsXBupUqeRtQ6+f\/uGhw8f4uixY7h18yZu3b6Np0+eIPLBA8FL9I+1mCxZMqRIkQLZs2VF1mzZUCB\/fhQsVAgVK1ZEkSJFZI87zcPw8Ovw9\/PHixcvkCxZchQvXgwNGjRA6jTSfUgwhfU2KgoPHj7AsqXL4Ofvj6iotwZPCl0fWltboVfPHqhStSoyZrSQNWCxNL08PTHDcxaLt1Ej3dG3X78fuCp8\/PgJp06dxCxPL5w8dYpFQxsSKaomjRth6NChyJMnj1DCpgCaHC9fvMDly5fh4+OD4JDjQimZEpInTwZHR0e4urqiePHiYoMxFmgDePnyJS5cOI+VK1bi6LEgk\/NNPJLcy5QpjQED+sPB3gEZMmaUzfrjRw9hV9bhp6LUR2DqlMno1LnzTxTayO9HRGD+gvnYsmWbwX1MkSI5hg0bijat2yB9+vR658\/79+\/EhjVt2nQEh4SIzdYQINmVL+eAcePHoXjxEkKZcmCxjw\/WrluHfn37oqRVSbx5E4VVK1fi4aNHWLhgPnLnyauXjMkVFu1y27ZswcxZXnj69Kk4YSQkkOCyZMmCaVMno7ZzHVlKixZ0rVq1cOXKVWkWzcxw8MA+lChRUkzOK1fC0LNnb9y\/HxHnVCJNSDdGunTp0LVLZ7i6uYmTjaFA\/H2L\/orpHh7YsmUrnj17zlpQhrZH3yVPnhx2tjZYsWIFzNOnN5gUbXTe3t7YvGUrXr58gW\/fDFtQchig20327Dkw5p\/RaNCwIfvUQHKeNnUq5s6bz2pOzJ+SVgL38eNH6NOnLy5evIQPHz6wvteHRH2wtLTEtq1bYZEpU7x18P37N5wMPYkR7u64deu2OI2aAtKkSY1u3bph+PDhetceyerAgf3Yvn07hg4dhqioKNF8enNz5MufD8FBwfCYMQP+fn56r5smU1jE0LmzZzFp8mSEhp5M8AWiKWw6ug4fMQx9evdhj8Pbt1Gwti7NUqqFCxdCYOARmJklwYrly4UySIhTIzHfs2cPjBo1En\/9lYzdl1hEGgd\/f39MnjwZERH3ZX9v7AeZM2fChg3rUfLHwuTSo9OGr+8uzJw5C3fv3uV+ZlI8Urq9evXEkMGDkTxFCknadDpxdnZGWNgVSdwsWTKL9UGnZ99duzBh4iRxqjD2JUiz4WzZsmG3v5+4tsfCu3fvMNfbG0uXLRfXPVMDba7jx41F5y5ddCot4sGhXDns2rkTp0+fRmBgIKysrHDmzBnYlCmD\/v37Y+ZMT5QpXQq1nJ11smgShUXamiZb334D4r7OmVoyEvRIaW3auB7lK1RktXz9+jVUq1aDhevi0h2jR4\/G\/PnzhWANPUqzGjMzwwyPaWjXtp2sx82vX75g+vTpWLjI55dvGOr9KlasKPz9\/ZA6dRpWd+kNc+GCBfCY4cnCT2gk7zleaNa8heRp\/d3btyhWvARrLtRxdsaSJYvhv3s3BgwYaPD1j9P3wYMGwm3oUMH\/hw\/v4erqhl27fDmfGoxDbR07dlS8DWqDixcvwKW7C46fOIFNmzaLG0DDRo1w5MhhLFm8RDwbnTlzGqNHjUbA3r0Jp7BoR5\/t5YU53nNZJxWDJcL8MG3atDh+PASZMmWS\/GLv3r3o2rWbJB4hLFu2BJGRkRg3bsIvUQYFCxTAsaBjkouGeKMxoKs3vcXs2bPXZMd9lmB0IA0bOhSDBg+SJEGKnybpmrVr\/xN8E8MWFhYIOnZU8k2LDEk1a8V\/RNfW6WHD3FCwYCH07dsvwfuZPkN6nD97VlzT+\/bti12+fr9kzo4fPxYuLj20jnloaCjmz5uH1WvWYMOGjVi+fDm+fYtGzhw54OXlJYxQ4eHhaNCgIeggoQuMOmGRhWTHjh1wGzoMnz59kpycvwph1coVWq0xmu3PmTMH06d7sNiaPGkixk+Y+EuV8po1q1GjhvQJkBb9zJkzMXv2HFZffgWSVckS2H\/ggN6maP6sXr0a\/4wZKyzJ\/yVwcx2CIa6uOlmiTSIgIADdu7uw2B7lPgKLfBbjxcuXLHxjkQ7s3yueZsaMHcc6ARrbHn1foUJ5bNu2TSupmzdvCGVE1+IdO3chWdIkqFCxItzc3DBnzmxkzZoNhw4fwuZNm4ScTK6waMAuXbqIOnXqmaKvJqXRtm0bsYD1AfHv0q079ug5fsZ+Tw\/7ZP16\/\/69SfmUIlahfDls3bZN8pQVELAHLi49f9nElOKbfqeT7uXLl8QurwsuXbwI57r1fuszgi7enCpVwqbNm\/QqLG\/a8DxmcMQhHvK5zwgxHkrGARkQJk6a\/EtOVrGcZs+eDadOnkRSLQajb9HRqO3sjAkTJuDBgwdI\/tdfaNy0qXhvW758BdatX4cRI9wxcOBA4baUAArrOxo2bIQzZ86yJUv33KJFLVGqVGnhD0NuCanTpAW9PcUMkUocl8lv6d7d27h56zYuXLiA8xcuIPqHLxOnMSurkti3b5\/ehf7l82eUKFkSHz4Y\/ghJJv2KFSsIy6FN6dLIaGHxoy8qfPr0GWFXwnDu7DkcCTwKenTUdPyT6gs9ZpLPSsqUKXWi0kQgP667d+9Jkfv\/72ZAZotMcKzkCDImlLKyQuq06ZA0KVkmvyP661e8ef0aFy+H4eaNGwg5flwYGOTwT2N9PCQIefPl18oX0WrVqhWCgoL5fP\/AJD8kWxsb4Q9UulQppM+QQfjziPkTHY1Pnz7i\/PkLuHX7lqD\/\/PkL2W1YFi6MwKOBehVWxw4d8O+hw7Jp\/\/zAzEw8MpNPYYliRZE7X76f\/Xjz6hVCT57CsaAgYcWWI3uiT75nb9++i8cbjQv5b9nYlkHhwoWFcSTFj03l0+fPOH\/uHI4fP46g4BDZbZLFMCzsMpIn126wePb0Kdq37wB39xEoa18WadOmEzeWB5GR8Fm8WBgE6NajDwy+EpI\/xbjxE1iDRQqpU6eOaNmiOUpaWcf5JtbzWx8hOslNmTJVONZxIFMmC5w7d1avle3ihQuoQ7u7TKABr169Gpo0aSKc3TjuB29ev8KKFSvhNXuOrKsP7bQnQ48jjw7fFJrEo0eNxIqVq1m9MEtihspOTujYsQNq16qNJGq+M7FO4doIffzwHqtWrxHXZzluKmvXrEL1GjW18rZ161bx+MwF8vOpXbsWWrdqhWrVqv3cxdUjJWJpqf+Nrp27fH0xx9tb+B9xIUOG9LhyRbf1jxaXtXUpg1wSyFm4WbOmaN2qJTJktIivVH5EQ8T+4OvrizFjxgpnWUMhY8YMaNOmDRo2+BvWpUpLkiG3nYEDB\/Fcfn5QI3+wa9euCudoXXA8JET4nWXJQs6vOYSSOnP6NMqXr4DBQwYhVcpUpndroFNQlcpVcPvOHcmOpzNPh507dqBYsWKSVxt9xO7cuQPHSk6s60PyZMkQfuO6Tk1P7axdswbDho+Q5F8dga45c71ny\/b3IhqkXE6fDEXzlq1lWYgOHfpXyE4bkFd9teo1WDKhRdyuXVtMnTrlx0lKVtcF8vZtWzFg4CB8\/64Wp6GHzLIli1G3fv14GORl3ahxY\/bpnDYFD4\/paN26tXymf3xx69ZNYRHmvpXRJnvvnm73CjqJ1Kv\/tyx+qB9NmjSCx3QPpNBzatZGlNZQn76xTsuymoW9vR3Wr1svPP3lXDZvhF9HjZq12TJLn94cFy9e\/HHL0M0jXY0fPXqIJ4+fgG4pRYsV+3GylO6X\/BOWSoU9u\/3h0rM368g4fdpUdOjQQZZ5XhvbtODpAfratevSvQJw585tEVKgi9bAAQOwdfsO1mInGqlTp8aqVSuFV7ehQCEYnTt1wYGDB1kkSC2Qs6E2nyaSh6enJ2bN8mLRat68GWZ4yF8o6sTJquPgUB6PHj1itblyxXLxbqEJd27fQrXqNVmnNTpZeXhMQ8uWrdje1LqYmzRpEhYsWMjind6cIiN1+7GRL96o0f+waMUiuboOwaBBgwzqB1moHRzKyWqPkBs3biScWw1x5iXF0qxZM\/F4z4G8efIg5HgI2\/GWQ1MTR7bCoodnBwcHvHr1WrK9UqWshZMcxwlPihgt0C5dumD\/fv2WJ6JDOxlZJXQ9+BKt+vXri3cOLtAO3759O1k7lDbaS5csEZYbDpDCOnTwAIqXKBEPPSrqDZwqVcaz588lSdGiP3LkEAoVKiyJqw+BJjBFBly9qtvsrP79kcMHUaRo8TgkyeO6c6fOOPjvIRYvTk6VsGmT7sdvFpEfSHfv3EZFRyfWJ\/RuePv2LZ245GDq6+vPokVIdAWk9xlD40XpDZRCYOR4qNNb396AABE7aSiMcnfHilW8JwcHh7LYuXOXoU2xvpOtsOi+2aBhIxZxr1meaGXEMV6zEXrk5Ez0DOnT48LFCzqPpqSw7Ozs8PjxE1Y\/yHv4xIkQvXdzFiEAp06GolHjplx04YxXqFChePjr16+Dm9swFp1OHdtjytRpRl3JqSE6IdasWRtXr0qHMtFmQc6C5ubmcXik01nZsvas0zl5hdM1tFw5+ScLbYKhcc+XLz\/rikPvoJcuXdIp37p16uLCxYss+dNb4fHgIOTJqz9OTh8xOigUK1acrbBok\/r34AEUKVqUxaMupPHjxsFn8RIWjTatW8FzFi8ul0VQC5JshTVx4gQsXOgj2R69mdDpoGjxuDus5Id6ECo5OuL2Hemwjbx58yA4OFjn0fv9u7coXsKKNXHptLZntx+srEsZw\/rPb69dvarzITpeA2bAxQvnRTYEdaCH5HbtO+DIkSOSPNG1+PSpUGTSoCH5oRYEareioyPu3YuQ\/DxDhgzCrUHzRLF\/\/3507txF8ntCcKrkiPUbNhh0hdLWAJ0QCxQoyHpDLFiwAIKCgrTySYrP1tYOT57wNjzXIYMxZMgQo4LaKa6SrOvc90N7B3vxdqyecocldA2k3r16C6MFB2bPniWu7gkJshQWDXilSpVYJnTaoc6ePcN+TJPqJJmqCxWyZO3MZPKm0BBdOXuWLV0qnBU5QClUDh8+bPBRXrMNOnVwfdfolEJXW01LJL0l2dnZi+ByKbCxKSNiC42duNQOPViTZezNmzdSzYpTIZ0O4yhalQojhg\/HmrXrJL8nhNles9CylekWAFk7CxUuwmqbsjjs2bNHK+7z589gY2PHOu1Q9gTK6EEGG2Pg3r17qMAMOaN25syehRYmUB716tbF+Qu8k+SOHdtNdhrWJStZCiso6BhatuRZasiFYbaET4WcAbx58yYqV67C+qR+\/XpYskT7MZZ2x8aNGuHU6TMsWpQ9YeKkSSZZ8NQgLQKudzTF5P3777\/x2j52NBCtWrdl8d+mTWt4khOt0QnXIKIZ5s6dx9o06JSradUj66C9gwMePXrM4j0w8DAsLXkKhkOQTqt16sa3Wmr7tmrVqqBrtzaY6z0HU6fxIiTIjWTjpo0c9vTinDt7BvX\/bsiikyp1Kly+dBGpUqVm4etC+vTxI2xs7VgbFNGgkLh8+fIZ1abUx7IUlhwri++u7Shrb5q3ByGMkBARkMoBOoJTihZtQH4fViWt8JEZSrRu7RpUq16d0ywLh\/JSjWf6r7Vq2QKzvLziKCxSuN27d0NAwD5WeytXrkBtLUnjWB+bGOlkaCgaN+G932XJmgWnQkNNYrCJ7cbKlSsxcuQoVq9I9l6zZ8fDJfmTS8bpU6dZdIYPG4qBg6RjKqWIbdq4EYOH6A4VUv+e\/LvoLcnYU\/XVq1fEmyXHaZWcT6+HX9PrSiTVR87vbIVFTDdv3kJ4wUoBZUUkvxdKxaIOx0OCceiwbu9hfXSJ3t69vEW6ZIkP6uvwkbl96xYcnZxgxgh+oHeY8+fOmnTRuLu7YxXT6uI1ayZatW4TRyxRb96InEqcMI\/UqVKJa7khJm2pMTbk91menpjJTJbYuVNHTJ4yxehFp87ngP79sXXbdhbrY\/4ZhV5aUhVR7ipKi0KRDJJgBhzcv19EVBgLpPjWrF3PIkOxec2bNzdaditXrMDIUaNZbTZr2gTec+ca3aZUY2yFRcd5G1tbkQxOCsgf40ToiThoMSeD7ggI0J06Qoou93ffXTtR1t5eKzq9R7Vr155F6u\/69eGz2Mdkg0Ay6NC+Aw4dlg7noN3x2pUwpNNIhkehSnWZHvplSpfG7j27TcY\/S2h6kMgf71+GOwP1\/cyZUyKpnqmAZE\/yeMYM09m5Y7vI36QJwlm3Gu\/EnSdPbpw4ccJo+RPvdevUwcVLl1ni2LNnt8ikKsdJVBvhnj17ws+P57qxdOli1KtHkSPGRkHq7yJbYZEPi1PlqqyHRnt7e+zatTNOy9HRX+FYsRLuR0ayhG4MUnDQMRTQmpdHhcU+i9khRePGjUWPHtrTZRjCH7kFVK9WA9fDpUNEKMc7hRfFPdarsNt\/N1x69GQ1P6B\/P4xwJ2\/+hJ1EHGZo0VEecI6FkTLI0snWVKmiiT+y6NnY2HJYFYHuF86fQ9p06eLhHzx4AB07\/j\/NsT6CjRo2wIKFC41WWK9fv0LpUmVE3QMpoPly5cplpE+fQQpV7+\/i6tuwEU6fkX7rJaMQvZn9ipM8W2EtWrgAEyZOZgmhfbu2It2pOlAq4QoVHFlXGVYjOpBowMKvX0MaLVYZGoT+\/fph+464ylRXe1u2bDbKs12TLsXhWVlZi0BoKbC2ssLefXvjvV+5jxiB1WvWSn0ufl+9ehVq1tQey8ciYEIk6jOZ5TlpiEqVKoWAADoZmia3PXWDFFDderxQmhIliuPA\/v1aFeYiHx9MYL5BUhbO7i4uRissOjF1787bOIsUsQSFcxlTWIPkRZurfVkHkRVVCvLny4fgkGCj+ynVDv3OUljkfyMcLZ9Im9GJ6KKF89GwUeM47W\/YsEFkPkxosCtrBz8dfiP07kOVbyjxPQdCQ0+IohCmAopkr127DusRs0b16li9ZnU8hUUxnDdv6fbAVud13769oqrKfwEOHzokfMc40KhRQyxcyAuh4dAjHMre0aVLVxZ6q1YtRMiT5qM1LeJePXvBz383i862rVtEzidjYcqUKZjHzBvfvVtXTJhISQmMO1U\/f\/YUpcrYxNSkkwDHihVBm7spLNFSbbEU1ssXz2FdqgxroZGjIPnfqOe0oZONm6sbNmw03rwr1aFJEyegazftWURvhIejStVqUiTE76lSpRQll\/SldmER+oFEMiBz+LTpvPxJI0YMx4ABA+I08erlC9ja2ePzZ8aDL4DLly\/CwkI686qcfhiGq0IPFxf47w5gfT5t6hR07NSJhctFotTRc+Z4s9AXzJ+Hxo0bx1uAlJKoTBkbvGb4oVFDpjDz07zp3LkzDhzgxZ8GHQtEQSNDsIh3ipt1d+dZVNu1bSNuVMZaJTmDw1JYZN6sUaMWhx5y5Mguknippy6JsTA2x\/HjcR\/iWQRlIJHAjhw+BMsillp3mK1btohsAxyoVaM6Vq1Zw0Fl4ZDRggwB3HCgHTu2oVy58nFo\/3vwIDp05C3kYkWLxPhwmahkGKuTOpBIwZKl7CMz9xgF15exsTGmyTjf0smagoBPn+blbvPz8xU3Ck2g1Cm0DjhmfnL6vRJ2WdTaMwbodkNl7G7elD5VZ8yYUUQXGKs4qH+UBDMwkJfOaZbnTLRuE9eabUyf9X3LUlh0n+\/EDKdo376tyJsUR2gqFZYtW45Xr14lVD8E3eQpkqF\/\/wE6B8x1yBBs2MgLpF2xfBmc69QxGb\/Pnz1DqdJlWPQonIYenSkxnTpMnDgRCxcuYtGgHOKDBg1m4SY0EsUP2pUty7peUPFTcj1JpidTqVx+qViErZ0d3r3jZYw9ffqUKBSrCXI2vJq04a2Oe6WXyzfh07snJYjklAIrVpQcjQ8avUl9\/vRJnNI4iplunnRAyaVWpceQfnK\/kVZYKpVwXqRKMRyYNctTe94i9VrXHEKG4ujx6G7UqDFOMQqeksIgz2JDCmvqYpvyBNWpU5fVK6rvR0nbNE9HlOVAKk96bAP79wbAqpRp4h9ZTOtBojze9f9uwCJTrWoVrFvP8zdiERRJEPkOq7ly5sCJ0NB48Yu0eCl979at2nOWa\/KydImP7HxZ2vpDiSbr1qvPUh7Vq1cH1QEw9oRFWW6rVuW5buTKmVNcff8SWYMTHiQVFg0UmfZ379YeV6XJIkXXl69QIeE5l9kCHa2Jr\/v3pd0qcubMIRSbsQP\/k0WVSjxKDhw0hMW1rgIIlBLn3LnzkjSonPyVq2EGJ+qTbEAmwrZtW9G\/Py+7KFX+GTFCXmJFKXamTpnCLnbqOngQXIcOjUeS1kHDhg1ZSQcp+d+Z06eQOUvcoHUpPjV\/pzap+MkCRrIB+jbGq57kbNyD+9HAQLRuwwv9quNcG8uWLzfdWpEQEkthUUra8PAbLHmH6knpyyKQQEiU67tQYUtW0rjy5cuJCrWmApp4vXv1gi\/TCY8ePCnvlCZQOfXIBw8k2SpJFWvILG+C+EFqjHK8g3NCNjOLCdTWaHfK5MmYN3+BJN+EYOqAZ5I9pQbmptcOPHIYlkXixy8SHUpzExkpLX9K\/UsBz4bmvooVFAW5kxsM16q9efMmkZzAGKB+UjjXqFG85ITTp01hv6saw1fst5IKiywjRYoUxReatBKQJk0a8einK9On1PcJ+TuZmPsP4D24d+rYAVOnTTMZOyRDesN58YJR4skMOBp4BIULk+Hg\/0A0ClsWYaXEqVKlMsiNxBQQ4\/DpiBcvpAs55M6dW+Rg0rzKdu3alR1WtWnjBlFUw1RA\/FeoUIFVBZtO1nR9VDcYxfJBKYkoJIoKpEhBOQcHbN+x3egNg3K4l7GxBd0OpICU46VLF5BRS454qW\/VfxdWyU6d2VlxTe2rKMWrpMK6dvUKqjMthJTWxc\/fz+iBkmJa\/u8qdOzQkZX8j2hPnz4tJq2ziWDnzp3o06cvixp5uNOjr2ZKGVESi\/kG1qJFc8nqIyxmADx++ABlHcqzHH6rVa+KdVpSx1R2qsz2HTt4wDSxd7H9C79+HVUpeJ3hT0SZFTZs3KB1\/lIQ\/NBhvKsq5c738NAwPHEFroZ3+dIlUT+AA7Y2ZeDn52f0g\/vXr19BkSpPn\/IKXhw9Giiq7\/wqkFRYu\/392aEgnHqAcjpGlpGHDx+KT1QSM45yrufMkVPrZKMS7lQpJCpK2mFUuEYcOWTStCY9e\/RgOxv269dHa0aBrVs2Y8BAntVv6FA3DB7Mw9U3HrTbjvnnHyxbvoI1bEMGDxIl0tWBruJ58+eHilG4gnTK6VOmszgR\/xTwvI1y9zNAG\/9i7qlUaNe2rSjXxoHJkyeJdN7Gws6dO9CnD6\/wRN8+vTFy1CijDwsREZR3y5H1yE9X\/1s3b4hQpl8Fkgpr1cqVcGem5Bjq5obBQ4xfKLGd37x5M9s037dPLxFZru3dJuLePZRnJj8jq8fJk6FG71Sxffj44YMoYcTJvU4Df+rkCVhkyhxv\/GfO8MAsL15lZ1OlpiaTur29A7u8lN+unbDTCDqnghOOlfhXPJFh1cjH6ljhPX78WOTf+hb9TXI90Yn20KGD8a7i9CH5kVHiQk5IFeEH0oZXxLjUxGKzGDNGuANxYO5cb1EwwljYuHEjhjDT2NSoUV1U7jbVWymHd0mFNdfbG1OnTefQgjbvbNaHWpAo2T7lcD98hJeOZv26dahararW5ijVLTd1KyX\/W7x4sUkGgRwWPWd6as2rpI1RKtpB5c+1TQA3V1es38CLFJg31xtNTTB5xZWEfNEY16kCBfIjmFIKazy409\/kZL6kdDjZjSia8FOuKpW43rm6xrf4aZM9FTP19fPVKvsm0ArBAAANfklEQVTbt2+jEpWYYwAVfqA+GBsHSQqrMbnhnObl3fL38xW+ZsYCRVdwXTe8vDzRqhUvoaexfMV+L6mwZsyYCS8vXimpzp07ioKnpgDKfV6rtjMrOwS1FxISjPz5tVcZXrNmDYYzaxCOGjUSffr0MYnCunolDLWc6+D7N+lHU+rD4EEDMHTYcK3i69alMwL2SVcMoo\/\/GT0Kvfv0MXoYZnt5wWPGTBadgQP6Y7gWd4SAgD3o1s2FRYOQTPWGJaoKOVVhnw71KfnAwCNo04YqJkmDs3NtrFjBu0LroybHyEJ0THUybdq0KU6cCJXsKG2q58+dQZas2SRxTYlgUoWVK1dOEUeYkqq3GgEUxkIlrY8E8k5XJYoXF5kNdFVhHjZ0KNau4zkjbtywAZWr8K8w2rpJuyPl\/e7atTvOMNJzEI3UqVOB\/F9y6vAY7tq5E\/bu58WT1anjjGXLlhq8yxP\/VPWYJq+2cueafabJ6+e7S+sO7+\/nhx49e7FnA11927Rta9SGQfz37NkD\/v4830Fi7sTxYOTNp2XDU6mEAuLWIBw50h39+vHenfQJhTIutG\/fkSU3yrsVEhJidLGOGItqRURESBcZobVOFtVfHfolqbAWLVqECRMmsgRHSOTp3qJFC4OF9zYqCjNnemDJUt4uReZcKolOQc3arlJ0taRo8giGwyjxHxwcFCdwm93xH4h0DaQCnH379mM5GcbSpyj78RMm6Fyo\/fr2wfYdvJpv6dKlw\/ZtW1C8REnZvkA0aR9ERorgY27RWnr3CwoO0urOsndvgFDcXKCFQO8ohSifmUw\/MuKdXAHGjR2Lnbt4lV6IL5EOmW4RWtqT+3BPeeApH7yx4OU1CzNm8KJL2rRpBU9mJld9fEW9fo2S1tb4xrgRlCvngB07eMYMY2Wh\/r2kwtq2dSv6D+B5KRNhCvr8++96GDNmLDJnziwWoL5HORGvpFLhu0qFE8dD4DZsOO7dvcfuY+FChXDkyGGtvjNEJPJ+BMqVr8iyeiRL9heuhIXFy6UVk46YHnJi+qLeH+I\/NuaKHnkpQSCFllAdOTlAMWDFqSS9jkUqx\/mS2qUsE8OGuqFTp05ImSqV\/jGg\/pmZ4dWrl1i1chUWLvJhPzDThuHru1OUvdIGoSdOoElTeY\/BFhYWoFxS9erXF\/3QO39+8P72bZR4AJ4\/fyG7aALxS2mwz545LWSkDWjsbWxsWJl26ftjgUdQyDKuD52ceRCL69LdBbt1VO3RpEdl6Mhfy1iQ46tIp+958+Ya26Ts7yUVFpWZqlxZ\/o5B4Qn0EFsgf35YZMokFBn9LRZoIpD1hfw+Iu\/fx40bN\/Hi5UuWv496L93cXDGETPg6FnrAnj3o1p33hlK+nL0wgWsukJs3bohyUxTgSemfqZK1UFwww9for6J0++NHjxFx\/z6r5p3mKPXr2xsj3EfqPQ1Rjq+evXrLHuAMGdKLkluU7idFypSgPO9CyX7\/jk+fv4C8qV+8eI6HDx\/h1q1bvFzlalyUc7DHdj31716\/eiVcSuRULI4lnz69OSwLWwreKRg6RYrkP0\/ulFOdXCaePX+G+xH3cS\/inmzeqR26Oo4dq7vk2907d1DJqTJrXtKcuH7tqtZMpXIHrnr1Grh2TbrCNp2mr10Ng1mSpHKbiIcfkwKId42ePHkiO7+Y0YypEZBUWDSxnZwq4\/adO6Zs1yS0qGYgXTn0lTMaO2YMlixdxmpP68OrSoUZMzzgNfv\/uZTUjWbGRW0BVlYlRTlxbd7V6kxT8Qla+KTg\/ytApx\/KaqovHISUI+X6vsCsbfcr+0Zl1MjPMFVq3eWwfHft0lqMQhufdna2wnnTWKBQKBprTv1Hctoko4CxrgU0r6hK9GdGcQ1q6\/Chf42uKm2InKQVlkoFT09PkYHxvwZbNm+Co57YKVK2LVq0RAij0g+d\/k6ePIFs2bLH6SadBCkXeUTEfZN3P1XKlMKUTllQOVCHChFc1F0+nUPDlDjCotq7t+TD65w5c0TKof8S0KIL2LMblI5Z31sZJZ6k6tMcmO3liZYmMPOTM2blKtVYzximCsO6dfMmnKpUYbmw0FMPRWPQrelXg6TCIoboWOxUuYpBx\/qE6BApl1EjR6C7Sw+91yja3cl\/5g7jdJg1axacPXs2Hj0qAFCqVBlWDJ+cviZNmhSUc6tGzZrs3XGxjw+7gIYcXuTimiUxQ4vmzUCpe1Onlk5Qd+\/uXXGtMuRaKJc3Dn5Gi4wg\/0IK6pc6mXDN\/DSeZGnMldv4lNpenp6YwXxEjyk04s7ptl6c4OBgsblzwKlSJWzazMsrx6EnB4elsGjhU+msQYNd2el55TAhB5cCq3v2cMHw4cMld3Z64yharDgr+VmM4+CueK4AcmLRuP3IkiUzFvssgkO58pILRp0mHdvJAnvy5CluUybHI9eRJo0bw2u2F98CKdLrbBE+ZuQ9\/zuBYjW958wWAdZSyor4pNP1XYYRKHOWzDh\/7hxfJjqEQCd6CtbmpEEiEqtWLhf+isbCxo0bMGQIr+bC6FHuMbGxMq24xvJI37MUFiGSIMm3Z\/z4iawHSFMwp0mDjqDLly1FlSpVkJTSmEjAoYMH0Z6ZUrhVq5aYFa9arkrkAXNx4VUskeKHfi9rZ4v5CxaAMhtwFow6Tdo46IG\/UaNGePAgJsbyVwKdIrxne6F+gwayrwPEO1W9njhpEiuu0NT9IlnT9clz5gzkyJGTtdi+fv0CS8uiLCVra2sDf39eDT99fSNLrbV1ad4aM4PITJvVBM6bPXq4sP3WTOW6YcgYsxUWEadJF3TsGLy9vXH8RChPqIZwpfFNJgsLNG\/RXJyssueg4prST93Eq5ySXuPHj4OLS1xrItGY4eGB2cziBbq6SouldClrtG3bFk2bNWVdo3SLTSVS\/VIV5TVr18l2nzBkOLJly4YmjRuJklWU60muoo1tk+RJjsXz5y0Q74q\/4opIzwfOtWuhZcuWqF6jhqwTEDnD9uzFixho3ryZWBfGwtUrV1CjJq9+QtGiRXDo0CGDxyOW1+joaDg6VsL9+7x3WnJqLUYuOL8BZCks9YkXeuI4FvksxqVLl0UWBMqsEOuPZEw\/aDHQY3TadGmRPVt2dOjYXhR0TEt1BmUcQWkQHBwc2EUfqA5eaY2c69SfSZMmYvOWbSArHddCR32g7BFUWNKycEGRMaBCRUchFkMXexyZklsCFQcVfl8+CNi3H69evwblLueUsNc3PuRXRXnN0qZNg7x584p4TmdnZ2FJMwnvMTufSHC3dOlynDl7Fu\/evRVK2FjehdxTpRJ+dJkyWQiHUIqpzJQpc8wWJ2P+EDq5PPj58Up6mSocSk52lK5du4Dy\/Bs7Lo8fPYS9Q3nWBkLzg1JOaSsya8y6535rkMKKJU4T7O3bt3jz+rVI8EZe4lTZNyLyPj68\/whKekaKTPPdghRS8pQphDsCvUmRMsqXNw9y5syNCuXLIWMmC5ibm8M8nbnBuaJF4QO7siw5WFhkxPnz57WG9tApgIpnUB8pz\/vlsDDcun1H9IuUIgFdlcg3K1+ePCKesXLlykhnnk5U302vUWqexZBMJHJSJX+nd+\/fgxw1qbI0GRrev3uPDx\/e48P7D\/j46dMP59cY517KDJEqdRpRziy9ubmolF0gfz6ULWsvJiONibl5OqMLcurrCm0IlAGBNgMy4VMu9Yh7d8Wb0ZuoKHz6+Anv37+L48RKizNtmjRInTatCAEjP6SCBfIjV67cKF\/OQRTuIP5p\/ugK1eKKl4phxCSu1H+ip35QtShyQjUWXr54gafPnrPIZM5sEaOMZSpiTeIf3r9nR4KYQSXcGYxtk9VBLUhGKSypRmO9wDVPXrHe4gnZaUoR07hxUykWxe9kLVq7ds1vGwQWk4Yi\/YgiUB+DXyF\/Q9nV\/I5cUygKQh2SkNPuf6B8man6qNDhSyBBFRafDdNi0uKkXFqDB\/OKPrgOGQxXN56FxLScKtQUCSgSkCOBP1ZhjRnzD5Yt4wVQr1q5ArVq15YjNwVXkYAigd8ggT9WYdWgWKzr11kipTCDor\/J6sFiUEFSJKBIQEjgj1RYz549ha1tWbbVIyzs8i95HFfmnCIBRQLGSeCPVFiHDx9Cu3a8qjcUQH3kiPHBo8YNg\/K1IgFFAhwJ\/JEKa9q0qfD2nsfpPyaMHyccIhVQJKBI4L8vgT9SYVGl30BGSSZygjt2NFD4ICmgSECRwH9fAn+cwiKXhmrVqiM8PFxS+uTod+niBVZcoiQxBUGRgCKBBJfAH6ewKINmyZLWrKKp1tZW2LdvX4ILWWlAkYAiAdNI4I9TWBS9Xq9+A5Z0GjRoAB+fRSxcBUmRgCKB3y+BP05hjXR3x8pVq1mSNVVJd1ZjCpIiAUUCRkvgj1JYFIztRBlG795lCWbTpg0iX70CigQUCSQOCfxRCouSnzk6OrHS3FAFFipySpkWFFAkoEggcUjgj1JYdML6JNKo8IByVimgSECRQOKRwB+lsBKP2BVOFQkoEjBEAorCMkRqyjeKBBQJ\/BYJKArrt4hdaVSRgCIBQySgKCxDpKZ8o0hAkcBvkYCisH6L2JVGFQkoEjBEAorCMkRqyjeKBBQJ\/BYJ\/A89xx0OOE6slgAAAABJRU5ErkJggg==' alt='Logo' width='200' class='fr-fic fr-dii'><\/p>\n<h1 style='font-size: 24px; color: #000; font-weight: bold; margin: 10px 0;'>Antena Sectorial para Llamadas y Tecnolog\u00edas 2G&comma; 3G y 4G<\/h1>\n<h1 style='font-size: 24px; color: #000; font-weight: bold; margin: 10px 0;'>Logra cubrir desde 1710 MHz a 2180 MHz<\/h1>\n<\/div>\n<p><!-- Descripci\u00f3n inicial --><\/p>\n<p style='font-size: 16px; color: #434343; margin-bottom: 20px;'><strong>CR-ORP1900-18<\/strong> mejora la intensidad de se\u00f1al para llamadas y Datos. Funciona con las tecnolog\u00edas 2G&comma; 3G y 4G.<\/p>\n<p style='font-size: 16px; color: #434343; margin-bottom: 20px;'><strong>Especial para<\/strong> amplificadores de se\u00f1al celular y equipos de datos que operen en el tango de frecuencia de 1710 MHz a 2180 MHz.<\/p>\n<p><!-- Contenido del Kit --><\/p>\n<blockquote style='margin: 20px 0; font-size: 14px; color: #555; border-left: 4px solid #000; padding-left: 15px;'><p>\u00a1Excelente desempe\u00f1o de recepci\u00f3n y transmisi\u00f3n de se\u00f1ales!<\/p><\/blockquote>\n<p style='font-size: 16px; color: #434343; margin-bottom: 20px;'><\/p>\n<div style='display: flex; gap: 20px; margin-top: 20px;'>\n<div style='flex: 1; border-left: 5px solid #000; padding: 15px; box-shadow: 2px 2px 10px #d8d8d8; border-radius: 5px; background-color: #fff;'>\n<h3 style='font-size: 16pt; font-weight: bold;'>Caracter\u00edsticas principales:<\/h3>\n<ul>\n<li>Antena Sectorial de alto desempe\u00f1o.<\/li>\n<li>Cubre las bandas <strong> B2\/25&comma; B4 y B66.<\/strong> <\/li>\n<li>Apertura de se\u00f1al horizontal de 65\u00b0 <\/li>\n<li>\u00d3ptima para cualquier equipo que requiera una antena sectorial de gran cobertura.<\/li>\n<\/ul>\n<\/div>\n<p><!-- Caracter\u00edsticas generales --><\/p>\n<div style='flex: 1; border-left: 5px solid #000; padding: 15px; box-shadow: 2px 2px 10px #d8d8d8; border-radius: 5px; background-color: #fff;'>\n<h3 style='font-size: 16pt; font-weight: bold;'>Caracter\u00edsticas generales:<\/h3>\n<ul>\n<li>Incluye montajes para instalaci\u00f3n en tubo o torre.<\/li>\n<li>Soporta los rayos UV con su radomo de PVC.<\/li>\n<li>Tilt mec\u00e1nico de 0 a 10\u00b0<\/li>\n<li>Conector N hembra<\/li>\n<\/ul>\n<\/div>\n<p><!-- Especificaciones f\u00edsicas --><\/p>\n<div style='flex: 1; border-left: 5px solid #000; padding: 15px; box-shadow: 2px 2px 10px #d8d8d8; border-radius: 5px; background-color: #fff;'>\n<h3 style='font-size: 16pt; font-weight: bold;'>Especificaciones el\u00e9ctricas y f\u00edsicas:<\/h3>\n<ul>\n<li><span style='line-height: 20.8px;' id='isPasted'>Rango de Frecuencia: 1850-1990 MHz. <\/span><\/li>\n<li><span style='line-height: 20.8px;' id='isPasted'>Gracias a su excelente dise\u00f1o logra cubrir desde 1710 MHz a 2180 MHz.<\/span><\/li>\n<li style='font-weight: bold;'><strong>Ganancia m\u00e1xima: 18 dBi.<\/strong><\/li>\n<li style='font-weight: bold;'><strong>Apertura de se\u00f1al horizontal: 65\u00b0<\/strong><\/li>\n<li>Apertura de se\u00f1al vertical 9\u00b0.<\/li>\n<li id='isPasted'>Conector: N hembra.<\/li>\n<\/ul>\n<\/div>\n<\/div>\n<p><!-- Notas --><\/p>\n<h3 style='margin-top: 20px; font-size: 18px;'><\/h3>\n<div>\n<div>\n<div>\n<p><\/p>\n<\/div>\n<\/div>\n<\/div>\n<div>\n<h2><\/h2>\n<\/div>\n","protected":false},"excerpt":{"rendered":"<p>Antena Sectorial de 65\u00b0 \/ Gracias a su Excelente Dise\u00f1o Logra Cubrir desde 1710 a 2180 MHz \/ Soporta Llamadas y Tecnolog\u00edas 2G, 3G y 4G \/ 18 dBi de Ganancia<\/p>\n","protected":false},"featured_media":65333,"comment_status":"open","ping_status":"closed","template":"","meta":[],"product_brand":[],"product_cat":[1531,1532,1552],"product_tag":[1535,1404,1536,1553,935],"class_list":{"0":"post-65334","1":"product","2":"type-product","3":"status-publish","4":"has-post-thumbnail","6":"product_cat-antenas-3g-y-voz","7":"product_cat-cables-y-accesorios","8":"product_cat-cobertura-para-celular-4g-lte","9":"product_tag-3g-y-voz","10":"product_tag-antenas","11":"product_tag-cables-y-accesorios","12":"product_tag-cobertura-para-celular-4g-lte","13":"product_tag-epcom","15":"first","16":"instock","17":"sale","18":"shipping-taxable","19":"purchasable","20":"product-type-simple"},"_links":{"self":[{"href":"https:\/\/soydeaqui.ddns.net\/pachuca\/index.php\/wp-json\/wp\/v2\/product\/65334","targetHints":{"allow":["GET"]}}],"collection":[{"href":"https:\/\/soydeaqui.ddns.net\/pachuca\/index.php\/wp-json\/wp\/v2\/product"}],"about":[{"href":"https:\/\/soydeaqui.ddns.net\/pachuca\/index.php\/wp-json\/wp\/v2\/types\/product"}],"replies":[{"embeddable":true,"href":"https:\/\/soydeaqui.ddns.net\/pachuca\/index.php\/wp-json\/wp\/v2\/comments?post=65334"}],"wp:featuredmedia":[{"embeddable":true,"href":"https:\/\/soydeaqui.ddns.net\/pachuca\/index.php\/wp-json\/wp\/v2\/media\/65333"}],"wp:attachment":[{"href":"https:\/\/soydeaqui.ddns.net\/pachuca\/index.php\/wp-json\/wp\/v2\/media?parent=65334"}],"wp:term":[{"taxonomy":"product_brand","embeddable":true,"href":"https:\/\/soydeaqui.ddns.net\/pachuca\/index.php\/wp-json\/wp\/v2\/product_brand?post=65334"},{"taxonomy":"product_cat","embeddable":true,"href":"https:\/\/soydeaqui.ddns.net\/pachuca\/index.php\/wp-json\/wp\/v2\/product_cat?post=65334"},{"taxonomy":"product_tag","embeddable":true,"href":"https:\/\/soydeaqui.ddns.net\/pachuca\/index.php\/wp-json\/wp\/v2\/product_tag?post=65334"}],"curies":[{"name":"wp","href":"https:\/\/api.w.org\/{rel}","templated":true}]}}