{"id":65295,"date":"2026-03-19T08:17:02","date_gmt":"2026-03-19T08:17:02","guid":{"rendered":"https:\/\/soydeaqui.ddns.net\/pachuca\/index.php\/producto\/callbox-intercomunicador-inalambrico-via-radio-vhf-150-165mhz-serie-q7-en-color-verde\/"},"modified":"2026-03-19T08:17:03","modified_gmt":"2026-03-19T08:17:03","slug":"callbox-intercomunicador-inalambrico-via-radio-vhf-150-165mhz-serie-q7-en-color-verde","status":"publish","type":"product","link":"https:\/\/soydeaqui.ddns.net\/pachuca\/index.php\/producto\/callbox-intercomunicador-inalambrico-via-radio-vhf-150-165mhz-serie-q7-en-color-verde\/","title":{"rendered":"Callbox, Intercomunicador Inal\u00e1mbrico V\u00eda Radio VHF 150-165MHZ, Serie Q7 en Color Verde"},"content":{"rendered":"<div style='width: 100%; max-width: 1200px; margin: 0 auto; font-family: sans-serif; line-height: 1.6; color: inherit; background-color: transparent;'>\n<div style='display: flex; flex-wrap: wrap; gap: 30px; margin-bottom: 30px;'>\n<div style='flex: 1 1 300px; min-width: 280px;'>\n<h3 style='font-size: 22px; border-bottom: 2px solid currentColor; padding-bottom: 5px; margin-top: 0; color: inherit; opacity: 0.8;'>Descripci\u00f3n General<\/h3>\n<p style='font-size: 15px; color: inherit; margin-bottom: 15px;'>Equipo de comunicaci\u00f3n fijo v\u00eda radio. Provee comunicaci\u00f3n entre personal equipado con radio o visitantes.<\/p>\n<p style='font-size: 15px; color: inherit; margin-bottom: 15px;'>Instale un equipo Callbox de Ritron en cualquier \u00e1rea donde se requiere tener siempre disponible una forma r\u00e1pida y accesible de comunicaci\u00f3n directa a su sistema de radiocomunicaci\u00f3n.<\/p>\n<h4 style='font-size: 18px; margin-top: 20px; margin-bottom: 10px; color: inherit;'>Ideal para:<\/h4>\n<ul style='padding-left: 20px; font-size: 15px; color: inherit;'>\n<li style='margin-bottom: 5px;'>Campus Universitarios<\/li>\n<li style='margin-bottom: 5px;'>Aeropuertos<\/li>\n<li style='margin-bottom: 5px;'>Hospitales<\/li>\n<li style='margin-bottom: 5px;'>Manufactura<\/li>\n<li style='margin-bottom: 5px;'>Almacenes<\/li>\n<li style='margin-bottom: 5px;'>Parques<\/li>\n<li style='margin-bottom: 5px;'>Campos Deportivos<\/li>\n<li style='margin-bottom: 5px;'>Tiendas Departamentales<\/li>\n<li style='margin-bottom: 5px;'>Etc.<\/li>\n<\/ul><\/div>\n<\/p><\/div>\n<div style='display: flex; flex-wrap: wrap; gap: 20px; margin-bottom: 30px;'>\n<div style='flex: 1 1 250px; border: 1px solid rgba(150&comma; 150&comma; 150&comma; 0.4); border-radius: 8px; overflow: hidden; display: flex; flex-direction: column;'>\n<div style='padding: 15px; border-bottom: 1px solid rgba(150&comma; 150&comma; 150&comma; 0.2); font-weight: bold; font-size: 18px; color: inherit;'>Caracter\u00edsticas Generales<\/div>\n<div style='padding: 15px; color: inherit;'>\n<ul style='padding-left: 20px; margin: 0; font-size: 14px; list-style-type: disc;'>\n<li style='margin-bottom: 5px;'>VHF 150 &#8211; 165 MHz<\/li>\n<li style='margin-bottom: 5px;'>Gabinete de uso rudo de policarbonato&comma; sellado para uso en exteriores<\/li>\n<li style='margin-bottom: 5px;'>Opera con 3 bater\u00edas tipo D (No incluidas) o con alimentaci\u00f3n externa (Requiere adaptador)<\/li>\n<li style='margin-bottom: 5px;'>Apagado autom\u00e1tico<\/li>\n<li style='margin-bottom: 5px;'>Alerta de bater\u00eda baja<\/li>\n<li style='margin-bottom: 5px;'>Volumen ajustable para ambientes ruidosos<\/li>\n<li style='margin-bottom: 5px;'>Programable por PC o en campo<\/li>\n<li style='margin-bottom: 5px;'>PTT de aluminio antivand\u00e1lico<\/li>\n<li style='margin-bottom: 5px;'>Antena interna<\/li>\n<li style='margin-bottom: 5px;'>Programable con software <strong>RQXPCPK1<\/strong><\/li>\n<\/ul><\/div>\n<\/p><\/div>\n<div style='flex: 1 1 250px; border: 1px solid rgba(150&comma; 150&comma; 150&comma; 0.4); border-radius: 8px; overflow: hidden; display: flex; flex-direction: column;'>\n<div style='padding: 15px; border-bottom: 1px solid rgba(150&comma; 150&comma; 150&comma; 0.2); font-weight: bold; font-size: 18px; color: inherit;'>Caracter\u00edsticas Especiales<\/div>\n<div style='padding: 15px; color: inherit;'>\n<ul style='padding-left: 20px; margin: 0; font-size: 14px; list-style-type: disc;'>\n<li style='margin-bottom: 5px;'><strong>Capacidad para grabar mensajes de voz<\/strong><\/li>\n<li style='margin-bottom: 5px;'>Mensaje de voz de bienvenida&comma; ubicaci\u00f3n&comma; bater\u00eda baja y falla en corriente el\u00e9ctrica<\/li>\n<li style='margin-bottom: 5px;'>Entrada digital con notificaci\u00f3n por voz de activaci\u00f3n o desactivaci\u00f3n<\/li>\n<li style='margin-bottom: 5px;'><strong>Salida de relevador<\/strong> con activaci\u00f3n v\u00eda se\u00f1alizaci\u00f3n<\/li>\n<\/ul><\/div>\n<\/p><\/div>\n<\/p><\/div>\n<hr style='border: 0; border-top: 1px solid rgba(150&comma; 150&comma; 150&comma; 0.3); margin: 30px 0;'> <\/div>\n","protected":false},"excerpt":{"rendered":"<p>Callbox, Intercomunicador Inal\u00e1mbrico V\u00eda Radio VHF 150-165MHZ, Serie Q7 en Color Verde<\/p>\n","protected":false},"featured_media":65294,"comment_status":"open","ping_status":"closed","template":"","meta":[],"product_brand":[],"product_cat":[1716],"product_tag":[417,1579,1548],"class_list":{"0":"post-65295","1":"product","2":"type-product","3":"status-publish","4":"has-post-thumbnail","6":"product_cat-accesorios-generales-accesorios-para-kenwood","7":"product_tag-accesorios-generales","8":"product_tag-accesorios-para-kenwood","9":"product_tag-ritron","11":"first","12":"outofstock","13":"sale","14":"shipping-taxable","15":"purchasable","16":"product-type-simple"},"_links":{"self":[{"href":"https:\/\/soydeaqui.ddns.net\/pachuca\/index.php\/wp-json\/wp\/v2\/product\/65295","targetHints":{"allow":["GET"]}}],"collection":[{"href":"https:\/\/soydeaqui.ddns.net\/pachuca\/index.php\/wp-json\/wp\/v2\/product"}],"about":[{"href":"https:\/\/soydeaqui.ddns.net\/pachuca\/index.php\/wp-json\/wp\/v2\/types\/product"}],"replies":[{"embeddable":true,"href":"https:\/\/soydeaqui.ddns.net\/pachuca\/index.php\/wp-json\/wp\/v2\/comments?post=65295"}],"wp:featuredmedia":[{"embeddable":true,"href":"https:\/\/soydeaqui.ddns.net\/pachuca\/index.php\/wp-json\/wp\/v2\/media\/65294"}],"wp:attachment":[{"href":"https:\/\/soydeaqui.ddns.net\/pachuca\/index.php\/wp-json\/wp\/v2\/media?parent=65295"}],"wp:term":[{"taxonomy":"product_brand","embeddable":true,"href":"https:\/\/soydeaqui.ddns.net\/pachuca\/index.php\/wp-json\/wp\/v2\/product_brand?post=65295"},{"taxonomy":"product_cat","embeddable":true,"href":"https:\/\/soydeaqui.ddns.net\/pachuca\/index.php\/wp-json\/wp\/v2\/product_cat?post=65295"},{"taxonomy":"product_tag","embeddable":true,"href":"https:\/\/soydeaqui.ddns.net\/pachuca\/index.php\/wp-json\/wp\/v2\/product_tag?post=65295"}],"curies":[{"name":"wp","href":"https:\/\/api.w.org\/{rel}","templated":true}]}}