{"id":65264,"date":"2026-03-19T08:15:57","date_gmt":"2026-03-19T08:15:57","guid":{"rendered":"https:\/\/soydeaqui.ddns.net\/pachuca\/index.php\/producto\/lampara-de-obstruccion-led-con-certificacion-faa-l-810-con-100000-horas-de-vida\/"},"modified":"2026-03-19T08:15:58","modified_gmt":"2026-03-19T08:15:58","slug":"lampara-de-obstruccion-led-con-certificacion-faa-l-810-con-100000-horas-de-vida","status":"publish","type":"product","link":"https:\/\/soydeaqui.ddns.net\/pachuca\/index.php\/producto\/lampara-de-obstruccion-led-con-certificacion-faa-l-810-con-100000-horas-de-vida\/","title":{"rendered":"Lampara de Obstrucci\u00f3n LED con Certificaci\u00f3n FAA L-810, con 100,000 Horas de Vida."},"content":{"rendered":"<div style='width: 100%; max-width: 1200px; margin: 0 auto; font-family: sans-serif; line-height: 1.6; color: inherit; background-color: transparent;'>\n<div style='display: flex; flex-wrap: wrap; gap: 30px; margin-bottom: 30px;'>\n<div style='flex: 1 1 300px; min-width: 280px;'>\n<h3 style='font-size: 22px; border-bottom: 2px solid currentColor; padding-bottom: 5px; margin-top: 0; color: inherit; opacity: 0.8;'>Descripci\u00f3n<\/h3>\n<p style='font-size: 15px; color: inherit; margin-bottom: 15px;'>La LEDEOBIB es una baliza de baja intensidad roja fija con la tecnolog\u00eda LEDs. Empleado para el balizaje nocturno de obst\u00e1culos&comma; nuestro LEDEO BIA le ofrece ventajas \u00fanicas en t\u00e9rminos de longevidad (<strong style='color: inherit;'>100 000 horas<\/strong>)&comma; de robustez y de consumo de energ\u00eda (<6W).<\/p>\n<\/p><\/div>\n<\/p><\/div>\n<div style='display: flex; flex-wrap: wrap; gap: 20px; margin-bottom: 30px;'>\n<div style='flex: 1 1 250px; border: 1px solid rgba(150&comma; 150&comma; 150&comma; 0.4); border-radius: 8px; overflow: hidden; display: flex; flex-direction: column;'>\n<div style='padding: 15px; border-bottom: 1px solid rgba(150&comma; 150&comma; 150&comma; 0.2); font-weight: bold; font-size: 18px; color: inherit;'>Caracter\u00edsticas<\/div>\n<div style='padding: 15px; color: inherit;'>\n<ul style='padding-left: 20px; margin: 0; font-size: 14px; list-style-type: disc;'>\n<li style='margin-bottom: 5px;'><strong style='color: inherit;'>Vida \u00fatil:<\/strong> > 10 a\u00f1os<\/li>\n<li style='margin-bottom: 5px;'>Multi \u2013 LEDs<\/li>\n<li style='margin-bottom: 5px;'><strong style='color: inherit;'>Consumo:<\/strong> < 6W<\/li>\n<li style='margin-bottom: 5px;'><strong style='color: inherit;'>Voltaje:<\/strong> 110 &#8211; 240 VCA<\/li>\n<li style='margin-bottom: 5px;'>Protecci\u00f3n contra rayos<\/li>\n<li style='margin-bottom: 5px;'>Ciclo de prueba autom\u00e1tica<\/li>\n<li style='margin-bottom: 5px;'>No necesita mantenimiento<\/li>\n<li style='margin-bottom: 5px;'><strong style='color: inherit;'>Garant\u00eda:<\/strong> 5 a\u00f1os<\/li>\n<li style='margin-bottom: 5px;'>Equipada con Fotocelda<\/li>\n<li style='margin-bottom: 5px;'>Opci\u00f3n para colocar luz fija o intermitente<\/li>\n<li style='margin-bottom: 5px;'>Incluye montaje para torre<\/li>\n<li style='margin-bottom: 5px;'><strong style='color: inherit;'>Modelo:<\/strong> LBIB11MC<\/li>\n<\/ul><\/div>\n<\/p><\/div>\n<div style='flex: 1 1 250px; border: 1px solid rgba(150&comma; 150&comma; 150&comma; 0.4); border-radius: 8px; overflow: hidden; display: flex; flex-direction: column;'>\n<div style='padding: 15px; border-bottom: 1px solid rgba(150&comma; 150&comma; 150&comma; 0.2); font-weight: bold; font-size: 18px; color: inherit;'>Reglamentaci\u00f3n<\/div>\n<div style='padding: 15px; color: inherit;'>\n<ul style='padding-left: 20px; margin: 0; font-size: 14px; list-style-type: disc;'>\n<li style='margin-bottom: 5px;'>OACI&comma; STAC N\u00b02010A020<\/li>\n<li style='margin-bottom: 5px;'>CE<\/li>\n<li style='margin-bottom: 5px;'>Conforme FAA L-810<\/li>\n<li style='margin-bottom: 5px;'>Calidad ISO 9001 ; 2008<\/li>\n<\/ul><\/div>\n<\/p><\/div>\n<div style='flex: 1 1 250px; border: 1px solid rgba(150&comma; 150&comma; 150&comma; 0.4); border-radius: 8px; overflow: hidden; display: flex; flex-direction: column;'>\n<div style='padding: 15px; border-bottom: 1px solid rgba(150&comma; 150&comma; 150&comma; 0.2); font-weight: bold; font-size: 18px; color: inherit;'>Aplicaciones<\/div>\n<div style='padding: 15px; color: inherit;'>\n<p style='margin-bottom: 10px; font-size: 14px;'>Las recomendaciones m\u00ednimas en t\u00e9rminos de balizamiento de obst\u00e1culos se pueden encontrar en el Anexo 14&comma; Vol. I&comma; Cap\u00edtulo 6 de la Organizaci\u00f3n de Aviaci\u00f3n Civil Internacional.<\/p>\n<p style='margin-bottom: 10px; font-size: 14px;'>Luces de baja intensidad tipo B van destinadas a se\u00f1alizar los obst\u00e1culos de altura mayor o igual a 45m. Adem\u00e1s&comma; de acuerdo con la reglamentaci\u00f3n&comma; un gabinete de emergencia se puede instalar para garantizar un balizamiento durante 12 horas en caso de corte de red.<\/p>\n<p style='margin-bottom: 10px; font-size: 14px;'>Se recomienda proteger el equipo con supresores de picos para mayor tiempo de vida.<\/p>\n<\/p><\/div>\n<\/p><\/div>\n<\/p><\/div>\n<div style='display: flex; flex-wrap: wrap; gap: 30px; margin-bottom: 30px;'>\n<div style='flex: 1 1 300px; min-width: 280px;'>\n<h3 style='font-size: 22px; border-bottom: 2px solid currentColor; padding-bottom: 5px; margin-top: 0; color: inherit; opacity: 0.8;'>Dimensiones<\/h3>\n<div style='margin-top: 15px;'> <img style='width: 100%; height: auto; border: 1px solid rgba(150&comma;150&comma;150&comma;0.3); border-radius: 8px;' src='https:\/\/ftp3.syscom.mx\/usuarios\/fotos\/LBIB10FFMC\/85856-dimensiones_lbib.jpg' alt='Dimensiones de la lampara de obstrucci\u00f3n'> <\/div>\n<\/p><\/div>\n<\/p><\/div>\n<hr style='border: 0; border-top: 1px solid rgba(150&comma; 150&comma; 150&comma; 0.3); margin: 30px 0;'> <\/div>\n","protected":false},"excerpt":{"rendered":"<p>Lampara de Obstrucci\u00f3n LED con Certificaci\u00f3n FAA L-810, con 100,000 Horas de Vida.<\/p>\n","protected":false},"featured_media":65263,"comment_status":"open","ping_status":"closed","template":"","meta":[],"product_brand":[],"product_cat":[1632],"product_tag":[1929,1633,246],"class_list":{"0":"post-65264","1":"product","2":"type-product","3":"status-publish","4":"has-post-thumbnail","6":"product_cat-lamparas-de-obstruccion","7":"product_tag-delta-box","8":"product_tag-lamparas-de-obstruccion","9":"product_tag-torres-y-mastiles","11":"first","12":"outofstock","13":"sale","14":"shipping-taxable","15":"purchasable","16":"product-type-simple"},"_links":{"self":[{"href":"https:\/\/soydeaqui.ddns.net\/pachuca\/index.php\/wp-json\/wp\/v2\/product\/65264","targetHints":{"allow":["GET"]}}],"collection":[{"href":"https:\/\/soydeaqui.ddns.net\/pachuca\/index.php\/wp-json\/wp\/v2\/product"}],"about":[{"href":"https:\/\/soydeaqui.ddns.net\/pachuca\/index.php\/wp-json\/wp\/v2\/types\/product"}],"replies":[{"embeddable":true,"href":"https:\/\/soydeaqui.ddns.net\/pachuca\/index.php\/wp-json\/wp\/v2\/comments?post=65264"}],"wp:featuredmedia":[{"embeddable":true,"href":"https:\/\/soydeaqui.ddns.net\/pachuca\/index.php\/wp-json\/wp\/v2\/media\/65263"}],"wp:attachment":[{"href":"https:\/\/soydeaqui.ddns.net\/pachuca\/index.php\/wp-json\/wp\/v2\/media?parent=65264"}],"wp:term":[{"taxonomy":"product_brand","embeddable":true,"href":"https:\/\/soydeaqui.ddns.net\/pachuca\/index.php\/wp-json\/wp\/v2\/product_brand?post=65264"},{"taxonomy":"product_cat","embeddable":true,"href":"https:\/\/soydeaqui.ddns.net\/pachuca\/index.php\/wp-json\/wp\/v2\/product_cat?post=65264"},{"taxonomy":"product_tag","embeddable":true,"href":"https:\/\/soydeaqui.ddns.net\/pachuca\/index.php\/wp-json\/wp\/v2\/product_tag?post=65264"}],"curies":[{"name":"wp","href":"https:\/\/api.w.org\/{rel}","templated":true}]}}