{"id":65252,"date":"2026-03-19T08:15:34","date_gmt":"2026-03-19T08:15:34","guid":{"rendered":"https:\/\/soydeaqui.ddns.net\/pachuca\/index.php\/producto\/jumper-mikrotik-flex-guide-de-50-cm-19-69-pulgadas-ncleo-de-cobre-plateado-conectores-sma-macho-inversos-hasta-6-ghz\/"},"modified":"2026-03-19T08:15:39","modified_gmt":"2026-03-19T08:15:39","slug":"jumper-mikrotik-flex-guide-de-50-cm-19-69-pulgadas-ncleo-de-cobre-plateado-conectores-sma-macho-inversos-hasta-6-ghz","status":"publish","type":"product","link":"https:\/\/soydeaqui.ddns.net\/pachuca\/index.php\/producto\/jumper-mikrotik-flex-guide-de-50-cm-19-69-pulgadas-ncleo-de-cobre-plateado-conectores-sma-macho-inversos-hasta-6-ghz\/","title":{"rendered":"Jumper MikroTik (Flex-Guide) de 50 cm (19.69 Pulgadas), N?cleo de Cobre-Plateado, Conectores SMA-Macho Inversos, Hasta 6 GHz"},"content":{"rendered":"<div style='width: 100%; max-width: 1200px; margin: 0 auto; font-family: sans-serif; line-height: 1.6; color: inherit; background-color: transparent;'>\n<div style='display: flex; flex-direction: column; gap: 30px;'>\n<div>\n<p style='font-size: 15px; color: inherit; margin-bottom: 15px;'>Cable RPSMA de 50 cm de s\u00faper baja p\u00e9rdida para una calidad de conexi\u00f3n superior&comma; adecuado para uso en interiores y exteriores&comma; este cable proporciona valores superiores de coincidencia y p\u00e9rdida.<\/p>\n<p style='font-size: 15px; color: inherit; margin-bottom: 15px;'>El nombre de este cable proviene de combinar las palabras &#8216;flexible&#8217; y &#8216;gu\u00eda de onda&#8217;&comma; para indicar las funciones de gama alta de este producto.<\/p>\n<p style='font-size: 15px; color: inherit; margin-bottom: 15px;'>El conductor interno es de cobre plateado&comma; y ambos conectores est\u00e1n soldados&comma; no rizados&comma; para obtener la mejor calidad de se\u00f1al posible. Idealmente adecuado para nuestros equipos NetMetal&comma; BaseBox y otros productos con conectores RPSMA&comma; y funciona con la mayor\u00eda de las antenas.<\/p>\n<\/p><\/div>\n<div>\n<h3 style='font-size: 22px; border-bottom: 2px solid currentColor; padding-bottom: 5px; margin-top: 0; color: inherit; opacity: 0.8;'>Especificaciones del producto<\/h3>\n<div style='display: flex; flex-wrap: wrap; gap: 20px;'>\n<div style='flex: 1 1 250px; border: 1px solid rgba(150&comma; 150&comma; 150&comma; 0.4); border-radius: 8px; overflow: hidden; display: flex; flex-direction: column;'>\n<div style='padding: 15px; border-bottom: 1px solid rgba(150&comma; 150&comma; 150&comma; 0.2); font-weight: bold; font-size: 18px; color: inherit;'>Detalles<\/div>\n<div style='padding: 15px; color: inherit;'>\n<ul style='padding-left: 20px; margin: 0; font-size: 14px; list-style-type: disc;'>\n<li style='margin-bottom: 5px;'><strong>C\u00f3digo de producto:<\/strong> ACRPSMA<\/li>\n<li style='margin-bottom: 5px;'><strong>Frecuencia:<\/strong> hasta 6 GHz<\/li>\n<li style='margin-bottom: 5px;'><strong>MTBF:<\/strong> Aproximadamente 100.000 horas a 25 \u00b0C<\/li>\n<li style='margin-bottom: 5px;'><strong>Pareo:<\/strong> por encima de -20dB<\/li>\n<li style='margin-bottom: 5px;'><strong>P\u00e9rdida de se\u00f1al:<\/strong> por debajo de 0.65dB<\/li>\n<li style='margin-bottom: 5px;'><strong>Temperatura ambiente probada:<\/strong> -55C a 125C<\/li>\n<\/ul><\/div>\n<\/p><\/div>\n<\/p><\/div>\n<\/p><\/div>\n<\/p><\/div>\n<\/p><\/div>\n","protected":false},"excerpt":{"rendered":"<p>Jumper MikroTik (Flex-Guide) de 50 cm (19.69 Pulgadas), N?cleo de Cobre-Plateado, Conectores SMA-Macho Inversos, Hasta 6 GHz<\/p>\n","protected":false},"featured_media":65251,"comment_status":"open","ping_status":"closed","template":"","meta":[],"product_brand":[],"product_cat":[1520],"product_tag":[138,1521,643],"class_list":{"0":"post-65252","1":"product","2":"type-product","3":"status-publish","4":"has-post-thumbnail","6":"product_cat-jumpers","7":"product_tag-cables","8":"product_tag-jumpers","9":"product_tag-mikrotik","11":"first","12":"instock","13":"sale","14":"shipping-taxable","15":"purchasable","16":"product-type-simple"},"_links":{"self":[{"href":"https:\/\/soydeaqui.ddns.net\/pachuca\/index.php\/wp-json\/wp\/v2\/product\/65252","targetHints":{"allow":["GET"]}}],"collection":[{"href":"https:\/\/soydeaqui.ddns.net\/pachuca\/index.php\/wp-json\/wp\/v2\/product"}],"about":[{"href":"https:\/\/soydeaqui.ddns.net\/pachuca\/index.php\/wp-json\/wp\/v2\/types\/product"}],"replies":[{"embeddable":true,"href":"https:\/\/soydeaqui.ddns.net\/pachuca\/index.php\/wp-json\/wp\/v2\/comments?post=65252"}],"wp:featuredmedia":[{"embeddable":true,"href":"https:\/\/soydeaqui.ddns.net\/pachuca\/index.php\/wp-json\/wp\/v2\/media\/65251"}],"wp:attachment":[{"href":"https:\/\/soydeaqui.ddns.net\/pachuca\/index.php\/wp-json\/wp\/v2\/media?parent=65252"}],"wp:term":[{"taxonomy":"product_brand","embeddable":true,"href":"https:\/\/soydeaqui.ddns.net\/pachuca\/index.php\/wp-json\/wp\/v2\/product_brand?post=65252"},{"taxonomy":"product_cat","embeddable":true,"href":"https:\/\/soydeaqui.ddns.net\/pachuca\/index.php\/wp-json\/wp\/v2\/product_cat?post=65252"},{"taxonomy":"product_tag","embeddable":true,"href":"https:\/\/soydeaqui.ddns.net\/pachuca\/index.php\/wp-json\/wp\/v2\/product_tag?post=65252"}],"curies":[{"name":"wp","href":"https:\/\/api.w.org\/{rel}","templated":true}]}}