{"id":65227,"date":"2026-03-19T08:14:47","date_gmt":"2026-03-19T08:14:47","guid":{"rendered":"https:\/\/soydeaqui.ddns.net\/pachuca\/index.php\/producto\/cable-resistente-al-fuego-ul-914-para-auricular-hds-emb-con-atenuacion-de-ruido-para-radios-icom-ic-f50-60-3161-4161-30gs-30gt-40gt-40gs-40g\/"},"modified":"2026-03-19T08:14:48","modified_gmt":"2026-03-19T08:14:48","slug":"cable-resistente-al-fuego-ul-914-para-auricular-hds-emb-con-atenuacion-de-ruido-para-radios-icom-ic-f50-60-3161-4161-30gs-30gt-40gt-40gs-40g","status":"publish","type":"product","link":"https:\/\/soydeaqui.ddns.net\/pachuca\/index.php\/producto\/cable-resistente-al-fuego-ul-914-para-auricular-hds-emb-con-atenuacion-de-ruido-para-radios-icom-ic-f50-60-3161-4161-30gs-30gt-40gt-40gs-40g\/","title":{"rendered":"Cable resistente al fuego (UL-914), para auricular HDS-EMB con atenuaci\u00f3n de ruido para radios Icom IC-F50\/ 60\/ 3161\/ 4161\/ 30GS\/ 30GT\/ 40GT\/ 40GS\/ 40G."},"content":{"rendered":"<div style='width: 100%; max-width: 1200px; margin: 0 auto; font-family: sans-serif; line-height: 1.6; color: inherit; background-color: transparent;'>\n<div style='display: flex; flex-wrap: wrap; gap: 30px; margin-bottom: 30px;'>\n<div style='flex: 1 1 300px; min-width: 280px;'>\n<h3 style='font-size: 22px; border-bottom: 2px solid currentColor; padding-bottom: 5px; margin-top: 0; color: inherit; opacity: 0.8;'>Descripci\u00f3n General<\/h3>\n<ul style='padding-left: 20px; font-size: 15px; color: inherit;'>\n<li style='margin-bottom: 5px;'>Cable resistente al fuego (UL-914) para auricular HDS-EMB con atenuaci\u00f3n de ruido<\/li>\n<li style='margin-bottom: 5px;'>Dise\u00f1ado para entornos ruidosos donde las comunicaciones son vitales<\/li>\n<li style='margin-bottom: 5px;'>Compatible con auricular de doble orejera HDS-EMB<\/li>\n<li style='margin-bottom: 5px;'>Aplicaciones: eventos de carreras&comma; avi\u00f3nica y uso industrial<\/li>\n<\/ul><\/div>\n<div style='flex: 1 1 300px; min-width: 280px;'>\n<h3 style='font-size: 22px; border-bottom: 2px solid currentColor; padding-bottom: 5px; margin-top: 0; color: inherit; opacity: 0.8;'>Compatibilidad<\/h3>\n<ul style='padding-left: 20px; font-size: 15px; color: inherit;'>\n<li style='margin-bottom: 5px;'>Icom IC-F50\/60<\/li>\n<li style='margin-bottom: 5px;'>Icom IC-3161\/4161<\/li>\n<li style='margin-bottom: 5px;'>Icom IC-30GS\/30GT<\/li>\n<li style='margin-bottom: 5px;'>Icom IC-40GT\/40GS\/40G<\/li>\n<li style='margin-bottom: 5px;'>Modelos adicionales: F33G&comma; F-51&comma; IC-3GT&comma; IC-F14&comma; IC-F21BR&comma; IC-F21GM&comma; IC-F24&comma; IC-F3021&comma; IC-F302IT\/S&comma; IC-F31&comma; IC-F3GS&comma; IC-F4021&comma; IC-F402IT\/S&comma; IC-F43GS&comma; IC-F43GT&comma; IC-F43TR&comma; IC-F4G&comma; IC-F4GS&comma; IC-F4GT&comma; IC-V85&comma; IC-F1000&comma; IC-F2000&comma; BC-100&comma; IC-F3001&comma; IC-F3002&comma; IC-F3031&comma; IC-F4001&comma; IC-F4002&comma; IC-F4031&comma; IC-4101D&comma; IC-4230<\/li>\n<\/ul><\/div>\n<div style='flex: 1 1 300px; min-width: 280px;'>\n<h3 style='font-size: 22px; border-bottom: 2px solid currentColor; padding-bottom: 5px; margin-top: 0; color: inherit; opacity: 0.8;'>Caracter\u00edsticas T\u00e9cnicas<\/h3>\n<ul style='padding-left: 20px; font-size: 15px; color: inherit;'>\n<li style='margin-bottom: 5px;'>Cable con certificaci\u00f3n UL-914 (resistente al fuego)<\/li>\n<li style='margin-bottom: 5px;'>Conector X10 seg\u00fan informaci\u00f3n del spec sheet<\/li>\n<li style='margin-bottom: 5px;'>Dise\u00f1o espec\u00edfico para atenuaci\u00f3n de ruido<\/li>\n<li style='margin-bottom: 5px;'>Construcci\u00f3n robusta para entornos exigentes<\/li>\n<\/ul><\/div>\n<\/p><\/div>\n<div style='display: flex; flex-wrap: wrap; gap: 20px; margin-bottom: 30px;'>\n<div style='flex: 1 1 250px; border: 1px solid rgba(150&comma; 150&comma; 150&comma; 0.4); border-radius: 8px; overflow: hidden; display: flex; flex-direction: column;'>\n<div style='padding: 15px; border-bottom: 1px solid rgba(150&comma; 150&comma; 150&comma; 0.2); font-weight: bold; font-size: 18px; color: inherit;'>Compatibilidad por Marca<\/div>\n<div style='padding: 15px; color: inherit;'>\n<ul style='padding-left: 20px; margin: 0; font-size: 14px; list-style-type: disc;'>\n<li style='margin-bottom: 5px;'>Icom<\/li>\n<li style='margin-bottom: 5px;'>Kenwood<\/li>\n<li style='margin-bottom: 5px;'>Motorola<\/li>\n<li style='margin-bottom: 5px;'>EF Johnson<\/li>\n<li style='margin-bottom: 5px;'>Harris<\/li>\n<li style='margin-bottom: 5px;'>Hytera<\/li>\n<li style='margin-bottom: 5px;'>Relm<\/li>\n<li style='margin-bottom: 5px;'>Tait<\/li>\n<li style='margin-bottom: 5px;'>Vertex<\/li>\n<\/ul><\/div>\n<\/p><\/div>\n<div style='flex: 1 1 250px; border: 1px solid rgba(150&comma; 150&comma; 150&comma; 0.4); border-radius: 8px; overflow: hidden; display: flex; flex-direction: column;'>\n<div style='padding: 15px; border-bottom: 1px solid rgba(150&comma; 150&comma; 150&comma; 0.2); font-weight: bold; font-size: 18px; color: inherit;'>Otras Aplicaciones<\/div>\n<div style='padding: 15px; color: inherit;'>\n<ul style='padding-left: 20px; margin: 0; font-size: 14px; list-style-type: disc;'>\n<li style='margin-bottom: 5px;'>Eventos de carreras<\/li>\n<li style='margin-bottom: 5px;'>Avi\u00f3nica<\/li>\n<li style='margin-bottom: 5px;'>Uso industrial<\/li>\n<li style='margin-bottom: 5px;'>Comunicaciones cr\u00edticas<\/li>\n<\/ul><\/div>\n<\/p><\/div>\n<div style='flex: 1 1 250px; border: 1px solid rgba(150&comma; 150&comma; 150&comma; 0.4); border-radius: 8px; overflow: hidden; display: flex; flex-direction: column;'>\n<div style='padding: 15px; border-bottom: 1px solid rgba(150&comma; 150&comma; 150&comma; 0.2); font-weight: bold; font-size: 18px; color: inherit;'>Informaci\u00f3n de Pedido<\/div>\n<div style='padding: 15px; color: inherit;'>\n<ul style='padding-left: 20px; margin: 0; font-size: 14px; list-style-type: disc;'>\n<li style='margin-bottom: 5px;'>Modelo: MCEM10<\/li>\n<li style='margin-bottom: 5px;'>Descripci\u00f3n: Cable de auricular con conector X10<\/li>\n<li style='margin-bottom: 5px;'>*Consultar disponibilidad<\/li>\n<\/ul><\/div>\n<\/p><\/div>\n<\/p><\/div>\n<hr style='border: 0; border-top: 1px solid rgba(150&comma; 150&comma; 150&comma; 0.3); margin: 30px 0;'> <\/div>\n","protected":false},"excerpt":{"rendered":"<p>Cable resistente al fuego (UL-914), para auricular HDS-EMB con atenuaci\u00f3n de ruido para radios Icom IC-F50\/ 60\/ 3161\/ 4161\/ 30GS\/ 30GT\/ 40GT\/ 40GS\/ 40G.<\/p>\n","protected":false},"featured_media":65226,"comment_status":"open","ping_status":"closed","template":"","meta":[],"product_brand":[],"product_cat":[1598],"product_tag":[1517,1584,1730],"class_list":{"0":"post-65227","1":"product","2":"type-product","3":"status-publish","4":"has-post-thumbnail","6":"product_cat-diademas-accesorios-para-icom","7":"product_tag-accesorios-para-icom","8":"product_tag-diademas","9":"product_tag-pryme","11":"first","12":"outofstock","13":"sale","14":"shipping-taxable","15":"purchasable","16":"product-type-simple"},"_links":{"self":[{"href":"https:\/\/soydeaqui.ddns.net\/pachuca\/index.php\/wp-json\/wp\/v2\/product\/65227","targetHints":{"allow":["GET"]}}],"collection":[{"href":"https:\/\/soydeaqui.ddns.net\/pachuca\/index.php\/wp-json\/wp\/v2\/product"}],"about":[{"href":"https:\/\/soydeaqui.ddns.net\/pachuca\/index.php\/wp-json\/wp\/v2\/types\/product"}],"replies":[{"embeddable":true,"href":"https:\/\/soydeaqui.ddns.net\/pachuca\/index.php\/wp-json\/wp\/v2\/comments?post=65227"}],"wp:featuredmedia":[{"embeddable":true,"href":"https:\/\/soydeaqui.ddns.net\/pachuca\/index.php\/wp-json\/wp\/v2\/media\/65226"}],"wp:attachment":[{"href":"https:\/\/soydeaqui.ddns.net\/pachuca\/index.php\/wp-json\/wp\/v2\/media?parent=65227"}],"wp:term":[{"taxonomy":"product_brand","embeddable":true,"href":"https:\/\/soydeaqui.ddns.net\/pachuca\/index.php\/wp-json\/wp\/v2\/product_brand?post=65227"},{"taxonomy":"product_cat","embeddable":true,"href":"https:\/\/soydeaqui.ddns.net\/pachuca\/index.php\/wp-json\/wp\/v2\/product_cat?post=65227"},{"taxonomy":"product_tag","embeddable":true,"href":"https:\/\/soydeaqui.ddns.net\/pachuca\/index.php\/wp-json\/wp\/v2\/product_tag?post=65227"}],"curies":[{"name":"wp","href":"https:\/\/api.w.org\/{rel}","templated":true}]}}