{"id":65217,"date":"2026-03-19T08:14:28","date_gmt":"2026-03-19T08:14:28","guid":{"rendered":"https:\/\/soydeaqui.ddns.net\/pachuca\/index.php\/producto\/organizador-de-cables-horizontal-patchlink-doble-frontal-y-posterior-para-rack-de-19in-2ur\/"},"modified":"2026-03-19T08:14:37","modified_gmt":"2026-03-19T08:14:37","slug":"organizador-de-cables-horizontal-patchlink-doble-frontal-y-posterior-para-rack-de-19in-2ur","status":"publish","type":"product","link":"https:\/\/soydeaqui.ddns.net\/pachuca\/index.php\/producto\/organizador-de-cables-horizontal-patchlink-doble-frontal-y-posterior-para-rack-de-19in-2ur\/","title":{"rendered":"Organizador de Cables Horizontal PatchLink, Doble (Frontal y Posterior), Para Rack de 19in, 2UR"},"content":{"rendered":"<div style='width: 100%; max-width: 1200px; margin: 0 auto; font-family: sans-serif; line-height: 1.6; color: inherit; background-color: transparent;'> <!-- Secci\u00f3n de descripci\u00f3n --> <\/p>\n<div style='margin-bottom: 30px;'>\n<p style='font-size: 15px; color: inherit; margin-bottom: 15px;'>El organizador de cables horizontal Panduit\u00ae PatchLink\u00ae maneja cables coaxiales&comma; de fibra \u00f3ptica y cobre de categor\u00eda 5e y 6 en la parte delantera o trasera de cualquier rack o gabinete EIA est\u00e1ndar de 19 pulgadas (483 mm). Los dedos flexibles no solo proporcionan un radio de curvatura integral seguro&comma; sino que tambi\u00e9n simplifican las adiciones&comma; movimientos y cambios para un acabado profesional.<\/p>\n<\/p><\/div>\n<p> <!-- Secci\u00f3n de caracter\u00edsticas funcionales --> <\/p>\n<div style='display: flex; flex-wrap: wrap; gap: 30px; margin-bottom: 30px;'>\n<div style='flex: 1 1 300px; min-width: 280px;'>\n<h3 style='font-size: 22px; border-bottom: 2px solid currentColor; padding-bottom: 5px; margin-top: 0; color: inherit; opacity: 0.8;'>Caracter\u00edsticas funcionales<\/h3>\n<ul style='padding-left: 20px; font-size: 15px; color: inherit;'>\n<li style='margin-bottom: 5px;'>Los organizadores horizontales son capaces de gestionar cables en la parte delantera y trasera de cualquier rack que cumple con el est\u00e1ndar de 19&#8242; de la EIA.<\/li>\n<li style='margin-bottom: 5px;'>El organizador consiste en una sola pieza moldeada en pl\u00e1stico.<\/li>\n<li style='margin-bottom: 5px;'>Pasan el cable a trav\u00e9s de agujeros que incorporan un radio de curvatura integral para mantener el control y protecci\u00f3n del mismo cable.<\/li>\n<li style='margin-bottom: 5px;'>Cuenta con cubiertas con bisagra para permitir el acceso a la v\u00eda del cable sin tener que eliminar la tapa frontal del organizador.<\/li>\n<\/ul><\/div>\n<\/p><\/div>\n<p> <!-- Secci\u00f3n de caracter\u00edsticas f\u00edsicas --> <\/p>\n<div style='display: flex; flex-wrap: wrap; gap: 30px; margin-bottom: 30px;'>\n<div style='flex: 1 1 300px; min-width: 280px;'>\n<h3 style='font-size: 22px; border-bottom: 2px solid currentColor; padding-bottom: 5px; margin-top: 0; color: inherit; opacity: 0.8;'>Caracter\u00edsticas f\u00edsicas<\/h3>\n<ul style='padding-left: 20px; font-size: 15px; color: inherit;'>\n<li style='margin-bottom: 5px;'><strong>Tipo:<\/strong> Organizador de cables horizontal doble.<\/li>\n<li style='margin-bottom: 5px;'><strong>No. de espacioes de rack:<\/strong> 2.<\/li>\n<li style='margin-bottom: 5px;'><strong>Material:<\/strong> Pl\u00e1stico ABS.<\/li>\n<li style='margin-bottom: 5px;'><strong>Dimensiones exteriores:<\/strong> 482.6 x 88.9 x 225.5mm (Ancho x Alto x Profundidad).<\/li>\n<\/ul><\/div>\n<\/p><\/div>\n<p> <!-- Separador --> <\/p>\n<hr style='border: 0; border-top: 1px solid rgba(150&comma; 150&comma; 150&comma; 0.3); margin: 30px 0;'> <\/div>\n","protected":false},"excerpt":{"rendered":"<p>Organizador de Cables Horizontal PatchLink, Doble (Frontal y Posterior), Para Rack de 19in, 2UR<\/p>\n","protected":false},"featured_media":65216,"comment_status":"open","ping_status":"closed","template":"","meta":[],"product_brand":[],"product_cat":[604],"product_tag":[606,445,605],"class_list":{"0":"post-65217","1":"product","2":"type-product","3":"status-publish","4":"has-post-thumbnail","6":"product_cat-accesorios-para-racks-y-gabinetes","7":"product_tag-accesorios-para-racks-y-gabinetes","8":"product_tag-panduit","9":"product_tag-racks-y-gabinetes","11":"first","12":"instock","13":"sale","14":"shipping-taxable","15":"purchasable","16":"product-type-simple"},"_links":{"self":[{"href":"https:\/\/soydeaqui.ddns.net\/pachuca\/index.php\/wp-json\/wp\/v2\/product\/65217","targetHints":{"allow":["GET"]}}],"collection":[{"href":"https:\/\/soydeaqui.ddns.net\/pachuca\/index.php\/wp-json\/wp\/v2\/product"}],"about":[{"href":"https:\/\/soydeaqui.ddns.net\/pachuca\/index.php\/wp-json\/wp\/v2\/types\/product"}],"replies":[{"embeddable":true,"href":"https:\/\/soydeaqui.ddns.net\/pachuca\/index.php\/wp-json\/wp\/v2\/comments?post=65217"}],"wp:featuredmedia":[{"embeddable":true,"href":"https:\/\/soydeaqui.ddns.net\/pachuca\/index.php\/wp-json\/wp\/v2\/media\/65216"}],"wp:attachment":[{"href":"https:\/\/soydeaqui.ddns.net\/pachuca\/index.php\/wp-json\/wp\/v2\/media?parent=65217"}],"wp:term":[{"taxonomy":"product_brand","embeddable":true,"href":"https:\/\/soydeaqui.ddns.net\/pachuca\/index.php\/wp-json\/wp\/v2\/product_brand?post=65217"},{"taxonomy":"product_cat","embeddable":true,"href":"https:\/\/soydeaqui.ddns.net\/pachuca\/index.php\/wp-json\/wp\/v2\/product_cat?post=65217"},{"taxonomy":"product_tag","embeddable":true,"href":"https:\/\/soydeaqui.ddns.net\/pachuca\/index.php\/wp-json\/wp\/v2\/product_tag?post=65217"}],"curies":[{"name":"wp","href":"https:\/\/api.w.org\/{rel}","templated":true}]}}