{"id":65201,"date":"2026-03-19T08:13:54","date_gmt":"2026-03-19T08:13:54","guid":{"rendered":"https:\/\/soydeaqui.ddns.net\/pachuca\/index.php\/producto\/bobina-de-cable-de-305-metros-1000-pies-4-x-18-awg-aislamiento-individual-de-policloruro-de-vinilo-pvc-con-propiedades-antiflama-para-aplicaciones-en-sistemas-de-seguridad\/"},"modified":"2026-03-19T08:13:55","modified_gmt":"2026-03-19T08:13:55","slug":"bobina-de-cable-de-305-metros-1000-pies-4-x-18-awg-aislamiento-individual-de-policloruro-de-vinilo-pvc-con-propiedades-antiflama-para-aplicaciones-en-sistemas-de-seguridad","status":"publish","type":"product","link":"https:\/\/soydeaqui.ddns.net\/pachuca\/index.php\/producto\/bobina-de-cable-de-305-metros-1000-pies-4-x-18-awg-aislamiento-individual-de-policloruro-de-vinilo-pvc-con-propiedades-antiflama-para-aplicaciones-en-sistemas-de-seguridad\/","title":{"rendered":"Bobina de Cable de 305 Metros (1000 Pies), 4 x 18 AWG, Aislamiento Individual de Policloruro de Vinilo (PVC), con Propiedades Antiflama, para Aplicaciones en Sistemas de Seguridad."},"content":{"rendered":"<div style='width: 100%; max-width: 1200px; margin: 0 auto; font-family: sans-serif; line-height: 1.6; color: inherit; background-color: transparent;'> <!-- Secci\u00f3n de descripci\u00f3n --> <\/p>\n<div style='margin-bottom: 30px;'>\n<p style='font-size: 16px; margin-bottom: 15px;'><strong>CABLE DE 4 CONDUCTORES CALIBRE 18 CON FORRO BLANCO PARA APLICACIONES EN ALARMAS DE INTRUSION&comma; CONTROL DE ACCESO&comma; INTERFONOS Y TV PORTEROS.<\/strong><\/p>\n<p style='font-size: 16px; margin-bottom: 15px;'><strong>Los cables de alarma VIAKON est\u00e1n dise\u00f1ados para utilizarse en la conexi\u00f3n de equipos de seguridad&comma; tales como: Panel de control de alarmas&comma; sistemas de control de accesos&comma; interfonos y Tv porteros.<\/strong><\/p>\n<\/p><\/div>\n<p> <!-- Secci\u00f3n de construcci\u00f3n --> <\/p>\n<div style='margin-bottom: 30px;'>\n<h3 style='font-size: 22px; border-bottom: 2px solid currentColor; padding-bottom: 5px; margin-top: 0; color: inherit; opacity: 0.8;'>Construcci\u00f3n<\/h3>\n<p style='font-size: 16px; margin-bottom: 15px;'><strong>Cable multiconductor&comma; formado por conductores de cable&comma; aislamiento individual de Policloruro de Vinilo (PVC)&comma; cubierta de Policloruro de Vinilo (PVC) color blanco con propiedades antiflama.<\/strong><\/p>\n<\/p><\/div>\n<p> <!-- Secci\u00f3n de aplicaciones --> <\/p>\n<div style='margin-bottom: 30px;'>\n<h3 style='font-size: 22px; border-bottom: 2px solid currentColor; padding-bottom: 5px; margin-top: 0; color: inherit; opacity: 0.8;'>Aplicaciones<\/h3>\n<ul style='padding-left: 20px; font-size: 15px; color: inherit;'>\n<li style='margin-bottom: 5px;'><strong>Industria:<\/strong> Aplicaciones de control e instrumentaci\u00f3n&comma; v\u00eda se\u00f1ales an\u00e1logas o digitales.<\/li>\n<li style='margin-bottom: 5px;'><strong>Seguridad en control de acceso:<\/strong> conexi\u00f3n del panel de control con accesorios tales como&comma; lectores de proximidad&comma; lectores de huella&comma; chapas y contrachapas magn\u00e9ticas.<\/li>\n<li style='margin-bottom: 5px;'><strong>Seguridad en alarmas:<\/strong> cableados de circuitos perif\u00e9ricos&comma; sensores y sirenas.<\/li>\n<li style='margin-bottom: 5px;'><strong>Seguridad en interfonos y TV porteros:<\/strong> cableados de frente de calle&comma; monitores&comma; interfonos.<\/li>\n<li style='margin-bottom: 5px;'><strong>Audio:<\/strong> Conexi\u00f3n de bocinas&comma; y sistemas de audio.<\/li>\n<\/ul><\/div>\n<p> <!-- Secci\u00f3n de especificaciones --> <\/p>\n<div style='margin-bottom: 30px;'>\n<h3 style='font-size: 22px; border-bottom: 2px solid currentColor; padding-bottom: 5px; margin-top: 0; color: inherit; opacity: 0.8;'>Caracter\u00edsticas<\/h3>\n<ul style='padding-left: 20px; font-size: 15px; color: inherit;'>\n<li style='margin-bottom: 5px;'><strong>Cable tipo:<\/strong> CMR<\/li>\n<li style='margin-bottom: 5px;'><strong>N\u00famero de conductores:<\/strong> 4<\/li>\n<li style='margin-bottom: 5px;'><strong>Calibre:<\/strong> 18<\/li>\n<li style='margin-bottom: 5px;'><strong>Material:<\/strong> SR-PVC<\/li>\n<li style='margin-bottom: 5px;'><strong>Color externo:<\/strong> Blanco.<\/li>\n<li style='margin-bottom: 5px;'><strong>Color interno:<\/strong> Rojo&comma; Negro&comma; Blanco&comma; Verde.<\/li>\n<li style='margin-bottom: 5px;'><strong>Prueba de flama Riser:<\/strong> UL 1666 &#8216;Flama Vertical&#8217;<\/li>\n<\/ul><\/div>\n<p> <!-- Secci\u00f3n de informaci\u00f3n adicional --> <\/p>\n<div style='margin-bottom: 30px;'>\n<p style='font-size: 16px; margin-bottom: 15px;'><strong>Cables certificados por UL y que cumplen con la prueba RISER que garantiza que el cable no va a ser propagador del incendio de manera vertical (de un piso a otro).<\/strong><\/p>\n<\/p><\/div>\n<p> <!-- Secci\u00f3n de temperatura de operaci\u00f3n --> <\/p>\n<div style='margin-bottom: 30px;'>\n<h3 style='font-size: 22px; border-bottom: 2px solid currentColor; padding-bottom: 5px; margin-top: 0; color: inherit; opacity: 0.8;'>Temperatura de operaci\u00f3n<\/h3>\n<ul style='padding-left: 20px; font-size: 15px; color: inherit;'>\n<li style='margin-bottom: 5px;'>-20 \u00b0C a 105 \u00b0C<\/li>\n<\/ul><\/div>\n<p> <!-- Secci\u00f3n de certificaciones --> <\/p>\n<div style='margin-bottom: 30px;'>\n<h3 style='font-size: 22px; border-bottom: 2px solid currentColor; padding-bottom: 5px; margin-top: 0; color: inherit; opacity: 0.8;'>Certificaciones<\/h3>\n<ul style='padding-left: 20px; font-size: 15px; color: inherit;'>\n<li style='margin-bottom: 5px;'><strong>Especificaciones:<\/strong> UL 1424<\/li>\n<li style='margin-bottom: 5px;'><strong>NEC:<\/strong> 800<\/li>\n<\/ul><\/div>\n<p> <!-- Secci\u00f3n de presentaci\u00f3n --> <\/p>\n<div style='margin-bottom: 30px;'>\n<p style='font-size: 16px; margin-bottom: 15px;'><strong>* Caja de 305 metros.<\/strong><\/p>\n<\/p><\/div>\n<p> <!-- Separador --> <\/p>\n<hr style='border: 0; border-top: 1px solid rgba(150&comma; 150&comma; 150&comma; 0.3); margin: 30px 0;'> <!-- Secci\u00f3n de videos --> <\/p>\n<div style='margin-bottom: 30px;'>\n<h3 style='font-size: 22px; border-bottom: 2px solid currentColor; padding-bottom: 5px; margin-top: 0; color: inherit; opacity: 0.8;'>Videos<\/h3>\n<p> <!-- Primer video --> <\/p>\n<div style='position: relative; padding-bottom: 56.25%; height: 0; overflow: hidden; margin-bottom: 30px;'>   <\/div>\n<p> <!-- Segundo video --> <\/p>\n<div style='position: relative; padding-bottom: 56.25%; height: 0; overflow: hidden; margin-bottom: 30px;'>   <\/div>\n<\/p><\/div>\n<\/p><\/div>\n","protected":false},"excerpt":{"rendered":"<p>Bobina de Cable de 305 Metros (1000 Pies), 4 x 18 AWG, Aislamiento Individual de Policloruro de Vinilo (PVC), con Propiedades Antiflama, para Aplicaciones en Sistemas de Seguridad.<\/p>\n","protected":false},"featured_media":65200,"comment_status":"open","ping_status":"closed","template":"","meta":[],"product_brand":[],"product_cat":[1558],"product_tag":[138,1559,242],"class_list":{"0":"post-65201","1":"product","2":"type-product","3":"status-publish","4":"has-post-thumbnail","6":"product_cat-coaxiales","7":"product_tag-cables","8":"product_tag-coaxiales","9":"product_tag-viakon","11":"first","12":"instock","13":"sale","14":"shipping-taxable","15":"purchasable","16":"product-type-simple"},"_links":{"self":[{"href":"https:\/\/soydeaqui.ddns.net\/pachuca\/index.php\/wp-json\/wp\/v2\/product\/65201","targetHints":{"allow":["GET"]}}],"collection":[{"href":"https:\/\/soydeaqui.ddns.net\/pachuca\/index.php\/wp-json\/wp\/v2\/product"}],"about":[{"href":"https:\/\/soydeaqui.ddns.net\/pachuca\/index.php\/wp-json\/wp\/v2\/types\/product"}],"replies":[{"embeddable":true,"href":"https:\/\/soydeaqui.ddns.net\/pachuca\/index.php\/wp-json\/wp\/v2\/comments?post=65201"}],"wp:featuredmedia":[{"embeddable":true,"href":"https:\/\/soydeaqui.ddns.net\/pachuca\/index.php\/wp-json\/wp\/v2\/media\/65200"}],"wp:attachment":[{"href":"https:\/\/soydeaqui.ddns.net\/pachuca\/index.php\/wp-json\/wp\/v2\/media?parent=65201"}],"wp:term":[{"taxonomy":"product_brand","embeddable":true,"href":"https:\/\/soydeaqui.ddns.net\/pachuca\/index.php\/wp-json\/wp\/v2\/product_brand?post=65201"},{"taxonomy":"product_cat","embeddable":true,"href":"https:\/\/soydeaqui.ddns.net\/pachuca\/index.php\/wp-json\/wp\/v2\/product_cat?post=65201"},{"taxonomy":"product_tag","embeddable":true,"href":"https:\/\/soydeaqui.ddns.net\/pachuca\/index.php\/wp-json\/wp\/v2\/product_tag?post=65201"}],"curies":[{"name":"wp","href":"https:\/\/api.w.org\/{rel}","templated":true}]}}