{"id":65159,"date":"2026-03-19T08:12:22","date_gmt":"2026-03-19T08:12:22","guid":{"rendered":"https:\/\/soydeaqui.ddns.net\/pachuca\/index.php\/producto\/carga-terminal-de-enfriamiento-seco-por-conveccion-150-watt-series-150-st-n-hembra\/"},"modified":"2026-03-19T08:12:24","modified_gmt":"2026-03-19T08:12:24","slug":"carga-terminal-de-enfriamiento-seco-por-conveccion-150-watt-series-150-st-n-hembra","status":"publish","type":"product","link":"https:\/\/soydeaqui.ddns.net\/pachuca\/index.php\/producto\/carga-terminal-de-enfriamiento-seco-por-conveccion-150-watt-series-150-st-n-hembra\/","title":{"rendered":"Carga Terminal de Enfriamiento Seco por Convecci\u00f3n, 150 Watt, Series 150-ST, N Hembra."},"content":{"rendered":"<div style='width: 100%; max-width: 1200px; margin: 0 auto; font-family: sans-serif; line-height: 1.6; color: inherit; background-color: transparent;'>\n<div style='display: flex; flex-wrap: wrap; gap: 30px; margin-bottom: 30px;'>\n<div style='flex: 1 1 300px; min-width: 280px;'>\n<h3 style='font-size: 22px; border-bottom: 2px solid currentColor; padding-bottom: 5px; margin-top: 0; color: inherit; opacity: 0.8;'>Caracter\u00edsticas<\/h3>\n<ul style='padding-left: 20px; font-size: 15px; color: inherit;'>\n<li style='margin-bottom: 5px;'>Mundialmente conocido por su alta calidad&comma; construcci\u00f3n robusta y clasificaciones de potencia conservadoras.<\/li>\n<li style='margin-bottom: 5px;'>El uso de materiales no magn\u00e9ticos y placas proporciona seguridad cuando se utiliza en campos magn\u00e9ticos altos como la resonancia magn\u00e9tica.<\/li>\n<li style='margin-bottom: 5px;'>Amplia variedad de conectores.<\/li>\n<li style='margin-bottom: 5px;'>Enfriado por Convecci\u00f3n.<\/li>\n<li style='margin-bottom: 5px;'>Robusto y confiable&comma; provee a\u00f1os de uso sin problema.<\/li>\n<li style='margin-bottom: 5px;'>Tama\u00f1o compacto&comma; perforaciones de montaje roscado para instalaciones fijas.<\/li>\n<li style='margin-bottom: 5px;'><strong>Rango de Potencia:<\/strong> 100 Watt<\/li>\n<\/ul><\/div>\n<div style='flex: 1 1 300px; min-width: 280px;'>\n<h3 style='font-size: 22px; border-bottom: 2px solid currentColor; padding-bottom: 5px; margin-top: 0; color: inherit; opacity: 0.8;'>Especificaciones<\/h3>\n<ul style='padding-left: 20px; font-size: 15px; color: inherit;'>\n<li style='margin-bottom: 5px;'><strong>Rango-Frecuencia y VSWR:<\/strong> DC-1 GHz @ 1.10:1 m\u00e1x. \/ 1-2.4 GHz @ 1.25:1 m\u00e1x.<\/li>\n<li style='margin-bottom: 5px;'><strong>Impedancia:<\/strong> 50 Ohm<\/li>\n<li style='margin-bottom: 5px;'><strong>Rango de Temperatura:<\/strong> -40\u00b0C a +40\u00b0C<\/li>\n<li style='margin-bottom: 5px;'><strong>Tipo de Producto:<\/strong> Seco (Enfriado por Convecci\u00f3n)<\/li>\n<li style='margin-bottom: 5px;'><strong>Posici\u00f3n de Operaci\u00f3n:<\/strong> Vertical<\/li>\n<li style='margin-bottom: 5px;'><strong>Conectores:<\/strong> N Hembra (Opciones en BNC&comma; TNC&comma; 7-16 DIN&comma; MD)<\/li>\n<li style='margin-bottom: 5px;'><strong>Acabado:<\/strong> Aletas Anodizadas en Negro y Conector de Triple Aleaci\u00f3n Plateado<\/li>\n<li style='margin-bottom: 5px;'><strong>Dimensiones (L x A x F):<\/strong> 101.6 x 101.6 x 171.45 mm<\/li>\n<li style='margin-bottom: 5px;'><strong>Peso:<\/strong> 2.30 kg<\/li>\n<\/ul><\/div>\n<\/p><\/div>\n<div style='text-align: center; margin: 30px 0; font-size: 14px; color: inherit; opacity: 0.8;'> *Pregunte por tiempo de entrega <\/div>\n<\/p><\/div>\n","protected":false},"excerpt":{"rendered":"<p>Carga Terminal de Enfriamiento Seco por Convecci\u00f3n, 150 Watt, Series 150-ST, N Hembra.<\/p>\n","protected":false},"featured_media":65158,"comment_status":"open","ping_status":"closed","template":"","meta":[],"product_brand":[],"product_cat":[1635],"product_tag":[1641,1636,931],"class_list":{"0":"post-65159","1":"product","2":"type-product","3":"status-publish","4":"has-post-thumbnail","6":"product_cat-cargas-fantasma","7":"product_tag-bird-technologies","8":"product_tag-cargas-fantasma","9":"product_tag-equipo-de-laboratorio","11":"first","12":"outofstock","13":"sale","14":"shipping-taxable","15":"purchasable","16":"product-type-simple"},"_links":{"self":[{"href":"https:\/\/soydeaqui.ddns.net\/pachuca\/index.php\/wp-json\/wp\/v2\/product\/65159","targetHints":{"allow":["GET"]}}],"collection":[{"href":"https:\/\/soydeaqui.ddns.net\/pachuca\/index.php\/wp-json\/wp\/v2\/product"}],"about":[{"href":"https:\/\/soydeaqui.ddns.net\/pachuca\/index.php\/wp-json\/wp\/v2\/types\/product"}],"replies":[{"embeddable":true,"href":"https:\/\/soydeaqui.ddns.net\/pachuca\/index.php\/wp-json\/wp\/v2\/comments?post=65159"}],"wp:featuredmedia":[{"embeddable":true,"href":"https:\/\/soydeaqui.ddns.net\/pachuca\/index.php\/wp-json\/wp\/v2\/media\/65158"}],"wp:attachment":[{"href":"https:\/\/soydeaqui.ddns.net\/pachuca\/index.php\/wp-json\/wp\/v2\/media?parent=65159"}],"wp:term":[{"taxonomy":"product_brand","embeddable":true,"href":"https:\/\/soydeaqui.ddns.net\/pachuca\/index.php\/wp-json\/wp\/v2\/product_brand?post=65159"},{"taxonomy":"product_cat","embeddable":true,"href":"https:\/\/soydeaqui.ddns.net\/pachuca\/index.php\/wp-json\/wp\/v2\/product_cat?post=65159"},{"taxonomy":"product_tag","embeddable":true,"href":"https:\/\/soydeaqui.ddns.net\/pachuca\/index.php\/wp-json\/wp\/v2\/product_tag?post=65159"}],"curies":[{"name":"wp","href":"https:\/\/api.w.org\/{rel}","templated":true}]}}