{"id":65153,"date":"2026-03-19T08:12:13","date_gmt":"2026-03-19T08:12:13","guid":{"rendered":"https:\/\/soydeaqui.ddns.net\/pachuca\/index.php\/producto\/brazo-de-pvc-para-montaje-lateral-superior-para-estabilizar-antenas-colineales-de-fibra-de-vidrio-a-una-distancia-desde-81-103-cm-de-la-torre\/"},"modified":"2026-03-19T08:12:13","modified_gmt":"2026-03-19T08:12:13","slug":"brazo-de-pvc-para-montaje-lateral-superior-para-estabilizar-antenas-colineales-de-fibra-de-vidrio-a-una-distancia-desde-81-103-cm-de-la-torre","status":"publish","type":"product","link":"https:\/\/soydeaqui.ddns.net\/pachuca\/index.php\/producto\/brazo-de-pvc-para-montaje-lateral-superior-para-estabilizar-antenas-colineales-de-fibra-de-vidrio-a-una-distancia-desde-81-103-cm-de-la-torre\/","title":{"rendered":"Brazo de PVC para Montaje Lateral Superior para Estabilizar Antenas Colineales de Fibra de Vidrio a una Distancia desde 81-103 cm de la Torre."},"content":{"rendered":"<div style='width: 100%; max-width: 1200px; margin: 0 auto; font-family: sans-serif; line-height: 1.6; color: inherit; background-color: transparent;'> <!-- Secci\u00f3n de caracter\u00edsticas principales --> <\/p>\n<div style='margin-bottom: 30px;'>\n<h2 style='font-size: 24px; border-bottom: 2px solid currentColor; padding-bottom: 5px; margin-top: 0; color: inherit; opacity: 0.85;'>Caracter\u00edsticas Principales<\/h2>\n<ul style='padding-left: 20px; font-size: 15px; color: inherit;'>\n<li style='margin-bottom: 5px;'>Brazo de PVC para estabilidad de antenas<\/li>\n<li style='margin-bottom: 5px;'>Soporte de antenas colineales fibra de vidrio<\/li>\n<li style='margin-bottom: 5px;'>Rango de 81 a 103 cm para instalaci\u00f3n<\/li>\n<li style='margin-bottom: 5px;'>Material resistente para uso exterior<\/li>\n<li style='margin-bottom: 5px;'>Compatible con torres de comunicaci\u00f3n<\/li>\n<\/ul><\/div>\n<p> <!-- Secci\u00f3n de especificaciones --> <\/p>\n<div style='display: flex; flex-wrap: wrap; gap: 20px; margin-bottom: 30px;'>\n<div style='flex: 1 1 250px; border: 1px solid rgba(150&comma; 150&comma; 150&comma; 0.4); border-radius: 8px; overflow: hidden; display: flex; flex-direction: column;'>\n<div style='padding: 15px; border-bottom: 1px solid rgba(150&comma; 150&comma; 150&comma; 0.2); font-weight: bold; font-size: 18px; color: inherit;'>Especificaciones<\/div>\n<div style='padding: 15px; color: inherit;'>\n<ul style='padding-left: 20px; margin: 0; font-size: 14px; list-style-type: disc;'>\n<li style='margin-bottom: 5px;'><strong>Modelo:<\/strong> ANTM432<\/li>\n<li style='margin-bottom: 5px;'><strong>Tipo:<\/strong> Soporte lateral superior<\/li>\n<li style='margin-bottom: 5px;'><strong>Material:<\/strong> PVC resistente a UV<\/li>\n<li style='margin-bottom: 5px;'><strong>Ajustable:<\/strong> 32&#8242;-43&#8242; (81-103 cm)<\/li>\n<li style='margin-bottom: 5px;'><strong>Compatibilidad:<\/strong> Antenas colineales Telewave F6-8-10<\/li>\n<li style='margin-bottom: 5px;'><strong>Componentes:<\/strong> 1 ANTC484 clamp y 2 abrazaderas de acero<\/li>\n<li style='margin-bottom: 5px;'><strong>Material:<\/strong> Acero galvanizado<\/li>\n<\/ul><\/div>\n<\/p><\/div>\n<p> <!-- Secci\u00f3n de aplicaciones --> <\/p>\n<div style='flex: 1 1 250px; border: 1px solid rgba(150&comma; 150&comma; 150&comma; 0.4); border-radius: 8px; overflow: hidden; display: flex; flex-direction: column;'>\n<div style='padding: 15px; border-bottom: 1px solid rgba(150&comma; 150&comma; 150&comma; 0.2); font-weight: bold; font-size: 18px; color: inherit;'>Aplicaciones<\/div>\n<div style='padding: 15px; color: inherit;'>\n<ul style='padding-left: 20px; margin: 0; font-size: 14px; list-style-type: disc;'>\n<li style='margin-bottom: 5px;'>Instalaci\u00f3n de antenas colineales en torres de comunicaci\u00f3n<\/li>\n<li style='margin-bottom: 5px;'>Estabilizaci\u00f3n de antenas de fibra de vidrio<\/li>\n<li style='margin-bottom: 5px;'>Montaje lateral superior en torres cuadradas o redondas<\/li>\n<li style='margin-bottom: 5px;'>Sistemas de comunicaci\u00f3n VHF\/UHF<\/li>\n<\/ul><\/div>\n<\/p><\/div>\n<\/p><\/div>\n<p> <!-- Secci\u00f3n de informaci\u00f3n t\u00e9cnica --> <\/p>\n<div style='margin-bottom: 30px;'>\n<h3 style='font-size: 20px; border-bottom: 2px solid currentColor; padding-bottom: 5px; margin-top: 0; color: inherit; opacity: 0.8;'>Informaci\u00f3n T\u00e9cnica<\/h3>\n<ul style='padding-left: 20px; font-size: 15px; color: inherit;'>\n<li style='margin-bottom: 5px;'><strong>Dise\u00f1o:<\/strong> Soporte aislado que no interfiere con el VSWR o patr\u00f3n de la antena<\/li>\n<li style='margin-bottom: 5px;'><strong>Compatibilidad:<\/strong> Compatible con torres de 1.5&#8242;-3.5&#8242; O.D.<\/li>\n<li style='margin-bottom: 5px;'><strong>Material:<\/strong> PVC resistente a los rayos UV para mayor durabilidad<\/li>\n<li style='margin-bottom: 5px;'><strong>Accesorios incluidos:<\/strong> (1) ANTC484 clamp y (2) abrazaderas de acero<\/li>\n<\/ul><\/div>\n<p> <!-- Separador --> <\/p>\n<hr style='border: 0; border-top: 1px solid rgba(150&comma; 150&comma; 150&comma; 0.3); margin: 30px 0;'> <\/div>\n","protected":false},"excerpt":{"rendered":"<p>Brazo de PVC para Montaje Lateral Superior para Estabilizar Antenas Colineales de Fibra de Vidrio a una Distancia desde 81-103 cm de la Torre.<\/p>\n","protected":false},"featured_media":65152,"comment_status":"open","ping_status":"closed","template":"","meta":[],"product_brand":[],"product_cat":[1539],"product_tag":[590,165,1737,246],"class_list":{"0":"post-65153","1":"product","2":"type-product","3":"status-publish","4":"has-post-thumbnail","6":"product_cat-accesorios-para-torres-arriostradas-torres-y-mastiles","7":"product_tag-accesorios-para-torres-arriostradas","8":"product_tag-inc","9":"product_tag-telewave","10":"product_tag-torres-y-mastiles","12":"first","13":"instock","14":"sale","15":"shipping-taxable","16":"purchasable","17":"product-type-simple"},"_links":{"self":[{"href":"https:\/\/soydeaqui.ddns.net\/pachuca\/index.php\/wp-json\/wp\/v2\/product\/65153","targetHints":{"allow":["GET"]}}],"collection":[{"href":"https:\/\/soydeaqui.ddns.net\/pachuca\/index.php\/wp-json\/wp\/v2\/product"}],"about":[{"href":"https:\/\/soydeaqui.ddns.net\/pachuca\/index.php\/wp-json\/wp\/v2\/types\/product"}],"replies":[{"embeddable":true,"href":"https:\/\/soydeaqui.ddns.net\/pachuca\/index.php\/wp-json\/wp\/v2\/comments?post=65153"}],"wp:featuredmedia":[{"embeddable":true,"href":"https:\/\/soydeaqui.ddns.net\/pachuca\/index.php\/wp-json\/wp\/v2\/media\/65152"}],"wp:attachment":[{"href":"https:\/\/soydeaqui.ddns.net\/pachuca\/index.php\/wp-json\/wp\/v2\/media?parent=65153"}],"wp:term":[{"taxonomy":"product_brand","embeddable":true,"href":"https:\/\/soydeaqui.ddns.net\/pachuca\/index.php\/wp-json\/wp\/v2\/product_brand?post=65153"},{"taxonomy":"product_cat","embeddable":true,"href":"https:\/\/soydeaqui.ddns.net\/pachuca\/index.php\/wp-json\/wp\/v2\/product_cat?post=65153"},{"taxonomy":"product_tag","embeddable":true,"href":"https:\/\/soydeaqui.ddns.net\/pachuca\/index.php\/wp-json\/wp\/v2\/product_tag?post=65153"}],"curies":[{"name":"wp","href":"https:\/\/api.w.org\/{rel}","templated":true}]}}