{"id":65138,"date":"2026-03-19T08:11:42","date_gmt":"2026-03-19T08:11:42","guid":{"rendered":"https:\/\/soydeaqui.ddns.net\/pachuca\/index.php\/producto\/divisor-de-3-salidas-50-ohm-700-2700mhz-conector-n-hembra\/"},"modified":"2026-03-19T08:11:46","modified_gmt":"2026-03-19T08:11:46","slug":"divisor-de-3-salidas-50-ohm-700-2700mhz-conector-n-hembra","status":"publish","type":"product","link":"https:\/\/soydeaqui.ddns.net\/pachuca\/index.php\/producto\/divisor-de-3-salidas-50-ohm-700-2700mhz-conector-n-hembra\/","title":{"rendered":"Divisor de 3 salidas, 50 Ohm, 700-2700MHz conector N-Hembra"},"content":{"rendered":"<div style='width: 100%; max-width: 1200px; margin: 0 auto; font-family: sans-serif; line-height: 1.6; color: inherit; background-color: transparent;'> <!-- Secci\u00f3n de descripci\u00f3n principal --> <\/p>\n<div style='margin-bottom: 30px;'>\n<p style='font-size: 16px; margin-bottom: 20px; color: inherit;'><strong>Divisor de 3 v\u00edas&comma; con conectores N hembra y 50 Ohm de impedancia.<\/strong><\/p>\n<p style='font-size: 16px; color: inherit;'>4.8 dB de p\u00e9rdida en cada una de sus salidas&comma; 700-2700 MHz. Para uso en los sistemas de distribuci\u00f3n de se\u00f1al para compartir la se\u00f1al amplificada con una m\u00ednima p\u00e9rdida de se\u00f1al. Iguala la cantidad de se\u00f1al enviada a m\u00faltiples antenas para \u00e1reas de tama\u00f1o similar.<\/p>\n<\/p><\/div>\n<p> <!-- Secci\u00f3n de caracter\u00edsticas t\u00e9cnicas --> <\/p>\n<div style='display: flex; flex-wrap: wrap; gap: 30px; margin-bottom: 30px;'>\n<div style='flex: 1 1 300px; min-width: 280px;'>\n<h3 style='font-size: 22px; border-bottom: 2px solid currentColor; padding-bottom: 5px; margin-top: 0; color: inherit; opacity: 0.8;'>Caracter\u00edsticas t\u00e9cnicas<\/h3>\n<ul style='padding-left: 20px; font-size: 15px; color: inherit;'>\n<li style='margin-bottom: 5px;'><strong>Configuraci\u00f3n:<\/strong> Divisor de 3 v\u00edas<\/li>\n<li style='margin-bottom: 5px;'><strong>Conectores:<\/strong> N hembra<\/li>\n<li style='margin-bottom: 5px;'><strong>Impedancia:<\/strong> 50 Ohm<\/li>\n<li style='margin-bottom: 5px;'><strong>Rango de frecuencia:<\/strong> 700-2700 MHz<\/li>\n<li style='margin-bottom: 5px;'><strong>P\u00e9rdida de inserci\u00f3n:<\/strong> 4.8 dB<\/li>\n<li style='margin-bottom: 5px;'><strong>Distribuci\u00f3n:<\/strong> Se\u00f1al uniforme a m\u00faltiples antenas<\/li>\n<\/ul><\/div>\n<p> <!-- Secci\u00f3n de aplicaciones --> <\/p>\n<div style='flex: 1 1 300px; min-width: 280px;'>\n<h3 style='font-size: 22px; border-bottom: 2px solid currentColor; padding-bottom: 5px; margin-top: 0; color: inherit; opacity: 0.8;'>Aplicaciones<\/h3>\n<ul style='padding-left: 20px; font-size: 15px; color: inherit;'>\n<li style='margin-bottom: 5px;'>Sistemas de distribuci\u00f3n de se\u00f1al amplificada<\/li>\n<li style='margin-bottom: 5px;'>Instalaciones con m\u00faltiples antenas<\/li>\n<li style='margin-bottom: 5px;'>Distribuci\u00f3n uniforme de se\u00f1al en \u00e1reas similares<\/li>\n<li style='margin-bottom: 5px;'>Optimizaci\u00f3n de cobertura en sistemas celulares<\/li>\n<\/ul><\/div>\n<\/p><\/div>\n<p> <!-- Secci\u00f3n de especificaciones --> <\/p>\n<div style='display: flex; flex-wrap: wrap; gap: 20px; margin-bottom: 30px;'>\n<div style='flex: 1 1 250px; border: 1px solid rgba(150&comma; 150&comma; 150&comma; 0.4); border-radius: 8px; overflow: hidden; display: flex; flex-direction: column;'>\n<div style='padding: 15px; border-bottom: 1px solid rgba(150&comma; 150&comma; 150&comma; 0.2); font-weight: bold; font-size: 18px; color: inherit;'>Especificaciones El\u00e9ctricas<\/div>\n<div style='padding: 15px; color: inherit;'>\n<ul style='padding-left: 20px; margin: 0; font-size: 14px; list-style-type: disc;'>\n<li style='margin-bottom: 5px;'><strong>Rango de frecuencia:<\/strong> 700-2700 MHz<\/li>\n<li style='margin-bottom: 5px;'><strong>Impedancia:<\/strong> 50 Ohm<\/li>\n<li style='margin-bottom: 5px;'><strong>P\u00e9rdida de inserci\u00f3n:<\/strong> 4.8 dB<\/li>\n<li style='margin-bottom: 5px;'><strong>Relaci\u00f3n de VSWR:<\/strong> \u2264 1.5:1<\/li>\n<li style='margin-bottom: 5px;'><strong>Aislamiento:<\/strong> \u2265 20 dB<\/li>\n<\/ul><\/div>\n<\/p><\/div>\n<div style='flex: 1 1 250px; border: 1px solid rgba(150&comma; 150&comma; 150&comma; 0.4); border-radius: 8px; overflow: hidden; display: flex; flex-direction: column;'>\n<div style='padding: 15px; border-bottom: 1px solid rgba(150&comma; 150&comma; 150&comma; 0.2); font-weight: bold; font-size: 18px; color: inherit;'>Especificaciones F\u00edsicas<\/div>\n<div style='padding: 15px; color: inherit;'>\n<ul style='padding-left: 20px; margin: 0; font-size: 14px; list-style-type: disc;'>\n<li style='margin-bottom: 5px;'><strong>Conectores:<\/strong> N hembra<\/li>\n<li style='margin-bottom: 5px;'><strong>Carcasa:<\/strong> Metal<\/li>\n<li style='margin-bottom: 5px;'><strong>Material:<\/strong> Aleaci\u00f3n de aluminio<\/li>\n<li style='margin-bottom: 5px;'><strong>Protecci\u00f3n:<\/strong> Resistente a condiciones ambientales<\/li>\n<li style='margin-bottom: 5px;'><strong>Dimensiones:<\/strong> 11.4 x 6.4 x 2.5 cm<\/li>\n<\/ul><\/div>\n<\/p><\/div>\n<div style='flex: 1 1 250px; border: 1px solid rgba(150&comma; 150&comma; 150&comma; 0.4); border-radius: 8px; overflow: hidden; display: flex; flex-direction: column;'>\n<div style='padding: 15px; border-bottom: 1px solid rgba(150&comma; 150&comma; 150&comma; 0.2); font-weight: bold; font-size: 18px; color: inherit;'>Aplicaciones Recomendadas<\/div>\n<div style='padding: 15px; color: inherit;'>\n<ul style='padding-left: 20px; margin: 0; font-size: 14px; list-style-type: disc;'>\n<li style='margin-bottom: 5px;'>Sistemas de amplificaci\u00f3n celular<\/li>\n<li style='margin-bottom: 5px;'>Instalaciones de m\u00faltiples antenas<\/li>\n<li style='margin-bottom: 5px;'>Distribuci\u00f3n de se\u00f1al en edificios<\/li>\n<li style='margin-bottom: 5px;'>Optimizaci\u00f3n de redes celulares<\/li>\n<\/ul><\/div>\n<\/p><\/div>\n<\/p><\/div>\n<p> <!-- Separador --> <\/p>\n<hr style='border: 0; border-top: 1px solid rgba(150&comma; 150&comma; 150&comma; 0.3); margin: 30px 0;'> <\/div>\n","protected":false},"excerpt":{"rendered":"<p>Divisor de 3 salidas, 50 Ohm, 700-2700MHz conector N-Hembra<\/p>\n","protected":false},"featured_media":65137,"comment_status":"open","ping_status":"closed","template":"","meta":[],"product_brand":[],"product_cat":[1531,1532,1552],"product_tag":[1535,1404,1536,1553,1525],"class_list":{"0":"post-65138","1":"product","2":"type-product","3":"status-publish","4":"has-post-thumbnail","6":"product_cat-antenas-3g-y-voz","7":"product_cat-cables-y-accesorios","8":"product_cat-cobertura-para-celular-4g-lte","9":"product_tag-3g-y-voz","10":"product_tag-antenas","11":"product_tag-cables-y-accesorios","12":"product_tag-cobertura-para-celular-4g-lte","13":"product_tag-wilsonpro-weboost","15":"first","16":"outofstock","17":"sale","18":"shipping-taxable","19":"purchasable","20":"product-type-simple"},"_links":{"self":[{"href":"https:\/\/soydeaqui.ddns.net\/pachuca\/index.php\/wp-json\/wp\/v2\/product\/65138","targetHints":{"allow":["GET"]}}],"collection":[{"href":"https:\/\/soydeaqui.ddns.net\/pachuca\/index.php\/wp-json\/wp\/v2\/product"}],"about":[{"href":"https:\/\/soydeaqui.ddns.net\/pachuca\/index.php\/wp-json\/wp\/v2\/types\/product"}],"replies":[{"embeddable":true,"href":"https:\/\/soydeaqui.ddns.net\/pachuca\/index.php\/wp-json\/wp\/v2\/comments?post=65138"}],"wp:featuredmedia":[{"embeddable":true,"href":"https:\/\/soydeaqui.ddns.net\/pachuca\/index.php\/wp-json\/wp\/v2\/media\/65137"}],"wp:attachment":[{"href":"https:\/\/soydeaqui.ddns.net\/pachuca\/index.php\/wp-json\/wp\/v2\/media?parent=65138"}],"wp:term":[{"taxonomy":"product_brand","embeddable":true,"href":"https:\/\/soydeaqui.ddns.net\/pachuca\/index.php\/wp-json\/wp\/v2\/product_brand?post=65138"},{"taxonomy":"product_cat","embeddable":true,"href":"https:\/\/soydeaqui.ddns.net\/pachuca\/index.php\/wp-json\/wp\/v2\/product_cat?post=65138"},{"taxonomy":"product_tag","embeddable":true,"href":"https:\/\/soydeaqui.ddns.net\/pachuca\/index.php\/wp-json\/wp\/v2\/product_tag?post=65138"}],"curies":[{"name":"wp","href":"https:\/\/api.w.org\/{rel}","templated":true}]}}