{"id":65114,"date":"2026-03-19T08:10:51","date_gmt":"2026-03-19T08:10:51","guid":{"rendered":"https:\/\/soydeaqui.ddns.net\/pachuca\/index.php\/producto\/molded-base-antenna-frequency-range-824-896-mhz-1850-1990-mhz-gain-2-2-dbi-4-dbi\/"},"modified":"2026-03-19T08:10:52","modified_gmt":"2026-03-19T08:10:52","slug":"molded-base-antenna-frequency-range-824-896-mhz-1850-1990-mhz-gain-2-2-dbi-4-dbi","status":"publish","type":"product","link":"https:\/\/soydeaqui.ddns.net\/pachuca\/index.php\/producto\/molded-base-antenna-frequency-range-824-896-mhz-1850-1990-mhz-gain-2-2-dbi-4-dbi\/","title":{"rendered":"Molded Base Antenna, Frequency Range 824-896 MHz\/1850-1990 MHz, Gain 2.2 dBi\/4 dBi"},"content":{"rendered":"<div style='width: 100%; max-width: 1200px; margin: 0 auto; font-family: sans-serif; line-height: 1.6; color: inherit; background-color: transparent;'>\n<div style='display: flex; flex-wrap: wrap; gap: 30px; margin-bottom: 30px;'>\n<div style='flex: 1 1 300px; min-width: 280px;'>\n<h3 style='font-size: 22px; border-bottom: 2px solid currentColor; padding-bottom: 5px; margin-top: 0; color: inherit; opacity: 0.8;'>Descripci\u00f3n<\/h3>\n<p style='font-size: 15px; color: inherit;'> Estas antenas cuentan con una base de pol\u00edmero moldeado resistente&comma; un pasador de contacto con muelle y una varilla de acero inoxidable de 0&comma;100&#8242; de di\u00e1metro para una operaci\u00f3n duradera y sin problemas. Los modelos est\u00e1n disponibles con varilla de bobina abierta o cerrada&comma; y se pueden pedir con acabado negro. Esta serie ofrece modelos para muchos tipos de aplicaciones inal\u00e1mbricas&comma; incluyendo datos m\u00f3viles&comma; multibanda&comma; monobanda y esc\u00e1neres de seguridad p\u00fablica. <\/p>\n<\/p><\/div>\n<\/p><\/div>\n<div style='display: flex; flex-wrap: wrap; gap: 30px; margin-bottom: 30px;'>\n<div style='flex: 1 1 300px; min-width: 280px;'>\n<h3 style='font-size: 22px; border-bottom: 2px solid currentColor; padding-bottom: 5px; margin-top: 0; color: inherit; opacity: 0.8;'>Caracter\u00edsticas<\/h3>\n<ul style='padding-left: 20px; font-size: 15px; color: inherit;'>\n<li style='margin-bottom: 5px;'>La base de pol\u00edmero moldeado proporciona resistencia y durabilidad en entornos m\u00f3viles exigentes<\/li>\n<li style='margin-bottom: 5px;'>Rendimiento de banda ancha (modelos WiFi) que cubre frecuencias de 2&comma;2 GHz a 2&comma;9 GHz sin necesidad de ajuste. Modelos de 3 dB o 5 dB disponibles para la mayor\u00eda de los rangos de frecuencia<\/li>\n<li style='margin-bottom: 5px;'>Disponible en acabado brillante o negro. La antena est\u00e1 lista para instalar; no se requiere corte de varilla (excepto indicaci\u00f3n contraria)<\/li>\n<li style='margin-bottom: 5px;'>Adecuada para todos los soportes con rosca de 1-1\/8&#8242;-18&comma; incluidos los soportes de 3\/4&#8242;<\/li>\n<li style='margin-bottom: 5px;'>Disponible en acabado brillante o negro<\/li>\n<li style='margin-bottom: 5px;'>Dise\u00f1ada con un pasador de contacto de lat\u00f3n con muelle<\/li>\n<\/ul><\/div>\n<div style='flex: 1 1 300px; min-width: 280px;'>\n<h3 style='font-size: 22px; border-bottom: 2px solid currentColor; padding-bottom: 5px; margin-top: 0; color: inherit; opacity: 0.8;'>Datos t\u00e9cnicos<\/h3>\n<ul style='padding-left: 20px; font-size: 15px; color: inherit;'>\n<li style='margin-bottom: 5px;'><strong>Potencia m\u00e1xima:<\/strong>\n<ul style='padding-left: 20px; margin-top: 5px; margin-bottom: 5px;'>\n<li style='margin-bottom: 5px;'>200 vatios (modelos VHF)<\/li>\n<li style='margin-bottom: 5px;'>150 vatios (modelos UHF)<\/li>\n<li style='margin-bottom: 5px;'>100 vatios (solo modelos BMAX y MAXC)<\/li>\n<\/ul>\n<\/li>\n<li style='margin-bottom: 5px;'><strong>Polarizaci\u00f3n:<\/strong> Vertical<\/li>\n<li style='margin-bottom: 5px;'><strong>Impedancia nominal:<\/strong> 50 ohmios<\/li>\n<li style='margin-bottom: 5px;'><strong>VSWR:<\/strong>\n<ul style='padding-left: 20px; margin-top: 5px; margin-bottom: 5px;'>\n<li style='margin-bottom: 5px;'>< 1.5:1<\/li>\n<li style='margin-bottom: 5px;'>< 2.0:1 [(B)MAX150\/450(S) y (B)MAX140\/440(S)]<\/li>\n<\/ul>\n<\/li>\n<li style='margin-bottom: 5px;'><strong>Material del radiador:<\/strong>\n<ul style='padding-left: 20px; margin-top: 5px; margin-bottom: 5px;'>\n<li style='margin-bottom: 5px;'>.100&#8242; OD acero inoxidable; acabado brillante (MAXC) o negro (BMAXC)<\/li>\n<li style='margin-bottom: 5px;'>.062&#8242; di\u00e1metro&comma; acero inoxidable negro<\/li>\n<\/ul>\n<\/li>\n<li style='margin-bottom: 5px;'><strong>Resorte opcional:<\/strong> Acero inoxidable; acabado brillante o negro<\/li>\n<li style='margin-bottom: 5px;'><strong>Carcasa de bobina base:<\/strong> Pol\u00edmero moldeado con anillo insertado chapado y pasador de contacto con muelle<\/li>\n<li style='margin-bottom: 5px;'><strong>Carcasa de bobina de fase:<\/strong> Funda de pol\u00edmero moldeado con manguito chapado en cobre&comma; n\u00edquel y cromo<\/li>\n<li style='margin-bottom: 5px;'><strong>Varilla de ferrule:<\/strong> 5\/16&#8242; -24 rosca; acabado brillante o negro chapado en cromo<\/li>\n<li style='margin-bottom: 5px;'><strong>Tipo de antena:<\/strong> Ver especificaciones mec\u00e1nicas<\/li>\n<li style='margin-bottom: 5px;'><strong>M\u00e9todo de montaje:<\/strong> Adecuada para todos los soportes con rosca de 1-1\/8&#8242;-18&comma; incluidos los soportes de 3\/4&#8242;<\/li>\n<\/ul><\/div>\n<\/p><\/div>\n<div style='display: flex; flex-wrap: wrap; gap: 20px; margin-bottom: 30px;'>\n<div style='flex: 1 1 250px; border: 1px solid rgba(150&comma; 150&comma; 150&comma; 0.4); border-radius: 8px; overflow: hidden; display: flex; flex-direction: column;'>\n<div style='padding: 15px; border-bottom: 1px solid rgba(150&comma; 150&comma; 150&comma; 0.2); font-weight: bold; font-size: 18px; color: inherit;'>Especificaciones<\/div>\n<div style='padding: 15px; color: inherit;'>\n<ul style='padding-left: 20px; margin: 0; font-size: 14px; list-style-type: disc;'>\n<li style='margin-bottom: 5px;'><strong>Modelo:<\/strong> BMAX824\/1850<\/li>\n<li style='margin-bottom: 5px;'><strong>Rango de frecuencia:<\/strong> 824-896 MHz\/1850-1990 MHz<\/li>\n<li style='margin-bottom: 5px;'><strong>Frecuencia de sinton\u00eda de f\u00e1brica:<\/strong> Opera dentro del ancho de banda especificado<\/li>\n<li style='margin-bottom: 5px;'><strong>Antena tipo:<\/strong> Dual Band Collinear<\/li>\n<li style='margin-bottom: 5px;'><strong>Ganancia:<\/strong> 2.2 dBi\/4 dBi<\/li>\n<li style='margin-bottom: 5px;'><strong>Tipo de varilla:<\/strong> Colineal\/Abierta<\/li>\n<li style='margin-bottom: 5px;'><strong>Altura de antena en la frecuencia m\u00e1s baja:<\/strong> Aproximadamente 12&#8242;<\/li>\n<\/ul><\/div>\n<\/p><\/div>\n<\/p><\/div>\n<hr style='border: 0; border-top: 1px solid rgba(150&comma; 150&comma; 150&comma; 0.3); margin: 30px 0;'> <\/div>\n","protected":false},"excerpt":{"rendered":"<p>Molded Base Antenna, Frequency Range 824-896 MHz\/1850-1990 MHz, Gain 2.2 dBi\/4 dBi<\/p>\n","protected":false},"featured_media":65113,"comment_status":"open","ping_status":"closed","template":"","meta":[],"product_brand":[],"product_cat":[1848],"product_tag":[1404,1573,1701],"class_list":{"0":"post-65114","1":"product","2":"type-product","3":"status-publish","4":"has-post-thumbnail","6":"product_cat-moviles-antenas-radiocomunicacion","7":"product_tag-antenas","8":"product_tag-moviles","9":"product_tag-pctel","11":"first","12":"outofstock","13":"sale","14":"shipping-taxable","15":"purchasable","16":"product-type-simple"},"_links":{"self":[{"href":"https:\/\/soydeaqui.ddns.net\/pachuca\/index.php\/wp-json\/wp\/v2\/product\/65114","targetHints":{"allow":["GET"]}}],"collection":[{"href":"https:\/\/soydeaqui.ddns.net\/pachuca\/index.php\/wp-json\/wp\/v2\/product"}],"about":[{"href":"https:\/\/soydeaqui.ddns.net\/pachuca\/index.php\/wp-json\/wp\/v2\/types\/product"}],"replies":[{"embeddable":true,"href":"https:\/\/soydeaqui.ddns.net\/pachuca\/index.php\/wp-json\/wp\/v2\/comments?post=65114"}],"wp:featuredmedia":[{"embeddable":true,"href":"https:\/\/soydeaqui.ddns.net\/pachuca\/index.php\/wp-json\/wp\/v2\/media\/65113"}],"wp:attachment":[{"href":"https:\/\/soydeaqui.ddns.net\/pachuca\/index.php\/wp-json\/wp\/v2\/media?parent=65114"}],"wp:term":[{"taxonomy":"product_brand","embeddable":true,"href":"https:\/\/soydeaqui.ddns.net\/pachuca\/index.php\/wp-json\/wp\/v2\/product_brand?post=65114"},{"taxonomy":"product_cat","embeddable":true,"href":"https:\/\/soydeaqui.ddns.net\/pachuca\/index.php\/wp-json\/wp\/v2\/product_cat?post=65114"},{"taxonomy":"product_tag","embeddable":true,"href":"https:\/\/soydeaqui.ddns.net\/pachuca\/index.php\/wp-json\/wp\/v2\/product_tag?post=65114"}],"curies":[{"name":"wp","href":"https:\/\/api.w.org\/{rel}","templated":true}]}}