{"id":65074,"date":"2026-03-19T08:09:30","date_gmt":"2026-03-19T08:09:30","guid":{"rendered":"https:\/\/soydeaqui.ddns.net\/pachuca\/index.php\/producto\/auricular-para-radio-vertex-vx160-vx231-vx180-vx400vx261-ft60r-motorola-e-vx231\/"},"modified":"2026-03-19T08:09:31","modified_gmt":"2026-03-19T08:09:31","slug":"auricular-para-radio-vertex-vx160-vx231-vx180-vx400vx261-ft60r-motorola-e-vx231","status":"publish","type":"product","link":"https:\/\/soydeaqui.ddns.net\/pachuca\/index.php\/producto\/auricular-para-radio-vertex-vx160-vx231-vx180-vx400vx261-ft60r-motorola-e-vx231\/","title":{"rendered":"Auricular para radio  Vertex VX160, VX231, VX180, VX400,VX261, FT60R, Motorola E-VX231."},"content":{"rendered":"<div style='width: 100%; max-width: 1200px; margin: 0 auto; font-family: sans-serif; line-height: 1.6; color: inherit; background-color: transparent;'>\n<h2 style='font-size: 24px; margin-top: 0; margin-bottom: 15px; color: inherit; font-weight: 600;'>Auricular para radio Vertex VX160&comma; VX231&comma; VX180&comma; VX400&comma;VX261&comma; FT60R&comma; Motorola E-VX231.<\/h2>\n<div style='display: flex; flex-wrap: wrap; gap: 30px; margin-bottom: 30px;'>\n<div style='flex: 1 1 300px; min-width: 280px;'>\n<h3 style='font-size: 22px; border-bottom: 2px solid currentColor; padding-bottom: 5px; margin-top: 0; color: inherit; opacity: 0.8;'>Descripci\u00f3n<\/h3>\n<p style='font-size: 15px; margin-bottom: 15px; color: inherit;'>Serie MIRAGE estilo de vigilancia&comma; micr\u00f3fono de solapa con conector de Tubo Ac\u00fastico de conexi\u00f3n r\u00e1pida de cuarto de vuelta.<\/p>\n<p style='font-size: 15px; margin-bottom: 15px; color: inherit;'>Para radios de la serie VX130&comma; VX160&comma; VX-180&comma; VX-210&comma; VX-230&comma; VX-231&comma; VX-350&comma; VX-351&comma; VX-354&comma; VX-400&comma; VX-410&comma; VX-420&comma; VX-427&comma; VX-450&comma; EVX-530 (DIGITAL)<\/p>\n<\/p><\/div>\n<\/p><\/div>\n<div style='display: flex; flex-wrap: wrap; gap: 20px; margin-bottom: 30px;'>\n<div style='flex: 1 1 250px; border: 1px solid rgba(150&comma; 150&comma; 150&comma; 0.4); border-radius: 8px; overflow: hidden; display: flex; flex-direction: column;'>\n<div style='padding: 15px; border-bottom: 1px solid rgba(150&comma; 150&comma; 150&comma; 0.2); font-weight: bold; font-size: 18px; color: inherit;'>Caracter\u00edsticas<\/div>\n<div style='padding: 15px; color: inherit;'>\n<ul style='padding-left: 20px; margin: 0; font-size: 14px; list-style-type: disc;'>\n<li style='margin-bottom: 5px;'>Micr\u00f3fono de solapa con aud\u00edfono discreto<\/li>\n<li style='margin-bottom: 5px;'>Excelente para seguridad privada<\/li>\n<li style='margin-bottom: 5px;'>Tubo ac\u00fastico transparente de bajo perfil proporciona una exelente calidad de audio<\/li>\n<li style='margin-bottom: 5px;'>Boton de PTT al lado del micr\u00f3fono<\/li>\n<li style='margin-bottom: 5px;'>Cable de uso rudo de m\u00e1xima durabilidad<\/li>\n<\/ul><\/div>\n<\/p><\/div>\n<\/p><\/div>\n<hr style='border: 0; border-top: 1px solid rgba(150&comma; 150&comma; 150&comma; 0.3); margin: 30px 0;'> <\/div>\n","protected":false},"excerpt":{"rendered":"<p>Auricular para radio  Vertex VX160, VX231, VX180, VX400,VX261, FT60R, Motorola E-VX231.<\/p>\n","protected":false},"featured_media":65073,"comment_status":"open","ping_status":"closed","template":"","meta":[],"product_brand":[],"product_cat":[1622],"product_tag":[1337,1518,1730],"class_list":{"0":"post-65074","1":"product","2":"type-product","3":"status-publish","4":"has-post-thumbnail","6":"product_cat-microfono-audifono-accesorios-para-otras-marcas","7":"product_tag-accesorios-para-otras-marcas","8":"product_tag-microfono-audifono","9":"product_tag-pryme","11":"first","12":"outofstock","13":"sale","14":"shipping-taxable","15":"purchasable","16":"product-type-simple"},"_links":{"self":[{"href":"https:\/\/soydeaqui.ddns.net\/pachuca\/index.php\/wp-json\/wp\/v2\/product\/65074","targetHints":{"allow":["GET"]}}],"collection":[{"href":"https:\/\/soydeaqui.ddns.net\/pachuca\/index.php\/wp-json\/wp\/v2\/product"}],"about":[{"href":"https:\/\/soydeaqui.ddns.net\/pachuca\/index.php\/wp-json\/wp\/v2\/types\/product"}],"replies":[{"embeddable":true,"href":"https:\/\/soydeaqui.ddns.net\/pachuca\/index.php\/wp-json\/wp\/v2\/comments?post=65074"}],"wp:featuredmedia":[{"embeddable":true,"href":"https:\/\/soydeaqui.ddns.net\/pachuca\/index.php\/wp-json\/wp\/v2\/media\/65073"}],"wp:attachment":[{"href":"https:\/\/soydeaqui.ddns.net\/pachuca\/index.php\/wp-json\/wp\/v2\/media?parent=65074"}],"wp:term":[{"taxonomy":"product_brand","embeddable":true,"href":"https:\/\/soydeaqui.ddns.net\/pachuca\/index.php\/wp-json\/wp\/v2\/product_brand?post=65074"},{"taxonomy":"product_cat","embeddable":true,"href":"https:\/\/soydeaqui.ddns.net\/pachuca\/index.php\/wp-json\/wp\/v2\/product_cat?post=65074"},{"taxonomy":"product_tag","embeddable":true,"href":"https:\/\/soydeaqui.ddns.net\/pachuca\/index.php\/wp-json\/wp\/v2\/product_tag?post=65074"}],"curies":[{"name":"wp","href":"https:\/\/api.w.org\/{rel}","templated":true}]}}