{"id":65068,"date":"2026-03-19T08:09:04","date_gmt":"2026-03-19T08:09:04","guid":{"rendered":"https:\/\/soydeaqui.ddns.net\/pachuca\/index.php\/producto\/kit-con-mastil-telescopico-de-12-m-con-accesorios-de-instalacion-no-incluye-retenida\/"},"modified":"2026-03-19T08:09:04","modified_gmt":"2026-03-19T08:09:04","slug":"kit-con-mastil-telescopico-de-12-m-con-accesorios-de-instalacion-no-incluye-retenida","status":"publish","type":"product","link":"https:\/\/soydeaqui.ddns.net\/pachuca\/index.php\/producto\/kit-con-mastil-telescopico-de-12-m-con-accesorios-de-instalacion-no-incluye-retenida\/","title":{"rendered":"Kit con M\u00e1stil Telesc\u00f3pico de 12 m con Accesorios de Instalaci\u00f3n (No incluye retenida)."},"content":{"rendered":"<div style='width: 100%; max-width: 1200px; margin: 0 auto; font-family: sans-serif; line-height: 1.6; color: inherit; background-color: transparent;'> <!-- Secci\u00f3n de descripci\u00f3n --> <\/p>\n<div style='margin-bottom: 30px;'>\n<p>El kit incluye los siguientes componentes:<\/p>\n<\/p><\/div>\n<p> <!-- Tabla de componentes --> <\/p>\n<div style='overflow-x: auto; margin-bottom: 30px;'>\n<table style='width: 100%; border-collapse: collapse; border: 1px solid rgba(150&comma;150&comma;150&comma;0.3);'>\n<thead>\n<tr style='background-color: rgba(150&comma;150&comma;150&comma;0.1);'>\n<th style='padding: 12px; border: 1px solid rgba(150&comma;150&comma;150&comma;0.3); text-align: left;'>Cantidad<\/th>\n<th style='padding: 12px; border: 1px solid rgba(150&comma;150&comma;150&comma;0.3); text-align: left;'>Modelo<\/th>\n<th style='padding: 12px; border: 1px solid rgba(150&comma;150&comma;150&comma;0.3); text-align: left;'>Descripci\u00f3n<\/th>\n<\/tr>\n<\/thead>\n<tbody>\n<tr>\n<td style='padding: 12px; border: 1px solid rgba(150&comma;150&comma;150&comma;0.3);'>1 pza.<\/td>\n<td style='padding: 12px; border: 1px solid rgba(150&comma;150&comma;150&comma;0.3);'><a href='http:\/\/www.syscom.mx\/producto\/SLM12-SYSCOM-30248.html' style='color: inherit; text-decoration: none; font-weight: bold;'>SLM12<\/a><\/td>\n<td style='padding: 12px; border: 1px solid rgba(150&comma;150&comma;150&comma;0.3);'>Juego de m\u00e1stil telesc\u00f3pico de para altura de 12m.<br \/>Incluye:<br \/>Secci\u00f3n 3m de 1 1\/4&#8242;<br \/>Secci\u00f3n 3m de 1 1\/2&#8242;<br \/>Secci\u00f3n 3m de 1 3\/4&#8242;<br \/>Secci\u00f3n 3m de 2&#8242;<\/td>\n<\/tr>\n<tr>\n<td style='padding: 12px; border: 1px solid rgba(150&comma;150&comma;150&comma;0.3);'>1 pza.<\/td>\n<td style='padding: 12px; border: 1px solid rgba(150&comma;150&comma;150&comma;0.3);'><a href='https:\/\/www.syscom.mx\/principal\/searchcont?route=SLM-BA-5G-SYSCOM-TOWERS-162868&#038;autodetect=SLMBA5G' style='color: inherit; text-decoration: none; font-weight: bold;'>SLM-BA-5G<\/a><\/td>\n<td style='padding: 12px; border: 1px solid rgba(150&comma;150&comma;150&comma;0.3);'>Base con opresores para m\u00e1stil galvanizado en caliente.<\/td>\n<\/tr>\n<tr>\n<td style='padding: 12px; border: 1px solid rgba(150&comma;150&comma;150&comma;0.3);'>2 pza.<\/td>\n<td style='padding: 12px; border: 1px solid rgba(150&comma;150&comma;150&comma;0.3);'><a href='http:\/\/www.syscom.mx\/producto\/SLMBR-SYSCOM-72130.html' style='color: inherit; text-decoration: none; font-weight: bold;'>SLMBR<\/a><\/td>\n<td style='padding: 12px; border: 1px solid rgba(150&comma;150&comma;150&comma;0.3);'>Bracket para m\u00e1stil para sujeci\u00f3n de retenida.<\/td>\n<\/tr>\n<tr>\n<td style='padding: 12px; border: 1px solid rgba(150&comma;150&comma;150&comma;0.3);'>3 pzas.<\/td>\n<td style='padding: 12px; border: 1px solid rgba(150&comma;150&comma;150&comma;0.3);'><a href='https:\/\/www.syscom.mx\/principal\/searchcont?route=SLM-ANG-2G-SYSCOM-TOWERS-162870&#038;autodetect=SLM-ANG' style='color: inherit; text-decoration: none; font-weight: bold;'>SLM-ANG-2G<\/a><\/td>\n<td style='padding: 12px; border: 1px solid rgba(150&comma;150&comma;150&comma;0.3);'>Anclaje de placa para concreto galvanizado en caliente.<\/td>\n<\/tr>\n<tr>\n<td style='padding: 12px; border: 1px solid rgba(150&comma;150&comma;150&comma;0.3);'>12 pzas.<\/td>\n<td style='padding: 12px; border: 1px solid rgba(150&comma;150&comma;150&comma;0.3);'><a href='https:\/\/www.syscom.mx\/producto\/CUELLO-14-HDG-SYSCOM-TOWERS-199560.html' target='_blank' rel='noopener' style='color: inherit; text-decoration: none; font-weight: bold;'>CUELLO-14HDG<\/a><\/td>\n<td style='padding: 12px; border: 1px solid rgba(150&comma;150&comma;150&comma;0.3);'>Cuello para cable de Retenida.<\/td>\n<\/tr>\n<tr>\n<td style='padding: 12px; border: 1px solid rgba(150&comma;150&comma;150&comma;0.3);'>24 pzas.<\/td>\n<td style='padding: 12px; border: 1px solid rgba(150&comma;150&comma;150&comma;0.3);'><a href='https:\/\/www.syscom.mx\/producto\/NUDO-316-FJG-SYSCOM-TOWERS-199580.html' target='_blank' rel='noopener' style='color: inherit; text-decoration: none; font-weight: bold;'>NUDO316FJG<\/a><\/td>\n<td style='padding: 12px; border: 1px solid rgba(150&comma;150&comma;150&comma;0.3);'>Nudo para cable de retenida<\/td>\n<\/tr>\n<\/tbody>\n<\/table><\/div>\n<p> <!-- Notas t\u00e9cnicas --> <\/p>\n<div style='margin-bottom: 30px;'>\n<p style='color: #ff0000; font-weight: bold;'>No incluye cable de retenida&comma; se recomiendan 90 metros de retenida de 1\/8&#8242; (<a href='https:\/\/www.syscom.mx\/producto\/S-RET-318-SYSCOM-31076.html' style='color: inherit; text-decoration: underline;'>SRET-318<\/a> o <a href='https:\/\/www.syscom.mx\/producto\/SRET318CAM-SYSCOM-151126.html' style='color: inherit; text-decoration: underline;'>SRET-318-CAM<\/a>)<\/p>\n<div style='margin-top: 20px; margin-bottom: 20px;'> <strong>Nota t\u00e9cnica:<\/strong> <\/p>\n<ul style='padding-left: 20px; margin-top: 10px;'>\n<li style='margin-bottom: 5px;'>Se pueden utilizar 6 tensores para facilitar el ajuste del cable modelo <a href='https:\/\/www.syscom.mx\/producto\/TENL-1\/4OGS-SURTEK-178014.html' style='color: inherit; text-decoration: none; font-weight: bold;'>T<\/a> <a href='https:\/\/www.syscom.mx\/producto\/TENL1\/4OGJ-SYSCOM-TOWERS-210169.html' target='_blank' rel='noopener' style='color: inherit; text-decoration: none; font-weight: bold;'>TENL-1\/4OGJ<\/a> (No incluidos).<\/li>\n<li style='margin-bottom: 5px;'>Las bases no incluyen taquetes. Pueden variar seg\u00fan el tipo de suelo. Por ejemplo para concreto se pueden utilizar 6 taquetes <a href='https:\/\/www.syscom.mx\/producto\/ANC-Z-38T-ANCLO-186942.html' style='color: inherit; text-decoration: none; font-weight: bold;'>ANC-Z-38T<\/a> (No incluidos) para las anclas tipo aleta y para la base 3 piezas del <a href='https:\/\/www.syscom.mx\/producto\/ANC-AA-38-300-ANCLO-186961.html' style='color: inherit; text-decoration: none; font-weight: bold;'>ANC-AA-38-300<\/a> (No incluidos).<\/li>\n<li style='margin-bottom: 5px;'>Se recomienda para elevaci\u00f3n de equipos livianos (5 Kg o menor) y antenas de baja superficie de arrastre (30cm de di\u00e1metro o inferiores).<\/li>\n<li style='margin-bottom: 5px;'>El uso de m\u00e1stiles est\u00e1 limitado a las capacidades de carga y \u00e1rea se\u00f1alada en cada m\u00e1stil.<\/li>\n<li style='margin-bottom: 5px;'>Todo m\u00e1stil debe ser sujeto con retenida o al menos alambre galvanizado de un buen calibre.<\/li>\n<li style='margin-bottom: 5px;'>No se debe de escalar directamente ni apoyar escaleras sobre este m\u00e1stil telesc\u00f3pico.<\/li>\n<li style='margin-bottom: 5px;'>Para el ajuste de equipo instalado en dicho m\u00e1stil se recomienda usar escalera tipo escalera o andamios&comma; \u00e9sto en su posici\u00f3n retraida a la altura m\u00ednima de 3 metros correspondiente a la primer secci\u00f3n.<\/li>\n<\/ul><\/div>\n<\/p><\/div>\n<p> <!-- Recomendaciones de instalaci\u00f3n --> <\/p>\n<div style='margin-bottom: 30px;'> <strong>Recomendaci\u00f3n de instalaci\u00f3n:<\/strong> <img style='width: 100%; height: auto; border: 1px solid rgba(150&comma;150&comma;150&comma;0.3); border-radius: 8px; margin-top: 15px;' src='http:\/\/ftp3.syscom.mx\/usuarios\/dcarreon\/TORRES\/ARRIOSTRADAS\/PRODUCTOS\/SLM12\/RECOMENDACION%20SLM12.png' alt=''> <\/div>\n<p> <!-- Detalles de instalaci\u00f3n --> <\/p>\n<div style='margin-bottom: 30px;'> <strong>Recomendaciones de instalaci\u00f3n.<\/strong> <\/p>\n<ul style='padding-left: 20px; margin-top: 10px;'>\n<li style='margin-bottom: 5px;'>Revise que la superficie es plana y tiene rigidez&comma; se recomienda la instalaci\u00f3n sobre concreto a trav\u00e9s de taquetes expansivos.<\/li>\n<li style='margin-bottom: 5px;'>Se recomienda extender el m\u00e1stil una vez instalado en su base (posici\u00f3n vertical) y con las respectivos tirantes preinstalados para r\u00e1pido tensado.<\/li>\n<li style='margin-bottom: 5px;'>El tensado final de la retenida es necesario para otorgar rigidez al equipo.<\/li>\n<li style='margin-bottom: 5px;'>Cuando sea posible el equipo debe ser instalado cuando el m\u00e1stil ya est\u00e9 instalado correctamente.<\/li>\n<\/ul><\/div>\n<p> <!-- Im\u00e1genes adicionales --> <\/p>\n<div style='margin-bottom: 30px;'>\n<p style='margin: 0; padding: 0; color: #1674cc; font-size: 18px; font-weight: bold;'>Ideal para Equipo Wireless UBIQUITI o similares.<\/p>\n<p> <img style='width: 100%; height: auto; border: 1px solid rgba(150&comma;150&comma;150&comma;0.3); border-radius: 8px; margin-top: 15px;' src='http:\/\/ftp3.syscom.mx\/usuarios\/dcarreon\/TORRES\/ARRIOSTRADAS\/PRODUCTOS\/SLM3\/INSTALACION%20MASTIL%20UBIQUITI.png' alt=''> <\/p>\n<p style='margin: 20px 0 10px; padding: 0; color: #1674cc; font-size: 18px; font-weight: bold;'>Bracket de Sujeci\u00f3n de Retenida.<\/p>\n<p> <img style='width: 100%; height: auto; border: 1px solid rgba(150&comma;150&comma;150&comma;0.3); border-radius: 8px; margin-top: 15px;' src='http:\/\/ftp3.syscom.mx\/usuarios\/dcarreon\/TORRES\/ARRIOSTRADAS\/PRODUCTOS\/SLMBA\/MASTIL%20ARMADO%20(5).JPG' alt=''> <\/p>\n<p style='margin: 20px 0 10px; padding: 0; font-size: 18px; font-weight: bold;'>Uni\u00f3n entre Secciones.<\/p>\n<p> <img style='width: 100%; height: auto; border: 1px solid rgba(150&comma;150&comma;150&comma;0.3); border-radius: 8px; margin-top: 15px;' src='http:\/\/ftp3.syscom.mx\/usuarios\/dcarreon\/TORRES\/ARRIOSTRADAS\/PRODUCTOS\/SLMBA\/MASTIL%20ARMADO%20(7).JPG' alt=''> <\/div>\n<\/p><\/div>\n","protected":false},"excerpt":{"rendered":"<p>Kit con M\u00e1stil Telesc\u00f3pico de 12 m con Accesorios de Instalaci\u00f3n (No incluye retenida).<\/p>\n","protected":false},"featured_media":65054,"comment_status":"open","ping_status":"closed","template":"","meta":[],"product_brand":[],"product_cat":[1792],"product_tag":[1404,1793,733],"class_list":{"0":"post-65068","1":"product","2":"type-product","3":"status-publish","4":"has-post-thumbnail","6":"product_cat-mastiles","7":"product_tag-antenas","8":"product_tag-mastiles","9":"product_tag-syscom-towers","11":"first","12":"instock","13":"sale","14":"shipping-taxable","15":"purchasable","16":"product-type-simple"},"_links":{"self":[{"href":"https:\/\/soydeaqui.ddns.net\/pachuca\/index.php\/wp-json\/wp\/v2\/product\/65068","targetHints":{"allow":["GET"]}}],"collection":[{"href":"https:\/\/soydeaqui.ddns.net\/pachuca\/index.php\/wp-json\/wp\/v2\/product"}],"about":[{"href":"https:\/\/soydeaqui.ddns.net\/pachuca\/index.php\/wp-json\/wp\/v2\/types\/product"}],"replies":[{"embeddable":true,"href":"https:\/\/soydeaqui.ddns.net\/pachuca\/index.php\/wp-json\/wp\/v2\/comments?post=65068"}],"wp:featuredmedia":[{"embeddable":true,"href":"https:\/\/soydeaqui.ddns.net\/pachuca\/index.php\/wp-json\/wp\/v2\/media\/65054"}],"wp:attachment":[{"href":"https:\/\/soydeaqui.ddns.net\/pachuca\/index.php\/wp-json\/wp\/v2\/media?parent=65068"}],"wp:term":[{"taxonomy":"product_brand","embeddable":true,"href":"https:\/\/soydeaqui.ddns.net\/pachuca\/index.php\/wp-json\/wp\/v2\/product_brand?post=65068"},{"taxonomy":"product_cat","embeddable":true,"href":"https:\/\/soydeaqui.ddns.net\/pachuca\/index.php\/wp-json\/wp\/v2\/product_cat?post=65068"},{"taxonomy":"product_tag","embeddable":true,"href":"https:\/\/soydeaqui.ddns.net\/pachuca\/index.php\/wp-json\/wp\/v2\/product_tag?post=65068"}],"curies":[{"name":"wp","href":"https:\/\/api.w.org\/{rel}","templated":true}]}}