{"id":65067,"date":"2026-03-19T08:08:57","date_gmt":"2026-03-19T08:08:57","guid":{"rendered":"https:\/\/soydeaqui.ddns.net\/pachuca\/index.php\/producto\/base-recta-reforzada-galvanizada-para-mastil-de-1-a-2-de-diametro\/"},"modified":"2026-03-19T08:08:58","modified_gmt":"2026-03-19T08:08:58","slug":"base-recta-reforzada-galvanizada-para-mastil-de-1-a-2-de-diametro","status":"publish","type":"product","link":"https:\/\/soydeaqui.ddns.net\/pachuca\/index.php\/producto\/base-recta-reforzada-galvanizada-para-mastil-de-1-a-2-de-diametro\/","title":{"rendered":"Base Recta Reforzada Galvanizada para M\u00e1stil de 1&#8243; a 2&#8243; de Di\u00e1metro."},"content":{"rendered":"<div style='width: 100%; max-width: 1200px; margin: 0 auto; font-family: sans-serif; line-height: 1.6; color: inherit; background-color: transparent;'> <!-- Secci\u00f3n de t\u00edtulo --> <\/p>\n<div style='margin-bottom: 30px;'>\n<h2 style='font-size: 22px; margin-top: 0; color: inherit; opacity: 0.9;'>Base para instalaci\u00f3n sobre losa de concreto<\/h2>\n<\/p><\/div>\n<p> <!-- Secci\u00f3n de imagen --> <\/p>\n<div style='margin-bottom: 30px;'> <img style='width: 100%; height: auto; border: 1px solid rgba(150&comma;150&comma;150&comma;0.3); border-radius: 8px;' src='https:\/\/ftp3.syscom.mx\/usuarios\/fotos\/logotipos\/syscom_towers.png' alt='Logo SYSCOM TOWERS'> <\/div>\n<p> <!-- Secci\u00f3n de caracter\u00edsticas --> <\/p>\n<div style='display: flex; flex-wrap: wrap; gap: 30px; margin-bottom: 30px;'>\n<div style='flex: 1 1 300px; min-width: 280px;'>\n<h3 style='font-size: 20px; border-bottom: 2px solid currentColor; padding-bottom: 5px; margin-top: 0; color: inherit; opacity: 0.8;'>Caracter\u00edsticas<\/h3>\n<ul style='padding-left: 20px; font-size: 15px; color: inherit;'>\n<li style='margin-bottom: 5px;'>Fabricada en acero A-36 galvanizada por inmersi\u00f3n en caliente<\/li>\n<li style='margin-bottom: 5px;'>Placa de 1\/4&#8242; de espesor con preparaci\u00f3n para barrenos<\/li>\n<li style='margin-bottom: 5px;'>Sujeci\u00f3n de m\u00e1stil en dos puntos (Sujetadores incluidos)<\/li>\n<li style='margin-bottom: 5px;'>Ideal para uso con m\u00e1stil atirantado para peque\u00f1as antenas de redes o instalaci\u00f3n de pararrayos<\/li>\n<li style='margin-bottom: 5px;'>Fabricada bajo ambiente certificado ISO 9001:2015<\/li>\n<li style='margin-bottom: 5px;'>Medidas generales: 30 x 30 x 35 cm (ancho x largo x altura)<\/li>\n<\/ul><\/div>\n<\/p><\/div>\n<p> <!-- Secci\u00f3n de compatibilidad --> <\/p>\n<div style='display: flex; flex-wrap: wrap; gap: 30px; margin-bottom: 30px;'>\n<div style='flex: 1 1 300px; min-width: 280px;'>\n<h3 style='font-size: 20px; border-bottom: 2px solid currentColor; padding-bottom: 5px; margin-top: 0; color: inherit; opacity: 0.8;'>Compatible con m\u00e1stiles<\/h3>\n<ul style='padding-left: 20px; font-size: 15px; color: inherit;'>\n<li style='margin-bottom: 5px;'>SLM-3<\/li>\n<li style='margin-bottom: 5px;'>SLM-6<\/li>\n<li style='margin-bottom: 5px;'>SLM-9<\/li>\n<li style='margin-bottom: 5px;'>SLM-12<\/li>\n<li style='margin-bottom: 5px;'>SLM-15<\/li>\n<li style='margin-bottom: 5px;'>SLM-ALU2<\/li>\n<li style='margin-bottom: 5px;'>SLM-ALU3<\/li>\n<li style='margin-bottom: 5px;'>SLM-ALU6<\/li>\n<li style='margin-bottom: 5px;'>SLM-ALU1.53M<\/li>\n<li style='margin-bottom: 5px;'>SLM-ALU1.56M<\/li>\n<li style='margin-bottom: 5px;'>SM-INOX3<\/li>\n<li style='margin-bottom: 5px;'>SM-INOX6<\/li>\n<li style='margin-bottom: 5px;'>o cualquier otro con di\u00e1metros de 1&#8242; a 2&#8242;<\/li>\n<\/ul><\/div>\n<\/p><\/div>\n<p> <!-- Nota de anclaje --> <\/p>\n<div style='margin-bottom: 30px;'>\n<p style='color: inherit; font-size: 15px; margin: 0; padding: 15px; border-left: 4px solid rgba(150&comma;150&comma;150&comma;0.4); background-color: rgba(150&comma;150&comma;150&comma;0.05);'> <strong>Nota:<\/strong> El tipo de anclaje se debe seleccionar dependiendo el tipo de concreto y resistencia del mismo. <\/p>\n<\/p><\/div>\n<p> <!-- Separador final --> <\/p>\n<hr style='border: 0; border-top: 1px solid rgba(150&comma; 150&comma; 150&comma; 0.3); margin: 30px 0;'> <\/div>\n","protected":false},"excerpt":{"rendered":"<p>Base Recta Reforzada Galvanizada para M\u00e1stil de 1&#8243; a 2&#8243; de Di\u00e1metro.<\/p>\n","protected":false},"featured_media":65066,"comment_status":"open","ping_status":"closed","template":"","meta":[],"product_brand":[],"product_cat":[1654],"product_tag":[1328,733,246],"class_list":{"0":"post-65067","1":"product","2":"type-product","3":"status-publish","4":"has-post-thumbnail","6":"product_cat-mastiles-y-accesorios-torres-y-mastiles-redes-e-it","7":"product_tag-mastiles-y-accesorios","8":"product_tag-syscom-towers","9":"product_tag-torres-y-mastiles","11":"first","12":"outofstock","13":"sale","14":"shipping-taxable","15":"purchasable","16":"product-type-simple"},"_links":{"self":[{"href":"https:\/\/soydeaqui.ddns.net\/pachuca\/index.php\/wp-json\/wp\/v2\/product\/65067","targetHints":{"allow":["GET"]}}],"collection":[{"href":"https:\/\/soydeaqui.ddns.net\/pachuca\/index.php\/wp-json\/wp\/v2\/product"}],"about":[{"href":"https:\/\/soydeaqui.ddns.net\/pachuca\/index.php\/wp-json\/wp\/v2\/types\/product"}],"replies":[{"embeddable":true,"href":"https:\/\/soydeaqui.ddns.net\/pachuca\/index.php\/wp-json\/wp\/v2\/comments?post=65067"}],"wp:featuredmedia":[{"embeddable":true,"href":"https:\/\/soydeaqui.ddns.net\/pachuca\/index.php\/wp-json\/wp\/v2\/media\/65066"}],"wp:attachment":[{"href":"https:\/\/soydeaqui.ddns.net\/pachuca\/index.php\/wp-json\/wp\/v2\/media?parent=65067"}],"wp:term":[{"taxonomy":"product_brand","embeddable":true,"href":"https:\/\/soydeaqui.ddns.net\/pachuca\/index.php\/wp-json\/wp\/v2\/product_brand?post=65067"},{"taxonomy":"product_cat","embeddable":true,"href":"https:\/\/soydeaqui.ddns.net\/pachuca\/index.php\/wp-json\/wp\/v2\/product_cat?post=65067"},{"taxonomy":"product_tag","embeddable":true,"href":"https:\/\/soydeaqui.ddns.net\/pachuca\/index.php\/wp-json\/wp\/v2\/product_tag?post=65067"}],"curies":[{"name":"wp","href":"https:\/\/api.w.org\/{rel}","templated":true}]}}