{"id":6504,"date":"2026-03-18T06:44:07","date_gmt":"2026-03-18T06:44:07","guid":{"rendered":"https:\/\/soydeaqui.ddns.net\/pachuca\/index.php\/producto\/sistema-de-alarma-inalambrico-autocontenido-con-verificacion-por-imagen\/"},"modified":"2026-03-18T06:44:07","modified_gmt":"2026-03-18T06:44:07","slug":"sistema-de-alarma-inalambrico-autocontenido-con-verificacion-por-imagen","status":"publish","type":"product","link":"https:\/\/soydeaqui.ddns.net\/pachuca\/index.php\/producto\/sistema-de-alarma-inalambrico-autocontenido-con-verificacion-por-imagen\/","title":{"rendered":"Sistema de Alarma Inalambrico Autocontenido con Verificaci\u00f3n por Imagen"},"content":{"rendered":"<div style='width: 100%; max-width: 1200px; margin: 0 auto; font-family: sans-serif; line-height: 1.6; color: inherit; background-color: transparent;'>\n<div style='display: flex; flex-wrap: wrap; gap: 30px; margin-bottom: 30px;'>\n<div style='flex: 1 1 300px; min-width: 280px;'>\n<h3 style='font-size: 22px; border-bottom: 2px solid currentColor; padding-bottom: 5px; margin-top: 0; color: inherit; opacity: 0.8;'>Sistema<\/h3>\n<ul style='padding-left: 20px; font-size: 15px; color: inherit;'>\n<li style='margin-bottom: 5px;'>Hasta 30 zonas: 6 inal\u00e1mbricas visuales&comma; 23 inal\u00e1mbricas y 1 cableada<\/li>\n<li style='margin-bottom: 5px;'>Ante una alarma el sistema env\u00eda 3 im\u00e1genes: pre-alarma&comma; alarma y post-alarma<\/li>\n<li style='margin-bottom: 5px;'>Transmisi\u00f3n de im\u00e1genes a la ECM solo en armado completo<\/li>\n<li style='margin-bottom: 5px;'>Pantalla gr\u00e1fica de LCD con teclas de navegaci\u00f3n<\/li>\n<li style='margin-bottom: 5px;'>Programaci\u00f3n e instalaci\u00f3n r\u00e1pida en pocos minutos a trav\u00e9s del teclado del sistema&comma; local o remotamente con el software ProgrammingTool<\/li>\n<li style='margin-bottom: 5px;'>Sirena interna piezoel\u00e9ctrica de 85 dB<\/li>\n<li style='margin-bottom: 5px;'>2 frecuencias para mayor seguridad: 2.4 GHz para las zonas visuales y 868 MHz para los dispositivos perif\u00e9ricos<\/li>\n<li style='margin-bottom: 5px;'>Visualizaci\u00f3n de se\u00f1al de los dispositivos inal\u00e1mbricos<\/li>\n<\/ul><\/div>\n<div style='flex: 1 1 300px; min-width: 280px;'>\n<h3 style='font-size: 22px; border-bottom: 2px solid currentColor; padding-bottom: 5px; margin-top: 0; color: inherit; opacity: 0.8;'>Usuarios<\/h3>\n<ul style='padding-left: 20px; font-size: 15px; color: inherit;'>\n<li style='margin-bottom: 5px;'>Hasta 6 usuarios y contactos<\/li>\n<li style='margin-bottom: 5px;'>Modos de armado: completo&comma; en casa y parcial<\/li>\n<li style='margin-bottom: 5px;'>Solicitud remota de im\u00e1genes<\/li>\n<li style='margin-bottom: 5px;'>Recepci\u00f3n de im\u00e1genes directamente en el smartphone<\/li>\n<li style='margin-bottom: 5px;'>A cada usuario se le puede asignar un control remoto (no ocupan zonas)<\/li>\n<li style='margin-bottom: 5px;'>10 C\u00f3digos: 1 maestro&comma; 6 usuarios&comma; 1 de p\u00e1nico&comma; 1 limitado 24h y 1 c\u00f3digo de instalador<\/li>\n<li style='margin-bottom: 5px;'>Solo los contactos registrados en el panel podr\u00e1n recibir im\u00e1genes<\/li>\n<li style='margin-bottom: 5px;'>Notificaciones por SMS y MMS a 6 n\u00fameros de tel\u00e9fonos m\u00f3viles y 6 cuentas de email<\/li>\n<li style='margin-bottom: 5px;'>Control remoto del sistema a trav\u00e9s de la Aplicaci\u00f3n <strong>PIMA Wireless<\/strong> para smartphone que permite armar\/desarmar&comma; ver el estado del panel&comma; detener la sirena y controlar el PGM<\/li>\n<\/ul><\/div>\n<div style='flex: 1 1 300px; min-width: 280px;'>\n<h3 style='font-size: 22px; border-bottom: 2px solid currentColor; padding-bottom: 5px; margin-top: 0; color: inherit; opacity: 0.8;'>Comunicaci\u00f3n<\/h3>\n<ul style='padding-left: 20px; font-size: 15px; color: inherit;'>\n<li style='margin-bottom: 5px;'>Comunicador GSM\/GPRS de doble SIM Card integrado<\/li>\n<li style='margin-bottom: 5px;'>Notificaci\u00f3n de eventos a la ECM por SMS&comma; GPRS e email<\/li>\n<li style='margin-bottom: 5px;'>Formatos de comunicaci\u00f3n soportados: Contact ID y SIA<\/li>\n<li style='margin-bottom: 5px;'>Upload\/download remoto a trav\u00e9s de GPRS<\/li>\n<li style='margin-bottom: 5px;'>Software receptor de eventos IP Receiver gratis<\/li>\n<\/ul><\/div>\n<div style='flex: 1 1 300px; min-width: 280px;'>\n<h3 style='font-size: 22px; border-bottom: 2px solid currentColor; padding-bottom: 5px; margin-top: 0; color: inherit; opacity: 0.8;'>Incluye<\/h3>\n<ul style='padding-left: 20px; font-size: 15px; color: inherit;'>\n<li style='margin-bottom: 5px;'>Panel Inal\u00e1mbrico AlarmView<\/li>\n<li style='margin-bottom: 5px;'>Detector est\u00e1ndar PIR\/CAM con flash LED para disuaci\u00f3n SmartView<\/li>\n<li style='margin-bottom: 5px;'>Detector est\u00e1ndar PIR-S<\/li>\n<li style='margin-bottom: 5px;'>Contacto magn\u00e9tico DCM<\/li>\n<li style='margin-bottom: 5px;'>Control remoto KF-1<\/li>\n<li style='margin-bottom: 5px;'>Comunicador GSM\/GPRS de doble SIM integrado<\/li>\n<\/ul><\/div>\n<\/p><\/div>\n<div style='display: flex; flex-wrap: wrap; gap: 20px; margin-bottom: 30px;'>\n<div style='flex: 1 1 250px; border: 1px solid rgba(150&comma; 150&comma; 150&comma; 0.4); border-radius: 8px; overflow: hidden; display: flex; flex-direction: column;'>\n<div style='padding: 15px; border-bottom: 1px solid rgba(150&comma; 150&comma; 150&comma; 0.2); font-weight: bold; font-size: 18px; color: inherit;'>Caracter\u00edsticas Generales<\/div>\n<div style='padding: 15px; color: inherit;'>\n<ul style='padding-left: 20px; margin: 0; font-size: 14px; list-style-type: disc;'>\n<li style='margin-bottom: 5px;'><strong>Grado:<\/strong> EN50131 Grado 2<\/li>\n<li style='margin-bottom: 5px;'><strong>Aplicaci\u00f3n:<\/strong> Residencias y peque\u00f1as empresas<\/li>\n<li style='margin-bottom: 5px;'><strong>Comunicaci\u00f3n:<\/strong> M\u00f3dem GPRS\/GSM integrado<\/li>\n<li style='margin-bottom: 5px;'><strong>Tecnolog\u00eda:<\/strong> Combinaci\u00f3n \u00fanica de zonas visuales y sensores<\/li>\n<\/ul><\/div>\n<\/p><\/div>\n<\/p><\/div>\n<div style='margin-bottom: 30px; font-size: 14px; color: inherit;'>\n<p style='margin-bottom: 15px;'><strong>Nota:<\/strong> No es compatible con Simcard 4GLTE&comma; se recomienda utilizar Simcard M2M<\/p>\n<\/p><\/div>\n<div style='position: relative; padding-bottom: 56.25%; height: 0; overflow: hidden; margin-bottom: 30px;'>   <\/div>\n<div style='display: flex; flex-wrap: wrap; gap: 15px; margin-bottom: 30px;'> <img style='width: 100%; height: auto; border: 1px solid rgba(150&comma;150&comma;150&comma;0.3); border-radius: 8px;' src='http:\/\/ftp3.syscom.mx\/usuarios\/fotos\/8810017\/80291-1340_93be26de7865d2c9ba9864d0a6b60087.jpg' alt=''> <img style='width: 100%; height: auto; border: 1px solid rgba(150&comma;150&comma;150&comma;0.3); border-radius: 8px;' src='http:\/\/ftp3.syscom.mx\/usuarios\/fotos\/8810017\/8810017_1.png' alt=''> <img style='width: 100%; height: auto; border: 1px solid rgba(150&comma;150&comma;150&comma;0.3); border-radius: 8px;' src='http:\/\/ftp3.syscom.mx\/usuarios\/fotos\/8810017\/8810017_2.png' alt=''> <\/div>\n<hr style='border: 0; border-top: 1px solid rgba(150&comma; 150&comma; 150&comma; 0.3); margin: 30px 0;'> <\/div>\n","protected":false},"excerpt":{"rendered":"<p>Sistema de Alarma Inalambrico Autocontenido con Verificaci\u00f3n por Imagen<\/p>\n","protected":false},"featured_media":6503,"comment_status":"open","ping_status":"closed","template":"","meta":[],"product_brand":[],"product_cat":[60],"product_tag":[61,496,62],"class_list":{"0":"post-6504","1":"product","2":"type-product","3":"status-publish","4":"has-post-thumbnail","6":"product_cat-todos","7":"product_tag-paneles-de-alarma","8":"product_tag-pima","9":"product_tag-todos","11":"first","12":"outofstock","13":"sale","14":"shipping-taxable","15":"purchasable","16":"product-type-simple"},"_links":{"self":[{"href":"https:\/\/soydeaqui.ddns.net\/pachuca\/index.php\/wp-json\/wp\/v2\/product\/6504","targetHints":{"allow":["GET"]}}],"collection":[{"href":"https:\/\/soydeaqui.ddns.net\/pachuca\/index.php\/wp-json\/wp\/v2\/product"}],"about":[{"href":"https:\/\/soydeaqui.ddns.net\/pachuca\/index.php\/wp-json\/wp\/v2\/types\/product"}],"replies":[{"embeddable":true,"href":"https:\/\/soydeaqui.ddns.net\/pachuca\/index.php\/wp-json\/wp\/v2\/comments?post=6504"}],"wp:featuredmedia":[{"embeddable":true,"href":"https:\/\/soydeaqui.ddns.net\/pachuca\/index.php\/wp-json\/wp\/v2\/media\/6503"}],"wp:attachment":[{"href":"https:\/\/soydeaqui.ddns.net\/pachuca\/index.php\/wp-json\/wp\/v2\/media?parent=6504"}],"wp:term":[{"taxonomy":"product_brand","embeddable":true,"href":"https:\/\/soydeaqui.ddns.net\/pachuca\/index.php\/wp-json\/wp\/v2\/product_brand?post=6504"},{"taxonomy":"product_cat","embeddable":true,"href":"https:\/\/soydeaqui.ddns.net\/pachuca\/index.php\/wp-json\/wp\/v2\/product_cat?post=6504"},{"taxonomy":"product_tag","embeddable":true,"href":"https:\/\/soydeaqui.ddns.net\/pachuca\/index.php\/wp-json\/wp\/v2\/product_tag?post=6504"}],"curies":[{"name":"wp","href":"https:\/\/api.w.org\/{rel}","templated":true}]}}