{"id":65021,"date":"2026-03-19T08:07:22","date_gmt":"2026-03-19T08:07:22","guid":{"rendered":"https:\/\/soydeaqui.ddns.net\/pachuca\/index.php\/producto\/elemento-de-reemplazo-en-linea-7-8-de-5-15-50-150-500-watt-para-wattmetro-bird-4304a-en-el-rango-de-frecuencia-de-25-1000-mhz\/"},"modified":"2026-03-19T08:07:28","modified_gmt":"2026-03-19T08:07:28","slug":"elemento-de-reemplazo-en-linea-7-8-de-5-15-50-150-500-watt-para-wattmetro-bird-4304a-en-el-rango-de-frecuencia-de-25-1000-mhz","status":"publish","type":"product","link":"https:\/\/soydeaqui.ddns.net\/pachuca\/index.php\/producto\/elemento-de-reemplazo-en-linea-7-8-de-5-15-50-150-500-watt-para-wattmetro-bird-4304a-en-el-rango-de-frecuencia-de-25-1000-mhz\/","title":{"rendered":"Elemento de Reemplazo en linea 7\/8&#8243;, de 5\/ 15\/ 50\/ 150\/ 500 Watt para Wattmetro BIRD 4304A, en el Rango de Frecuencia de 25-1000 MHz."},"content":{"rendered":"<div style='width: 100%; max-width: 1200px; margin: 0 auto; font-family: sans-serif; line-height: 1.6; color: inherit; background-color: transparent;'> <!-- Contenido principal --> <\/p>\n<div style='margin-bottom: 30px;'>\n<h3 style='font-size: 22px; border-bottom: 2px solid currentColor; padding-bottom: 5px; margin-top: 0; color: inherit; opacity: 0.8;'>Elemento de Reemplazo de 5\/ 15\/ 50\/ 150\/ 500 Watt para 25-1000 MHz<\/h3>\n<p style='font-size: 15px; color: inherit; margin-bottom: 20px;'> Los elementos 4304A-1 est\u00e1n dise\u00f1ados especialmente para ser utilizados con el Wattmetro 4304A&comma; calibrados de acuerdo con los meticulosos procedimientos de calibraci\u00f3n Bird&comma; soportados por una larga historia de valores de desviaci\u00f3n media para asegurar la tolerancia a las especificaciones estipuladas de los instrumentos actuales as\u00ed como la confianza en todos los a\u00f1os desde su introducci\u00f3n. <\/p>\n<\/p><\/div>\n<p> <!-- Tabla de especificaciones --> <\/p>\n<div style='display: flex; flex-wrap: wrap; gap: 20px; margin-bottom: 30px;'>\n<div style='flex: 1 1 250px; border: 1px solid rgba(150&comma; 150&comma; 150&comma; 0.4); border-radius: 8px; overflow: hidden; display: flex; flex-direction: column;'>\n<div style='padding: 15px; border-bottom: 1px solid rgba(150&comma; 150&comma; 150&comma; 0.2); font-weight: bold; font-size: 18px; color: inherit;'>Especificaciones<\/div>\n<div style='padding: 15px; color: inherit;'>\n<ul style='padding-left: 20px; margin: 0; font-size: 14px; list-style-type: disc;'>\n<li style='margin-bottom: 5px;'><strong>C\u00f3digo:<\/strong> 4304-1<\/li>\n<li style='margin-bottom: 5px;'><strong>Frecuencia:<\/strong> 25-1000 MHz<\/li>\n<li style='margin-bottom: 5px;'><strong>Potencia:<\/strong> 5\/15\/50\/150\/500 W<\/li>\n<\/ul><\/div>\n<\/p><\/div>\n<\/p><\/div>\n<p> <!-- Separador --> <\/p>\n<hr style='border: 0; border-top: 1px solid rgba(150&comma; 150&comma; 150&comma; 0.3); margin: 30px 0;'> <\/div>\n","protected":false},"excerpt":{"rendered":"<p>Elemento de Reemplazo en linea 7\/8&#8243;, de 5\/ 15\/ 50\/ 150\/ 500 Watt para Wattmetro BIRD 4304A, en el Rango de Frecuencia de 25-1000 MHz.<\/p>\n","protected":false},"featured_media":65020,"comment_status":"open","ping_status":"closed","template":"","meta":[],"product_brand":[],"product_cat":[1639],"product_tag":[1641,931,1640],"class_list":{"0":"post-65021","1":"product","2":"type-product","3":"status-publish","4":"has-post-thumbnail","6":"product_cat-wattmetros-y-elementos","7":"product_tag-bird-technologies","8":"product_tag-equipo-de-laboratorio","9":"product_tag-wattmetros-y-elementos","11":"first","12":"outofstock","13":"sale","14":"shipping-taxable","15":"purchasable","16":"product-type-simple"},"_links":{"self":[{"href":"https:\/\/soydeaqui.ddns.net\/pachuca\/index.php\/wp-json\/wp\/v2\/product\/65021","targetHints":{"allow":["GET"]}}],"collection":[{"href":"https:\/\/soydeaqui.ddns.net\/pachuca\/index.php\/wp-json\/wp\/v2\/product"}],"about":[{"href":"https:\/\/soydeaqui.ddns.net\/pachuca\/index.php\/wp-json\/wp\/v2\/types\/product"}],"replies":[{"embeddable":true,"href":"https:\/\/soydeaqui.ddns.net\/pachuca\/index.php\/wp-json\/wp\/v2\/comments?post=65021"}],"wp:featuredmedia":[{"embeddable":true,"href":"https:\/\/soydeaqui.ddns.net\/pachuca\/index.php\/wp-json\/wp\/v2\/media\/65020"}],"wp:attachment":[{"href":"https:\/\/soydeaqui.ddns.net\/pachuca\/index.php\/wp-json\/wp\/v2\/media?parent=65021"}],"wp:term":[{"taxonomy":"product_brand","embeddable":true,"href":"https:\/\/soydeaqui.ddns.net\/pachuca\/index.php\/wp-json\/wp\/v2\/product_brand?post=65021"},{"taxonomy":"product_cat","embeddable":true,"href":"https:\/\/soydeaqui.ddns.net\/pachuca\/index.php\/wp-json\/wp\/v2\/product_cat?post=65021"},{"taxonomy":"product_tag","embeddable":true,"href":"https:\/\/soydeaqui.ddns.net\/pachuca\/index.php\/wp-json\/wp\/v2\/product_tag?post=65021"}],"curies":[{"name":"wp","href":"https:\/\/api.w.org\/{rel}","templated":true}]}}