{"id":64980,"date":"2026-03-19T08:05:53","date_gmt":"2026-03-19T08:05:53","guid":{"rendered":"https:\/\/soydeaqui.ddns.net\/pachuca\/index.php\/producto\/montaje-rotativo-de-acero-inoxidable-4-posiciones-rosca-estandar-1-14\/"},"modified":"2026-03-19T08:06:00","modified_gmt":"2026-03-19T08:06:00","slug":"montaje-rotativo-de-acero-inoxidable-4-posiciones-rosca-estandar-1-14","status":"publish","type":"product","link":"https:\/\/soydeaqui.ddns.net\/pachuca\/index.php\/producto\/montaje-rotativo-de-acero-inoxidable-4-posiciones-rosca-estandar-1-14\/","title":{"rendered":"Montaje rotativo de acero inoxidable, 4 posiciones, rosca est\u00e1ndar 1\u201d-14"},"content":{"rendered":"<div style='width: 100%; max-width: 1200px; margin: 0 auto; font-family: sans-serif; line-height: 1.6; color: inherit; background-color: transparent;'>\n<div style='display: flex; flex-wrap: wrap; gap: 30px; margin-bottom: 30px;'>\n<div style='flex: 1 1 300px; min-width: 280px;'>\n<h3 style='font-size: 22px; border-bottom: 2px solid currentColor; padding-bottom: 5px; margin-top: 0; color: inherit; opacity: 0.8;'>Caracter\u00edsticas principales<\/h3>\n<ul style='padding-left: 20px; font-size: 15px; color: inherit;'>\n<li style='margin-bottom: 5px;'>Montaje de 4 posiciones&comma; horizontal o vertical<\/li>\n<li style='margin-bottom: 5px;'>Acero inoxidable para mayor durabilidad<\/li>\n<li style='margin-bottom: 5px;'>Rosca est\u00e1ndar 1&#8242;-14 (macho)<\/li>\n<li style='margin-bottom: 5px;'>Orificios de pernos: 5\/16&#8242; di\u00e1metro<\/li>\n<li style='margin-bottom: 5px;'>Eliminaci\u00f3n de ranura para cable integrada<\/li>\n<\/ul>\n<\/div>\n<div style='flex: 1 1 300px; min-width: 280px;'>\n<h3 style='font-size: 22px; border-bottom: 2px solid currentColor; padding-bottom: 5px; margin-top: 0; color: inherit; opacity: 0.8;'>Especificaciones t\u00e9cnicas<\/h3>\n<ul style='padding-left: 20px; font-size: 15px; color: inherit;'>\n<li style='margin-bottom: 5px;'><strong>Orificios de pernos:<\/strong> 5\/16&#8242; di\u00e1metro&comma; 3&#8242; x 1 1\/2&#8242; en el centro<\/li>\n<li style='margin-bottom: 5px;'><strong>Rosca:<\/strong> Est\u00e1ndar 1&#8242;-14 (macho)<\/li>\n<li style='margin-bottom: 5px;'><strong>Material:<\/strong> Acero inoxidable<\/li>\n<\/ul>\n<\/div>\n<\/div>\n<hr style='border: 0; border-top: 1px solid rgba(150&comma; 150&comma; 150&comma; 0.3); margin: 30px 0;'>\n<div style='margin-bottom: 30px;'>\n<h3 style='font-size: 22px; border-bottom: 2px solid currentColor; padding-bottom: 5px; margin-top: 0; margin-bottom: 15px; color: inherit; opacity: 0.8;'>Descripci\u00f3n<\/h3>\n<p style='font-size: 15px; color: inherit; margin-bottom: 15px;'>Montaje de dise\u00f1o vers\u00e1til de 4 posiciones para montaje horizontal o vertical de acci\u00f3n r\u00e1pida para una operaci\u00f3n sencilla.<\/p>\n<p style='font-size: 15px; color: inherit; margin-bottom: 15px;'>Eliminaci\u00f3n de ranura para cable especial de la mayor\u00eda de los conectores instalados de f\u00e1brica.<\/p>\n<\/div>\n<\/div>\n","protected":false},"excerpt":{"rendered":"<p>Montaje rotativo de acero inoxidable, 4 posiciones, rosca est\u00e1ndar 1\u201d-14<\/p>\n","protected":false},"featured_media":64979,"comment_status":"open","ping_status":"closed","template":"","meta":[],"product_brand":[],"product_cat":[1615],"product_tag":[1404,1616,1576],"class_list":{"0":"post-64980","1":"product","2":"type-product","3":"status-publish","4":"has-post-thumbnail","6":"product_cat-montajes-y-divisores","7":"product_tag-antenas","8":"product_tag-montajes-y-divisores","9":"product_tag-shakespeare","11":"first","12":"instock","13":"sale","14":"shipping-taxable","15":"purchasable","16":"product-type-simple"},"_links":{"self":[{"href":"https:\/\/soydeaqui.ddns.net\/pachuca\/index.php\/wp-json\/wp\/v2\/product\/64980","targetHints":{"allow":["GET"]}}],"collection":[{"href":"https:\/\/soydeaqui.ddns.net\/pachuca\/index.php\/wp-json\/wp\/v2\/product"}],"about":[{"href":"https:\/\/soydeaqui.ddns.net\/pachuca\/index.php\/wp-json\/wp\/v2\/types\/product"}],"replies":[{"embeddable":true,"href":"https:\/\/soydeaqui.ddns.net\/pachuca\/index.php\/wp-json\/wp\/v2\/comments?post=64980"}],"wp:featuredmedia":[{"embeddable":true,"href":"https:\/\/soydeaqui.ddns.net\/pachuca\/index.php\/wp-json\/wp\/v2\/media\/64979"}],"wp:attachment":[{"href":"https:\/\/soydeaqui.ddns.net\/pachuca\/index.php\/wp-json\/wp\/v2\/media?parent=64980"}],"wp:term":[{"taxonomy":"product_brand","embeddable":true,"href":"https:\/\/soydeaqui.ddns.net\/pachuca\/index.php\/wp-json\/wp\/v2\/product_brand?post=64980"},{"taxonomy":"product_cat","embeddable":true,"href":"https:\/\/soydeaqui.ddns.net\/pachuca\/index.php\/wp-json\/wp\/v2\/product_cat?post=64980"},{"taxonomy":"product_tag","embeddable":true,"href":"https:\/\/soydeaqui.ddns.net\/pachuca\/index.php\/wp-json\/wp\/v2\/product_tag?post=64980"}],"curies":[{"name":"wp","href":"https:\/\/api.w.org\/{rel}","templated":true}]}}